{"id":15497,"date":"2025-07-03T10:01:01","date_gmt":"2025-07-03T08:01:01","guid":{"rendered":"https:\/\/koningdrone.be\/product\/hprc2300-voor-dji-flip-combo\/"},"modified":"2026-04-29T04:30:28","modified_gmt":"2026-04-29T02:30:28","slug":"hprc2300-voor-dji-flip-combo","status":"publish","type":"product","link":"https:\/\/koningdrone.be\/de\/produkt\/hprc2300-voor-dji-flip-combo\/","title":{"rendered":"HPRC2300 f\u00fcr DJI Flip Combo"},"content":{"rendered":"<p>Der HPRC2300 ist ein robuster, reisef\u00e4higer Hartschalenkoffer, der speziell f\u00fcr den Schutz der DJI Flip Drohne und des Zubeh\u00f6rs entwickelt wurde. Sie besteht aus einem strapazierf\u00e4higen Kunstharzgeh\u00e4use mit einem ma\u00dfgeschneiderten, hochdichten Schaumstoff im Inneren, in den die Drohne, die Fernbedienung, die Batterien und die Kabel passen. Es ist wasser-, staub- und sto\u00dffest und erf\u00fcllt die IP67-Norm. Trotz der robusten Konstruktion ist das Geh\u00e4use leicht und kompakt genug, um es mit ins Flugzeug zu nehmen. Die zweistufigen Verschl\u00fcsse und das Druckentlastungsventil sorgen f\u00fcr Sicherheit und erleichtern den Transport in allen Umgebungen.<\/p>","protected":false},"excerpt":{"rendered":"<ul>\n<li>Das robuste \u00c4u\u00dfere sch\u00fctzt vor St\u00f6\u00dfen, Korrosion und Witterungseinfl\u00fcssen.<\/li>\n<li>Wasser- und staubdicht nach IP67 f\u00fcr den zuverl\u00e4ssigen Einsatz im Feld.<\/li>\n<li>Der vorgeschnittene Schaumstoff sorgt f\u00fcr eine ordentliche und sichere Aufbewahrung.<\/li>\n<li>Das zweistufige Verschlusssystem sorgt f\u00fcr einen sanften, aber sicheren Verschluss.<\/li>\n<li>Leichtes Design, das f\u00fcr Handgep\u00e4ck zugelassen ist.<\/li>\n<li>Das eingebaute Druckventil sorgt f\u00fcr einen Druckausgleich w\u00e4hrend der Fahrt.<\/li>\n<\/ul>","protected":false},"featured_media":14819,"template":"","meta":{"_acf_changed":false},"product_brand":[],"product_cat":[170],"product_tag":[],"class_list":{"0":"post-15497","1":"product","2":"type-product","3":"status-publish","4":"has-post-thumbnail","6":"product_cat-dji-flip","7":"product_shipping_class-dronelandall","8":"pa_brand-hprc","9":"pa_producttype-beschermende-hoes","10":"pa_series-flip","12":"first","13":"instock","14":"taxable","15":"shipping-taxable","16":"purchasable","17":"product-type-simple"},"acf":[],"yoast_head":"<!-- This site is optimized with the Yoast SEO Premium plugin v27.2 (Yoast SEO v27.2) - https:\/\/yoast.com\/product\/yoast-seo-premium-wordpress\/ -->\n<title>HPRC2300 voor DJI Flip Combo - koningdrone.be<\/title>\n<meta name=\"robots\" content=\"index, follow, max-snippet:-1, max-image-preview:large, max-video-preview:-1\" \/>\n<link rel=\"canonical\" href=\"https:\/\/koningdrone.be\/de\/produkt\/hprc2300-voor-dji-flip-combo\/\" \/>\n<meta property=\"og:locale\" content=\"de_DE\" \/>\n<meta property=\"og:type\" content=\"article\" \/>\n<meta property=\"og:title\" content=\"HPRC2300 voor DJI Flip Combo\" \/>\n<meta property=\"og:description\" content=\"Robuuste buitenkant beschermt tegen stoten, corrosie en weersinvloeden. Water- en stofdicht volgens IP67 voor betrouwbaar gebruik in het veld. Voorgesneden schuim zorgt voor opgeruimd en veilig opbergen. Het tweetraps sluitsysteem zorgt voor een soepele maar veilige sluiting. Lichtgewicht ontwerp goedgekeurd voor handbagage. Ingebouwd drukventiel vereffent de druk tijdens het reizen.\" \/>\n<meta property=\"og:url\" content=\"https:\/\/koningdrone.be\/de\/produkt\/hprc2300-voor-dji-flip-combo\/\" \/>\n<meta property=\"og:site_name\" content=\"koningdrone.be\" \/>\n<meta property=\"article:modified_time\" content=\"2026-04-29T02:30:28+00:00\" \/>\n<meta property=\"og:image\" content=\"https:\/\/koningdrone.be\/wp-content\/uploads\/sites\/13\/2025\/08\/1743073021_1887667-1.jpg\" \/>\n\t<meta property=\"og:image:width\" content=\"500\" \/>\n\t<meta property=\"og:image:height\" content=\"500\" \/>\n\t<meta property=\"og:image:type\" content=\"image\/jpeg\" \/>\n<meta name=\"twitter:card\" content=\"summary_large_image\" \/>\n<script type=\"application\/ld+json\" class=\"yoast-schema-graph\">{\"@context\":\"https:\/\/schema.org\",\"@graph\":[{\"@type\":\"WebPage\",\"@id\":\"https:\/\/koningdrone.be\/product\/hprc2300-voor-dji-flip-combo\/\",\"url\":\"https:\/\/koningdrone.be\/product\/hprc2300-voor-dji-flip-combo\/\",\"name\":\"HPRC2300 voor DJI Flip Combo - koningdrone.be\",\"isPartOf\":{\"@id\":\"https:\/\/koningdrone.be\/#website\"},\"primaryImageOfPage\":{\"@id\":\"https:\/\/koningdrone.be\/product\/hprc2300-voor-dji-flip-combo\/#primaryimage\"},\"image\":{\"@id\":\"https:\/\/koningdrone.be\/product\/hprc2300-voor-dji-flip-combo\/#primaryimage\"},\"thumbnailUrl\":\"https:\/\/koningdrone.be\/wp-content\/uploads\/sites\/13\/2025\/08\/1743073021_1887667-1.jpg\",\"datePublished\":\"2025-07-03T08:01:01+00:00\",\"dateModified\":\"2026-04-29T02:30:28+00:00\",\"breadcrumb\":{\"@id\":\"https:\/\/koningdrone.be\/product\/hprc2300-voor-dji-flip-combo\/#breadcrumb\"},\"inLanguage\":\"de\",\"potentialAction\":[{\"@type\":\"ReadAction\",\"target\":[\"https:\/\/koningdrone.be\/product\/hprc2300-voor-dji-flip-combo\/\"]}]},{\"@type\":\"ImageObject\",\"inLanguage\":\"de\",\"@id\":\"https:\/\/koningdrone.be\/product\/hprc2300-voor-dji-flip-combo\/#primaryimage\",\"url\":\"https:\/\/koningdrone.be\/wp-content\/uploads\/sites\/13\/2025\/08\/1743073021_1887667-1.jpg\",\"contentUrl\":\"https:\/\/koningdrone.be\/wp-content\/uploads\/sites\/13\/2025\/08\/1743073021_1887667-1.jpg\",\"width\":500,\"height\":500},{\"@type\":\"BreadcrumbList\",\"@id\":\"https:\/\/koningdrone.be\/product\/hprc2300-voor-dji-flip-combo\/#breadcrumb\",\"itemListElement\":[{\"@type\":\"ListItem\",\"position\":1,\"name\":\"Home\",\"item\":\"https:\/\/koningdrone.be\/\"},{\"@type\":\"ListItem\",\"position\":2,\"name\":\"AVSS Parachute Recovery System for DJI Matrice 300\/350\",\"item\":\"https:\/\/koningdrone.be\/product\/avss-parachute-recovery-system-for-dji-matrice-300-350\/\"},{\"@type\":\"ListItem\",\"position\":3,\"name\":\"DJI Flip\",\"item\":\"https:\/\/koningdrone.be\/categorie\/dji-flip\/\"},{\"@type\":\"ListItem\",\"position\":4,\"name\":\"HPRC2300 voor DJI Flip Combo\"}]},{\"@type\":\"WebSite\",\"@id\":\"https:\/\/koningdrone.be\/#website\",\"url\":\"https:\/\/koningdrone.be\/\",\"name\":\"Koningdrone.be - Uw online specialist in drones, gimbals, camera's en power stations.\",\"description\":\"De webshop in drones en gimbals\",\"publisher\":{\"@id\":\"https:\/\/koningdrone.be\/#organization\"},\"potentialAction\":[{\"@type\":\"SearchAction\",\"target\":{\"@type\":\"EntryPoint\",\"urlTemplate\":\"https:\/\/koningdrone.be\/?s={search_term_string}\"},\"query-input\":{\"@type\":\"PropertyValueSpecification\",\"valueRequired\":true,\"valueName\":\"search_term_string\"}}],\"inLanguage\":\"de\"},{\"@type\":\"Organization\",\"@id\":\"https:\/\/koningdrone.be\/#organization\",\"name\":\"Koningdrone.be\",\"url\":\"https:\/\/koningdrone.be\/\",\"logo\":{\"@type\":\"ImageObject\",\"inLanguage\":\"de\",\"@id\":\"https:\/\/koningdrone.be\/#\/schema\/logo\/image\/\",\"url\":\"https:\/\/koningdrone.be\/wp-content\/uploads\/sites\/13\/2025\/04\/koningdrone-copyright-logo.svg\",\"contentUrl\":\"https:\/\/koningdrone.be\/wp-content\/uploads\/sites\/13\/2025\/04\/koningdrone-copyright-logo.svg\",\"width\":227,\"height\":38,\"caption\":\"Koningdrone.be\"},\"image\":{\"@id\":\"https:\/\/koningdrone.be\/#\/schema\/logo\/image\/\"}}]}<\/script>\n<!-- \/ Yoast SEO Premium plugin. -->","yoast_head_json":{"title":"HPRC2300 voor DJI Flip Combo - koningdrone.be","robots":{"index":"index","follow":"follow","max-snippet":"max-snippet:-1","max-image-preview":"max-image-preview:large","max-video-preview":"max-video-preview:-1"},"canonical":"https:\/\/koningdrone.be\/de\/produkt\/hprc2300-voor-dji-flip-combo\/","og_locale":"de_DE","og_type":"article","og_title":"HPRC2300 voor DJI Flip Combo","og_description":"Robuuste buitenkant beschermt tegen stoten, corrosie en weersinvloeden. Water- en stofdicht volgens IP67 voor betrouwbaar gebruik in het veld. Voorgesneden schuim zorgt voor opgeruimd en veilig opbergen. Het tweetraps sluitsysteem zorgt voor een soepele maar veilige sluiting. Lichtgewicht ontwerp goedgekeurd voor handbagage. Ingebouwd drukventiel vereffent de druk tijdens het reizen.","og_url":"https:\/\/koningdrone.be\/de\/produkt\/hprc2300-voor-dji-flip-combo\/","og_site_name":"koningdrone.be","article_modified_time":"2026-04-29T02:30:28+00:00","og_image":[{"width":500,"height":500,"url":"https:\/\/koningdrone.be\/wp-content\/uploads\/sites\/13\/2025\/08\/1743073021_1887667-1.jpg","type":"image\/jpeg"}],"twitter_card":"summary_large_image","schema":{"@context":"https:\/\/schema.org","@graph":[{"@type":"WebPage","@id":"https:\/\/koningdrone.be\/product\/hprc2300-voor-dji-flip-combo\/","url":"https:\/\/koningdrone.be\/product\/hprc2300-voor-dji-flip-combo\/","name":"HPRC2300 voor DJI Flip Combo - koningdrone.be","isPartOf":{"@id":"https:\/\/koningdrone.be\/#website"},"primaryImageOfPage":{"@id":"https:\/\/koningdrone.be\/product\/hprc2300-voor-dji-flip-combo\/#primaryimage"},"image":{"@id":"https:\/\/koningdrone.be\/product\/hprc2300-voor-dji-flip-combo\/#primaryimage"},"thumbnailUrl":"https:\/\/koningdrone.be\/wp-content\/uploads\/sites\/13\/2025\/08\/1743073021_1887667-1.jpg","datePublished":"2025-07-03T08:01:01+00:00","dateModified":"2026-04-29T02:30:28+00:00","breadcrumb":{"@id":"https:\/\/koningdrone.be\/product\/hprc2300-voor-dji-flip-combo\/#breadcrumb"},"inLanguage":"de","potentialAction":[{"@type":"ReadAction","target":["https:\/\/koningdrone.be\/product\/hprc2300-voor-dji-flip-combo\/"]}]},{"@type":"ImageObject","inLanguage":"de","@id":"https:\/\/koningdrone.be\/product\/hprc2300-voor-dji-flip-combo\/#primaryimage","url":"https:\/\/koningdrone.be\/wp-content\/uploads\/sites\/13\/2025\/08\/1743073021_1887667-1.jpg","contentUrl":"https:\/\/koningdrone.be\/wp-content\/uploads\/sites\/13\/2025\/08\/1743073021_1887667-1.jpg","width":500,"height":500},{"@type":"BreadcrumbList","@id":"https:\/\/koningdrone.be\/product\/hprc2300-voor-dji-flip-combo\/#breadcrumb","itemListElement":[{"@type":"ListItem","position":1,"name":"Home","item":"https:\/\/koningdrone.be\/"},{"@type":"ListItem","position":2,"name":"AVSS Parachute Recovery System for DJI Matrice 300\/350","item":"https:\/\/koningdrone.be\/product\/avss-parachute-recovery-system-for-dji-matrice-300-350\/"},{"@type":"ListItem","position":3,"name":"DJI Flip","item":"https:\/\/koningdrone.be\/categorie\/dji-flip\/"},{"@type":"ListItem","position":4,"name":"HPRC2300 voor DJI Flip Combo"}]},{"@type":"WebSite","@id":"https:\/\/koningdrone.be\/#website","url":"https:\/\/koningdrone.be\/","name":"Koningdrone.be - Ihr Online-Spezialist f\u00fcr Drohnen, Gimbals, Kameras und Kraftwerke.","description":"Der Webshop f\u00fcr Drohnen und Gimbals","publisher":{"@id":"https:\/\/koningdrone.be\/#organization"},"potentialAction":[{"@type":"SearchAction","target":{"@type":"EntryPoint","urlTemplate":"https:\/\/koningdrone.be\/?s={search_term_string}"},"query-input":{"@type":"PropertyValueSpecification","valueRequired":true,"valueName":"search_term_string"}}],"inLanguage":"de"},{"@type":"Organization","@id":"https:\/\/koningdrone.be\/#organization","name":"Kingdrone.de","url":"https:\/\/koningdrone.be\/","logo":{"@type":"ImageObject","inLanguage":"de","@id":"https:\/\/koningdrone.be\/#\/schema\/logo\/image\/","url":"https:\/\/koningdrone.be\/wp-content\/uploads\/sites\/13\/2025\/04\/koningdrone-copyright-logo.svg","contentUrl":"https:\/\/koningdrone.be\/wp-content\/uploads\/sites\/13\/2025\/04\/koningdrone-copyright-logo.svg","width":227,"height":38,"caption":"Koningdrone.be"},"image":{"@id":"https:\/\/koningdrone.be\/#\/schema\/logo\/image\/"}}]}},"df_price":160,"df_sale_price":"","df_regular_price":160,"df_image_link":"https:\/\/koningdrone.be\/wp-content\/uploads\/sites\/13\/2025\/08\/1743073021_1887667-1-300x300.jpg","_links":{"self":[{"href":"https:\/\/koningdrone.be\/de\/wp-json\/wp\/v2\/product\/15497","targetHints":{"allow":["GET"]}}],"collection":[{"href":"https:\/\/koningdrone.be\/de\/wp-json\/wp\/v2\/product"}],"about":[{"href":"https:\/\/koningdrone.be\/de\/wp-json\/wp\/v2\/types\/product"}],"wp:featuredmedia":[{"embeddable":true,"href":"https:\/\/koningdrone.be\/de\/wp-json\/wp\/v2\/media\/14819"}],"wp:attachment":[{"href":"https:\/\/koningdrone.be\/de\/wp-json\/wp\/v2\/media?parent=15497"}],"wp:term":[{"taxonomy":"product_brand","embeddable":true,"href":"https:\/\/koningdrone.be\/de\/wp-json\/wp\/v2\/product_brand?post=15497"},{"taxonomy":"product_cat","embeddable":true,"href":"https:\/\/koningdrone.be\/de\/wp-json\/wp\/v2\/product_cat?post=15497"},{"taxonomy":"product_tag","embeddable":true,"href":"https:\/\/koningdrone.be\/de\/wp-json\/wp\/v2\/product_tag?post=15497"}],"curies":[{"name":"wp","href":"https:\/\/api.w.org\/{rel}","templated":true}]}}