{"id":15376,"date":"2025-07-03T09:31:46","date_gmt":"2025-07-03T07:31:46","guid":{"rendered":"https:\/\/koningdrone.be\/product\/phone-charging-audio-recording-cable-usb-c-to-lightning\/"},"modified":"2026-04-30T10:00:10","modified_gmt":"2026-04-30T08:00:10","slug":"phone-charging-audio-recording-cable-usb-c-to-lightning","status":"publish","type":"product","link":"https:\/\/koningdrone.be\/de\/produkt\/phone-charging-audio-recording-cable-usb-c-to-lightning\/","title":{"rendered":"Telefon-Lade-\/Audioaufnahmekabel (USB-C zu Lightning)"},"content":{"rendered":"<p>Das DJI Phone Charging\/Audio Recording Cable (USB-C auf Lightning) ist ein kompaktes Zubeh\u00f6r, das die Erstellung mobiler Inhalte verbessert. Das Kabel erm\u00f6glicht gleichzeitiges Aufladen und hochwertige Audioaufnahmen, wenn es \u00fcber das Multifunktionsmodul mit den DJI Osmo Mobile 7 oder 7P Gimbals verbunden ist. Dieses Kabel ist ideal f\u00fcr Vlogger und Filmemacher und sorgt f\u00fcr unterbrechungsfreie Aufnahmesessions, indem es Strom und klare Audioaufnahmen in einer optimierten L\u00f6sung bietet.<\/p>","protected":false},"excerpt":{"rendered":"<ul>\n<li>Erm\u00f6glicht gleichzeitiges Aufladen und Aufzeichnen von Ton.<\/li>\n<li>Entwickelt f\u00fcr die nahtlose Integration mit mobilen Gimbals.<\/li>\n<li>Liefert klaren, hochwertigen Sound f\u00fcr die Erstellung von Inhalten.<\/li>\n<li>Sorgt daf\u00fcr, dass Ihr Telefon auch bei langen Aufnahmen mit Strom versorgt wird.<\/li>\n<li>Kompakt und leicht zu transportieren f\u00fcr Filmaufnahmen unterwegs.<\/li>\n<\/ul>","protected":false},"featured_media":15373,"template":"","meta":{"_acf_changed":false},"product_brand":[],"product_cat":[58],"product_tag":[],"class_list":{"0":"post-15376","1":"product","2":"type-product","3":"status-publish","4":"has-post-thumbnail","6":"product_cat-uncategorized","7":"product_shipping_class-outofstock","8":"pa_brand-dji","9":"pa_producttype-telefoonkabel","11":"first","12":"outofstock","13":"taxable","14":"shipping-taxable","15":"product-type-simple"},"acf":[],"yoast_head":"<!-- This site is optimized with the Yoast SEO Premium plugin v27.2 (Yoast SEO v27.2) - https:\/\/yoast.com\/product\/yoast-seo-premium-wordpress\/ -->\n<title>Phone Charging\/Audio Recording Cable (USB-C to Lightning) - koningdrone.be<\/title>\n<meta name=\"robots\" content=\"index, follow, max-snippet:-1, max-image-preview:large, max-video-preview:-1\" \/>\n<link rel=\"canonical\" href=\"https:\/\/koningdrone.be\/de\/produkt\/phone-charging-audio-recording-cable-usb-c-to-lightning\/\" \/>\n<meta property=\"og:locale\" content=\"de_DE\" \/>\n<meta property=\"og:type\" content=\"article\" \/>\n<meta property=\"og:title\" content=\"Phone Charging\/Audio Recording Cable (USB-C to Lightning)\" \/>\n<meta property=\"og:description\" content=\"Maakt gelijktijdig opladen en opnemen van geluid mogelijk. Ontworpen voor naadloze integratie met mobiele gimbals. Levert helder geluid van hoge kwaliteit voor het maken van content. Houdt je telefoon van stroom tijdens lange opnames. Compact en gemakkelijk mee te nemen om onderweg te filmen.\" \/>\n<meta property=\"og:url\" content=\"https:\/\/koningdrone.be\/de\/produkt\/phone-charging-audio-recording-cable-usb-c-to-lightning\/\" \/>\n<meta property=\"og:site_name\" content=\"koningdrone.be\" \/>\n<meta property=\"article:modified_time\" content=\"2026-04-30T08:00:10+00:00\" \/>\n<meta property=\"og:image\" content=\"https:\/\/koningdrone.be\/wp-content\/uploads\/sites\/13\/2025\/08\/3fe8e0b4ded2314a3bb7a0cfc38a75f2@origin-scaled-1.jpg\" \/>\n\t<meta property=\"og:image:width\" content=\"2560\" \/>\n\t<meta property=\"og:image:height\" content=\"1707\" \/>\n\t<meta property=\"og:image:type\" content=\"image\/jpeg\" \/>\n<meta name=\"twitter:card\" content=\"summary_large_image\" \/>\n<script type=\"application\/ld+json\" class=\"yoast-schema-graph\">{\"@context\":\"https:\/\/schema.org\",\"@graph\":[{\"@type\":\"WebPage\",\"@id\":\"https:\/\/koningdrone.be\/product\/phone-charging-audio-recording-cable-usb-c-to-lightning\/\",\"url\":\"https:\/\/koningdrone.be\/product\/phone-charging-audio-recording-cable-usb-c-to-lightning\/\",\"name\":\"Phone Charging\/Audio Recording Cable (USB-C to Lightning) - koningdrone.be\",\"isPartOf\":{\"@id\":\"https:\/\/koningdrone.be\/#website\"},\"primaryImageOfPage\":{\"@id\":\"https:\/\/koningdrone.be\/product\/phone-charging-audio-recording-cable-usb-c-to-lightning\/#primaryimage\"},\"image\":{\"@id\":\"https:\/\/koningdrone.be\/product\/phone-charging-audio-recording-cable-usb-c-to-lightning\/#primaryimage\"},\"thumbnailUrl\":\"https:\/\/koningdrone.be\/wp-content\/uploads\/sites\/13\/2025\/08\/3fe8e0b4ded2314a3bb7a0cfc38a75f2@origin-scaled-1.jpg\",\"datePublished\":\"2025-07-03T07:31:46+00:00\",\"dateModified\":\"2026-04-30T08:00:10+00:00\",\"breadcrumb\":{\"@id\":\"https:\/\/koningdrone.be\/product\/phone-charging-audio-recording-cable-usb-c-to-lightning\/#breadcrumb\"},\"inLanguage\":\"de\",\"potentialAction\":[{\"@type\":\"ReadAction\",\"target\":[\"https:\/\/koningdrone.be\/product\/phone-charging-audio-recording-cable-usb-c-to-lightning\/\"]}]},{\"@type\":\"ImageObject\",\"inLanguage\":\"de\",\"@id\":\"https:\/\/koningdrone.be\/product\/phone-charging-audio-recording-cable-usb-c-to-lightning\/#primaryimage\",\"url\":\"https:\/\/koningdrone.be\/wp-content\/uploads\/sites\/13\/2025\/08\/3fe8e0b4ded2314a3bb7a0cfc38a75f2@origin-scaled-1.jpg\",\"contentUrl\":\"https:\/\/koningdrone.be\/wp-content\/uploads\/sites\/13\/2025\/08\/3fe8e0b4ded2314a3bb7a0cfc38a75f2@origin-scaled-1.jpg\",\"width\":2560,\"height\":1707},{\"@type\":\"BreadcrumbList\",\"@id\":\"https:\/\/koningdrone.be\/product\/phone-charging-audio-recording-cable-usb-c-to-lightning\/#breadcrumb\",\"itemListElement\":[{\"@type\":\"ListItem\",\"position\":1,\"name\":\"Home\",\"item\":\"https:\/\/koningdrone.be\/\"},{\"@type\":\"ListItem\",\"position\":2,\"name\":\"AVSS Parachute Recovery System for DJI Matrice 300\/350\",\"item\":\"https:\/\/koningdrone.be\/product\/avss-parachute-recovery-system-for-dji-matrice-300-350\/\"},{\"@type\":\"ListItem\",\"position\":3,\"name\":\"Uncategorized\",\"item\":\"https:\/\/koningdrone.be\/categorie\/uncategorized\/\"},{\"@type\":\"ListItem\",\"position\":4,\"name\":\"Phone Charging\/Audio Recording Cable (USB-C to Lightning)\"}]},{\"@type\":\"WebSite\",\"@id\":\"https:\/\/koningdrone.be\/#website\",\"url\":\"https:\/\/koningdrone.be\/\",\"name\":\"Koningdrone.be - Uw online specialist in drones, gimbals, camera's en power stations.\",\"description\":\"De webshop in drones en gimbals\",\"publisher\":{\"@id\":\"https:\/\/koningdrone.be\/#organization\"},\"potentialAction\":[{\"@type\":\"SearchAction\",\"target\":{\"@type\":\"EntryPoint\",\"urlTemplate\":\"https:\/\/koningdrone.be\/?s={search_term_string}\"},\"query-input\":{\"@type\":\"PropertyValueSpecification\",\"valueRequired\":true,\"valueName\":\"search_term_string\"}}],\"inLanguage\":\"de\"},{\"@type\":\"Organization\",\"@id\":\"https:\/\/koningdrone.be\/#organization\",\"name\":\"Koningdrone.be\",\"url\":\"https:\/\/koningdrone.be\/\",\"logo\":{\"@type\":\"ImageObject\",\"inLanguage\":\"de\",\"@id\":\"https:\/\/koningdrone.be\/#\/schema\/logo\/image\/\",\"url\":\"https:\/\/koningdrone.be\/wp-content\/uploads\/sites\/13\/2025\/04\/koningdrone-copyright-logo.svg\",\"contentUrl\":\"https:\/\/koningdrone.be\/wp-content\/uploads\/sites\/13\/2025\/04\/koningdrone-copyright-logo.svg\",\"width\":227,\"height\":38,\"caption\":\"Koningdrone.be\"},\"image\":{\"@id\":\"https:\/\/koningdrone.be\/#\/schema\/logo\/image\/\"}}]}<\/script>\n<!-- \/ Yoast SEO Premium plugin. -->","yoast_head_json":{"title":"Phone Charging\/Audio Recording Cable (USB-C to Lightning) - koningdrone.be","robots":{"index":"index","follow":"follow","max-snippet":"max-snippet:-1","max-image-preview":"max-image-preview:large","max-video-preview":"max-video-preview:-1"},"canonical":"https:\/\/koningdrone.be\/de\/produkt\/phone-charging-audio-recording-cable-usb-c-to-lightning\/","og_locale":"de_DE","og_type":"article","og_title":"Phone Charging\/Audio Recording Cable (USB-C to Lightning)","og_description":"Maakt gelijktijdig opladen en opnemen van geluid mogelijk. Ontworpen voor naadloze integratie met mobiele gimbals. Levert helder geluid van hoge kwaliteit voor het maken van content. Houdt je telefoon van stroom tijdens lange opnames. Compact en gemakkelijk mee te nemen om onderweg te filmen.","og_url":"https:\/\/koningdrone.be\/de\/produkt\/phone-charging-audio-recording-cable-usb-c-to-lightning\/","og_site_name":"koningdrone.be","article_modified_time":"2026-04-30T08:00:10+00:00","og_image":[{"width":2560,"height":1707,"url":"https:\/\/koningdrone.be\/wp-content\/uploads\/sites\/13\/2025\/08\/3fe8e0b4ded2314a3bb7a0cfc38a75f2@origin-scaled-1.jpg","type":"image\/jpeg"}],"twitter_card":"summary_large_image","schema":{"@context":"https:\/\/schema.org","@graph":[{"@type":"WebPage","@id":"https:\/\/koningdrone.be\/product\/phone-charging-audio-recording-cable-usb-c-to-lightning\/","url":"https:\/\/koningdrone.be\/product\/phone-charging-audio-recording-cable-usb-c-to-lightning\/","name":"Phone Charging\/Audio Recording Cable (USB-C to Lightning) - koningdrone.be","isPartOf":{"@id":"https:\/\/koningdrone.be\/#website"},"primaryImageOfPage":{"@id":"https:\/\/koningdrone.be\/product\/phone-charging-audio-recording-cable-usb-c-to-lightning\/#primaryimage"},"image":{"@id":"https:\/\/koningdrone.be\/product\/phone-charging-audio-recording-cable-usb-c-to-lightning\/#primaryimage"},"thumbnailUrl":"https:\/\/koningdrone.be\/wp-content\/uploads\/sites\/13\/2025\/08\/3fe8e0b4ded2314a3bb7a0cfc38a75f2@origin-scaled-1.jpg","datePublished":"2025-07-03T07:31:46+00:00","dateModified":"2026-04-30T08:00:10+00:00","breadcrumb":{"@id":"https:\/\/koningdrone.be\/product\/phone-charging-audio-recording-cable-usb-c-to-lightning\/#breadcrumb"},"inLanguage":"de","potentialAction":[{"@type":"ReadAction","target":["https:\/\/koningdrone.be\/product\/phone-charging-audio-recording-cable-usb-c-to-lightning\/"]}]},{"@type":"ImageObject","inLanguage":"de","@id":"https:\/\/koningdrone.be\/product\/phone-charging-audio-recording-cable-usb-c-to-lightning\/#primaryimage","url":"https:\/\/koningdrone.be\/wp-content\/uploads\/sites\/13\/2025\/08\/3fe8e0b4ded2314a3bb7a0cfc38a75f2@origin-scaled-1.jpg","contentUrl":"https:\/\/koningdrone.be\/wp-content\/uploads\/sites\/13\/2025\/08\/3fe8e0b4ded2314a3bb7a0cfc38a75f2@origin-scaled-1.jpg","width":2560,"height":1707},{"@type":"BreadcrumbList","@id":"https:\/\/koningdrone.be\/product\/phone-charging-audio-recording-cable-usb-c-to-lightning\/#breadcrumb","itemListElement":[{"@type":"ListItem","position":1,"name":"Home","item":"https:\/\/koningdrone.be\/"},{"@type":"ListItem","position":2,"name":"AVSS Parachute Recovery System for DJI Matrice 300\/350","item":"https:\/\/koningdrone.be\/product\/avss-parachute-recovery-system-for-dji-matrice-300-350\/"},{"@type":"ListItem","position":3,"name":"Uncategorized","item":"https:\/\/koningdrone.be\/categorie\/uncategorized\/"},{"@type":"ListItem","position":4,"name":"Phone Charging\/Audio Recording Cable (USB-C to Lightning)"}]},{"@type":"WebSite","@id":"https:\/\/koningdrone.be\/#website","url":"https:\/\/koningdrone.be\/","name":"Koningdrone.be - Ihr Online-Spezialist f\u00fcr Drohnen, Gimbals, Kameras und Kraftwerke.","description":"Der Webshop f\u00fcr Drohnen und Gimbals","publisher":{"@id":"https:\/\/koningdrone.be\/#organization"},"potentialAction":[{"@type":"SearchAction","target":{"@type":"EntryPoint","urlTemplate":"https:\/\/koningdrone.be\/?s={search_term_string}"},"query-input":{"@type":"PropertyValueSpecification","valueRequired":true,"valueName":"search_term_string"}}],"inLanguage":"de"},{"@type":"Organization","@id":"https:\/\/koningdrone.be\/#organization","name":"Kingdrone.de","url":"https:\/\/koningdrone.be\/","logo":{"@type":"ImageObject","inLanguage":"de","@id":"https:\/\/koningdrone.be\/#\/schema\/logo\/image\/","url":"https:\/\/koningdrone.be\/wp-content\/uploads\/sites\/13\/2025\/04\/koningdrone-copyright-logo.svg","contentUrl":"https:\/\/koningdrone.be\/wp-content\/uploads\/sites\/13\/2025\/04\/koningdrone-copyright-logo.svg","width":227,"height":38,"caption":"Koningdrone.be"},"image":{"@id":"https:\/\/koningdrone.be\/#\/schema\/logo\/image\/"}}]}},"df_price":"","df_sale_price":"","df_regular_price":"","df_image_link":"https:\/\/koningdrone.be\/wp-content\/uploads\/sites\/13\/2025\/08\/3fe8e0b4ded2314a3bb7a0cfc38a75f2@origin-scaled-1-300x200.jpg","_links":{"self":[{"href":"https:\/\/koningdrone.be\/de\/wp-json\/wp\/v2\/product\/15376","targetHints":{"allow":["GET"]}}],"collection":[{"href":"https:\/\/koningdrone.be\/de\/wp-json\/wp\/v2\/product"}],"about":[{"href":"https:\/\/koningdrone.be\/de\/wp-json\/wp\/v2\/types\/product"}],"wp:featuredmedia":[{"embeddable":true,"href":"https:\/\/koningdrone.be\/de\/wp-json\/wp\/v2\/media\/15373"}],"wp:attachment":[{"href":"https:\/\/koningdrone.be\/de\/wp-json\/wp\/v2\/media?parent=15376"}],"wp:term":[{"taxonomy":"product_brand","embeddable":true,"href":"https:\/\/koningdrone.be\/de\/wp-json\/wp\/v2\/product_brand?post=15376"},{"taxonomy":"product_cat","embeddable":true,"href":"https:\/\/koningdrone.be\/de\/wp-json\/wp\/v2\/product_cat?post=15376"},{"taxonomy":"product_tag","embeddable":true,"href":"https:\/\/koningdrone.be\/de\/wp-json\/wp\/v2\/product_tag?post=15376"}],"curies":[{"name":"wp","href":"https:\/\/api.w.org\/{rel}","templated":true}]}}