{"id":15367,"date":"2025-07-03T09:31:46","date_gmt":"2025-07-03T07:31:46","guid":{"rendered":"https:\/\/koningdrone.be\/product\/dji-om-7-series-magnetic-phone-clamp\/"},"modified":"2026-04-30T04:00:40","modified_gmt":"2026-04-30T02:00:40","slug":"dji-om-7-series-magnetic-phone-clamp","status":"publish","type":"product","link":"https:\/\/koningdrone.be\/de\/produkt\/dji-om-7-series-magnetic-phone-clamp\/","title":{"rendered":"DJI OM 7 Serie Magnetische Telefonklammer"},"content":{"rendered":"<p>Die magnetische Telefonklemme der DJI OM 7 Serie bietet eine schnelle und sichere M\u00f6glichkeit, Ihr Smartphone an Ihrem Gimbal zu befestigen. Das starke magnetische Design sorgt f\u00fcr eine m\u00fchelose Installation, so dass Sie innerhalb von Sekunden mit der Aufnahme von reibungslosem, professionell aussehendem Filmmaterial beginnen k\u00f6nnen. Das schlanke und leichte Design sorgt f\u00fcr ein nahtloses Filmerlebnis. Perfekt f\u00fcr Kreative, die viel unterwegs sind, damit Sie sich auf den Moment und nicht auf die Ausr\u00fcstung konzentrieren k\u00f6nnen.<\/p>","protected":false},"excerpt":{"rendered":"<ul>\n<li>Schnelles Einrasten mit starker Magnethalterung f\u00fcr sofortige Montage.<\/li>\n<li>H\u00e4lt das Telefon ruhig und sorgt f\u00fcr verwacklungsfreie Aufnahmen.<\/li>\n<li>Leicht und kompakt, so dass es \u00fcberallhin mitgenommen werden kann.<\/li>\n<li>Es blockiert weder die Tasten noch den Bildschirm des Telefons.<\/li>\n<li>Ideal f\u00fcr die schnelle Erstellung von Inhalten und f\u00fcr Reisen.<\/li>\n<\/ul>","protected":false},"featured_media":15363,"template":"","meta":{"_acf_changed":false},"product_brand":[],"product_cat":[58],"product_tag":[],"class_list":{"0":"post-15367","1":"product","2":"type-product","3":"status-publish","4":"has-post-thumbnail","6":"product_cat-uncategorized","7":"product_shipping_class-acsystemsall","8":"pa_brand-dji","9":"pa_producttype-telefoonklem","10":"pa_series-osmo-mobile","12":"first","13":"instock","14":"taxable","15":"shipping-taxable","16":"purchasable","17":"product-type-simple"},"acf":[],"yoast_head":"<!-- This site is optimized with the Yoast SEO Premium plugin v27.2 (Yoast SEO v27.2) - https:\/\/yoast.com\/product\/yoast-seo-premium-wordpress\/ -->\n<title>DJI OM 7 Series Magnetic Phone Clamp - koningdrone.be<\/title>\n<meta name=\"robots\" content=\"index, follow, max-snippet:-1, max-image-preview:large, max-video-preview:-1\" \/>\n<link rel=\"canonical\" href=\"https:\/\/koningdrone.be\/de\/produkt\/dji-om-7-series-magnetic-phone-clamp\/\" \/>\n<meta property=\"og:locale\" content=\"de_DE\" \/>\n<meta property=\"og:type\" content=\"article\" \/>\n<meta property=\"og:title\" content=\"DJI OM 7 Series Magnetic Phone Clamp\" \/>\n<meta property=\"og:description\" content=\"Snel vast te klikken met een sterke magnetische houder voor onmiddellijke installatie. Houdt je telefoon stabiel voor vloeiende, trillingsvrije opnamen. Lichtgewicht en compact, dus overal mee naartoe te nemen. Ontworpen om de telefoonknoppen of het scherm niet te blokkeren. Ideaal voor snelle contentcreatie en reizen.\" \/>\n<meta property=\"og:url\" content=\"https:\/\/koningdrone.be\/de\/produkt\/dji-om-7-series-magnetic-phone-clamp\/\" \/>\n<meta property=\"og:site_name\" content=\"koningdrone.be\" \/>\n<meta property=\"article:modified_time\" content=\"2026-04-30T02:00:40+00:00\" \/>\n<meta property=\"og:image\" content=\"https:\/\/koningdrone.be\/wp-content\/uploads\/sites\/13\/2025\/08\/b5d03ef986ad323975dc6a48afe3430c@origin-scaled-1.jpg\" \/>\n\t<meta property=\"og:image:width\" content=\"2560\" \/>\n\t<meta property=\"og:image:height\" content=\"1707\" \/>\n\t<meta property=\"og:image:type\" content=\"image\/jpeg\" \/>\n<meta name=\"twitter:card\" content=\"summary_large_image\" \/>\n<script type=\"application\/ld+json\" class=\"yoast-schema-graph\">{\"@context\":\"https:\/\/schema.org\",\"@graph\":[{\"@type\":\"WebPage\",\"@id\":\"https:\/\/koningdrone.be\/product\/dji-om-7-series-magnetic-phone-clamp\/\",\"url\":\"https:\/\/koningdrone.be\/product\/dji-om-7-series-magnetic-phone-clamp\/\",\"name\":\"DJI OM 7 Series Magnetic Phone Clamp - koningdrone.be\",\"isPartOf\":{\"@id\":\"https:\/\/koningdrone.be\/#website\"},\"primaryImageOfPage\":{\"@id\":\"https:\/\/koningdrone.be\/product\/dji-om-7-series-magnetic-phone-clamp\/#primaryimage\"},\"image\":{\"@id\":\"https:\/\/koningdrone.be\/product\/dji-om-7-series-magnetic-phone-clamp\/#primaryimage\"},\"thumbnailUrl\":\"https:\/\/koningdrone.be\/wp-content\/uploads\/sites\/13\/2025\/08\/b5d03ef986ad323975dc6a48afe3430c@origin-scaled-1.jpg\",\"datePublished\":\"2025-07-03T07:31:46+00:00\",\"dateModified\":\"2026-04-30T02:00:40+00:00\",\"breadcrumb\":{\"@id\":\"https:\/\/koningdrone.be\/product\/dji-om-7-series-magnetic-phone-clamp\/#breadcrumb\"},\"inLanguage\":\"de\",\"potentialAction\":[{\"@type\":\"ReadAction\",\"target\":[\"https:\/\/koningdrone.be\/product\/dji-om-7-series-magnetic-phone-clamp\/\"]}]},{\"@type\":\"ImageObject\",\"inLanguage\":\"de\",\"@id\":\"https:\/\/koningdrone.be\/product\/dji-om-7-series-magnetic-phone-clamp\/#primaryimage\",\"url\":\"https:\/\/koningdrone.be\/wp-content\/uploads\/sites\/13\/2025\/08\/b5d03ef986ad323975dc6a48afe3430c@origin-scaled-1.jpg\",\"contentUrl\":\"https:\/\/koningdrone.be\/wp-content\/uploads\/sites\/13\/2025\/08\/b5d03ef986ad323975dc6a48afe3430c@origin-scaled-1.jpg\",\"width\":2560,\"height\":1707},{\"@type\":\"BreadcrumbList\",\"@id\":\"https:\/\/koningdrone.be\/product\/dji-om-7-series-magnetic-phone-clamp\/#breadcrumb\",\"itemListElement\":[{\"@type\":\"ListItem\",\"position\":1,\"name\":\"Home\",\"item\":\"https:\/\/koningdrone.be\/\"},{\"@type\":\"ListItem\",\"position\":2,\"name\":\"AVSS Parachute Recovery System for DJI Matrice 300\/350\",\"item\":\"https:\/\/koningdrone.be\/product\/avss-parachute-recovery-system-for-dji-matrice-300-350\/\"},{\"@type\":\"ListItem\",\"position\":3,\"name\":\"Uncategorized\",\"item\":\"https:\/\/koningdrone.be\/categorie\/uncategorized\/\"},{\"@type\":\"ListItem\",\"position\":4,\"name\":\"DJI OM 7 Series Magnetic Phone Clamp\"}]},{\"@type\":\"WebSite\",\"@id\":\"https:\/\/koningdrone.be\/#website\",\"url\":\"https:\/\/koningdrone.be\/\",\"name\":\"Koningdrone.be - Uw online specialist in drones, gimbals, camera's en power stations.\",\"description\":\"De webshop in drones en gimbals\",\"publisher\":{\"@id\":\"https:\/\/koningdrone.be\/#organization\"},\"potentialAction\":[{\"@type\":\"SearchAction\",\"target\":{\"@type\":\"EntryPoint\",\"urlTemplate\":\"https:\/\/koningdrone.be\/?s={search_term_string}\"},\"query-input\":{\"@type\":\"PropertyValueSpecification\",\"valueRequired\":true,\"valueName\":\"search_term_string\"}}],\"inLanguage\":\"de\"},{\"@type\":\"Organization\",\"@id\":\"https:\/\/koningdrone.be\/#organization\",\"name\":\"Koningdrone.be\",\"url\":\"https:\/\/koningdrone.be\/\",\"logo\":{\"@type\":\"ImageObject\",\"inLanguage\":\"de\",\"@id\":\"https:\/\/koningdrone.be\/#\/schema\/logo\/image\/\",\"url\":\"https:\/\/koningdrone.be\/wp-content\/uploads\/sites\/13\/2025\/04\/koningdrone-copyright-logo.svg\",\"contentUrl\":\"https:\/\/koningdrone.be\/wp-content\/uploads\/sites\/13\/2025\/04\/koningdrone-copyright-logo.svg\",\"width\":227,\"height\":38,\"caption\":\"Koningdrone.be\"},\"image\":{\"@id\":\"https:\/\/koningdrone.be\/#\/schema\/logo\/image\/\"}}]}<\/script>\n<!-- \/ Yoast SEO Premium plugin. -->","yoast_head_json":{"title":"DJI OM 7 Series Magnetic Phone Clamp - koningdrone.be","robots":{"index":"index","follow":"follow","max-snippet":"max-snippet:-1","max-image-preview":"max-image-preview:large","max-video-preview":"max-video-preview:-1"},"canonical":"https:\/\/koningdrone.be\/de\/produkt\/dji-om-7-series-magnetic-phone-clamp\/","og_locale":"de_DE","og_type":"article","og_title":"DJI OM 7 Series Magnetic Phone Clamp","og_description":"Snel vast te klikken met een sterke magnetische houder voor onmiddellijke installatie. Houdt je telefoon stabiel voor vloeiende, trillingsvrije opnamen. Lichtgewicht en compact, dus overal mee naartoe te nemen. Ontworpen om de telefoonknoppen of het scherm niet te blokkeren. Ideaal voor snelle contentcreatie en reizen.","og_url":"https:\/\/koningdrone.be\/de\/produkt\/dji-om-7-series-magnetic-phone-clamp\/","og_site_name":"koningdrone.be","article_modified_time":"2026-04-30T02:00:40+00:00","og_image":[{"width":2560,"height":1707,"url":"https:\/\/koningdrone.be\/wp-content\/uploads\/sites\/13\/2025\/08\/b5d03ef986ad323975dc6a48afe3430c@origin-scaled-1.jpg","type":"image\/jpeg"}],"twitter_card":"summary_large_image","schema":{"@context":"https:\/\/schema.org","@graph":[{"@type":"WebPage","@id":"https:\/\/koningdrone.be\/product\/dji-om-7-series-magnetic-phone-clamp\/","url":"https:\/\/koningdrone.be\/product\/dji-om-7-series-magnetic-phone-clamp\/","name":"DJI OM 7 Series Magnetic Phone Clamp - koningdrone.be","isPartOf":{"@id":"https:\/\/koningdrone.be\/#website"},"primaryImageOfPage":{"@id":"https:\/\/koningdrone.be\/product\/dji-om-7-series-magnetic-phone-clamp\/#primaryimage"},"image":{"@id":"https:\/\/koningdrone.be\/product\/dji-om-7-series-magnetic-phone-clamp\/#primaryimage"},"thumbnailUrl":"https:\/\/koningdrone.be\/wp-content\/uploads\/sites\/13\/2025\/08\/b5d03ef986ad323975dc6a48afe3430c@origin-scaled-1.jpg","datePublished":"2025-07-03T07:31:46+00:00","dateModified":"2026-04-30T02:00:40+00:00","breadcrumb":{"@id":"https:\/\/koningdrone.be\/product\/dji-om-7-series-magnetic-phone-clamp\/#breadcrumb"},"inLanguage":"de","potentialAction":[{"@type":"ReadAction","target":["https:\/\/koningdrone.be\/product\/dji-om-7-series-magnetic-phone-clamp\/"]}]},{"@type":"ImageObject","inLanguage":"de","@id":"https:\/\/koningdrone.be\/product\/dji-om-7-series-magnetic-phone-clamp\/#primaryimage","url":"https:\/\/koningdrone.be\/wp-content\/uploads\/sites\/13\/2025\/08\/b5d03ef986ad323975dc6a48afe3430c@origin-scaled-1.jpg","contentUrl":"https:\/\/koningdrone.be\/wp-content\/uploads\/sites\/13\/2025\/08\/b5d03ef986ad323975dc6a48afe3430c@origin-scaled-1.jpg","width":2560,"height":1707},{"@type":"BreadcrumbList","@id":"https:\/\/koningdrone.be\/product\/dji-om-7-series-magnetic-phone-clamp\/#breadcrumb","itemListElement":[{"@type":"ListItem","position":1,"name":"Home","item":"https:\/\/koningdrone.be\/"},{"@type":"ListItem","position":2,"name":"AVSS Parachute Recovery System for DJI Matrice 300\/350","item":"https:\/\/koningdrone.be\/product\/avss-parachute-recovery-system-for-dji-matrice-300-350\/"},{"@type":"ListItem","position":3,"name":"Uncategorized","item":"https:\/\/koningdrone.be\/categorie\/uncategorized\/"},{"@type":"ListItem","position":4,"name":"DJI OM 7 Series Magnetic Phone Clamp"}]},{"@type":"WebSite","@id":"https:\/\/koningdrone.be\/#website","url":"https:\/\/koningdrone.be\/","name":"Koningdrone.be - Ihr Online-Spezialist f\u00fcr Drohnen, Gimbals, Kameras und Kraftwerke.","description":"Der Webshop f\u00fcr Drohnen und Gimbals","publisher":{"@id":"https:\/\/koningdrone.be\/#organization"},"potentialAction":[{"@type":"SearchAction","target":{"@type":"EntryPoint","urlTemplate":"https:\/\/koningdrone.be\/?s={search_term_string}"},"query-input":{"@type":"PropertyValueSpecification","valueRequired":true,"valueName":"search_term_string"}}],"inLanguage":"de"},{"@type":"Organization","@id":"https:\/\/koningdrone.be\/#organization","name":"Kingdrone.de","url":"https:\/\/koningdrone.be\/","logo":{"@type":"ImageObject","inLanguage":"de","@id":"https:\/\/koningdrone.be\/#\/schema\/logo\/image\/","url":"https:\/\/koningdrone.be\/wp-content\/uploads\/sites\/13\/2025\/04\/koningdrone-copyright-logo.svg","contentUrl":"https:\/\/koningdrone.be\/wp-content\/uploads\/sites\/13\/2025\/04\/koningdrone-copyright-logo.svg","width":227,"height":38,"caption":"Koningdrone.be"},"image":{"@id":"https:\/\/koningdrone.be\/#\/schema\/logo\/image\/"}}]}},"df_price":31,"df_sale_price":"","df_regular_price":31,"df_image_link":"https:\/\/koningdrone.be\/wp-content\/uploads\/sites\/13\/2025\/08\/b5d03ef986ad323975dc6a48afe3430c@origin-scaled-1-300x200.jpg","_links":{"self":[{"href":"https:\/\/koningdrone.be\/de\/wp-json\/wp\/v2\/product\/15367","targetHints":{"allow":["GET"]}}],"collection":[{"href":"https:\/\/koningdrone.be\/de\/wp-json\/wp\/v2\/product"}],"about":[{"href":"https:\/\/koningdrone.be\/de\/wp-json\/wp\/v2\/types\/product"}],"wp:featuredmedia":[{"embeddable":true,"href":"https:\/\/koningdrone.be\/de\/wp-json\/wp\/v2\/media\/15363"}],"wp:attachment":[{"href":"https:\/\/koningdrone.be\/de\/wp-json\/wp\/v2\/media?parent=15367"}],"wp:term":[{"taxonomy":"product_brand","embeddable":true,"href":"https:\/\/koningdrone.be\/de\/wp-json\/wp\/v2\/product_brand?post=15367"},{"taxonomy":"product_cat","embeddable":true,"href":"https:\/\/koningdrone.be\/de\/wp-json\/wp\/v2\/product_cat?post=15367"},{"taxonomy":"product_tag","embeddable":true,"href":"https:\/\/koningdrone.be\/de\/wp-json\/wp\/v2\/product_tag?post=15367"}],"curies":[{"name":"wp","href":"https:\/\/api.w.org\/{rel}","templated":true}]}}