{"id":15219,"date":"2025-07-03T09:32:52","date_gmt":"2025-07-03T07:32:52","guid":{"rendered":"https:\/\/koningdrone.be\/product\/dji-rs-4-mini-combo\/"},"modified":"2026-04-29T04:40:16","modified_gmt":"2026-04-29T02:40:16","slug":"dji-rs-4-mini-combo","status":"publish","type":"product","link":"https:\/\/koningdrone.be\/de\/produkt\/dji-rs-4-mini-combo\/","title":{"rendered":"DJI RS 4 Mini Kombi"},"content":{"rendered":"<p>Der DJI RS 4 Mini Combo ist ein All-in-One-Gimbal-Stabilisierungspaket, das f\u00fcr Kreative entwickelt wurde, die Portabilit\u00e4t, intelligente Funktionen und Stabilisierung in Profiqualit\u00e4t verlangen. Diese Combo baut auf dem RS 4 Mini auf und f\u00fcgt wichtiges Zubeh\u00f6r wie das RS Intelligent Tracking Module und einen neu gestalteten Briefcase-Griff hinzu und ist damit ideal f\u00fcr dynamische Aufnahmeszenarien und Solo-Videofilmer.<\/p>","protected":false},"excerpt":{"rendered":"<ul>\n<li>Enth\u00e4lt ein KI-gesteuertes intelligentes Tracking-Modul f\u00fcr die dynamische Verfolgung des Motivs.<\/li>\n<li>Mit einem neu gestalteten Koffergriff f\u00fcr bequemere Aufnahmen aus niedrigem Winkel.<\/li>\n<li>Erm\u00f6glicht schnelle vertikale und horizontale Aufnahme\u00fcberg\u00e4nge.<\/li>\n<li>Mit automatisch verriegelnden Achsen f\u00fcr schnelleres R\u00fcsten und Packen.<\/li>\n<li>Bis zu 13 Stunden Akkulaufzeit f\u00fcr ganzt\u00e4gige Aufnahmen.<\/li>\n<li>Perfekt f\u00fcr Solomacher, die Stabilisierung auf Profi-Niveau in kompakter Gr\u00f6\u00dfe ben\u00f6tigen.<\/li>\n<\/ul>","protected":false},"featured_media":15211,"template":"","meta":{"_acf_changed":false},"product_brand":[],"product_cat":[613],"product_tag":[],"class_list":{"0":"post-15219","1":"product","2":"type-product","3":"status-publish","4":"has-post-thumbnail","6":"product_cat-dji-rs4","7":"product_shipping_class-outofstock","8":"pa_brand-dji","9":"pa_producttype-gimbal","10":"pa_series-rs-4","12":"first","13":"outofstock","14":"taxable","15":"shipping-taxable","16":"purchasable","17":"product-type-simple"},"acf":[],"yoast_head":"<!-- This site is optimized with the Yoast SEO Premium plugin v27.2 (Yoast SEO v27.2) - https:\/\/yoast.com\/product\/yoast-seo-premium-wordpress\/ -->\n<title>DJI RS 4 Mini Combo - koningdrone.be<\/title>\n<meta name=\"robots\" content=\"index, follow, max-snippet:-1, max-image-preview:large, max-video-preview:-1\" \/>\n<link rel=\"canonical\" href=\"https:\/\/koningdrone.be\/de\/produkt\/dji-rs-4-mini-combo\/\" \/>\n<meta property=\"og:locale\" content=\"de_DE\" \/>\n<meta property=\"og:type\" content=\"article\" \/>\n<meta property=\"og:title\" content=\"DJI RS 4 Mini Combo\" \/>\n<meta property=\"og:description\" content=\"Inclusief AI-gestuurde Intelligent Tracking Module voor dynamisch volgen van het onderwerp. Wordt geleverd met een nieuw ontworpen briefcasehandgreep voor comfortabelere opnamen onder een lage hoek. Maakt snelle verticale en horizontale opnameovergangen mogelijk. Met automatisch vergrendelende assen voor sneller opzetten en inpakken. Levert tot 13 uur batterijduur voor opnamen die de hele dag duren. Perfect voor solomakers die behoefte hebben aan stabilisatie op pro-niveau in een compact formaat.\" \/>\n<meta property=\"og:url\" content=\"https:\/\/koningdrone.be\/de\/produkt\/dji-rs-4-mini-combo\/\" \/>\n<meta property=\"og:site_name\" content=\"koningdrone.be\" \/>\n<meta property=\"article:modified_time\" content=\"2026-04-29T02:40:16+00:00\" \/>\n<meta property=\"og:image\" content=\"https:\/\/koningdrone.be\/wp-content\/uploads\/sites\/13\/2025\/08\/e0f0e45ace26a0ee022cc8766a608e58@origin.jpg\" \/>\n\t<meta property=\"og:image:width\" content=\"2560\" \/>\n\t<meta property=\"og:image:height\" content=\"2560\" \/>\n\t<meta property=\"og:image:type\" content=\"image\/jpeg\" \/>\n<meta name=\"twitter:card\" content=\"summary_large_image\" \/>\n<script type=\"application\/ld+json\" class=\"yoast-schema-graph\">{\"@context\":\"https:\/\/schema.org\",\"@graph\":[{\"@type\":\"WebPage\",\"@id\":\"https:\/\/koningdrone.be\/product\/dji-rs-4-mini-combo\/\",\"url\":\"https:\/\/koningdrone.be\/product\/dji-rs-4-mini-combo\/\",\"name\":\"DJI RS 4 Mini Combo - koningdrone.be\",\"isPartOf\":{\"@id\":\"https:\/\/koningdrone.be\/#website\"},\"primaryImageOfPage\":{\"@id\":\"https:\/\/koningdrone.be\/product\/dji-rs-4-mini-combo\/#primaryimage\"},\"image\":{\"@id\":\"https:\/\/koningdrone.be\/product\/dji-rs-4-mini-combo\/#primaryimage\"},\"thumbnailUrl\":\"https:\/\/koningdrone.be\/wp-content\/uploads\/sites\/13\/2025\/08\/e0f0e45ace26a0ee022cc8766a608e58@origin.jpg\",\"datePublished\":\"2025-07-03T07:32:52+00:00\",\"dateModified\":\"2026-04-29T02:40:16+00:00\",\"breadcrumb\":{\"@id\":\"https:\/\/koningdrone.be\/product\/dji-rs-4-mini-combo\/#breadcrumb\"},\"inLanguage\":\"de\",\"potentialAction\":[{\"@type\":\"ReadAction\",\"target\":[\"https:\/\/koningdrone.be\/product\/dji-rs-4-mini-combo\/\"]}]},{\"@type\":\"ImageObject\",\"inLanguage\":\"de\",\"@id\":\"https:\/\/koningdrone.be\/product\/dji-rs-4-mini-combo\/#primaryimage\",\"url\":\"https:\/\/koningdrone.be\/wp-content\/uploads\/sites\/13\/2025\/08\/e0f0e45ace26a0ee022cc8766a608e58@origin.jpg\",\"contentUrl\":\"https:\/\/koningdrone.be\/wp-content\/uploads\/sites\/13\/2025\/08\/e0f0e45ace26a0ee022cc8766a608e58@origin.jpg\",\"width\":2560,\"height\":2560},{\"@type\":\"BreadcrumbList\",\"@id\":\"https:\/\/koningdrone.be\/product\/dji-rs-4-mini-combo\/#breadcrumb\",\"itemListElement\":[{\"@type\":\"ListItem\",\"position\":1,\"name\":\"Home\",\"item\":\"https:\/\/koningdrone.be\/\"},{\"@type\":\"ListItem\",\"position\":2,\"name\":\"AVSS Parachute Recovery System for DJI Matrice 300\/350\",\"item\":\"https:\/\/koningdrone.be\/product\/avss-parachute-recovery-system-for-dji-matrice-300-350\/\"},{\"@type\":\"ListItem\",\"position\":3,\"name\":\"DJI RS4\",\"item\":\"https:\/\/koningdrone.be\/categorie\/dji-rs4\/\"},{\"@type\":\"ListItem\",\"position\":4,\"name\":\"DJI RS 4 Mini Combo\"}]},{\"@type\":\"WebSite\",\"@id\":\"https:\/\/koningdrone.be\/#website\",\"url\":\"https:\/\/koningdrone.be\/\",\"name\":\"Koningdrone.be - Uw online specialist in drones, gimbals, camera's en power stations.\",\"description\":\"De webshop in drones en gimbals\",\"publisher\":{\"@id\":\"https:\/\/koningdrone.be\/#organization\"},\"potentialAction\":[{\"@type\":\"SearchAction\",\"target\":{\"@type\":\"EntryPoint\",\"urlTemplate\":\"https:\/\/koningdrone.be\/?s={search_term_string}\"},\"query-input\":{\"@type\":\"PropertyValueSpecification\",\"valueRequired\":true,\"valueName\":\"search_term_string\"}}],\"inLanguage\":\"de\"},{\"@type\":\"Organization\",\"@id\":\"https:\/\/koningdrone.be\/#organization\",\"name\":\"Koningdrone.be\",\"url\":\"https:\/\/koningdrone.be\/\",\"logo\":{\"@type\":\"ImageObject\",\"inLanguage\":\"de\",\"@id\":\"https:\/\/koningdrone.be\/#\/schema\/logo\/image\/\",\"url\":\"https:\/\/koningdrone.be\/wp-content\/uploads\/sites\/13\/2025\/04\/koningdrone-copyright-logo.svg\",\"contentUrl\":\"https:\/\/koningdrone.be\/wp-content\/uploads\/sites\/13\/2025\/04\/koningdrone-copyright-logo.svg\",\"width\":227,\"height\":38,\"caption\":\"Koningdrone.be\"},\"image\":{\"@id\":\"https:\/\/koningdrone.be\/#\/schema\/logo\/image\/\"}}]}<\/script>\n<!-- \/ Yoast SEO Premium plugin. -->","yoast_head_json":{"title":"DJI RS 4 Mini Combo - koningdrone.be","robots":{"index":"index","follow":"follow","max-snippet":"max-snippet:-1","max-image-preview":"max-image-preview:large","max-video-preview":"max-video-preview:-1"},"canonical":"https:\/\/koningdrone.be\/de\/produkt\/dji-rs-4-mini-combo\/","og_locale":"de_DE","og_type":"article","og_title":"DJI RS 4 Mini Combo","og_description":"Inclusief AI-gestuurde Intelligent Tracking Module voor dynamisch volgen van het onderwerp. Wordt geleverd met een nieuw ontworpen briefcasehandgreep voor comfortabelere opnamen onder een lage hoek. Maakt snelle verticale en horizontale opnameovergangen mogelijk. Met automatisch vergrendelende assen voor sneller opzetten en inpakken. Levert tot 13 uur batterijduur voor opnamen die de hele dag duren. Perfect voor solomakers die behoefte hebben aan stabilisatie op pro-niveau in een compact formaat.","og_url":"https:\/\/koningdrone.be\/de\/produkt\/dji-rs-4-mini-combo\/","og_site_name":"koningdrone.be","article_modified_time":"2026-04-29T02:40:16+00:00","og_image":[{"width":2560,"height":2560,"url":"https:\/\/koningdrone.be\/wp-content\/uploads\/sites\/13\/2025\/08\/e0f0e45ace26a0ee022cc8766a608e58@origin.jpg","type":"image\/jpeg"}],"twitter_card":"summary_large_image","schema":{"@context":"https:\/\/schema.org","@graph":[{"@type":"WebPage","@id":"https:\/\/koningdrone.be\/product\/dji-rs-4-mini-combo\/","url":"https:\/\/koningdrone.be\/product\/dji-rs-4-mini-combo\/","name":"DJI RS 4 Mini Combo - koningdrone.be","isPartOf":{"@id":"https:\/\/koningdrone.be\/#website"},"primaryImageOfPage":{"@id":"https:\/\/koningdrone.be\/product\/dji-rs-4-mini-combo\/#primaryimage"},"image":{"@id":"https:\/\/koningdrone.be\/product\/dji-rs-4-mini-combo\/#primaryimage"},"thumbnailUrl":"https:\/\/koningdrone.be\/wp-content\/uploads\/sites\/13\/2025\/08\/e0f0e45ace26a0ee022cc8766a608e58@origin.jpg","datePublished":"2025-07-03T07:32:52+00:00","dateModified":"2026-04-29T02:40:16+00:00","breadcrumb":{"@id":"https:\/\/koningdrone.be\/product\/dji-rs-4-mini-combo\/#breadcrumb"},"inLanguage":"de","potentialAction":[{"@type":"ReadAction","target":["https:\/\/koningdrone.be\/product\/dji-rs-4-mini-combo\/"]}]},{"@type":"ImageObject","inLanguage":"de","@id":"https:\/\/koningdrone.be\/product\/dji-rs-4-mini-combo\/#primaryimage","url":"https:\/\/koningdrone.be\/wp-content\/uploads\/sites\/13\/2025\/08\/e0f0e45ace26a0ee022cc8766a608e58@origin.jpg","contentUrl":"https:\/\/koningdrone.be\/wp-content\/uploads\/sites\/13\/2025\/08\/e0f0e45ace26a0ee022cc8766a608e58@origin.jpg","width":2560,"height":2560},{"@type":"BreadcrumbList","@id":"https:\/\/koningdrone.be\/product\/dji-rs-4-mini-combo\/#breadcrumb","itemListElement":[{"@type":"ListItem","position":1,"name":"Home","item":"https:\/\/koningdrone.be\/"},{"@type":"ListItem","position":2,"name":"AVSS Parachute Recovery System for DJI Matrice 300\/350","item":"https:\/\/koningdrone.be\/product\/avss-parachute-recovery-system-for-dji-matrice-300-350\/"},{"@type":"ListItem","position":3,"name":"DJI RS4","item":"https:\/\/koningdrone.be\/categorie\/dji-rs4\/"},{"@type":"ListItem","position":4,"name":"DJI RS 4 Mini Combo"}]},{"@type":"WebSite","@id":"https:\/\/koningdrone.be\/#website","url":"https:\/\/koningdrone.be\/","name":"Koningdrone.be - Ihr Online-Spezialist f\u00fcr Drohnen, Gimbals, Kameras und Kraftwerke.","description":"Der Webshop f\u00fcr Drohnen und Gimbals","publisher":{"@id":"https:\/\/koningdrone.be\/#organization"},"potentialAction":[{"@type":"SearchAction","target":{"@type":"EntryPoint","urlTemplate":"https:\/\/koningdrone.be\/?s={search_term_string}"},"query-input":{"@type":"PropertyValueSpecification","valueRequired":true,"valueName":"search_term_string"}}],"inLanguage":"de"},{"@type":"Organization","@id":"https:\/\/koningdrone.be\/#organization","name":"Kingdrone.de","url":"https:\/\/koningdrone.be\/","logo":{"@type":"ImageObject","inLanguage":"de","@id":"https:\/\/koningdrone.be\/#\/schema\/logo\/image\/","url":"https:\/\/koningdrone.be\/wp-content\/uploads\/sites\/13\/2025\/04\/koningdrone-copyright-logo.svg","contentUrl":"https:\/\/koningdrone.be\/wp-content\/uploads\/sites\/13\/2025\/04\/koningdrone-copyright-logo.svg","width":227,"height":38,"caption":"Koningdrone.be"},"image":{"@id":"https:\/\/koningdrone.be\/#\/schema\/logo\/image\/"}}]}},"df_price":383,"df_sale_price":"","df_regular_price":383,"df_image_link":"https:\/\/koningdrone.be\/wp-content\/uploads\/sites\/13\/2025\/08\/e0f0e45ace26a0ee022cc8766a608e58@origin-300x300.jpg","_links":{"self":[{"href":"https:\/\/koningdrone.be\/de\/wp-json\/wp\/v2\/product\/15219","targetHints":{"allow":["GET"]}}],"collection":[{"href":"https:\/\/koningdrone.be\/de\/wp-json\/wp\/v2\/product"}],"about":[{"href":"https:\/\/koningdrone.be\/de\/wp-json\/wp\/v2\/types\/product"}],"wp:featuredmedia":[{"embeddable":true,"href":"https:\/\/koningdrone.be\/de\/wp-json\/wp\/v2\/media\/15211"}],"wp:attachment":[{"href":"https:\/\/koningdrone.be\/de\/wp-json\/wp\/v2\/media?parent=15219"}],"wp:term":[{"taxonomy":"product_brand","embeddable":true,"href":"https:\/\/koningdrone.be\/de\/wp-json\/wp\/v2\/product_brand?post=15219"},{"taxonomy":"product_cat","embeddable":true,"href":"https:\/\/koningdrone.be\/de\/wp-json\/wp\/v2\/product_cat?post=15219"},{"taxonomy":"product_tag","embeddable":true,"href":"https:\/\/koningdrone.be\/de\/wp-json\/wp\/v2\/product_tag?post=15219"}],"curies":[{"name":"wp","href":"https:\/\/api.w.org\/{rel}","templated":true}]}}