{"id":15147,"date":"2025-07-03T09:33:33","date_gmt":"2025-07-03T07:33:33","guid":{"rendered":"https:\/\/koningdrone.be\/product\/ecoflow-smart-meter\/"},"modified":"2025-07-03T09:33:33","modified_gmt":"2025-07-03T07:33:33","slug":"ecoflow-smart-meter","status":"publish","type":"product","link":"https:\/\/koningdrone.be\/de\/produkt\/ecoflow-smart-meter\/","title":{"rendered":"EcoFlow Smart Meter"},"content":{"rendered":"<p>Der EcoFlow Smart Meter ist ein fortschrittliches Energie\u00fcberwachungsger\u00e4t, das Ihnen in Echtzeit Einblicke in den Stromverbrauch Ihres Hauses gibt. Er l\u00e4sst sich nahtlos in die Plug &amp; Play-Solarsysteme der STREAM-Serie von EcoFlow integrieren und erm\u00f6glicht so ein intelligentes Energiemanagement und die Maximierung der Nutzung von Solarenergie. Da der intelligente Z\u00e4hler den Energieverbrauch Ihres Haushalts \u00fcberwacht, kann das System automatisch die Energieverteilung planen, was einen effizienten Stromverbrauch gew\u00e4hrleistet und die Abh\u00e4ngigkeit vom Stromnetz verringert. Die einfache Installation und die Kompatibilit\u00e4t mit dem OASIS-Algorithmus von EcoFlow machen das System zu einer wesentlichen Komponente f\u00fcr die Optimierung der Energieeffizienz Ihres Hauses.<\/p>","protected":false},"excerpt":{"rendered":"<ul>\n<li>Energie\u00fcberwachung in Echtzeit f\u00fcr das ganze Haus.<\/li>\n<li>Automatische Erkennung von \u00fcbersch\u00fcssiger Energie.<\/li>\n<li>Erm\u00f6glicht die Null-Einspeisung von Solarstrom.<\/li>\n<li>Optimiert mit dem OASIS-Algorithmus von EcoFlow.<\/li>\n<li>Einfache Installation ohne \u00c4nderungen am Stromkreis.<\/li>\n<li>Funktioniert nahtlos mit Plug &amp; Play-Solarsystemen der Serie EcoFlow STREAM.<\/li>\n<\/ul>","protected":false},"featured_media":15145,"template":"","meta":{"_acf_changed":false},"product_brand":[],"product_cat":[58],"product_tag":[],"class_list":{"0":"post-15147","1":"product","2":"type-product","3":"status-publish","4":"has-post-thumbnail","6":"product_cat-uncategorized","7":"pa_brand-ecoflow","8":"pa_producttype-apparaat-voor-energiebewaking","10":"first","11":"outofstock","12":"taxable","13":"shipping-taxable","14":"product-type-simple"},"acf":[],"yoast_head":"<!-- This site is optimized with the Yoast SEO Premium plugin v27.2 (Yoast SEO v27.2) - https:\/\/yoast.com\/product\/yoast-seo-premium-wordpress\/ -->\n<title>EcoFlow Smart Meter - koningdrone.be<\/title>\n<meta name=\"robots\" content=\"index, follow, max-snippet:-1, max-image-preview:large, max-video-preview:-1\" \/>\n<link rel=\"canonical\" href=\"https:\/\/koningdrone.be\/de\/produkt\/ecoflow-smart-meter\/\" \/>\n<meta property=\"og:locale\" content=\"de_DE\" \/>\n<meta property=\"og:type\" content=\"article\" \/>\n<meta property=\"og:title\" content=\"EcoFlow Smart Meter\" \/>\n<meta property=\"og:description\" content=\"Real-time energiemonitoring voor het hele huis. Automatische detectie van overtollige energie. Maakt zero-feed-in gebruik van zonne-energie mogelijk. Geoptimaliseerd met het OASIS-algoritme van EcoFlow. Eenvoudig te installeren zonder circuitaanpassingen. Werkt naadloos met EcoFlow STREAM Series Plug &amp; Play Solar Systems.\" \/>\n<meta property=\"og:url\" content=\"https:\/\/koningdrone.be\/de\/produkt\/ecoflow-smart-meter\/\" \/>\n<meta property=\"og:site_name\" content=\"koningdrone.be\" \/>\n<meta property=\"og:image\" content=\"https:\/\/koningdrone.be\/wp-content\/uploads\/sites\/13\/2025\/08\/ecoflow-smart-meter-for-free-1155819705_2000x.png\" \/>\n\t<meta property=\"og:image:width\" content=\"1500\" \/>\n\t<meta property=\"og:image:height\" content=\"1500\" \/>\n\t<meta property=\"og:image:type\" content=\"image\/png\" \/>\n<meta name=\"twitter:card\" content=\"summary_large_image\" \/>\n<meta name=\"twitter:label1\" content=\"Gesch\u00e4tzte Lesezeit\" \/>\n\t<meta name=\"twitter:data1\" content=\"1\u00a0Minute\" \/>\n<script type=\"application\/ld+json\" class=\"yoast-schema-graph\">{\"@context\":\"https:\/\/schema.org\",\"@graph\":[{\"@type\":\"WebPage\",\"@id\":\"https:\/\/koningdrone.be\/product\/ecoflow-smart-meter\/\",\"url\":\"https:\/\/koningdrone.be\/product\/ecoflow-smart-meter\/\",\"name\":\"EcoFlow Smart Meter - koningdrone.be\",\"isPartOf\":{\"@id\":\"https:\/\/koningdrone.be\/#website\"},\"primaryImageOfPage\":{\"@id\":\"https:\/\/koningdrone.be\/product\/ecoflow-smart-meter\/#primaryimage\"},\"image\":{\"@id\":\"https:\/\/koningdrone.be\/product\/ecoflow-smart-meter\/#primaryimage\"},\"thumbnailUrl\":\"https:\/\/koningdrone.be\/wp-content\/uploads\/sites\/13\/2025\/08\/ecoflow-smart-meter-for-free-1155819705_2000x.png\",\"datePublished\":\"2025-07-03T07:33:33+00:00\",\"breadcrumb\":{\"@id\":\"https:\/\/koningdrone.be\/product\/ecoflow-smart-meter\/#breadcrumb\"},\"inLanguage\":\"de\",\"potentialAction\":[{\"@type\":\"ReadAction\",\"target\":[\"https:\/\/koningdrone.be\/product\/ecoflow-smart-meter\/\"]}]},{\"@type\":\"ImageObject\",\"inLanguage\":\"de\",\"@id\":\"https:\/\/koningdrone.be\/product\/ecoflow-smart-meter\/#primaryimage\",\"url\":\"https:\/\/koningdrone.be\/wp-content\/uploads\/sites\/13\/2025\/08\/ecoflow-smart-meter-for-free-1155819705_2000x.png\",\"contentUrl\":\"https:\/\/koningdrone.be\/wp-content\/uploads\/sites\/13\/2025\/08\/ecoflow-smart-meter-for-free-1155819705_2000x.png\",\"width\":1500,\"height\":1500},{\"@type\":\"BreadcrumbList\",\"@id\":\"https:\/\/koningdrone.be\/product\/ecoflow-smart-meter\/#breadcrumb\",\"itemListElement\":[{\"@type\":\"ListItem\",\"position\":1,\"name\":\"Home\",\"item\":\"https:\/\/koningdrone.be\/\"},{\"@type\":\"ListItem\",\"position\":2,\"name\":\"AVSS Parachute Recovery System for DJI Matrice 300\/350\",\"item\":\"https:\/\/koningdrone.be\/product\/avss-parachute-recovery-system-for-dji-matrice-300-350\/\"},{\"@type\":\"ListItem\",\"position\":3,\"name\":\"Uncategorized\",\"item\":\"https:\/\/koningdrone.be\/categorie\/uncategorized\/\"},{\"@type\":\"ListItem\",\"position\":4,\"name\":\"EcoFlow Smart Meter\"}]},{\"@type\":\"WebSite\",\"@id\":\"https:\/\/koningdrone.be\/#website\",\"url\":\"https:\/\/koningdrone.be\/\",\"name\":\"Koningdrone.be - Uw online specialist in drones, gimbals, camera's en power stations.\",\"description\":\"De webshop in drones en gimbals\",\"publisher\":{\"@id\":\"https:\/\/koningdrone.be\/#organization\"},\"potentialAction\":[{\"@type\":\"SearchAction\",\"target\":{\"@type\":\"EntryPoint\",\"urlTemplate\":\"https:\/\/koningdrone.be\/?s={search_term_string}\"},\"query-input\":{\"@type\":\"PropertyValueSpecification\",\"valueRequired\":true,\"valueName\":\"search_term_string\"}}],\"inLanguage\":\"de\"},{\"@type\":\"Organization\",\"@id\":\"https:\/\/koningdrone.be\/#organization\",\"name\":\"Koningdrone.be\",\"url\":\"https:\/\/koningdrone.be\/\",\"logo\":{\"@type\":\"ImageObject\",\"inLanguage\":\"de\",\"@id\":\"https:\/\/koningdrone.be\/#\/schema\/logo\/image\/\",\"url\":\"https:\/\/koningdrone.be\/wp-content\/uploads\/sites\/13\/2025\/04\/koningdrone-copyright-logo.svg\",\"contentUrl\":\"https:\/\/koningdrone.be\/wp-content\/uploads\/sites\/13\/2025\/04\/koningdrone-copyright-logo.svg\",\"width\":227,\"height\":38,\"caption\":\"Koningdrone.be\"},\"image\":{\"@id\":\"https:\/\/koningdrone.be\/#\/schema\/logo\/image\/\"}}]}<\/script>\n<!-- \/ Yoast SEO Premium plugin. -->","yoast_head_json":{"title":"EcoFlow Smart Meter - koningdrone.be","robots":{"index":"index","follow":"follow","max-snippet":"max-snippet:-1","max-image-preview":"max-image-preview:large","max-video-preview":"max-video-preview:-1"},"canonical":"https:\/\/koningdrone.be\/de\/produkt\/ecoflow-smart-meter\/","og_locale":"de_DE","og_type":"article","og_title":"EcoFlow Smart Meter","og_description":"Real-time energiemonitoring voor het hele huis. Automatische detectie van overtollige energie. Maakt zero-feed-in gebruik van zonne-energie mogelijk. Geoptimaliseerd met het OASIS-algoritme van EcoFlow. Eenvoudig te installeren zonder circuitaanpassingen. Werkt naadloos met EcoFlow STREAM Series Plug &amp; Play Solar Systems.","og_url":"https:\/\/koningdrone.be\/de\/produkt\/ecoflow-smart-meter\/","og_site_name":"koningdrone.be","og_image":[{"width":1500,"height":1500,"url":"https:\/\/koningdrone.be\/wp-content\/uploads\/sites\/13\/2025\/08\/ecoflow-smart-meter-for-free-1155819705_2000x.png","type":"image\/png"}],"twitter_card":"summary_large_image","twitter_misc":{"Gesch\u00e4tzte Lesezeit":"1\u00a0Minute"},"schema":{"@context":"https:\/\/schema.org","@graph":[{"@type":"WebPage","@id":"https:\/\/koningdrone.be\/product\/ecoflow-smart-meter\/","url":"https:\/\/koningdrone.be\/product\/ecoflow-smart-meter\/","name":"EcoFlow Smart Meter - koningdrone.be","isPartOf":{"@id":"https:\/\/koningdrone.be\/#website"},"primaryImageOfPage":{"@id":"https:\/\/koningdrone.be\/product\/ecoflow-smart-meter\/#primaryimage"},"image":{"@id":"https:\/\/koningdrone.be\/product\/ecoflow-smart-meter\/#primaryimage"},"thumbnailUrl":"https:\/\/koningdrone.be\/wp-content\/uploads\/sites\/13\/2025\/08\/ecoflow-smart-meter-for-free-1155819705_2000x.png","datePublished":"2025-07-03T07:33:33+00:00","breadcrumb":{"@id":"https:\/\/koningdrone.be\/product\/ecoflow-smart-meter\/#breadcrumb"},"inLanguage":"de","potentialAction":[{"@type":"ReadAction","target":["https:\/\/koningdrone.be\/product\/ecoflow-smart-meter\/"]}]},{"@type":"ImageObject","inLanguage":"de","@id":"https:\/\/koningdrone.be\/product\/ecoflow-smart-meter\/#primaryimage","url":"https:\/\/koningdrone.be\/wp-content\/uploads\/sites\/13\/2025\/08\/ecoflow-smart-meter-for-free-1155819705_2000x.png","contentUrl":"https:\/\/koningdrone.be\/wp-content\/uploads\/sites\/13\/2025\/08\/ecoflow-smart-meter-for-free-1155819705_2000x.png","width":1500,"height":1500},{"@type":"BreadcrumbList","@id":"https:\/\/koningdrone.be\/product\/ecoflow-smart-meter\/#breadcrumb","itemListElement":[{"@type":"ListItem","position":1,"name":"Home","item":"https:\/\/koningdrone.be\/"},{"@type":"ListItem","position":2,"name":"AVSS Parachute Recovery System for DJI Matrice 300\/350","item":"https:\/\/koningdrone.be\/product\/avss-parachute-recovery-system-for-dji-matrice-300-350\/"},{"@type":"ListItem","position":3,"name":"Uncategorized","item":"https:\/\/koningdrone.be\/categorie\/uncategorized\/"},{"@type":"ListItem","position":4,"name":"EcoFlow Smart Meter"}]},{"@type":"WebSite","@id":"https:\/\/koningdrone.be\/#website","url":"https:\/\/koningdrone.be\/","name":"Koningdrone.be - Ihr Online-Spezialist f\u00fcr Drohnen, Gimbals, Kameras und Kraftwerke.","description":"Der Webshop f\u00fcr Drohnen und Gimbals","publisher":{"@id":"https:\/\/koningdrone.be\/#organization"},"potentialAction":[{"@type":"SearchAction","target":{"@type":"EntryPoint","urlTemplate":"https:\/\/koningdrone.be\/?s={search_term_string}"},"query-input":{"@type":"PropertyValueSpecification","valueRequired":true,"valueName":"search_term_string"}}],"inLanguage":"de"},{"@type":"Organization","@id":"https:\/\/koningdrone.be\/#organization","name":"Kingdrone.de","url":"https:\/\/koningdrone.be\/","logo":{"@type":"ImageObject","inLanguage":"de","@id":"https:\/\/koningdrone.be\/#\/schema\/logo\/image\/","url":"https:\/\/koningdrone.be\/wp-content\/uploads\/sites\/13\/2025\/04\/koningdrone-copyright-logo.svg","contentUrl":"https:\/\/koningdrone.be\/wp-content\/uploads\/sites\/13\/2025\/04\/koningdrone-copyright-logo.svg","width":227,"height":38,"caption":"Koningdrone.be"},"image":{"@id":"https:\/\/koningdrone.be\/#\/schema\/logo\/image\/"}}]}},"df_price":"","df_sale_price":"","df_regular_price":"","df_image_link":"https:\/\/koningdrone.be\/wp-content\/uploads\/sites\/13\/2025\/08\/ecoflow-smart-meter-for-free-1155819705_2000x-300x300.png","_links":{"self":[{"href":"https:\/\/koningdrone.be\/de\/wp-json\/wp\/v2\/product\/15147","targetHints":{"allow":["GET"]}}],"collection":[{"href":"https:\/\/koningdrone.be\/de\/wp-json\/wp\/v2\/product"}],"about":[{"href":"https:\/\/koningdrone.be\/de\/wp-json\/wp\/v2\/types\/product"}],"wp:featuredmedia":[{"embeddable":true,"href":"https:\/\/koningdrone.be\/de\/wp-json\/wp\/v2\/media\/15145"}],"wp:attachment":[{"href":"https:\/\/koningdrone.be\/de\/wp-json\/wp\/v2\/media?parent=15147"}],"wp:term":[{"taxonomy":"product_brand","embeddable":true,"href":"https:\/\/koningdrone.be\/de\/wp-json\/wp\/v2\/product_brand?post=15147"},{"taxonomy":"product_cat","embeddable":true,"href":"https:\/\/koningdrone.be\/de\/wp-json\/wp\/v2\/product_cat?post=15147"},{"taxonomy":"product_tag","embeddable":true,"href":"https:\/\/koningdrone.be\/de\/wp-json\/wp\/v2\/product_tag?post=15147"}],"curies":[{"name":"wp","href":"https:\/\/api.w.org\/{rel}","templated":true}]}}