{"id":15138,"date":"2025-07-03T09:33:33","date_gmt":"2025-07-03T07:33:33","guid":{"rendered":"https:\/\/koningdrone.be\/product\/ecoflow-wave-3-stabilizing-strap-kit\/"},"modified":"2026-04-30T04:30:05","modified_gmt":"2026-04-30T02:30:05","slug":"ecoflow-wave-3-stabilizing-strap-kit","status":"publish","type":"product","link":"https:\/\/koningdrone.be\/de\/produkt\/ecoflow-wave-3-stabilizing-strap-kit\/","title":{"rendered":"EcoFlow WAVE 3 Stabilisierungsgurt-Kit"},"content":{"rendered":"<p>Das EcoFlow WAVE 3 Stabilisierungsgurt-Kit wurde entwickelt, um Ihr tragbares EcoFlow WAVE 3-Klimager\u00e4t und seine Batterie an horizontalen Oberfl\u00e4chen zu befestigen, die Bewegungen ausgesetzt sind, wie z. B. in Wohnmobilen, Booten oder netzunabh\u00e4ngigen Einrichtungen. Dieses Kit sorgt daf\u00fcr, dass Ihr Ger\u00e4t beim Transport oder in Umgebungen mit Vibrationen und St\u00f6\u00dfen stabil bleibt. Die Installation ist einfach und f\u00fcr optimale Sicherheit wird empfohlen, die Gurte auf einem Holzbrett zu befestigen, um m\u00f6gliche Sch\u00e4den durch Bohrungen zu vermeiden. Es wird empfohlen, die Schrauben und Bandverbindungen regelm\u00e4\u00dfig zu \u00fcberpr\u00fcfen, um eine sichere Installation zu gew\u00e4hrleisten. Mit diesem Kit k\u00f6nnen Sie Ihr WAVE 3 System in dynamischen Umgebungen einsetzen, ohne sich Gedanken \u00fcber Verschiebungen oder Sch\u00e4den machen zu m\u00fcssen.<\/p>","protected":false},"excerpt":{"rendered":"<ul>\n<li>Sichern Sie die WAVE 3 und das zus\u00e4tzliche Akkupaket auf horizontalen Fl\u00e4chen.<\/li>\n<li>Ideal f\u00fcr den Einsatz in Wohnmobilen, Booten und anderen mobilen Umgebungen.<\/li>\n<li>Einfache Installation mit empfohlener Holzbohlenbefestigung.<\/li>\n<li>Strapazierf\u00e4hige Gurte, die Vibrationen und Bewegungen standhalten.<\/li>\n<li>Erh\u00f6ht die Sicherheit, indem es die Verschiebung von Ger\u00e4ten verhindert.<\/li>\n<li>Regelm\u00e4\u00dfige Wartung gew\u00e4hrleistet langfristige Stabilit\u00e4t.<\/li>\n<\/ul>","protected":false},"featured_media":15136,"template":"","meta":{"_acf_changed":false},"product_brand":[],"product_cat":[58],"product_tag":[],"class_list":{"0":"post-15138","1":"product","2":"type-product","3":"status-publish","4":"has-post-thumbnail","6":"product_cat-uncategorized","7":"product_shipping_class-ingramall","8":"pa_brand-ecoflow","9":"pa_producttype-riemset","10":"pa_series-wave-3","12":"first","13":"instock","14":"taxable","15":"shipping-taxable","16":"purchasable","17":"product-type-simple"},"acf":[],"yoast_head":"<!-- This site is optimized with the Yoast SEO Premium plugin v27.2 (Yoast SEO v27.2) - https:\/\/yoast.com\/product\/yoast-seo-premium-wordpress\/ -->\n<title>EcoFlow WAVE 3 Stabilizing Strap Kit - koningdrone.be<\/title>\n<meta name=\"robots\" content=\"index, follow, max-snippet:-1, max-image-preview:large, max-video-preview:-1\" \/>\n<link rel=\"canonical\" href=\"https:\/\/koningdrone.be\/de\/produkt\/ecoflow-wave-3-stabilizing-strap-kit\/\" \/>\n<meta property=\"og:locale\" content=\"de_DE\" \/>\n<meta property=\"og:type\" content=\"article\" \/>\n<meta property=\"og:title\" content=\"EcoFlow WAVE 3 Stabilizing Strap Kit\" \/>\n<meta property=\"og:description\" content=\"Zet de WAVE 3 en de extra accu vast op horizontale oppervlakken. Ideaal voor gebruik in campers, boten en andere mobiele omgevingen. Eenvoudige installatie met aanbevolen houten plankmontage. Duurzame riemen ontworpen om trillingen en bewegingen te weerstaan. Verhoogt de veiligheid door verplaatsing van apparatuur te voorkomen. Regelmatig onderhoud zorgt voor langdurige stabiliteit.\" \/>\n<meta property=\"og:url\" content=\"https:\/\/koningdrone.be\/de\/produkt\/ecoflow-wave-3-stabilizing-strap-kit\/\" \/>\n<meta property=\"og:site_name\" content=\"koningdrone.be\" \/>\n<meta property=\"article:modified_time\" content=\"2026-04-30T02:30:05+00:00\" \/>\n<meta property=\"og:image\" content=\"https:\/\/koningdrone.be\/wp-content\/uploads\/sites\/13\/2025\/08\/ecoflow-wave-2-stabilizing-strap-kit-51801552748887_1066x.png\" \/>\n\t<meta property=\"og:image:width\" content=\"1066\" \/>\n\t<meta property=\"og:image:height\" content=\"1066\" \/>\n\t<meta property=\"og:image:type\" content=\"image\/png\" \/>\n<meta name=\"twitter:card\" content=\"summary_large_image\" \/>\n<meta name=\"twitter:label1\" content=\"Gesch\u00e4tzte Lesezeit\" \/>\n\t<meta name=\"twitter:data1\" content=\"1\u00a0Minute\" \/>\n<script type=\"application\/ld+json\" class=\"yoast-schema-graph\">{\"@context\":\"https:\/\/schema.org\",\"@graph\":[{\"@type\":\"WebPage\",\"@id\":\"https:\/\/koningdrone.be\/product\/ecoflow-wave-3-stabilizing-strap-kit\/\",\"url\":\"https:\/\/koningdrone.be\/product\/ecoflow-wave-3-stabilizing-strap-kit\/\",\"name\":\"EcoFlow WAVE 3 Stabilizing Strap Kit - koningdrone.be\",\"isPartOf\":{\"@id\":\"https:\/\/koningdrone.be\/#website\"},\"primaryImageOfPage\":{\"@id\":\"https:\/\/koningdrone.be\/product\/ecoflow-wave-3-stabilizing-strap-kit\/#primaryimage\"},\"image\":{\"@id\":\"https:\/\/koningdrone.be\/product\/ecoflow-wave-3-stabilizing-strap-kit\/#primaryimage\"},\"thumbnailUrl\":\"https:\/\/koningdrone.be\/wp-content\/uploads\/sites\/13\/2025\/08\/ecoflow-wave-2-stabilizing-strap-kit-51801552748887_1066x.png\",\"datePublished\":\"2025-07-03T07:33:33+00:00\",\"dateModified\":\"2026-04-30T02:30:05+00:00\",\"breadcrumb\":{\"@id\":\"https:\/\/koningdrone.be\/product\/ecoflow-wave-3-stabilizing-strap-kit\/#breadcrumb\"},\"inLanguage\":\"de\",\"potentialAction\":[{\"@type\":\"ReadAction\",\"target\":[\"https:\/\/koningdrone.be\/product\/ecoflow-wave-3-stabilizing-strap-kit\/\"]}]},{\"@type\":\"ImageObject\",\"inLanguage\":\"de\",\"@id\":\"https:\/\/koningdrone.be\/product\/ecoflow-wave-3-stabilizing-strap-kit\/#primaryimage\",\"url\":\"https:\/\/koningdrone.be\/wp-content\/uploads\/sites\/13\/2025\/08\/ecoflow-wave-2-stabilizing-strap-kit-51801552748887_1066x.png\",\"contentUrl\":\"https:\/\/koningdrone.be\/wp-content\/uploads\/sites\/13\/2025\/08\/ecoflow-wave-2-stabilizing-strap-kit-51801552748887_1066x.png\",\"width\":1066,\"height\":1066},{\"@type\":\"BreadcrumbList\",\"@id\":\"https:\/\/koningdrone.be\/product\/ecoflow-wave-3-stabilizing-strap-kit\/#breadcrumb\",\"itemListElement\":[{\"@type\":\"ListItem\",\"position\":1,\"name\":\"Home\",\"item\":\"https:\/\/koningdrone.be\/\"},{\"@type\":\"ListItem\",\"position\":2,\"name\":\"AVSS Parachute Recovery System for DJI Matrice 300\/350\",\"item\":\"https:\/\/koningdrone.be\/product\/avss-parachute-recovery-system-for-dji-matrice-300-350\/\"},{\"@type\":\"ListItem\",\"position\":3,\"name\":\"Uncategorized\",\"item\":\"https:\/\/koningdrone.be\/categorie\/uncategorized\/\"},{\"@type\":\"ListItem\",\"position\":4,\"name\":\"EcoFlow WAVE 3 Stabilizing Strap Kit\"}]},{\"@type\":\"WebSite\",\"@id\":\"https:\/\/koningdrone.be\/#website\",\"url\":\"https:\/\/koningdrone.be\/\",\"name\":\"Koningdrone.be - Uw online specialist in drones, gimbals, camera's en power stations.\",\"description\":\"De webshop in drones en gimbals\",\"publisher\":{\"@id\":\"https:\/\/koningdrone.be\/#organization\"},\"potentialAction\":[{\"@type\":\"SearchAction\",\"target\":{\"@type\":\"EntryPoint\",\"urlTemplate\":\"https:\/\/koningdrone.be\/?s={search_term_string}\"},\"query-input\":{\"@type\":\"PropertyValueSpecification\",\"valueRequired\":true,\"valueName\":\"search_term_string\"}}],\"inLanguage\":\"de\"},{\"@type\":\"Organization\",\"@id\":\"https:\/\/koningdrone.be\/#organization\",\"name\":\"Koningdrone.be\",\"url\":\"https:\/\/koningdrone.be\/\",\"logo\":{\"@type\":\"ImageObject\",\"inLanguage\":\"de\",\"@id\":\"https:\/\/koningdrone.be\/#\/schema\/logo\/image\/\",\"url\":\"https:\/\/koningdrone.be\/wp-content\/uploads\/sites\/13\/2025\/04\/koningdrone-copyright-logo.svg\",\"contentUrl\":\"https:\/\/koningdrone.be\/wp-content\/uploads\/sites\/13\/2025\/04\/koningdrone-copyright-logo.svg\",\"width\":227,\"height\":38,\"caption\":\"Koningdrone.be\"},\"image\":{\"@id\":\"https:\/\/koningdrone.be\/#\/schema\/logo\/image\/\"}}]}<\/script>\n<!-- \/ Yoast SEO Premium plugin. -->","yoast_head_json":{"title":"EcoFlow WAVE 3 Stabilizing Strap Kit - koningdrone.be","robots":{"index":"index","follow":"follow","max-snippet":"max-snippet:-1","max-image-preview":"max-image-preview:large","max-video-preview":"max-video-preview:-1"},"canonical":"https:\/\/koningdrone.be\/de\/produkt\/ecoflow-wave-3-stabilizing-strap-kit\/","og_locale":"de_DE","og_type":"article","og_title":"EcoFlow WAVE 3 Stabilizing Strap Kit","og_description":"Zet de WAVE 3 en de extra accu vast op horizontale oppervlakken. Ideaal voor gebruik in campers, boten en andere mobiele omgevingen. Eenvoudige installatie met aanbevolen houten plankmontage. Duurzame riemen ontworpen om trillingen en bewegingen te weerstaan. Verhoogt de veiligheid door verplaatsing van apparatuur te voorkomen. Regelmatig onderhoud zorgt voor langdurige stabiliteit.","og_url":"https:\/\/koningdrone.be\/de\/produkt\/ecoflow-wave-3-stabilizing-strap-kit\/","og_site_name":"koningdrone.be","article_modified_time":"2026-04-30T02:30:05+00:00","og_image":[{"width":1066,"height":1066,"url":"https:\/\/koningdrone.be\/wp-content\/uploads\/sites\/13\/2025\/08\/ecoflow-wave-2-stabilizing-strap-kit-51801552748887_1066x.png","type":"image\/png"}],"twitter_card":"summary_large_image","twitter_misc":{"Gesch\u00e4tzte Lesezeit":"1\u00a0Minute"},"schema":{"@context":"https:\/\/schema.org","@graph":[{"@type":"WebPage","@id":"https:\/\/koningdrone.be\/product\/ecoflow-wave-3-stabilizing-strap-kit\/","url":"https:\/\/koningdrone.be\/product\/ecoflow-wave-3-stabilizing-strap-kit\/","name":"EcoFlow WAVE 3 Stabilizing Strap Kit - koningdrone.be","isPartOf":{"@id":"https:\/\/koningdrone.be\/#website"},"primaryImageOfPage":{"@id":"https:\/\/koningdrone.be\/product\/ecoflow-wave-3-stabilizing-strap-kit\/#primaryimage"},"image":{"@id":"https:\/\/koningdrone.be\/product\/ecoflow-wave-3-stabilizing-strap-kit\/#primaryimage"},"thumbnailUrl":"https:\/\/koningdrone.be\/wp-content\/uploads\/sites\/13\/2025\/08\/ecoflow-wave-2-stabilizing-strap-kit-51801552748887_1066x.png","datePublished":"2025-07-03T07:33:33+00:00","dateModified":"2026-04-30T02:30:05+00:00","breadcrumb":{"@id":"https:\/\/koningdrone.be\/product\/ecoflow-wave-3-stabilizing-strap-kit\/#breadcrumb"},"inLanguage":"de","potentialAction":[{"@type":"ReadAction","target":["https:\/\/koningdrone.be\/product\/ecoflow-wave-3-stabilizing-strap-kit\/"]}]},{"@type":"ImageObject","inLanguage":"de","@id":"https:\/\/koningdrone.be\/product\/ecoflow-wave-3-stabilizing-strap-kit\/#primaryimage","url":"https:\/\/koningdrone.be\/wp-content\/uploads\/sites\/13\/2025\/08\/ecoflow-wave-2-stabilizing-strap-kit-51801552748887_1066x.png","contentUrl":"https:\/\/koningdrone.be\/wp-content\/uploads\/sites\/13\/2025\/08\/ecoflow-wave-2-stabilizing-strap-kit-51801552748887_1066x.png","width":1066,"height":1066},{"@type":"BreadcrumbList","@id":"https:\/\/koningdrone.be\/product\/ecoflow-wave-3-stabilizing-strap-kit\/#breadcrumb","itemListElement":[{"@type":"ListItem","position":1,"name":"Home","item":"https:\/\/koningdrone.be\/"},{"@type":"ListItem","position":2,"name":"AVSS Parachute Recovery System for DJI Matrice 300\/350","item":"https:\/\/koningdrone.be\/product\/avss-parachute-recovery-system-for-dji-matrice-300-350\/"},{"@type":"ListItem","position":3,"name":"Uncategorized","item":"https:\/\/koningdrone.be\/categorie\/uncategorized\/"},{"@type":"ListItem","position":4,"name":"EcoFlow WAVE 3 Stabilizing Strap Kit"}]},{"@type":"WebSite","@id":"https:\/\/koningdrone.be\/#website","url":"https:\/\/koningdrone.be\/","name":"Koningdrone.be - Ihr Online-Spezialist f\u00fcr Drohnen, Gimbals, Kameras und Kraftwerke.","description":"Der Webshop f\u00fcr Drohnen und Gimbals","publisher":{"@id":"https:\/\/koningdrone.be\/#organization"},"potentialAction":[{"@type":"SearchAction","target":{"@type":"EntryPoint","urlTemplate":"https:\/\/koningdrone.be\/?s={search_term_string}"},"query-input":{"@type":"PropertyValueSpecification","valueRequired":true,"valueName":"search_term_string"}}],"inLanguage":"de"},{"@type":"Organization","@id":"https:\/\/koningdrone.be\/#organization","name":"Kingdrone.de","url":"https:\/\/koningdrone.be\/","logo":{"@type":"ImageObject","inLanguage":"de","@id":"https:\/\/koningdrone.be\/#\/schema\/logo\/image\/","url":"https:\/\/koningdrone.be\/wp-content\/uploads\/sites\/13\/2025\/04\/koningdrone-copyright-logo.svg","contentUrl":"https:\/\/koningdrone.be\/wp-content\/uploads\/sites\/13\/2025\/04\/koningdrone-copyright-logo.svg","width":227,"height":38,"caption":"Koningdrone.be"},"image":{"@id":"https:\/\/koningdrone.be\/#\/schema\/logo\/image\/"}}]}},"df_price":59,"df_sale_price":"","df_regular_price":59,"df_image_link":"https:\/\/koningdrone.be\/wp-content\/uploads\/sites\/13\/2025\/08\/ecoflow-wave-2-stabilizing-strap-kit-51801552748887_1066x-300x300.png","_links":{"self":[{"href":"https:\/\/koningdrone.be\/de\/wp-json\/wp\/v2\/product\/15138","targetHints":{"allow":["GET"]}}],"collection":[{"href":"https:\/\/koningdrone.be\/de\/wp-json\/wp\/v2\/product"}],"about":[{"href":"https:\/\/koningdrone.be\/de\/wp-json\/wp\/v2\/types\/product"}],"wp:featuredmedia":[{"embeddable":true,"href":"https:\/\/koningdrone.be\/de\/wp-json\/wp\/v2\/media\/15136"}],"wp:attachment":[{"href":"https:\/\/koningdrone.be\/de\/wp-json\/wp\/v2\/media?parent=15138"}],"wp:term":[{"taxonomy":"product_brand","embeddable":true,"href":"https:\/\/koningdrone.be\/de\/wp-json\/wp\/v2\/product_brand?post=15138"},{"taxonomy":"product_cat","embeddable":true,"href":"https:\/\/koningdrone.be\/de\/wp-json\/wp\/v2\/product_cat?post=15138"},{"taxonomy":"product_tag","embeddable":true,"href":"https:\/\/koningdrone.be\/de\/wp-json\/wp\/v2\/product_tag?post=15138"}],"curies":[{"name":"wp","href":"https:\/\/api.w.org\/{rel}","templated":true}]}}