{"id":15096,"date":"2025-07-03T09:33:59","date_gmt":"2025-07-03T07:33:59","guid":{"rendered":"https:\/\/koningdrone.be\/product\/dji-terra-pro-overseas-upgrade%ef%bc%88pro_online_version-1-device-upgrade-to-offline_version_1_device\/"},"modified":"2026-04-29T12:30:47","modified_gmt":"2026-04-29T10:30:47","slug":"dji-terra-pro-overseas-upgrade%ef%bc%88pro_online_version-1-device-upgrade-to-offline_version_1_device","status":"publish","type":"product","link":"https:\/\/koningdrone.be\/de\/produkt\/dji-terra-pro-overseas-upgrade%ef%bc%88pro_online_version-1-device-upgrade-to-offline_version_1_device\/","title":{"rendered":"DJI Terra PRO Overseas Upgrade\uff08Pro_Online_Version 1 Ger\u00e4t auf Offline_Version_1_Ger\u00e4t)"},"content":{"rendered":"<p>Mit dem DJI Terra PRO Overseas Upgrade k\u00f6nnen Nutzer ihre bestehende Online-Version von DJI Terra Pro in die Offline-Version umwandeln, wobei die Beschr\u00e4nkung auf ein Ger\u00e4t erhalten bleibt. Dieses Upgrade ist perfekt f\u00fcr Profis, die von Cloud-basierten Umgebungen zu sicheren oder entfernten Operationen ohne Internetzugang wechseln m\u00fcssen. Mit diesem Upgrade bleiben alle Kernfunktionen von DJI Terra, wie 2D-Kartierung, 3D-Modellierung und LiDAR-Verarbeitung, im Offline-Modus voll funktionsf\u00e4hig. Damit k\u00f6nnen Anwender in sensiblen Bereichen, begrenzten Netzwerken oder abgelegenen Regionen ohne Konnektivit\u00e4t weiterarbeiten. Es wurde f\u00fcr den Einsatz in Unternehmen entwickelt und gew\u00e4hrleistet Datenschutz, Flexibilit\u00e4t und betriebliche Effizienz.<\/p>","protected":false},"excerpt":{"rendered":"<ul>\n<li>Umwandlung einer Online-Lizenz in eine vollst\u00e4ndige Offline-Lizenz.<\/li>\n<li>Beh\u00e4lt die volle Funktionalit\u00e4t f\u00fcr die 2D- und 3D-Datenverarbeitung bei.<\/li>\n<li>Ideal f\u00fcr sichere, abgelegene oder Internet-freie Umgebungen.<\/li>\n<li>Beh\u00e4lt die Beschr\u00e4nkung auf 1 Ger\u00e4t f\u00fcr die Lizenzkontrolle bei.<\/li>\n<li>Garantiert den Schutz der Daten und die lokale Speicherung.<\/li>\n<li>Schnelle Aktivierung und nahtloser \u00dcbergang.<\/li>\n<\/ul>","protected":false},"featured_media":15094,"template":"","meta":{"_acf_changed":false},"product_brand":[],"product_cat":[58],"product_tag":[],"class_list":{"0":"post-15096","1":"product","2":"type-product","3":"status-publish","4":"has-post-thumbnail","6":"product_cat-uncategorized","7":"product_shipping_class-outofstock","8":"pa_brand-dji","9":"pa_producttype-software","10":"pa_series-terra","12":"first","13":"outofstock","14":"taxable","15":"shipping-taxable","16":"product-type-simple"},"acf":[],"yoast_head":"<!-- This site is optimized with the Yoast SEO Premium plugin v27.2 (Yoast SEO v27.2) - https:\/\/yoast.com\/product\/yoast-seo-premium-wordpress\/ -->\n<title>DJI Terra PRO Overseas Upgrade\uff08Pro_Online_Version 1 device upgrade to offline_Version_1_device) - koningdrone.be<\/title>\n<meta name=\"robots\" content=\"index, follow, max-snippet:-1, max-image-preview:large, max-video-preview:-1\" \/>\n<link rel=\"canonical\" href=\"https:\/\/koningdrone.be\/de\/produkt\/dji-terra-pro-overseas-upgrade\uff08pro_online_version-1-device-upgrade-to-offline_version_1_device\/\" \/>\n<meta property=\"og:locale\" content=\"de_DE\" \/>\n<meta property=\"og:type\" content=\"article\" \/>\n<meta property=\"og:title\" content=\"DJI Terra PRO Overseas Upgrade\uff08Pro_Online_Version 1 device upgrade to offline_Version_1_device)\" \/>\n<meta property=\"og:description\" content=\"Zet een online licentie om in een volledig offline licentie. Behoudt de volledige functionaliteit voor 2D- en 3D-gegevensverwerking. Ideaal voor veilige, externe of internetloze omgevingen. Behoudt de beperking tot 1 apparaat voor licentiecontrole. Garandeert gegevensprivacy en lokale opslag. Snelle activering en naadloze overgang.\" \/>\n<meta property=\"og:url\" content=\"https:\/\/koningdrone.be\/de\/produkt\/dji-terra-pro-overseas-upgrade\uff08pro_online_version-1-device-upgrade-to-offline_version_1_device\/\" \/>\n<meta property=\"og:site_name\" content=\"koningdrone.be\" \/>\n<meta property=\"article:modified_time\" content=\"2026-04-29T10:30:47+00:00\" \/>\n<meta property=\"og:image\" content=\"https:\/\/koningdrone.be\/wp-content\/uploads\/sites\/13\/2025\/08\/dji-terra-510x510-1.jpg\" \/>\n\t<meta property=\"og:image:width\" content=\"510\" \/>\n\t<meta property=\"og:image:height\" content=\"510\" \/>\n\t<meta property=\"og:image:type\" content=\"image\/jpeg\" \/>\n<meta name=\"twitter:card\" content=\"summary_large_image\" \/>\n<meta name=\"twitter:label1\" content=\"Gesch\u00e4tzte Lesezeit\" \/>\n\t<meta name=\"twitter:data1\" content=\"1\u00a0Minute\" \/>\n<script type=\"application\/ld+json\" class=\"yoast-schema-graph\">{\"@context\":\"https:\/\/schema.org\",\"@graph\":[{\"@type\":\"WebPage\",\"@id\":\"https:\/\/koningdrone.be\/product\/dji-terra-pro-overseas-upgrade%ef%bc%88pro_online_version-1-device-upgrade-to-offline_version_1_device\/\",\"url\":\"https:\/\/koningdrone.be\/product\/dji-terra-pro-overseas-upgrade%ef%bc%88pro_online_version-1-device-upgrade-to-offline_version_1_device\/\",\"name\":\"DJI Terra PRO Overseas Upgrade\uff08Pro_Online_Version 1 device upgrade to offline_Version_1_device) - koningdrone.be\",\"isPartOf\":{\"@id\":\"https:\/\/koningdrone.be\/#website\"},\"primaryImageOfPage\":{\"@id\":\"https:\/\/koningdrone.be\/product\/dji-terra-pro-overseas-upgrade%ef%bc%88pro_online_version-1-device-upgrade-to-offline_version_1_device\/#primaryimage\"},\"image\":{\"@id\":\"https:\/\/koningdrone.be\/product\/dji-terra-pro-overseas-upgrade%ef%bc%88pro_online_version-1-device-upgrade-to-offline_version_1_device\/#primaryimage\"},\"thumbnailUrl\":\"https:\/\/koningdrone.be\/wp-content\/uploads\/sites\/13\/2025\/08\/dji-terra-510x510-1.jpg\",\"datePublished\":\"2025-07-03T07:33:59+00:00\",\"dateModified\":\"2026-04-29T10:30:47+00:00\",\"breadcrumb\":{\"@id\":\"https:\/\/koningdrone.be\/product\/dji-terra-pro-overseas-upgrade%ef%bc%88pro_online_version-1-device-upgrade-to-offline_version_1_device\/#breadcrumb\"},\"inLanguage\":\"de\",\"potentialAction\":[{\"@type\":\"ReadAction\",\"target\":[\"https:\/\/koningdrone.be\/product\/dji-terra-pro-overseas-upgrade%ef%bc%88pro_online_version-1-device-upgrade-to-offline_version_1_device\/\"]}]},{\"@type\":\"ImageObject\",\"inLanguage\":\"de\",\"@id\":\"https:\/\/koningdrone.be\/product\/dji-terra-pro-overseas-upgrade%ef%bc%88pro_online_version-1-device-upgrade-to-offline_version_1_device\/#primaryimage\",\"url\":\"https:\/\/koningdrone.be\/wp-content\/uploads\/sites\/13\/2025\/08\/dji-terra-510x510-1.jpg\",\"contentUrl\":\"https:\/\/koningdrone.be\/wp-content\/uploads\/sites\/13\/2025\/08\/dji-terra-510x510-1.jpg\",\"width\":510,\"height\":510},{\"@type\":\"BreadcrumbList\",\"@id\":\"https:\/\/koningdrone.be\/product\/dji-terra-pro-overseas-upgrade%ef%bc%88pro_online_version-1-device-upgrade-to-offline_version_1_device\/#breadcrumb\",\"itemListElement\":[{\"@type\":\"ListItem\",\"position\":1,\"name\":\"Home\",\"item\":\"https:\/\/koningdrone.be\/\"},{\"@type\":\"ListItem\",\"position\":2,\"name\":\"AVSS Parachute Recovery System for DJI Matrice 300\/350\",\"item\":\"https:\/\/koningdrone.be\/product\/avss-parachute-recovery-system-for-dji-matrice-300-350\/\"},{\"@type\":\"ListItem\",\"position\":3,\"name\":\"Uncategorized\",\"item\":\"https:\/\/koningdrone.be\/categorie\/uncategorized\/\"},{\"@type\":\"ListItem\",\"position\":4,\"name\":\"DJI Terra PRO Overseas Upgrade\uff08Pro_Online_Version 1 device upgrade to offline_Version_1_device)\"}]},{\"@type\":\"WebSite\",\"@id\":\"https:\/\/koningdrone.be\/#website\",\"url\":\"https:\/\/koningdrone.be\/\",\"name\":\"Koningdrone.be - Uw online specialist in drones, gimbals, camera's en power stations.\",\"description\":\"De webshop in drones en gimbals\",\"publisher\":{\"@id\":\"https:\/\/koningdrone.be\/#organization\"},\"potentialAction\":[{\"@type\":\"SearchAction\",\"target\":{\"@type\":\"EntryPoint\",\"urlTemplate\":\"https:\/\/koningdrone.be\/?s={search_term_string}\"},\"query-input\":{\"@type\":\"PropertyValueSpecification\",\"valueRequired\":true,\"valueName\":\"search_term_string\"}}],\"inLanguage\":\"de\"},{\"@type\":\"Organization\",\"@id\":\"https:\/\/koningdrone.be\/#organization\",\"name\":\"Koningdrone.be\",\"url\":\"https:\/\/koningdrone.be\/\",\"logo\":{\"@type\":\"ImageObject\",\"inLanguage\":\"de\",\"@id\":\"https:\/\/koningdrone.be\/#\/schema\/logo\/image\/\",\"url\":\"https:\/\/koningdrone.be\/wp-content\/uploads\/sites\/13\/2025\/04\/koningdrone-copyright-logo.svg\",\"contentUrl\":\"https:\/\/koningdrone.be\/wp-content\/uploads\/sites\/13\/2025\/04\/koningdrone-copyright-logo.svg\",\"width\":227,\"height\":38,\"caption\":\"Koningdrone.be\"},\"image\":{\"@id\":\"https:\/\/koningdrone.be\/#\/schema\/logo\/image\/\"}}]}<\/script>\n<!-- \/ Yoast SEO Premium plugin. -->","yoast_head_json":{"title":"DJI Terra PRO Overseas Upgrade\uff08Pro_Online_Version 1 device upgrade to offline_Version_1_device) - koningdrone.be","robots":{"index":"index","follow":"follow","max-snippet":"max-snippet:-1","max-image-preview":"max-image-preview:large","max-video-preview":"max-video-preview:-1"},"canonical":"https:\/\/koningdrone.be\/de\/produkt\/dji-terra-pro-overseas-upgrade\uff08pro_online_version-1-device-upgrade-to-offline_version_1_device\/","og_locale":"de_DE","og_type":"article","og_title":"DJI Terra PRO Overseas Upgrade\uff08Pro_Online_Version 1 device upgrade to offline_Version_1_device)","og_description":"Zet een online licentie om in een volledig offline licentie. Behoudt de volledige functionaliteit voor 2D- en 3D-gegevensverwerking. Ideaal voor veilige, externe of internetloze omgevingen. Behoudt de beperking tot 1 apparaat voor licentiecontrole. Garandeert gegevensprivacy en lokale opslag. Snelle activering en naadloze overgang.","og_url":"https:\/\/koningdrone.be\/de\/produkt\/dji-terra-pro-overseas-upgrade\uff08pro_online_version-1-device-upgrade-to-offline_version_1_device\/","og_site_name":"koningdrone.be","article_modified_time":"2026-04-29T10:30:47+00:00","og_image":[{"width":510,"height":510,"url":"https:\/\/koningdrone.be\/wp-content\/uploads\/sites\/13\/2025\/08\/dji-terra-510x510-1.jpg","type":"image\/jpeg"}],"twitter_card":"summary_large_image","twitter_misc":{"Gesch\u00e4tzte Lesezeit":"1\u00a0Minute"},"schema":{"@context":"https:\/\/schema.org","@graph":[{"@type":"WebPage","@id":"https:\/\/koningdrone.be\/product\/dji-terra-pro-overseas-upgrade%ef%bc%88pro_online_version-1-device-upgrade-to-offline_version_1_device\/","url":"https:\/\/koningdrone.be\/product\/dji-terra-pro-overseas-upgrade%ef%bc%88pro_online_version-1-device-upgrade-to-offline_version_1_device\/","name":"DJI Terra PRO Overseas Upgrade\uff08Pro_Online_Version 1 device upgrade to offline_Version_1_device) - koningdrone.be","isPartOf":{"@id":"https:\/\/koningdrone.be\/#website"},"primaryImageOfPage":{"@id":"https:\/\/koningdrone.be\/product\/dji-terra-pro-overseas-upgrade%ef%bc%88pro_online_version-1-device-upgrade-to-offline_version_1_device\/#primaryimage"},"image":{"@id":"https:\/\/koningdrone.be\/product\/dji-terra-pro-overseas-upgrade%ef%bc%88pro_online_version-1-device-upgrade-to-offline_version_1_device\/#primaryimage"},"thumbnailUrl":"https:\/\/koningdrone.be\/wp-content\/uploads\/sites\/13\/2025\/08\/dji-terra-510x510-1.jpg","datePublished":"2025-07-03T07:33:59+00:00","dateModified":"2026-04-29T10:30:47+00:00","breadcrumb":{"@id":"https:\/\/koningdrone.be\/product\/dji-terra-pro-overseas-upgrade%ef%bc%88pro_online_version-1-device-upgrade-to-offline_version_1_device\/#breadcrumb"},"inLanguage":"de","potentialAction":[{"@type":"ReadAction","target":["https:\/\/koningdrone.be\/product\/dji-terra-pro-overseas-upgrade%ef%bc%88pro_online_version-1-device-upgrade-to-offline_version_1_device\/"]}]},{"@type":"ImageObject","inLanguage":"de","@id":"https:\/\/koningdrone.be\/product\/dji-terra-pro-overseas-upgrade%ef%bc%88pro_online_version-1-device-upgrade-to-offline_version_1_device\/#primaryimage","url":"https:\/\/koningdrone.be\/wp-content\/uploads\/sites\/13\/2025\/08\/dji-terra-510x510-1.jpg","contentUrl":"https:\/\/koningdrone.be\/wp-content\/uploads\/sites\/13\/2025\/08\/dji-terra-510x510-1.jpg","width":510,"height":510},{"@type":"BreadcrumbList","@id":"https:\/\/koningdrone.be\/product\/dji-terra-pro-overseas-upgrade%ef%bc%88pro_online_version-1-device-upgrade-to-offline_version_1_device\/#breadcrumb","itemListElement":[{"@type":"ListItem","position":1,"name":"Home","item":"https:\/\/koningdrone.be\/"},{"@type":"ListItem","position":2,"name":"AVSS Parachute Recovery System for DJI Matrice 300\/350","item":"https:\/\/koningdrone.be\/product\/avss-parachute-recovery-system-for-dji-matrice-300-350\/"},{"@type":"ListItem","position":3,"name":"Uncategorized","item":"https:\/\/koningdrone.be\/categorie\/uncategorized\/"},{"@type":"ListItem","position":4,"name":"DJI Terra PRO Overseas Upgrade\uff08Pro_Online_Version 1 device upgrade to offline_Version_1_device)"}]},{"@type":"WebSite","@id":"https:\/\/koningdrone.be\/#website","url":"https:\/\/koningdrone.be\/","name":"Koningdrone.be - Ihr Online-Spezialist f\u00fcr Drohnen, Gimbals, Kameras und Kraftwerke.","description":"Der Webshop f\u00fcr Drohnen und Gimbals","publisher":{"@id":"https:\/\/koningdrone.be\/#organization"},"potentialAction":[{"@type":"SearchAction","target":{"@type":"EntryPoint","urlTemplate":"https:\/\/koningdrone.be\/?s={search_term_string}"},"query-input":{"@type":"PropertyValueSpecification","valueRequired":true,"valueName":"search_term_string"}}],"inLanguage":"de"},{"@type":"Organization","@id":"https:\/\/koningdrone.be\/#organization","name":"Kingdrone.de","url":"https:\/\/koningdrone.be\/","logo":{"@type":"ImageObject","inLanguage":"de","@id":"https:\/\/koningdrone.be\/#\/schema\/logo\/image\/","url":"https:\/\/koningdrone.be\/wp-content\/uploads\/sites\/13\/2025\/04\/koningdrone-copyright-logo.svg","contentUrl":"https:\/\/koningdrone.be\/wp-content\/uploads\/sites\/13\/2025\/04\/koningdrone-copyright-logo.svg","width":227,"height":38,"caption":"Koningdrone.be"},"image":{"@id":"https:\/\/koningdrone.be\/#\/schema\/logo\/image\/"}}]}},"df_price":"","df_sale_price":"","df_regular_price":"","df_image_link":"https:\/\/koningdrone.be\/wp-content\/uploads\/sites\/13\/2025\/08\/dji-terra-510x510-1-300x300.jpg","_links":{"self":[{"href":"https:\/\/koningdrone.be\/de\/wp-json\/wp\/v2\/product\/15096","targetHints":{"allow":["GET"]}}],"collection":[{"href":"https:\/\/koningdrone.be\/de\/wp-json\/wp\/v2\/product"}],"about":[{"href":"https:\/\/koningdrone.be\/de\/wp-json\/wp\/v2\/types\/product"}],"wp:featuredmedia":[{"embeddable":true,"href":"https:\/\/koningdrone.be\/de\/wp-json\/wp\/v2\/media\/15094"}],"wp:attachment":[{"href":"https:\/\/koningdrone.be\/de\/wp-json\/wp\/v2\/media?parent=15096"}],"wp:term":[{"taxonomy":"product_brand","embeddable":true,"href":"https:\/\/koningdrone.be\/de\/wp-json\/wp\/v2\/product_brand?post=15096"},{"taxonomy":"product_cat","embeddable":true,"href":"https:\/\/koningdrone.be\/de\/wp-json\/wp\/v2\/product_cat?post=15096"},{"taxonomy":"product_tag","embeddable":true,"href":"https:\/\/koningdrone.be\/de\/wp-json\/wp\/v2\/product_tag?post=15096"}],"curies":[{"name":"wp","href":"https:\/\/api.w.org\/{rel}","templated":true}]}}