{"id":1504,"date":"2024-12-04T12:17:54","date_gmt":"2024-12-04T11:17:54","guid":{"rendered":"https:\/\/koningdrone.nl\/kon\/?post_type=product&#038;p=1504"},"modified":"2026-04-29T15:00:06","modified_gmt":"2026-04-29T13:00:06","slug":"dji-care-enterprise-basic%ef%bc%88l2%ef%bc%89-eu","status":"publish","type":"product","link":"https:\/\/koningdrone.be\/de\/produkt\/dji-care-enterprise-basic%ef%bc%88l2%ef%bc%89-eu\/","title":{"rendered":"DJI Care Enterprise Basic\uff08L2\uff09 EU"},"content":{"rendered":"<p>DJI Care Enterprise Basic (L2) EU ist ein erweiterter, ma\u00dfgeschneiderter Schutzplan f\u00fcr DJI Enterprise Drohnen in der Europ\u00e4ischen Union. Dieser Plan bietet umfassenden Schutz bei Unfallsch\u00e4den, Hardwareproblemen und Ersatzleistungen und stellt sicher, dass Ihre Drohne mit minimalen Ausfallzeiten betriebsbereit bleibt. Mit schnellem Zugang zu Reparaturen und exklusiven Austauschoptionen bietet DJI Care Enterprise Basic (L2) erh\u00f6hte Zuverl\u00e4ssigkeit und Sicherheit f\u00fcr kritische Gesch\u00e4ftsabl\u00e4ufe. Es wurde entwickelt, um die Lebensdauer und Leistung Ihrer Drohne zu verl\u00e4ngern und ist ideal f\u00fcr Profis, die sich bei anspruchsvollen Aufgaben auf ihre Ausr\u00fcstung verlassen.<\/p>","protected":false},"excerpt":{"rendered":"<ul>\n<li>Bietet einen umfassenden Schutz f\u00fcr DJI Enterprise-Drohnen in der EU.<\/li>\n<li>Deckt versehentliche Sch\u00e4den, Hardware-Ausf\u00e4lle und Ersatz.<\/li>\n<li>Bietet schnellen und vorrangigen Zugang zu Reparatur- und Ersatzleistungen.<\/li>\n<li>Verbessert die Zuverl\u00e4ssigkeit der Drohne und minimiert die Ausfallzeiten bei kritischen Eins\u00e4tzen.<\/li>\n<li>Ideal f\u00fcr professionelle Anwender, die sich bei anspruchsvollen Aufgaben auf ihre Drohnen verlassen.<\/li>\n<\/ul>","protected":false},"featured_media":1503,"template":"","meta":{"_acf_changed":false},"product_brand":[],"product_cat":[58],"product_tag":[],"class_list":{"0":"post-1504","1":"product","2":"type-product","3":"status-publish","4":"has-post-thumbnail","6":"product_cat-uncategorized","7":"product_shipping_class-outofstock","8":"pa_brand-dji","9":"pa_producttype-service-plan","10":"pa_series-zenmuse-l2","12":"first","13":"outofstock","14":"taxable","15":"shipping-taxable","16":"purchasable","17":"product-type-simple"},"acf":[],"yoast_head":"<!-- This site is optimized with the Yoast SEO Premium plugin v27.2 (Yoast SEO v27.2) - https:\/\/yoast.com\/product\/yoast-seo-premium-wordpress\/ -->\n<title>DJI Care Enterprise Basic\uff08L2\uff09 EU - koningdrone.be<\/title>\n<meta name=\"robots\" content=\"index, follow, max-snippet:-1, max-image-preview:large, max-video-preview:-1\" \/>\n<link rel=\"canonical\" href=\"https:\/\/koningdrone.be\/de\/produkt\/dji-care-enterprise-basic\uff08l2\uff09-eu\/\" \/>\n<meta property=\"og:locale\" content=\"de_DE\" \/>\n<meta property=\"og:type\" content=\"article\" \/>\n<meta property=\"og:title\" content=\"DJI Care Enterprise Basic\uff08L2\uff09 EU\" \/>\n<meta property=\"og:description\" content=\"Biedt uitgebreide bescherming voor DJI Enterprise-drones in de EU.Dekt onopzettelijke schade, hardwarestoringen en vervangingen.Biedt snelle en prioritaire toegang tot reparatie- en vervangingsservices.Verbetert de betrouwbaarheid van drones en minimaliseert uitvaltijd voor kritieke operaties.Ideaal voor professionele gebruikers die afhankelijk zijn van hun drones voor veeleisende taken.\" \/>\n<meta property=\"og:url\" content=\"https:\/\/koningdrone.be\/de\/produkt\/dji-care-enterprise-basic\uff08l2\uff09-eu\/\" \/>\n<meta property=\"og:site_name\" content=\"koningdrone.be\" \/>\n<meta property=\"article:modified_time\" content=\"2026-04-29T13:00:06+00:00\" \/>\n<meta property=\"og:image\" content=\"https:\/\/koningdrone.be\/wp-content\/uploads\/sites\/13\/2025\/04\/D975584.jpg\" \/>\n\t<meta property=\"og:image:width\" content=\"800\" \/>\n\t<meta property=\"og:image:height\" content=\"800\" \/>\n\t<meta property=\"og:image:type\" content=\"image\/jpeg\" \/>\n<meta name=\"twitter:card\" content=\"summary_large_image\" \/>\n<script type=\"application\/ld+json\" class=\"yoast-schema-graph\">{\"@context\":\"https:\/\/schema.org\",\"@graph\":[{\"@type\":\"WebPage\",\"@id\":\"https:\/\/koningdrone.be\/product\/dji-care-enterprise-basic%ef%bc%88l2%ef%bc%89-eu\/\",\"url\":\"https:\/\/koningdrone.be\/product\/dji-care-enterprise-basic%ef%bc%88l2%ef%bc%89-eu\/\",\"name\":\"DJI Care Enterprise Basic\uff08L2\uff09 EU - koningdrone.be\",\"isPartOf\":{\"@id\":\"https:\/\/koningdrone.be\/#website\"},\"primaryImageOfPage\":{\"@id\":\"https:\/\/koningdrone.be\/product\/dji-care-enterprise-basic%ef%bc%88l2%ef%bc%89-eu\/#primaryimage\"},\"image\":{\"@id\":\"https:\/\/koningdrone.be\/product\/dji-care-enterprise-basic%ef%bc%88l2%ef%bc%89-eu\/#primaryimage\"},\"thumbnailUrl\":\"https:\/\/koningdrone.be\/wp-content\/uploads\/sites\/13\/2025\/04\/D975584.jpg\",\"datePublished\":\"2024-12-04T11:17:54+00:00\",\"dateModified\":\"2026-04-29T13:00:06+00:00\",\"breadcrumb\":{\"@id\":\"https:\/\/koningdrone.be\/product\/dji-care-enterprise-basic%ef%bc%88l2%ef%bc%89-eu\/#breadcrumb\"},\"inLanguage\":\"de\",\"potentialAction\":[{\"@type\":\"ReadAction\",\"target\":[\"https:\/\/koningdrone.be\/product\/dji-care-enterprise-basic%ef%bc%88l2%ef%bc%89-eu\/\"]}]},{\"@type\":\"ImageObject\",\"inLanguage\":\"de\",\"@id\":\"https:\/\/koningdrone.be\/product\/dji-care-enterprise-basic%ef%bc%88l2%ef%bc%89-eu\/#primaryimage\",\"url\":\"https:\/\/koningdrone.be\/wp-content\/uploads\/sites\/13\/2025\/04\/D975584.jpg\",\"contentUrl\":\"https:\/\/koningdrone.be\/wp-content\/uploads\/sites\/13\/2025\/04\/D975584.jpg\",\"width\":800,\"height\":800},{\"@type\":\"BreadcrumbList\",\"@id\":\"https:\/\/koningdrone.be\/product\/dji-care-enterprise-basic%ef%bc%88l2%ef%bc%89-eu\/#breadcrumb\",\"itemListElement\":[{\"@type\":\"ListItem\",\"position\":1,\"name\":\"Home\",\"item\":\"https:\/\/koningdrone.be\/\"},{\"@type\":\"ListItem\",\"position\":2,\"name\":\"AVSS Parachute Recovery System for DJI Matrice 300\/350\",\"item\":\"https:\/\/koningdrone.be\/product\/avss-parachute-recovery-system-for-dji-matrice-300-350\/\"},{\"@type\":\"ListItem\",\"position\":3,\"name\":\"Uncategorized\",\"item\":\"https:\/\/koningdrone.be\/categorie\/uncategorized\/\"},{\"@type\":\"ListItem\",\"position\":4,\"name\":\"DJI Care Enterprise Basic\uff08L2\uff09 EU\"}]},{\"@type\":\"WebSite\",\"@id\":\"https:\/\/koningdrone.be\/#website\",\"url\":\"https:\/\/koningdrone.be\/\",\"name\":\"Koningdrone.be - Uw online specialist in drones, gimbals, camera's en power stations.\",\"description\":\"De webshop in drones en gimbals\",\"publisher\":{\"@id\":\"https:\/\/koningdrone.be\/#organization\"},\"potentialAction\":[{\"@type\":\"SearchAction\",\"target\":{\"@type\":\"EntryPoint\",\"urlTemplate\":\"https:\/\/koningdrone.be\/?s={search_term_string}\"},\"query-input\":{\"@type\":\"PropertyValueSpecification\",\"valueRequired\":true,\"valueName\":\"search_term_string\"}}],\"inLanguage\":\"de\"},{\"@type\":\"Organization\",\"@id\":\"https:\/\/koningdrone.be\/#organization\",\"name\":\"Koningdrone.be\",\"url\":\"https:\/\/koningdrone.be\/\",\"logo\":{\"@type\":\"ImageObject\",\"inLanguage\":\"de\",\"@id\":\"https:\/\/koningdrone.be\/#\/schema\/logo\/image\/\",\"url\":\"https:\/\/koningdrone.be\/wp-content\/uploads\/sites\/13\/2025\/04\/koningdrone-copyright-logo.svg\",\"contentUrl\":\"https:\/\/koningdrone.be\/wp-content\/uploads\/sites\/13\/2025\/04\/koningdrone-copyright-logo.svg\",\"width\":227,\"height\":38,\"caption\":\"Koningdrone.be\"},\"image\":{\"@id\":\"https:\/\/koningdrone.be\/#\/schema\/logo\/image\/\"}}]}<\/script>\n<!-- \/ Yoast SEO Premium plugin. -->","yoast_head_json":{"title":"DJI Care Enterprise Basic\uff08L2\uff09 EU - koningdrone.be","robots":{"index":"index","follow":"follow","max-snippet":"max-snippet:-1","max-image-preview":"max-image-preview:large","max-video-preview":"max-video-preview:-1"},"canonical":"https:\/\/koningdrone.be\/de\/produkt\/dji-care-enterprise-basic\uff08l2\uff09-eu\/","og_locale":"de_DE","og_type":"article","og_title":"DJI Care Enterprise Basic\uff08L2\uff09 EU","og_description":"Biedt uitgebreide bescherming voor DJI Enterprise-drones in de EU.Dekt onopzettelijke schade, hardwarestoringen en vervangingen.Biedt snelle en prioritaire toegang tot reparatie- en vervangingsservices.Verbetert de betrouwbaarheid van drones en minimaliseert uitvaltijd voor kritieke operaties.Ideaal voor professionele gebruikers die afhankelijk zijn van hun drones voor veeleisende taken.","og_url":"https:\/\/koningdrone.be\/de\/produkt\/dji-care-enterprise-basic\uff08l2\uff09-eu\/","og_site_name":"koningdrone.be","article_modified_time":"2026-04-29T13:00:06+00:00","og_image":[{"width":800,"height":800,"url":"https:\/\/koningdrone.be\/wp-content\/uploads\/sites\/13\/2025\/04\/D975584.jpg","type":"image\/jpeg"}],"twitter_card":"summary_large_image","schema":{"@context":"https:\/\/schema.org","@graph":[{"@type":"WebPage","@id":"https:\/\/koningdrone.be\/product\/dji-care-enterprise-basic%ef%bc%88l2%ef%bc%89-eu\/","url":"https:\/\/koningdrone.be\/product\/dji-care-enterprise-basic%ef%bc%88l2%ef%bc%89-eu\/","name":"DJI Care Enterprise Basic\uff08L2\uff09 EU - koningdrone.be","isPartOf":{"@id":"https:\/\/koningdrone.be\/#website"},"primaryImageOfPage":{"@id":"https:\/\/koningdrone.be\/product\/dji-care-enterprise-basic%ef%bc%88l2%ef%bc%89-eu\/#primaryimage"},"image":{"@id":"https:\/\/koningdrone.be\/product\/dji-care-enterprise-basic%ef%bc%88l2%ef%bc%89-eu\/#primaryimage"},"thumbnailUrl":"https:\/\/koningdrone.be\/wp-content\/uploads\/sites\/13\/2025\/04\/D975584.jpg","datePublished":"2024-12-04T11:17:54+00:00","dateModified":"2026-04-29T13:00:06+00:00","breadcrumb":{"@id":"https:\/\/koningdrone.be\/product\/dji-care-enterprise-basic%ef%bc%88l2%ef%bc%89-eu\/#breadcrumb"},"inLanguage":"de","potentialAction":[{"@type":"ReadAction","target":["https:\/\/koningdrone.be\/product\/dji-care-enterprise-basic%ef%bc%88l2%ef%bc%89-eu\/"]}]},{"@type":"ImageObject","inLanguage":"de","@id":"https:\/\/koningdrone.be\/product\/dji-care-enterprise-basic%ef%bc%88l2%ef%bc%89-eu\/#primaryimage","url":"https:\/\/koningdrone.be\/wp-content\/uploads\/sites\/13\/2025\/04\/D975584.jpg","contentUrl":"https:\/\/koningdrone.be\/wp-content\/uploads\/sites\/13\/2025\/04\/D975584.jpg","width":800,"height":800},{"@type":"BreadcrumbList","@id":"https:\/\/koningdrone.be\/product\/dji-care-enterprise-basic%ef%bc%88l2%ef%bc%89-eu\/#breadcrumb","itemListElement":[{"@type":"ListItem","position":1,"name":"Home","item":"https:\/\/koningdrone.be\/"},{"@type":"ListItem","position":2,"name":"AVSS Parachute Recovery System for DJI Matrice 300\/350","item":"https:\/\/koningdrone.be\/product\/avss-parachute-recovery-system-for-dji-matrice-300-350\/"},{"@type":"ListItem","position":3,"name":"Uncategorized","item":"https:\/\/koningdrone.be\/categorie\/uncategorized\/"},{"@type":"ListItem","position":4,"name":"DJI Care Enterprise Basic\uff08L2\uff09 EU"}]},{"@type":"WebSite","@id":"https:\/\/koningdrone.be\/#website","url":"https:\/\/koningdrone.be\/","name":"Koningdrone.be - Ihr Online-Spezialist f\u00fcr Drohnen, Gimbals, Kameras und Kraftwerke.","description":"Der Webshop f\u00fcr Drohnen und Gimbals","publisher":{"@id":"https:\/\/koningdrone.be\/#organization"},"potentialAction":[{"@type":"SearchAction","target":{"@type":"EntryPoint","urlTemplate":"https:\/\/koningdrone.be\/?s={search_term_string}"},"query-input":{"@type":"PropertyValueSpecification","valueRequired":true,"valueName":"search_term_string"}}],"inLanguage":"de"},{"@type":"Organization","@id":"https:\/\/koningdrone.be\/#organization","name":"Kingdrone.de","url":"https:\/\/koningdrone.be\/","logo":{"@type":"ImageObject","inLanguage":"de","@id":"https:\/\/koningdrone.be\/#\/schema\/logo\/image\/","url":"https:\/\/koningdrone.be\/wp-content\/uploads\/sites\/13\/2025\/04\/koningdrone-copyright-logo.svg","contentUrl":"https:\/\/koningdrone.be\/wp-content\/uploads\/sites\/13\/2025\/04\/koningdrone-copyright-logo.svg","width":227,"height":38,"caption":"Koningdrone.be"},"image":{"@id":"https:\/\/koningdrone.be\/#\/schema\/logo\/image\/"}}]}},"df_price":1190,"df_sale_price":"","df_regular_price":1190,"df_image_link":"https:\/\/koningdrone.be\/wp-content\/uploads\/sites\/13\/2025\/04\/D975584-300x300.jpg","_links":{"self":[{"href":"https:\/\/koningdrone.be\/de\/wp-json\/wp\/v2\/product\/1504","targetHints":{"allow":["GET"]}}],"collection":[{"href":"https:\/\/koningdrone.be\/de\/wp-json\/wp\/v2\/product"}],"about":[{"href":"https:\/\/koningdrone.be\/de\/wp-json\/wp\/v2\/types\/product"}],"wp:featuredmedia":[{"embeddable":true,"href":"https:\/\/koningdrone.be\/de\/wp-json\/wp\/v2\/media\/1503"}],"wp:attachment":[{"href":"https:\/\/koningdrone.be\/de\/wp-json\/wp\/v2\/media?parent=1504"}],"wp:term":[{"taxonomy":"product_brand","embeddable":true,"href":"https:\/\/koningdrone.be\/de\/wp-json\/wp\/v2\/product_brand?post=1504"},{"taxonomy":"product_cat","embeddable":true,"href":"https:\/\/koningdrone.be\/de\/wp-json\/wp\/v2\/product_cat?post=1504"},{"taxonomy":"product_tag","embeddable":true,"href":"https:\/\/koningdrone.be\/de\/wp-json\/wp\/v2\/product_tag?post=1504"}],"curies":[{"name":"wp","href":"https:\/\/api.w.org\/{rel}","templated":true}]}}