{"id":1500,"date":"2024-12-04T12:17:54","date_gmt":"2024-12-04T11:17:54","guid":{"rendered":"https:\/\/koningdrone.nl\/kon\/?post_type=product&#038;p=1500"},"modified":"2026-04-29T16:00:43","modified_gmt":"2026-04-29T14:00:43","slug":"dji-care-refresh-2-year-plan-dji-avata-2-eu","status":"publish","type":"product","link":"https:\/\/koningdrone.be\/de\/produkt\/dji-care-refresh-2-year-plan-dji-avata-2-eu\/","title":{"rendered":"DJI Care Refresh 2-Jahres-Plan (DJI AVATA 2) EU"},"content":{"rendered":"<h3>DJI Care Refresh 2-Jahres-Plan (DJI AVATA 2) EU<\/h3>\n<p>Der DJI Care Refresh 2-Jahres-Plan f\u00fcr die DJI Avata 2 bietet umfassenden Schutz und Sicherheit f\u00fcr Ihre Drohne. Es deckt versehentliche Sch\u00e4den ab, einschlie\u00dflich Kollisionen, Wassersch\u00e4den und St\u00fcrze, und stellt sicher, dass Ihre Investition bei Ihren Abenteuern am Himmel sicher ist. Mit bis zu zwei Ersatzger\u00e4ten zu minimalen Kosten und exklusivem VIP-Support bietet dieser Plan problemlose L\u00f6sungen, damit Sie weiterhin fliegen k\u00f6nnen. Entwickelt f\u00fcr eine sorgenfreie Nutzung, ist es die perfekte Erg\u00e4nzung zu Ihrer DJI Avata 2 Erfahrung.<\/p>\n<p><a href=\"https:\/\/koningdrone.nl\/wp-content\/uploads\/2024\/12\/DJI-Care-Refresh-2-Year-Plan-DJI-AVATA-2-EU.jpg\"><img loading=\"lazy\" decoding=\"async\" class=\"size-medium wp-image-471936 aligncenter\" src=\"https:\/\/koningdrone.nl\/wp-content\/uploads\/2024\/12\/DJI-Care-Refresh-2-Year-Plan-DJI-AVATA-2-EU-300x300.jpg\" alt=\"DJI Care Refresh 2-Year Plan (DJI AVATA 2) EU\" width=\"300\" height=\"300\" \/><\/a><\/p>","protected":false},"excerpt":{"rendered":"<ul>\n<li>24 Monate Schutz f\u00fcr Ihren DJI Avata 2 gegen Unfallsch\u00e4den (St\u00fcrze, Zusammenst\u00f6\u00dfe, Wasser)<\/li>\n<li>Bis zu 4 Ersatzdrohnen w\u00e4hrend der Laufzeit verf\u00fcgbar<\/li>\n<li>Ersatzger\u00e4te sind neu oder gleichwertig mit neuen Ger\u00e4ten<\/li>\n<li>Digitaler Aktivierungscode, der innerhalb von 48 Stunden nach Aktivierung der Drohne zu registrieren ist<\/li>\n<li>Deckung im EU-Raum g\u00fcltig<\/li>\n<\/ul>","protected":false},"featured_media":18477,"template":"","meta":{"_acf_changed":false},"product_brand":[],"product_cat":[175,263],"product_tag":[],"class_list":{"0":"post-1500","1":"product","2":"type-product","3":"status-publish","4":"has-post-thumbnail","6":"product_cat-alle-care-refresh","7":"product_cat-dji-avata-2","8":"product_shipping_class-outofstock","9":"pa_brand-dji","10":"pa_producttype-serviceplan","12":"first","13":"outofstock","14":"taxable","15":"shipping-taxable","16":"purchasable","17":"product-type-simple"},"acf":[],"yoast_head":"<!-- This site is optimized with the Yoast SEO Premium plugin v27.2 (Yoast SEO v27.2) - https:\/\/yoast.com\/product\/yoast-seo-premium-wordpress\/ -->\n<title>DJI Care Refresh 2-Year Plan (DJI AVATA 2) EU - koningdrone.be<\/title>\n<meta name=\"robots\" content=\"index, follow, max-snippet:-1, max-image-preview:large, max-video-preview:-1\" \/>\n<link rel=\"canonical\" href=\"https:\/\/koningdrone.be\/de\/produkt\/dji-care-refresh-2-year-plan-dji-avata-2-eu\/\" \/>\n<meta property=\"og:locale\" content=\"de_DE\" \/>\n<meta property=\"og:type\" content=\"article\" \/>\n<meta property=\"og:title\" content=\"DJI Care Refresh 2-Year Plan (DJI AVATA 2) EU\" \/>\n<meta property=\"og:description\" content=\"24 maanden bescherming voor je DJI Avata 2 tegen ongeluksschade (crashes, botsingen, water)  Tot 4 vervangende drones beschikbaar tijdens de looptijd  Vervangingsunits zijn nieuw of gelijkwaardig aan nieuw  Digitale activatiecode die je binnen 48 uur na drone\u2011activatie moet registreren  Dekking geldig in de EU\u2011regio\" \/>\n<meta property=\"og:url\" content=\"https:\/\/koningdrone.be\/de\/produkt\/dji-care-refresh-2-year-plan-dji-avata-2-eu\/\" \/>\n<meta property=\"og:site_name\" content=\"koningdrone.be\" \/>\n<meta property=\"article:modified_time\" content=\"2026-04-29T14:00:43+00:00\" \/>\n<meta property=\"og:image\" content=\"https:\/\/koningdrone.be\/wp-content\/uploads\/sites\/13\/2026\/04\/DJI-Care-Refresh-2-Year-Plan-DJI-AVATA-2-EU.jpg\" \/>\n\t<meta property=\"og:image:width\" content=\"2560\" \/>\n\t<meta property=\"og:image:height\" content=\"2560\" \/>\n\t<meta property=\"og:image:type\" content=\"image\/jpeg\" \/>\n<meta name=\"twitter:card\" content=\"summary_large_image\" \/>\n<script type=\"application\/ld+json\" class=\"yoast-schema-graph\">{\"@context\":\"https:\/\/schema.org\",\"@graph\":[{\"@type\":\"WebPage\",\"@id\":\"https:\/\/koningdrone.be\/product\/dji-care-refresh-2-year-plan-dji-avata-2-eu\/\",\"url\":\"https:\/\/koningdrone.be\/product\/dji-care-refresh-2-year-plan-dji-avata-2-eu\/\",\"name\":\"DJI Care Refresh 2-Year Plan (DJI AVATA 2) EU - koningdrone.be\",\"isPartOf\":{\"@id\":\"https:\/\/koningdrone.be\/#website\"},\"primaryImageOfPage\":{\"@id\":\"https:\/\/koningdrone.be\/product\/dji-care-refresh-2-year-plan-dji-avata-2-eu\/#primaryimage\"},\"image\":{\"@id\":\"https:\/\/koningdrone.be\/product\/dji-care-refresh-2-year-plan-dji-avata-2-eu\/#primaryimage\"},\"thumbnailUrl\":\"https:\/\/koningdrone.be\/wp-content\/uploads\/sites\/13\/2026\/04\/DJI-Care-Refresh-2-Year-Plan-DJI-AVATA-2-EU.jpg\",\"datePublished\":\"2024-12-04T11:17:54+00:00\",\"dateModified\":\"2026-04-29T14:00:43+00:00\",\"breadcrumb\":{\"@id\":\"https:\/\/koningdrone.be\/product\/dji-care-refresh-2-year-plan-dji-avata-2-eu\/#breadcrumb\"},\"inLanguage\":\"de\",\"potentialAction\":[{\"@type\":\"ReadAction\",\"target\":[\"https:\/\/koningdrone.be\/product\/dji-care-refresh-2-year-plan-dji-avata-2-eu\/\"]}]},{\"@type\":\"ImageObject\",\"inLanguage\":\"de\",\"@id\":\"https:\/\/koningdrone.be\/product\/dji-care-refresh-2-year-plan-dji-avata-2-eu\/#primaryimage\",\"url\":\"https:\/\/koningdrone.be\/wp-content\/uploads\/sites\/13\/2026\/04\/DJI-Care-Refresh-2-Year-Plan-DJI-AVATA-2-EU.jpg\",\"contentUrl\":\"https:\/\/koningdrone.be\/wp-content\/uploads\/sites\/13\/2026\/04\/DJI-Care-Refresh-2-Year-Plan-DJI-AVATA-2-EU.jpg\",\"width\":2560,\"height\":2560},{\"@type\":\"BreadcrumbList\",\"@id\":\"https:\/\/koningdrone.be\/product\/dji-care-refresh-2-year-plan-dji-avata-2-eu\/#breadcrumb\",\"itemListElement\":[{\"@type\":\"ListItem\",\"position\":1,\"name\":\"Home\",\"item\":\"https:\/\/koningdrone.be\/\"},{\"@type\":\"ListItem\",\"position\":2,\"name\":\"AVSS Parachute Recovery System for DJI Matrice 300\/350\",\"item\":\"https:\/\/koningdrone.be\/product\/avss-parachute-recovery-system-for-dji-matrice-300-350\/\"},{\"@type\":\"ListItem\",\"position\":3,\"name\":\"Alle care refresh\",\"item\":\"https:\/\/koningdrone.be\/categorie\/alle-care-refresh\/\"},{\"@type\":\"ListItem\",\"position\":4,\"name\":\"DJI Care Refresh 2-Year Plan (DJI AVATA 2) EU\"}]},{\"@type\":\"WebSite\",\"@id\":\"https:\/\/koningdrone.be\/#website\",\"url\":\"https:\/\/koningdrone.be\/\",\"name\":\"Koningdrone.be - Uw online specialist in drones, gimbals, camera's en power stations.\",\"description\":\"De webshop in drones en gimbals\",\"publisher\":{\"@id\":\"https:\/\/koningdrone.be\/#organization\"},\"potentialAction\":[{\"@type\":\"SearchAction\",\"target\":{\"@type\":\"EntryPoint\",\"urlTemplate\":\"https:\/\/koningdrone.be\/?s={search_term_string}\"},\"query-input\":{\"@type\":\"PropertyValueSpecification\",\"valueRequired\":true,\"valueName\":\"search_term_string\"}}],\"inLanguage\":\"de\"},{\"@type\":\"Organization\",\"@id\":\"https:\/\/koningdrone.be\/#organization\",\"name\":\"Koningdrone.be\",\"url\":\"https:\/\/koningdrone.be\/\",\"logo\":{\"@type\":\"ImageObject\",\"inLanguage\":\"de\",\"@id\":\"https:\/\/koningdrone.be\/#\/schema\/logo\/image\/\",\"url\":\"https:\/\/koningdrone.be\/wp-content\/uploads\/sites\/13\/2025\/04\/koningdrone-copyright-logo.svg\",\"contentUrl\":\"https:\/\/koningdrone.be\/wp-content\/uploads\/sites\/13\/2025\/04\/koningdrone-copyright-logo.svg\",\"width\":227,\"height\":38,\"caption\":\"Koningdrone.be\"},\"image\":{\"@id\":\"https:\/\/koningdrone.be\/#\/schema\/logo\/image\/\"}}]}<\/script>\n<!-- \/ Yoast SEO Premium plugin. -->","yoast_head_json":{"title":"DJI Care Refresh 2-Year Plan (DJI AVATA 2) EU - koningdrone.be","robots":{"index":"index","follow":"follow","max-snippet":"max-snippet:-1","max-image-preview":"max-image-preview:large","max-video-preview":"max-video-preview:-1"},"canonical":"https:\/\/koningdrone.be\/de\/produkt\/dji-care-refresh-2-year-plan-dji-avata-2-eu\/","og_locale":"de_DE","og_type":"article","og_title":"DJI Care Refresh 2-Year Plan (DJI AVATA 2) EU","og_description":"24 maanden bescherming voor je DJI Avata 2 tegen ongeluksschade (crashes, botsingen, water)  Tot 4 vervangende drones beschikbaar tijdens de looptijd  Vervangingsunits zijn nieuw of gelijkwaardig aan nieuw  Digitale activatiecode die je binnen 48 uur na drone\u2011activatie moet registreren  Dekking geldig in de EU\u2011regio","og_url":"https:\/\/koningdrone.be\/de\/produkt\/dji-care-refresh-2-year-plan-dji-avata-2-eu\/","og_site_name":"koningdrone.be","article_modified_time":"2026-04-29T14:00:43+00:00","og_image":[{"width":2560,"height":2560,"url":"https:\/\/koningdrone.be\/wp-content\/uploads\/sites\/13\/2026\/04\/DJI-Care-Refresh-2-Year-Plan-DJI-AVATA-2-EU.jpg","type":"image\/jpeg"}],"twitter_card":"summary_large_image","schema":{"@context":"https:\/\/schema.org","@graph":[{"@type":"WebPage","@id":"https:\/\/koningdrone.be\/product\/dji-care-refresh-2-year-plan-dji-avata-2-eu\/","url":"https:\/\/koningdrone.be\/product\/dji-care-refresh-2-year-plan-dji-avata-2-eu\/","name":"DJI Care Refresh 2-Year Plan (DJI AVATA 2) EU - koningdrone.be","isPartOf":{"@id":"https:\/\/koningdrone.be\/#website"},"primaryImageOfPage":{"@id":"https:\/\/koningdrone.be\/product\/dji-care-refresh-2-year-plan-dji-avata-2-eu\/#primaryimage"},"image":{"@id":"https:\/\/koningdrone.be\/product\/dji-care-refresh-2-year-plan-dji-avata-2-eu\/#primaryimage"},"thumbnailUrl":"https:\/\/koningdrone.be\/wp-content\/uploads\/sites\/13\/2026\/04\/DJI-Care-Refresh-2-Year-Plan-DJI-AVATA-2-EU.jpg","datePublished":"2024-12-04T11:17:54+00:00","dateModified":"2026-04-29T14:00:43+00:00","breadcrumb":{"@id":"https:\/\/koningdrone.be\/product\/dji-care-refresh-2-year-plan-dji-avata-2-eu\/#breadcrumb"},"inLanguage":"de","potentialAction":[{"@type":"ReadAction","target":["https:\/\/koningdrone.be\/product\/dji-care-refresh-2-year-plan-dji-avata-2-eu\/"]}]},{"@type":"ImageObject","inLanguage":"de","@id":"https:\/\/koningdrone.be\/product\/dji-care-refresh-2-year-plan-dji-avata-2-eu\/#primaryimage","url":"https:\/\/koningdrone.be\/wp-content\/uploads\/sites\/13\/2026\/04\/DJI-Care-Refresh-2-Year-Plan-DJI-AVATA-2-EU.jpg","contentUrl":"https:\/\/koningdrone.be\/wp-content\/uploads\/sites\/13\/2026\/04\/DJI-Care-Refresh-2-Year-Plan-DJI-AVATA-2-EU.jpg","width":2560,"height":2560},{"@type":"BreadcrumbList","@id":"https:\/\/koningdrone.be\/product\/dji-care-refresh-2-year-plan-dji-avata-2-eu\/#breadcrumb","itemListElement":[{"@type":"ListItem","position":1,"name":"Home","item":"https:\/\/koningdrone.be\/"},{"@type":"ListItem","position":2,"name":"AVSS Parachute Recovery System for DJI Matrice 300\/350","item":"https:\/\/koningdrone.be\/product\/avss-parachute-recovery-system-for-dji-matrice-300-350\/"},{"@type":"ListItem","position":3,"name":"Alle care refresh","item":"https:\/\/koningdrone.be\/categorie\/alle-care-refresh\/"},{"@type":"ListItem","position":4,"name":"DJI Care Refresh 2-Year Plan (DJI AVATA 2) EU"}]},{"@type":"WebSite","@id":"https:\/\/koningdrone.be\/#website","url":"https:\/\/koningdrone.be\/","name":"Koningdrone.be - Ihr Online-Spezialist f\u00fcr Drohnen, Gimbals, Kameras und Kraftwerke.","description":"Der Webshop f\u00fcr Drohnen und Gimbals","publisher":{"@id":"https:\/\/koningdrone.be\/#organization"},"potentialAction":[{"@type":"SearchAction","target":{"@type":"EntryPoint","urlTemplate":"https:\/\/koningdrone.be\/?s={search_term_string}"},"query-input":{"@type":"PropertyValueSpecification","valueRequired":true,"valueName":"search_term_string"}}],"inLanguage":"de"},{"@type":"Organization","@id":"https:\/\/koningdrone.be\/#organization","name":"Kingdrone.de","url":"https:\/\/koningdrone.be\/","logo":{"@type":"ImageObject","inLanguage":"de","@id":"https:\/\/koningdrone.be\/#\/schema\/logo\/image\/","url":"https:\/\/koningdrone.be\/wp-content\/uploads\/sites\/13\/2025\/04\/koningdrone-copyright-logo.svg","contentUrl":"https:\/\/koningdrone.be\/wp-content\/uploads\/sites\/13\/2025\/04\/koningdrone-copyright-logo.svg","width":227,"height":38,"caption":"Koningdrone.be"},"image":{"@id":"https:\/\/koningdrone.be\/#\/schema\/logo\/image\/"}}]}},"df_price":98.99,"df_sale_price":"","df_regular_price":98.99,"df_image_link":"https:\/\/koningdrone.be\/wp-content\/uploads\/sites\/13\/2026\/04\/DJI-Care-Refresh-2-Year-Plan-DJI-AVATA-2-EU-300x300.jpg","_links":{"self":[{"href":"https:\/\/koningdrone.be\/de\/wp-json\/wp\/v2\/product\/1500","targetHints":{"allow":["GET"]}}],"collection":[{"href":"https:\/\/koningdrone.be\/de\/wp-json\/wp\/v2\/product"}],"about":[{"href":"https:\/\/koningdrone.be\/de\/wp-json\/wp\/v2\/types\/product"}],"wp:featuredmedia":[{"embeddable":true,"href":"https:\/\/koningdrone.be\/de\/wp-json\/wp\/v2\/media\/18477"}],"wp:attachment":[{"href":"https:\/\/koningdrone.be\/de\/wp-json\/wp\/v2\/media?parent=1500"}],"wp:term":[{"taxonomy":"product_brand","embeddable":true,"href":"https:\/\/koningdrone.be\/de\/wp-json\/wp\/v2\/product_brand?post=1500"},{"taxonomy":"product_cat","embeddable":true,"href":"https:\/\/koningdrone.be\/de\/wp-json\/wp\/v2\/product_cat?post=1500"},{"taxonomy":"product_tag","embeddable":true,"href":"https:\/\/koningdrone.be\/de\/wp-json\/wp\/v2\/product_tag?post=1500"}],"curies":[{"name":"wp","href":"https:\/\/api.w.org\/{rel}","templated":true}]}}