{"id":14838,"date":"2025-07-03T10:00:47","date_gmt":"2025-07-03T08:00:47","guid":{"rendered":"https:\/\/koningdrone.be\/product\/czi-mp120-broadcasting-light-for-mavic-3-enterprise-series\/"},"modified":"2026-04-29T16:20:55","modified_gmt":"2026-04-29T14:20:55","slug":"czi-mp120-broadcasting-light-for-mavic-3-enterprise-series","status":"publish","type":"product","link":"https:\/\/koningdrone.be\/de\/produkt\/czi-mp120-broadcasting-light-for-mavic-3-enterprise-series\/","title":{"rendered":"CZI MP120 Sendelicht f\u00fcr Mavic 3 Enterprise Serie"},"content":{"rendered":"<p>Die CZI MP120 ist eine kompakte und dennoch leistungsstarke Funkleuchte, die speziell f\u00fcr die DJI Mavic 3 Enterprise Series entwickelt wurde. Das MP120 wurde f\u00fcr Notfalleins\u00e4tze, n\u00e4chtliche Patrouillen und Missionen der \u00f6ffentlichen Sicherheit entwickelt und liefert einen fokussierten Lichtstrahl mit bis zu 120 W hochintensiver Beleuchtung. Das leichte Design stellt sicher, dass die Leistung der Drohne nur minimal beeintr\u00e4chtigt wird, w\u00e4hrend die Sichtbarkeit in schwach beleuchteten oder unbeleuchteten Umgebungen erh\u00f6ht wird. Die MP120 ist einfach zu montieren und zu bedienen und verbessert das Situationsbewusstsein von oben, was sie zu einem zuverl\u00e4ssigen Werkzeug f\u00fcr Strafverfolgungs-, Inspektions- und Rettungseins\u00e4tze macht. Dank der nahtlosen Integration der Stromversorgung und der Unterst\u00fctzung f\u00fcr den Fernbetrieb ist diese Lampe sofort einsatzbereit.<\/p>","protected":false},"excerpt":{"rendered":"<ul>\n<li>Sehr helles Licht, ideal f\u00fcr Nachteins\u00e4tze.<\/li>\n<li>Kompakt und leicht f\u00fcr eine reibungslose Flugdynamik.<\/li>\n<li>Schnelle Installation mit ma\u00dfgeschneiderter Halterung f\u00fcr Mavic 3E.<\/li>\n<li>Verbessert die Sicht bei Notf\u00e4llen und Inspektionen.<\/li>\n<li>Unterst\u00fctzt die Fernsteuerung von Winkel und Leistung.<\/li>\n<li>Entwickelt f\u00fcr den zuverl\u00e4ssigen Einsatz unter anspruchsvollen Bedingungen.<\/li>\n<\/ul>","protected":false},"featured_media":14836,"template":"","meta":{"_acf_changed":false},"product_brand":[],"product_cat":[58],"product_tag":[],"class_list":{"0":"post-14838","1":"product","2":"type-product","3":"status-publish","4":"has-post-thumbnail","6":"product_cat-uncategorized","7":"product_shipping_class-outofstock","8":"pa_brand-czi","9":"pa_producttype-licht-uitzenden","10":"pa_series-mavic-3-enterprise","12":"first","13":"outofstock","14":"taxable","15":"shipping-taxable","16":"purchasable","17":"product-type-simple"},"acf":[],"yoast_head":"<!-- This site is optimized with the Yoast SEO Premium plugin v27.2 (Yoast SEO v27.2) - https:\/\/yoast.com\/product\/yoast-seo-premium-wordpress\/ -->\n<title>CZI MP120 Broadcasting light for Mavic 3 Enterprise Series - koningdrone.be<\/title>\n<meta name=\"robots\" content=\"index, follow, max-snippet:-1, max-image-preview:large, max-video-preview:-1\" \/>\n<link rel=\"canonical\" href=\"https:\/\/koningdrone.be\/de\/produkt\/czi-mp120-broadcasting-light-for-mavic-3-enterprise-series\/\" \/>\n<meta property=\"og:locale\" content=\"de_DE\" \/>\n<meta property=\"og:type\" content=\"article\" \/>\n<meta property=\"og:title\" content=\"CZI MP120 Broadcasting light for Mavic 3 Enterprise Series\" \/>\n<meta property=\"og:description\" content=\"Licht met hoge helderheid, ideaal voor nachtelijke operaties. Compact en lichtgewicht voor soepele vluchtdynamiek. Snelle installatie met aangepaste bevestiging voor Mavic 3E. Verbetert zichtbaarheid voor noodgevallen en inspectietaken. Ondersteunt afstandsbediening voor hoek en vermogen. Ontworpen voor betrouwbaar gebruik in veeleisende omstandigheden.\" \/>\n<meta property=\"og:url\" content=\"https:\/\/koningdrone.be\/de\/produkt\/czi-mp120-broadcasting-light-for-mavic-3-enterprise-series\/\" \/>\n<meta property=\"og:site_name\" content=\"koningdrone.be\" \/>\n<meta property=\"article:modified_time\" content=\"2026-04-29T14:20:55+00:00\" \/>\n<meta property=\"og:image\" content=\"https:\/\/koningdrone.be\/wp-content\/uploads\/sites\/13\/2025\/08\/MP120_1000x1000_c8e61909-7f29-4524-8453-9d64cfd43d56.png\" \/>\n\t<meta property=\"og:image:width\" content=\"1000\" \/>\n\t<meta property=\"og:image:height\" content=\"1000\" \/>\n\t<meta property=\"og:image:type\" content=\"image\/png\" \/>\n<meta name=\"twitter:card\" content=\"summary_large_image\" \/>\n<meta name=\"twitter:label1\" content=\"Gesch\u00e4tzte Lesezeit\" \/>\n\t<meta name=\"twitter:data1\" content=\"1\u00a0Minute\" \/>\n<script type=\"application\/ld+json\" class=\"yoast-schema-graph\">{\"@context\":\"https:\/\/schema.org\",\"@graph\":[{\"@type\":\"WebPage\",\"@id\":\"https:\/\/koningdrone.be\/product\/czi-mp120-broadcasting-light-for-mavic-3-enterprise-series\/\",\"url\":\"https:\/\/koningdrone.be\/product\/czi-mp120-broadcasting-light-for-mavic-3-enterprise-series\/\",\"name\":\"CZI MP120 Broadcasting light for Mavic 3 Enterprise Series - koningdrone.be\",\"isPartOf\":{\"@id\":\"https:\/\/koningdrone.be\/#website\"},\"primaryImageOfPage\":{\"@id\":\"https:\/\/koningdrone.be\/product\/czi-mp120-broadcasting-light-for-mavic-3-enterprise-series\/#primaryimage\"},\"image\":{\"@id\":\"https:\/\/koningdrone.be\/product\/czi-mp120-broadcasting-light-for-mavic-3-enterprise-series\/#primaryimage\"},\"thumbnailUrl\":\"https:\/\/koningdrone.be\/wp-content\/uploads\/sites\/13\/2025\/08\/MP120_1000x1000_c8e61909-7f29-4524-8453-9d64cfd43d56.png\",\"datePublished\":\"2025-07-03T08:00:47+00:00\",\"dateModified\":\"2026-04-29T14:20:55+00:00\",\"breadcrumb\":{\"@id\":\"https:\/\/koningdrone.be\/product\/czi-mp120-broadcasting-light-for-mavic-3-enterprise-series\/#breadcrumb\"},\"inLanguage\":\"de\",\"potentialAction\":[{\"@type\":\"ReadAction\",\"target\":[\"https:\/\/koningdrone.be\/product\/czi-mp120-broadcasting-light-for-mavic-3-enterprise-series\/\"]}]},{\"@type\":\"ImageObject\",\"inLanguage\":\"de\",\"@id\":\"https:\/\/koningdrone.be\/product\/czi-mp120-broadcasting-light-for-mavic-3-enterprise-series\/#primaryimage\",\"url\":\"https:\/\/koningdrone.be\/wp-content\/uploads\/sites\/13\/2025\/08\/MP120_1000x1000_c8e61909-7f29-4524-8453-9d64cfd43d56.png\",\"contentUrl\":\"https:\/\/koningdrone.be\/wp-content\/uploads\/sites\/13\/2025\/08\/MP120_1000x1000_c8e61909-7f29-4524-8453-9d64cfd43d56.png\",\"width\":1000,\"height\":1000},{\"@type\":\"BreadcrumbList\",\"@id\":\"https:\/\/koningdrone.be\/product\/czi-mp120-broadcasting-light-for-mavic-3-enterprise-series\/#breadcrumb\",\"itemListElement\":[{\"@type\":\"ListItem\",\"position\":1,\"name\":\"Home\",\"item\":\"https:\/\/koningdrone.be\/\"},{\"@type\":\"ListItem\",\"position\":2,\"name\":\"AVSS Parachute Recovery System for DJI Matrice 300\/350\",\"item\":\"https:\/\/koningdrone.be\/product\/avss-parachute-recovery-system-for-dji-matrice-300-350\/\"},{\"@type\":\"ListItem\",\"position\":3,\"name\":\"Uncategorized\",\"item\":\"https:\/\/koningdrone.be\/categorie\/uncategorized\/\"},{\"@type\":\"ListItem\",\"position\":4,\"name\":\"CZI MP120 Broadcasting light for Mavic 3 Enterprise Series\"}]},{\"@type\":\"WebSite\",\"@id\":\"https:\/\/koningdrone.be\/#website\",\"url\":\"https:\/\/koningdrone.be\/\",\"name\":\"Koningdrone.be - Uw online specialist in drones, gimbals, camera's en power stations.\",\"description\":\"De webshop in drones en gimbals\",\"publisher\":{\"@id\":\"https:\/\/koningdrone.be\/#organization\"},\"potentialAction\":[{\"@type\":\"SearchAction\",\"target\":{\"@type\":\"EntryPoint\",\"urlTemplate\":\"https:\/\/koningdrone.be\/?s={search_term_string}\"},\"query-input\":{\"@type\":\"PropertyValueSpecification\",\"valueRequired\":true,\"valueName\":\"search_term_string\"}}],\"inLanguage\":\"de\"},{\"@type\":\"Organization\",\"@id\":\"https:\/\/koningdrone.be\/#organization\",\"name\":\"Koningdrone.be\",\"url\":\"https:\/\/koningdrone.be\/\",\"logo\":{\"@type\":\"ImageObject\",\"inLanguage\":\"de\",\"@id\":\"https:\/\/koningdrone.be\/#\/schema\/logo\/image\/\",\"url\":\"https:\/\/koningdrone.be\/wp-content\/uploads\/sites\/13\/2025\/04\/koningdrone-copyright-logo.svg\",\"contentUrl\":\"https:\/\/koningdrone.be\/wp-content\/uploads\/sites\/13\/2025\/04\/koningdrone-copyright-logo.svg\",\"width\":227,\"height\":38,\"caption\":\"Koningdrone.be\"},\"image\":{\"@id\":\"https:\/\/koningdrone.be\/#\/schema\/logo\/image\/\"}}]}<\/script>\n<!-- \/ Yoast SEO Premium plugin. -->","yoast_head_json":{"title":"CZI MP120 Broadcasting light for Mavic 3 Enterprise Series - koningdrone.be","robots":{"index":"index","follow":"follow","max-snippet":"max-snippet:-1","max-image-preview":"max-image-preview:large","max-video-preview":"max-video-preview:-1"},"canonical":"https:\/\/koningdrone.be\/de\/produkt\/czi-mp120-broadcasting-light-for-mavic-3-enterprise-series\/","og_locale":"de_DE","og_type":"article","og_title":"CZI MP120 Broadcasting light for Mavic 3 Enterprise Series","og_description":"Licht met hoge helderheid, ideaal voor nachtelijke operaties. Compact en lichtgewicht voor soepele vluchtdynamiek. Snelle installatie met aangepaste bevestiging voor Mavic 3E. Verbetert zichtbaarheid voor noodgevallen en inspectietaken. Ondersteunt afstandsbediening voor hoek en vermogen. Ontworpen voor betrouwbaar gebruik in veeleisende omstandigheden.","og_url":"https:\/\/koningdrone.be\/de\/produkt\/czi-mp120-broadcasting-light-for-mavic-3-enterprise-series\/","og_site_name":"koningdrone.be","article_modified_time":"2026-04-29T14:20:55+00:00","og_image":[{"width":1000,"height":1000,"url":"https:\/\/koningdrone.be\/wp-content\/uploads\/sites\/13\/2025\/08\/MP120_1000x1000_c8e61909-7f29-4524-8453-9d64cfd43d56.png","type":"image\/png"}],"twitter_card":"summary_large_image","twitter_misc":{"Gesch\u00e4tzte Lesezeit":"1\u00a0Minute"},"schema":{"@context":"https:\/\/schema.org","@graph":[{"@type":"WebPage","@id":"https:\/\/koningdrone.be\/product\/czi-mp120-broadcasting-light-for-mavic-3-enterprise-series\/","url":"https:\/\/koningdrone.be\/product\/czi-mp120-broadcasting-light-for-mavic-3-enterprise-series\/","name":"CZI MP120 Broadcasting light for Mavic 3 Enterprise Series - koningdrone.be","isPartOf":{"@id":"https:\/\/koningdrone.be\/#website"},"primaryImageOfPage":{"@id":"https:\/\/koningdrone.be\/product\/czi-mp120-broadcasting-light-for-mavic-3-enterprise-series\/#primaryimage"},"image":{"@id":"https:\/\/koningdrone.be\/product\/czi-mp120-broadcasting-light-for-mavic-3-enterprise-series\/#primaryimage"},"thumbnailUrl":"https:\/\/koningdrone.be\/wp-content\/uploads\/sites\/13\/2025\/08\/MP120_1000x1000_c8e61909-7f29-4524-8453-9d64cfd43d56.png","datePublished":"2025-07-03T08:00:47+00:00","dateModified":"2026-04-29T14:20:55+00:00","breadcrumb":{"@id":"https:\/\/koningdrone.be\/product\/czi-mp120-broadcasting-light-for-mavic-3-enterprise-series\/#breadcrumb"},"inLanguage":"de","potentialAction":[{"@type":"ReadAction","target":["https:\/\/koningdrone.be\/product\/czi-mp120-broadcasting-light-for-mavic-3-enterprise-series\/"]}]},{"@type":"ImageObject","inLanguage":"de","@id":"https:\/\/koningdrone.be\/product\/czi-mp120-broadcasting-light-for-mavic-3-enterprise-series\/#primaryimage","url":"https:\/\/koningdrone.be\/wp-content\/uploads\/sites\/13\/2025\/08\/MP120_1000x1000_c8e61909-7f29-4524-8453-9d64cfd43d56.png","contentUrl":"https:\/\/koningdrone.be\/wp-content\/uploads\/sites\/13\/2025\/08\/MP120_1000x1000_c8e61909-7f29-4524-8453-9d64cfd43d56.png","width":1000,"height":1000},{"@type":"BreadcrumbList","@id":"https:\/\/koningdrone.be\/product\/czi-mp120-broadcasting-light-for-mavic-3-enterprise-series\/#breadcrumb","itemListElement":[{"@type":"ListItem","position":1,"name":"Home","item":"https:\/\/koningdrone.be\/"},{"@type":"ListItem","position":2,"name":"AVSS Parachute Recovery System for DJI Matrice 300\/350","item":"https:\/\/koningdrone.be\/product\/avss-parachute-recovery-system-for-dji-matrice-300-350\/"},{"@type":"ListItem","position":3,"name":"Uncategorized","item":"https:\/\/koningdrone.be\/categorie\/uncategorized\/"},{"@type":"ListItem","position":4,"name":"CZI MP120 Broadcasting light for Mavic 3 Enterprise Series"}]},{"@type":"WebSite","@id":"https:\/\/koningdrone.be\/#website","url":"https:\/\/koningdrone.be\/","name":"Koningdrone.be - Ihr Online-Spezialist f\u00fcr Drohnen, Gimbals, Kameras und Kraftwerke.","description":"Der Webshop f\u00fcr Drohnen und Gimbals","publisher":{"@id":"https:\/\/koningdrone.be\/#organization"},"potentialAction":[{"@type":"SearchAction","target":{"@type":"EntryPoint","urlTemplate":"https:\/\/koningdrone.be\/?s={search_term_string}"},"query-input":{"@type":"PropertyValueSpecification","valueRequired":true,"valueName":"search_term_string"}}],"inLanguage":"de"},{"@type":"Organization","@id":"https:\/\/koningdrone.be\/#organization","name":"Kingdrone.de","url":"https:\/\/koningdrone.be\/","logo":{"@type":"ImageObject","inLanguage":"de","@id":"https:\/\/koningdrone.be\/#\/schema\/logo\/image\/","url":"https:\/\/koningdrone.be\/wp-content\/uploads\/sites\/13\/2025\/04\/koningdrone-copyright-logo.svg","contentUrl":"https:\/\/koningdrone.be\/wp-content\/uploads\/sites\/13\/2025\/04\/koningdrone-copyright-logo.svg","width":227,"height":38,"caption":"Koningdrone.be"},"image":{"@id":"https:\/\/koningdrone.be\/#\/schema\/logo\/image\/"}}]}},"df_price":669.01,"df_sale_price":"","df_regular_price":669.01,"df_image_link":"https:\/\/koningdrone.be\/wp-content\/uploads\/sites\/13\/2025\/08\/MP120_1000x1000_c8e61909-7f29-4524-8453-9d64cfd43d56-300x300.png","_links":{"self":[{"href":"https:\/\/koningdrone.be\/de\/wp-json\/wp\/v2\/product\/14838","targetHints":{"allow":["GET"]}}],"collection":[{"href":"https:\/\/koningdrone.be\/de\/wp-json\/wp\/v2\/product"}],"about":[{"href":"https:\/\/koningdrone.be\/de\/wp-json\/wp\/v2\/types\/product"}],"wp:featuredmedia":[{"embeddable":true,"href":"https:\/\/koningdrone.be\/de\/wp-json\/wp\/v2\/media\/14836"}],"wp:attachment":[{"href":"https:\/\/koningdrone.be\/de\/wp-json\/wp\/v2\/media?parent=14838"}],"wp:term":[{"taxonomy":"product_brand","embeddable":true,"href":"https:\/\/koningdrone.be\/de\/wp-json\/wp\/v2\/product_brand?post=14838"},{"taxonomy":"product_cat","embeddable":true,"href":"https:\/\/koningdrone.be\/de\/wp-json\/wp\/v2\/product_cat?post=14838"},{"taxonomy":"product_tag","embeddable":true,"href":"https:\/\/koningdrone.be\/de\/wp-json\/wp\/v2\/product_tag?post=14838"}],"curies":[{"name":"wp","href":"https:\/\/api.w.org\/{rel}","templated":true}]}}