{"id":14835,"date":"2025-07-03T10:00:47","date_gmt":"2025-07-03T08:00:47","guid":{"rendered":"https:\/\/koningdrone.be\/product\/czi-ir3-infrared-zoom-spotlight-for-dji-matrice-30-series\/"},"modified":"2026-04-29T16:20:54","modified_gmt":"2026-04-29T14:20:54","slug":"czi-ir3-infrared-zoom-spotlight-for-dji-matrice-30-series","status":"publish","type":"product","link":"https:\/\/koningdrone.be\/de\/produkt\/czi-ir3-infrared-zoom-spotlight-for-dji-matrice-30-series\/","title":{"rendered":"CZI IR3 Infrarot-Zoomscheinwerfer f\u00fcr DJI Matrice 30 Serie"},"content":{"rendered":"<p>Der CZI IR3 ist ein leistungsstarker Infrarot-Zoom-Scheinwerfer f\u00fcr kritische Eins\u00e4tze bei Nacht und schlechter Sicht mit der DJI Matrice 30-Serie. Der IR3 wurde speziell f\u00fcr die \u00f6ffentliche Sicherheit, Such- und Rettungseins\u00e4tze und \u00dcberwachungsaufgaben entwickelt und nutzt Infrarotlicht (850 nm), um Ziele ohne sichtbare Belastung zu beleuchten. Mit der einstellbaren Zoomfunktion k\u00f6nnen Sie den Strahl fokussieren, um einen gro\u00dfen Bereich zu scannen oder bestimmte Ziele aus der Entfernung heranzuzoomen. Der IR3 l\u00e4sst sich nahtlos in die Matrice 30 integrieren und bietet eine stabile Stromversorgung und intelligente Steuerung \u00fcber DJI Pilot. Die robuste, witterungsbest\u00e4ndige Konstruktion gew\u00e4hrleistet eine zuverl\u00e4ssige Leistung auch unter den h\u00e4rtesten Bedingungen.<\/p>","protected":false},"excerpt":{"rendered":"<ul>\n<li>Unsichtbares Infrarotlicht f\u00fcr verdeckte Nachteins\u00e4tze.<\/li>\n<li>Zoombarer Strahl f\u00fcr flexible Fl\u00e4chen- oder Zielbeleuchtung.<\/li>\n<li>Ideal f\u00fcr Such- und Rettungseins\u00e4tze, \u00dcberwachung und Strafverfolgung.<\/li>\n<li>Nahtlose Integration mit der DJI Matrice 30 Serie.<\/li>\n<li>Er ist f\u00fcr raue Wetter- und Feldbedingungen ausgelegt.<\/li>\n<li>Direkte Steuerung \u00fcber die DJI Pilot App f\u00fcr einfache Bedienung.<\/li>\n<\/ul>","protected":false},"featured_media":14831,"template":"","meta":{"_acf_changed":false},"product_brand":[],"product_cat":[149,543],"product_tag":[],"class_list":{"0":"post-14835","1":"product","2":"type-product","3":"status-publish","4":"has-post-thumbnail","6":"product_cat-dji-matrice-30","7":"product_cat-dji-matrice-30t","8":"product_shipping_class-outofstock","9":"pa_brand-czi","10":"pa_producttype-infrarood-zoom-spotlight","11":"pa_series-matrice-30","13":"first","14":"outofstock","15":"taxable","16":"shipping-taxable","17":"purchasable","18":"product-type-simple"},"acf":[],"yoast_head":"<!-- This site is optimized with the Yoast SEO Premium plugin v27.2 (Yoast SEO v27.2) - https:\/\/yoast.com\/product\/yoast-seo-premium-wordpress\/ -->\n<title>CZI IR3 Infrared Zoom Spotlight for DJI Matrice 30 Series - koningdrone.be<\/title>\n<meta name=\"robots\" content=\"index, follow, max-snippet:-1, max-image-preview:large, max-video-preview:-1\" \/>\n<link rel=\"canonical\" href=\"https:\/\/koningdrone.be\/de\/produkt\/czi-ir3-infrared-zoom-spotlight-for-dji-matrice-30-series\/\" \/>\n<meta property=\"og:locale\" content=\"de_DE\" \/>\n<meta property=\"og:type\" content=\"article\" \/>\n<meta property=\"og:title\" content=\"CZI IR3 Infrared Zoom Spotlight for DJI Matrice 30 Series\" \/>\n<meta property=\"og:description\" content=\"Onzichtbaar infrarood licht voor heimelijke nachtelijke operaties. Zoombare lichtbundel voor flexibele gebieds- of doelgerichte verlichting. Ideaal voor zoek- en reddingsacties, bewaking en wetshandhaving. Naadloze integratie met DJI Matrice 30-serie. Gebouwd om zware weers- en veldomstandigheden te weerstaan. Direct bestuurd via DJI Pilot app voor gebruiksgemak.\" \/>\n<meta property=\"og:url\" content=\"https:\/\/koningdrone.be\/de\/produkt\/czi-ir3-infrared-zoom-spotlight-for-dji-matrice-30-series\/\" \/>\n<meta property=\"og:site_name\" content=\"koningdrone.be\" \/>\n<meta property=\"article:modified_time\" content=\"2026-04-29T14:20:54+00:00\" \/>\n<meta property=\"og:image\" content=\"https:\/\/koningdrone.be\/wp-content\/uploads\/sites\/13\/2025\/08\/DJI-IR3_1_1024x1024_crop_center.png\" \/>\n\t<meta property=\"og:image:width\" content=\"1024\" \/>\n\t<meta property=\"og:image:height\" content=\"1024\" \/>\n\t<meta property=\"og:image:type\" content=\"image\/png\" \/>\n<meta name=\"twitter:card\" content=\"summary_large_image\" \/>\n<script type=\"application\/ld+json\" class=\"yoast-schema-graph\">{\"@context\":\"https:\/\/schema.org\",\"@graph\":[{\"@type\":\"WebPage\",\"@id\":\"https:\/\/koningdrone.be\/product\/czi-ir3-infrared-zoom-spotlight-for-dji-matrice-30-series\/\",\"url\":\"https:\/\/koningdrone.be\/product\/czi-ir3-infrared-zoom-spotlight-for-dji-matrice-30-series\/\",\"name\":\"CZI IR3 Infrared Zoom Spotlight for DJI Matrice 30 Series - koningdrone.be\",\"isPartOf\":{\"@id\":\"https:\/\/koningdrone.be\/#website\"},\"primaryImageOfPage\":{\"@id\":\"https:\/\/koningdrone.be\/product\/czi-ir3-infrared-zoom-spotlight-for-dji-matrice-30-series\/#primaryimage\"},\"image\":{\"@id\":\"https:\/\/koningdrone.be\/product\/czi-ir3-infrared-zoom-spotlight-for-dji-matrice-30-series\/#primaryimage\"},\"thumbnailUrl\":\"https:\/\/koningdrone.be\/wp-content\/uploads\/sites\/13\/2025\/08\/DJI-IR3_1_1024x1024_crop_center.png\",\"datePublished\":\"2025-07-03T08:00:47+00:00\",\"dateModified\":\"2026-04-29T14:20:54+00:00\",\"breadcrumb\":{\"@id\":\"https:\/\/koningdrone.be\/product\/czi-ir3-infrared-zoom-spotlight-for-dji-matrice-30-series\/#breadcrumb\"},\"inLanguage\":\"de\",\"potentialAction\":[{\"@type\":\"ReadAction\",\"target\":[\"https:\/\/koningdrone.be\/product\/czi-ir3-infrared-zoom-spotlight-for-dji-matrice-30-series\/\"]}]},{\"@type\":\"ImageObject\",\"inLanguage\":\"de\",\"@id\":\"https:\/\/koningdrone.be\/product\/czi-ir3-infrared-zoom-spotlight-for-dji-matrice-30-series\/#primaryimage\",\"url\":\"https:\/\/koningdrone.be\/wp-content\/uploads\/sites\/13\/2025\/08\/DJI-IR3_1_1024x1024_crop_center.png\",\"contentUrl\":\"https:\/\/koningdrone.be\/wp-content\/uploads\/sites\/13\/2025\/08\/DJI-IR3_1_1024x1024_crop_center.png\",\"width\":1024,\"height\":1024},{\"@type\":\"BreadcrumbList\",\"@id\":\"https:\/\/koningdrone.be\/product\/czi-ir3-infrared-zoom-spotlight-for-dji-matrice-30-series\/#breadcrumb\",\"itemListElement\":[{\"@type\":\"ListItem\",\"position\":1,\"name\":\"Home\",\"item\":\"https:\/\/koningdrone.be\/\"},{\"@type\":\"ListItem\",\"position\":2,\"name\":\"AVSS Parachute Recovery System for DJI Matrice 300\/350\",\"item\":\"https:\/\/koningdrone.be\/product\/avss-parachute-recovery-system-for-dji-matrice-300-350\/\"},{\"@type\":\"ListItem\",\"position\":3,\"name\":\"DJI Matrice 30\",\"item\":\"https:\/\/koningdrone.be\/categorie\/dji-matrice-30\/\"},{\"@type\":\"ListItem\",\"position\":4,\"name\":\"CZI IR3 Infrared Zoom Spotlight for DJI Matrice 30 Series\"}]},{\"@type\":\"WebSite\",\"@id\":\"https:\/\/koningdrone.be\/#website\",\"url\":\"https:\/\/koningdrone.be\/\",\"name\":\"Koningdrone.be - Uw online specialist in drones, gimbals, camera's en power stations.\",\"description\":\"De webshop in drones en gimbals\",\"publisher\":{\"@id\":\"https:\/\/koningdrone.be\/#organization\"},\"potentialAction\":[{\"@type\":\"SearchAction\",\"target\":{\"@type\":\"EntryPoint\",\"urlTemplate\":\"https:\/\/koningdrone.be\/?s={search_term_string}\"},\"query-input\":{\"@type\":\"PropertyValueSpecification\",\"valueRequired\":true,\"valueName\":\"search_term_string\"}}],\"inLanguage\":\"de\"},{\"@type\":\"Organization\",\"@id\":\"https:\/\/koningdrone.be\/#organization\",\"name\":\"Koningdrone.be\",\"url\":\"https:\/\/koningdrone.be\/\",\"logo\":{\"@type\":\"ImageObject\",\"inLanguage\":\"de\",\"@id\":\"https:\/\/koningdrone.be\/#\/schema\/logo\/image\/\",\"url\":\"https:\/\/koningdrone.be\/wp-content\/uploads\/sites\/13\/2025\/04\/koningdrone-copyright-logo.svg\",\"contentUrl\":\"https:\/\/koningdrone.be\/wp-content\/uploads\/sites\/13\/2025\/04\/koningdrone-copyright-logo.svg\",\"width\":227,\"height\":38,\"caption\":\"Koningdrone.be\"},\"image\":{\"@id\":\"https:\/\/koningdrone.be\/#\/schema\/logo\/image\/\"}}]}<\/script>\n<!-- \/ Yoast SEO Premium plugin. -->","yoast_head_json":{"title":"CZI IR3 Infrared Zoom Spotlight for DJI Matrice 30 Series - koningdrone.be","robots":{"index":"index","follow":"follow","max-snippet":"max-snippet:-1","max-image-preview":"max-image-preview:large","max-video-preview":"max-video-preview:-1"},"canonical":"https:\/\/koningdrone.be\/de\/produkt\/czi-ir3-infrared-zoom-spotlight-for-dji-matrice-30-series\/","og_locale":"de_DE","og_type":"article","og_title":"CZI IR3 Infrared Zoom Spotlight for DJI Matrice 30 Series","og_description":"Onzichtbaar infrarood licht voor heimelijke nachtelijke operaties. Zoombare lichtbundel voor flexibele gebieds- of doelgerichte verlichting. Ideaal voor zoek- en reddingsacties, bewaking en wetshandhaving. Naadloze integratie met DJI Matrice 30-serie. Gebouwd om zware weers- en veldomstandigheden te weerstaan. Direct bestuurd via DJI Pilot app voor gebruiksgemak.","og_url":"https:\/\/koningdrone.be\/de\/produkt\/czi-ir3-infrared-zoom-spotlight-for-dji-matrice-30-series\/","og_site_name":"koningdrone.be","article_modified_time":"2026-04-29T14:20:54+00:00","og_image":[{"width":1024,"height":1024,"url":"https:\/\/koningdrone.be\/wp-content\/uploads\/sites\/13\/2025\/08\/DJI-IR3_1_1024x1024_crop_center.png","type":"image\/png"}],"twitter_card":"summary_large_image","schema":{"@context":"https:\/\/schema.org","@graph":[{"@type":"WebPage","@id":"https:\/\/koningdrone.be\/product\/czi-ir3-infrared-zoom-spotlight-for-dji-matrice-30-series\/","url":"https:\/\/koningdrone.be\/product\/czi-ir3-infrared-zoom-spotlight-for-dji-matrice-30-series\/","name":"CZI IR3 Infrared Zoom Spotlight for DJI Matrice 30 Series - koningdrone.be","isPartOf":{"@id":"https:\/\/koningdrone.be\/#website"},"primaryImageOfPage":{"@id":"https:\/\/koningdrone.be\/product\/czi-ir3-infrared-zoom-spotlight-for-dji-matrice-30-series\/#primaryimage"},"image":{"@id":"https:\/\/koningdrone.be\/product\/czi-ir3-infrared-zoom-spotlight-for-dji-matrice-30-series\/#primaryimage"},"thumbnailUrl":"https:\/\/koningdrone.be\/wp-content\/uploads\/sites\/13\/2025\/08\/DJI-IR3_1_1024x1024_crop_center.png","datePublished":"2025-07-03T08:00:47+00:00","dateModified":"2026-04-29T14:20:54+00:00","breadcrumb":{"@id":"https:\/\/koningdrone.be\/product\/czi-ir3-infrared-zoom-spotlight-for-dji-matrice-30-series\/#breadcrumb"},"inLanguage":"de","potentialAction":[{"@type":"ReadAction","target":["https:\/\/koningdrone.be\/product\/czi-ir3-infrared-zoom-spotlight-for-dji-matrice-30-series\/"]}]},{"@type":"ImageObject","inLanguage":"de","@id":"https:\/\/koningdrone.be\/product\/czi-ir3-infrared-zoom-spotlight-for-dji-matrice-30-series\/#primaryimage","url":"https:\/\/koningdrone.be\/wp-content\/uploads\/sites\/13\/2025\/08\/DJI-IR3_1_1024x1024_crop_center.png","contentUrl":"https:\/\/koningdrone.be\/wp-content\/uploads\/sites\/13\/2025\/08\/DJI-IR3_1_1024x1024_crop_center.png","width":1024,"height":1024},{"@type":"BreadcrumbList","@id":"https:\/\/koningdrone.be\/product\/czi-ir3-infrared-zoom-spotlight-for-dji-matrice-30-series\/#breadcrumb","itemListElement":[{"@type":"ListItem","position":1,"name":"Home","item":"https:\/\/koningdrone.be\/"},{"@type":"ListItem","position":2,"name":"AVSS Parachute Recovery System for DJI Matrice 300\/350","item":"https:\/\/koningdrone.be\/product\/avss-parachute-recovery-system-for-dji-matrice-300-350\/"},{"@type":"ListItem","position":3,"name":"DJI Matrice 30","item":"https:\/\/koningdrone.be\/categorie\/dji-matrice-30\/"},{"@type":"ListItem","position":4,"name":"CZI IR3 Infrared Zoom Spotlight for DJI Matrice 30 Series"}]},{"@type":"WebSite","@id":"https:\/\/koningdrone.be\/#website","url":"https:\/\/koningdrone.be\/","name":"Koningdrone.be - Ihr Online-Spezialist f\u00fcr Drohnen, Gimbals, Kameras und Kraftwerke.","description":"Der Webshop f\u00fcr Drohnen und Gimbals","publisher":{"@id":"https:\/\/koningdrone.be\/#organization"},"potentialAction":[{"@type":"SearchAction","target":{"@type":"EntryPoint","urlTemplate":"https:\/\/koningdrone.be\/?s={search_term_string}"},"query-input":{"@type":"PropertyValueSpecification","valueRequired":true,"valueName":"search_term_string"}}],"inLanguage":"de"},{"@type":"Organization","@id":"https:\/\/koningdrone.be\/#organization","name":"Kingdrone.de","url":"https:\/\/koningdrone.be\/","logo":{"@type":"ImageObject","inLanguage":"de","@id":"https:\/\/koningdrone.be\/#\/schema\/logo\/image\/","url":"https:\/\/koningdrone.be\/wp-content\/uploads\/sites\/13\/2025\/04\/koningdrone-copyright-logo.svg","contentUrl":"https:\/\/koningdrone.be\/wp-content\/uploads\/sites\/13\/2025\/04\/koningdrone-copyright-logo.svg","width":227,"height":38,"caption":"Koningdrone.be"},"image":{"@id":"https:\/\/koningdrone.be\/#\/schema\/logo\/image\/"}}]}},"df_price":2599.01,"df_sale_price":"","df_regular_price":2599.01,"df_image_link":"https:\/\/koningdrone.be\/wp-content\/uploads\/sites\/13\/2025\/08\/DJI-IR3_1_1024x1024_crop_center-300x300.png","_links":{"self":[{"href":"https:\/\/koningdrone.be\/de\/wp-json\/wp\/v2\/product\/14835","targetHints":{"allow":["GET"]}}],"collection":[{"href":"https:\/\/koningdrone.be\/de\/wp-json\/wp\/v2\/product"}],"about":[{"href":"https:\/\/koningdrone.be\/de\/wp-json\/wp\/v2\/types\/product"}],"wp:featuredmedia":[{"embeddable":true,"href":"https:\/\/koningdrone.be\/de\/wp-json\/wp\/v2\/media\/14831"}],"wp:attachment":[{"href":"https:\/\/koningdrone.be\/de\/wp-json\/wp\/v2\/media?parent=14835"}],"wp:term":[{"taxonomy":"product_brand","embeddable":true,"href":"https:\/\/koningdrone.be\/de\/wp-json\/wp\/v2\/product_brand?post=14835"},{"taxonomy":"product_cat","embeddable":true,"href":"https:\/\/koningdrone.be\/de\/wp-json\/wp\/v2\/product_cat?post=14835"},{"taxonomy":"product_tag","embeddable":true,"href":"https:\/\/koningdrone.be\/de\/wp-json\/wp\/v2\/product_tag?post=14835"}],"curies":[{"name":"wp","href":"https:\/\/api.w.org\/{rel}","templated":true}]}}