{"id":14814,"date":"2025-07-03T10:01:01","date_gmt":"2025-07-03T08:01:01","guid":{"rendered":"https:\/\/koningdrone.be\/product\/czi-th1-throwing-hook-for-mavic-3-series-2\/"},"modified":"2025-07-03T10:01:01","modified_gmt":"2025-07-03T08:01:01","slug":"czi-th1-throwing-hook-for-mavic-3-series-2","status":"publish","type":"product","link":"https:\/\/koningdrone.be\/de\/produkt\/czi-th1-throwing-hook-for-mavic-3-series-2\/","title":{"rendered":"CZI TH1 Wurfhaken f\u00fcr Mavic 3 Serie"},"content":{"rendered":"<p>Der CZI TH1 Wurfhaken ist ein leichtes, ferngesteuertes Lastabwurfsystem, das f\u00fcr die DJI Mavic 3 Serie entwickelt wurde. Egal, ob Sie kleine Hilfsg\u00fcter ausliefern, eine Rettungsleine schleppen oder Werkzeuge ausbringen, der TH1 bietet eine sichere und pr\u00e4zise M\u00f6glichkeit, Lasten im Flug abzuwerfen oder zu schleppen. Er verf\u00fcgt \u00fcber einen Schnellabwurfmechanismus und kann Gegenst\u00e4nde mit einem Gewicht von bis zu 40 Gramm transportieren, was ihn ideal f\u00fcr die \u00f6ffentliche Sicherheit, Inspektionen und leichte Logistik macht. Durch die einfache Einrichtung und Steuerung \u00fcber die Fernsteuerung der Drohne erweitert der TH1 die F\u00e4higkeiten Ihrer Mavic 3 f\u00fcr missionskritische Eins\u00e4tze.<\/p>","protected":false},"excerpt":{"rendered":"<ul>\n<li>Erm\u00f6glicht die Fernausl\u00f6sung der Fracht w\u00e4hrend des Fluges.<\/li>\n<li>Ideal f\u00fcr Notlieferungen, Abschleppseile und leichte Werkzeuge.<\/li>\n<li>Einfach zu installieren und zu bedienen mit minimalen Einstellungen.<\/li>\n<li>Leichtes Design f\u00fcr effizientes Fliegen.<\/li>\n<li>Sicherer Griff, um St\u00fcrze zu vermeiden.<\/li>\n<li>Erh\u00f6hen Sie die Missionsflexibilit\u00e4t des Mavic 3.<\/li>\n<\/ul>","protected":false},"featured_media":14809,"template":"","meta":{"_acf_changed":false},"product_brand":[],"product_cat":[58],"product_tag":[],"class_list":{"0":"post-14814","1":"product","2":"type-product","3":"status-publish","4":"has-post-thumbnail","6":"product_cat-uncategorized","7":"pa_brand-czi","8":"pa_producttype-werphaak","9":"pa_series-mavic-3-enterprise","11":"first","12":"outofstock","13":"taxable","14":"shipping-taxable","15":"product-type-simple"},"acf":[],"yoast_head":"<!-- This site is optimized with the Yoast SEO Premium plugin v27.2 (Yoast SEO v27.2) - https:\/\/yoast.com\/product\/yoast-seo-premium-wordpress\/ -->\n<title>CZI TH1 Throwing Hook for Mavic 3 Series - koningdrone.be<\/title>\n<meta name=\"robots\" content=\"index, follow, max-snippet:-1, max-image-preview:large, max-video-preview:-1\" \/>\n<link rel=\"canonical\" href=\"https:\/\/koningdrone.be\/de\/produkt\/czi-th1-throwing-hook-for-mavic-3-series-2\/\" \/>\n<meta property=\"og:locale\" content=\"de_DE\" \/>\n<meta property=\"og:type\" content=\"article\" \/>\n<meta property=\"og:title\" content=\"CZI TH1 Throwing Hook for Mavic 3 Series\" \/>\n<meta property=\"og:description\" content=\"Maakt het mogelijk om de lading op afstand los te laten tijdens de vlucht. Ideaal voor noodleveringen, sleeplijnen en licht gereedschap. Eenvoudig te installeren en te bedienen met minimale instellingen. Lichtgewicht ontwerp zorgt voor effici\u00ebnt vliegen. Veilige grip om per ongeluk vallen te voorkomen. Vergroot de missieflexibiliteit van de Mavic 3.\" \/>\n<meta property=\"og:url\" content=\"https:\/\/koningdrone.be\/de\/produkt\/czi-th1-throwing-hook-for-mavic-3-series-2\/\" \/>\n<meta property=\"og:site_name\" content=\"koningdrone.be\" \/>\n<meta property=\"og:image\" content=\"https:\/\/koningdrone.be\/wp-content\/uploads\/sites\/13\/2025\/08\/TH1\u4ea7\u54c1\u4e3b\u56fe.png\" \/>\n\t<meta property=\"og:image:width\" content=\"2000\" \/>\n\t<meta property=\"og:image:height\" content=\"2000\" \/>\n\t<meta property=\"og:image:type\" content=\"image\/png\" \/>\n<meta name=\"twitter:card\" content=\"summary_large_image\" \/>\n<script type=\"application\/ld+json\" class=\"yoast-schema-graph\">{\"@context\":\"https:\/\/schema.org\",\"@graph\":[{\"@type\":\"WebPage\",\"@id\":\"https:\/\/koningdrone.be\/product\/czi-th1-throwing-hook-for-mavic-3-series-2\/\",\"url\":\"https:\/\/koningdrone.be\/product\/czi-th1-throwing-hook-for-mavic-3-series-2\/\",\"name\":\"CZI TH1 Throwing Hook for Mavic 3 Series - koningdrone.be\",\"isPartOf\":{\"@id\":\"https:\/\/koningdrone.be\/#website\"},\"primaryImageOfPage\":{\"@id\":\"https:\/\/koningdrone.be\/product\/czi-th1-throwing-hook-for-mavic-3-series-2\/#primaryimage\"},\"image\":{\"@id\":\"https:\/\/koningdrone.be\/product\/czi-th1-throwing-hook-for-mavic-3-series-2\/#primaryimage\"},\"thumbnailUrl\":\"https:\/\/koningdrone.be\/wp-content\/uploads\/sites\/13\/2025\/08\/TH1\u4ea7\u54c1\u4e3b\u56fe.png\",\"datePublished\":\"2025-07-03T08:01:01+00:00\",\"breadcrumb\":{\"@id\":\"https:\/\/koningdrone.be\/product\/czi-th1-throwing-hook-for-mavic-3-series-2\/#breadcrumb\"},\"inLanguage\":\"de\",\"potentialAction\":[{\"@type\":\"ReadAction\",\"target\":[\"https:\/\/koningdrone.be\/product\/czi-th1-throwing-hook-for-mavic-3-series-2\/\"]}]},{\"@type\":\"ImageObject\",\"inLanguage\":\"de\",\"@id\":\"https:\/\/koningdrone.be\/product\/czi-th1-throwing-hook-for-mavic-3-series-2\/#primaryimage\",\"url\":\"https:\/\/koningdrone.be\/wp-content\/uploads\/sites\/13\/2025\/08\/TH1\u4ea7\u54c1\u4e3b\u56fe.png\",\"contentUrl\":\"https:\/\/koningdrone.be\/wp-content\/uploads\/sites\/13\/2025\/08\/TH1\u4ea7\u54c1\u4e3b\u56fe.png\",\"width\":2000,\"height\":2000},{\"@type\":\"BreadcrumbList\",\"@id\":\"https:\/\/koningdrone.be\/product\/czi-th1-throwing-hook-for-mavic-3-series-2\/#breadcrumb\",\"itemListElement\":[{\"@type\":\"ListItem\",\"position\":1,\"name\":\"Home\",\"item\":\"https:\/\/koningdrone.be\/\"},{\"@type\":\"ListItem\",\"position\":2,\"name\":\"AVSS Parachute Recovery System for DJI Matrice 300\/350\",\"item\":\"https:\/\/koningdrone.be\/product\/avss-parachute-recovery-system-for-dji-matrice-300-350\/\"},{\"@type\":\"ListItem\",\"position\":3,\"name\":\"Uncategorized\",\"item\":\"https:\/\/koningdrone.be\/categorie\/uncategorized\/\"},{\"@type\":\"ListItem\",\"position\":4,\"name\":\"CZI TH1 Throwing Hook for Mavic 3 Series\"}]},{\"@type\":\"WebSite\",\"@id\":\"https:\/\/koningdrone.be\/#website\",\"url\":\"https:\/\/koningdrone.be\/\",\"name\":\"Koningdrone.be - Uw online specialist in drones, gimbals, camera's en power stations.\",\"description\":\"De webshop in drones en gimbals\",\"publisher\":{\"@id\":\"https:\/\/koningdrone.be\/#organization\"},\"potentialAction\":[{\"@type\":\"SearchAction\",\"target\":{\"@type\":\"EntryPoint\",\"urlTemplate\":\"https:\/\/koningdrone.be\/?s={search_term_string}\"},\"query-input\":{\"@type\":\"PropertyValueSpecification\",\"valueRequired\":true,\"valueName\":\"search_term_string\"}}],\"inLanguage\":\"de\"},{\"@type\":\"Organization\",\"@id\":\"https:\/\/koningdrone.be\/#organization\",\"name\":\"Koningdrone.be\",\"url\":\"https:\/\/koningdrone.be\/\",\"logo\":{\"@type\":\"ImageObject\",\"inLanguage\":\"de\",\"@id\":\"https:\/\/koningdrone.be\/#\/schema\/logo\/image\/\",\"url\":\"https:\/\/koningdrone.be\/wp-content\/uploads\/sites\/13\/2025\/04\/koningdrone-copyright-logo.svg\",\"contentUrl\":\"https:\/\/koningdrone.be\/wp-content\/uploads\/sites\/13\/2025\/04\/koningdrone-copyright-logo.svg\",\"width\":227,\"height\":38,\"caption\":\"Koningdrone.be\"},\"image\":{\"@id\":\"https:\/\/koningdrone.be\/#\/schema\/logo\/image\/\"}}]}<\/script>\n<!-- \/ Yoast SEO Premium plugin. -->","yoast_head_json":{"title":"CZI TH1 Throwing Hook for Mavic 3 Series - koningdrone.be","robots":{"index":"index","follow":"follow","max-snippet":"max-snippet:-1","max-image-preview":"max-image-preview:large","max-video-preview":"max-video-preview:-1"},"canonical":"https:\/\/koningdrone.be\/de\/produkt\/czi-th1-throwing-hook-for-mavic-3-series-2\/","og_locale":"de_DE","og_type":"article","og_title":"CZI TH1 Throwing Hook for Mavic 3 Series","og_description":"Maakt het mogelijk om de lading op afstand los te laten tijdens de vlucht. Ideaal voor noodleveringen, sleeplijnen en licht gereedschap. Eenvoudig te installeren en te bedienen met minimale instellingen. Lichtgewicht ontwerp zorgt voor effici\u00ebnt vliegen. Veilige grip om per ongeluk vallen te voorkomen. Vergroot de missieflexibiliteit van de Mavic 3.","og_url":"https:\/\/koningdrone.be\/de\/produkt\/czi-th1-throwing-hook-for-mavic-3-series-2\/","og_site_name":"koningdrone.be","og_image":[{"width":2000,"height":2000,"url":"https:\/\/koningdrone.be\/wp-content\/uploads\/sites\/13\/2025\/08\/TH1\u4ea7\u54c1\u4e3b\u56fe.png","type":"image\/png"}],"twitter_card":"summary_large_image","schema":{"@context":"https:\/\/schema.org","@graph":[{"@type":"WebPage","@id":"https:\/\/koningdrone.be\/product\/czi-th1-throwing-hook-for-mavic-3-series-2\/","url":"https:\/\/koningdrone.be\/product\/czi-th1-throwing-hook-for-mavic-3-series-2\/","name":"CZI TH1 Throwing Hook for Mavic 3 Series - koningdrone.be","isPartOf":{"@id":"https:\/\/koningdrone.be\/#website"},"primaryImageOfPage":{"@id":"https:\/\/koningdrone.be\/product\/czi-th1-throwing-hook-for-mavic-3-series-2\/#primaryimage"},"image":{"@id":"https:\/\/koningdrone.be\/product\/czi-th1-throwing-hook-for-mavic-3-series-2\/#primaryimage"},"thumbnailUrl":"https:\/\/koningdrone.be\/wp-content\/uploads\/sites\/13\/2025\/08\/TH1\u4ea7\u54c1\u4e3b\u56fe.png","datePublished":"2025-07-03T08:01:01+00:00","breadcrumb":{"@id":"https:\/\/koningdrone.be\/product\/czi-th1-throwing-hook-for-mavic-3-series-2\/#breadcrumb"},"inLanguage":"de","potentialAction":[{"@type":"ReadAction","target":["https:\/\/koningdrone.be\/product\/czi-th1-throwing-hook-for-mavic-3-series-2\/"]}]},{"@type":"ImageObject","inLanguage":"de","@id":"https:\/\/koningdrone.be\/product\/czi-th1-throwing-hook-for-mavic-3-series-2\/#primaryimage","url":"https:\/\/koningdrone.be\/wp-content\/uploads\/sites\/13\/2025\/08\/TH1\u4ea7\u54c1\u4e3b\u56fe.png","contentUrl":"https:\/\/koningdrone.be\/wp-content\/uploads\/sites\/13\/2025\/08\/TH1\u4ea7\u54c1\u4e3b\u56fe.png","width":2000,"height":2000},{"@type":"BreadcrumbList","@id":"https:\/\/koningdrone.be\/product\/czi-th1-throwing-hook-for-mavic-3-series-2\/#breadcrumb","itemListElement":[{"@type":"ListItem","position":1,"name":"Home","item":"https:\/\/koningdrone.be\/"},{"@type":"ListItem","position":2,"name":"AVSS Parachute Recovery System for DJI Matrice 300\/350","item":"https:\/\/koningdrone.be\/product\/avss-parachute-recovery-system-for-dji-matrice-300-350\/"},{"@type":"ListItem","position":3,"name":"Uncategorized","item":"https:\/\/koningdrone.be\/categorie\/uncategorized\/"},{"@type":"ListItem","position":4,"name":"CZI TH1 Throwing Hook for Mavic 3 Series"}]},{"@type":"WebSite","@id":"https:\/\/koningdrone.be\/#website","url":"https:\/\/koningdrone.be\/","name":"Koningdrone.be - Ihr Online-Spezialist f\u00fcr Drohnen, Gimbals, Kameras und Kraftwerke.","description":"Der Webshop f\u00fcr Drohnen und Gimbals","publisher":{"@id":"https:\/\/koningdrone.be\/#organization"},"potentialAction":[{"@type":"SearchAction","target":{"@type":"EntryPoint","urlTemplate":"https:\/\/koningdrone.be\/?s={search_term_string}"},"query-input":{"@type":"PropertyValueSpecification","valueRequired":true,"valueName":"search_term_string"}}],"inLanguage":"de"},{"@type":"Organization","@id":"https:\/\/koningdrone.be\/#organization","name":"Kingdrone.de","url":"https:\/\/koningdrone.be\/","logo":{"@type":"ImageObject","inLanguage":"de","@id":"https:\/\/koningdrone.be\/#\/schema\/logo\/image\/","url":"https:\/\/koningdrone.be\/wp-content\/uploads\/sites\/13\/2025\/04\/koningdrone-copyright-logo.svg","contentUrl":"https:\/\/koningdrone.be\/wp-content\/uploads\/sites\/13\/2025\/04\/koningdrone-copyright-logo.svg","width":227,"height":38,"caption":"Koningdrone.be"},"image":{"@id":"https:\/\/koningdrone.be\/#\/schema\/logo\/image\/"}}]}},"df_price":"","df_sale_price":"","df_regular_price":"","df_image_link":"https:\/\/koningdrone.be\/wp-content\/uploads\/sites\/13\/2025\/08\/TH1\u4ea7\u54c1\u4e3b\u56fe-300x300.png","_links":{"self":[{"href":"https:\/\/koningdrone.be\/de\/wp-json\/wp\/v2\/product\/14814","targetHints":{"allow":["GET"]}}],"collection":[{"href":"https:\/\/koningdrone.be\/de\/wp-json\/wp\/v2\/product"}],"about":[{"href":"https:\/\/koningdrone.be\/de\/wp-json\/wp\/v2\/types\/product"}],"wp:featuredmedia":[{"embeddable":true,"href":"https:\/\/koningdrone.be\/de\/wp-json\/wp\/v2\/media\/14809"}],"wp:attachment":[{"href":"https:\/\/koningdrone.be\/de\/wp-json\/wp\/v2\/media?parent=14814"}],"wp:term":[{"taxonomy":"product_brand","embeddable":true,"href":"https:\/\/koningdrone.be\/de\/wp-json\/wp\/v2\/product_brand?post=14814"},{"taxonomy":"product_cat","embeddable":true,"href":"https:\/\/koningdrone.be\/de\/wp-json\/wp\/v2\/product_cat?post=14814"},{"taxonomy":"product_tag","embeddable":true,"href":"https:\/\/koningdrone.be\/de\/wp-json\/wp\/v2\/product_tag?post=14814"}],"curies":[{"name":"wp","href":"https:\/\/api.w.org\/{rel}","templated":true}]}}