{"id":14806,"date":"2025-07-03T10:02:01","date_gmt":"2025-07-03T08:02:01","guid":{"rendered":"https:\/\/koningdrone.be\/product\/parazero-safe-air-mavic-3-astm-f3322-22-certified-moc-25112512-with-rc\/"},"modified":"2026-04-29T16:30:02","modified_gmt":"2026-04-29T14:30:02","slug":"parazero-safe-air-mavic-3-astm-f3322-22-certified-moc-25112512-with-rc","status":"publish","type":"product","link":"https:\/\/koningdrone.be\/de\/produkt\/parazero-safe-air-mavic-3-astm-f3322-22-certified-moc-25112512-with-rc\/","title":{"rendered":"ParaZero Safe Air Mavic 3 ASTM F3322-22 zertifiziert + MoC 2511+2512 mit RC"},"content":{"rendered":"<p>ParaZero SafeAir f\u00fcr die Mavic 3 ist ein fortschrittliches Sicherheitssystem f\u00fcr Drohnen, das im Falle eines Notfalls in der Luft eine zuverl\u00e4ssige Fallschirmrettungsl\u00f6sung bietet. Es wurde speziell f\u00fcr die Mavic 3-Serie entwickelt und kombiniert fortschrittliche Sensoren und eine autonome Aktivierung, um im Falle einer Fehlfunktion oder eines kritischen Problems schnell einen Fallschirm auszul\u00f6sen. Dieses Modell ist nach ASTM F3322-22 zertifiziert und erf\u00fcllt damit die h\u00f6chsten Sicherheitsstandards f\u00fcr Eins\u00e4tze \u00fcber Menschen. Es umfasst au\u00dferdem Means of Compliance (MoC 2511+2512) und eine spezielle Fernbedienung f\u00fcr die manuelle Aktivierung. Dieses System ist ein Muss f\u00fcr Drohnenpiloten, die kommerzielle Eins\u00e4tze, Missionen f\u00fcr die \u00f6ffentliche Sicherheit oder Fl\u00fcge im regulierten Luftraum durchf\u00fchren, wo zus\u00e4tzliche Sicherheit erforderlich ist.<\/p>","protected":false},"excerpt":{"rendered":"<ul>\n<li>Schnelle Entfaltung des Fallschirms f\u00fcr sichere Notlandungen.<\/li>\n<li>ASTM F3322-22 zertifiziert f\u00fcr die Verwendung \u00fcber Personen.<\/li>\n<li>Inklusive Fernbedienung mit manuellem Ausl\u00f6ser f\u00fcr zus\u00e4tzliche Sicherheitskontrolle.<\/li>\n<li>Leichtes und aerodynamisches Design zur Erhaltung der Flugleistung.<\/li>\n<li>Entspricht den Normen der Luftfahrtbeh\u00f6rde.<\/li>\n<li>Erh\u00f6hung der Betriebssicherheit f\u00fcr kommerzielle Missionen.<\/li>\n<\/ul>","protected":false},"featured_media":14798,"template":"","meta":{"_acf_changed":false},"product_brand":[],"product_cat":[58],"product_tag":[],"class_list":{"0":"post-14806","1":"product","2":"type-product","3":"status-publish","4":"has-post-thumbnail","6":"product_cat-uncategorized","7":"product_shipping_class-outofstock","8":"pa_brand-parazero","9":"pa_producttype-veiligheidssysteem-voor-drones","11":"first","12":"outofstock","13":"taxable","14":"shipping-taxable","15":"purchasable","16":"product-type-simple"},"acf":[],"yoast_head":"<!-- This site is optimized with the Yoast SEO Premium plugin v27.2 (Yoast SEO v27.2) - https:\/\/yoast.com\/product\/yoast-seo-premium-wordpress\/ -->\n<title>ParaZero Safe Air Mavic 3 ASTM F3322-22 Certified + MoC 2511+2512 with RC - koningdrone.be<\/title>\n<meta name=\"robots\" content=\"index, follow, max-snippet:-1, max-image-preview:large, max-video-preview:-1\" \/>\n<link rel=\"canonical\" href=\"https:\/\/koningdrone.be\/de\/produkt\/parazero-safe-air-mavic-3-astm-f3322-22-certified-moc-25112512-with-rc\/\" \/>\n<meta property=\"og:locale\" content=\"de_DE\" \/>\n<meta property=\"og:type\" content=\"article\" \/>\n<meta property=\"og:title\" content=\"ParaZero Safe Air Mavic 3 ASTM F3322-22 Certified + MoC 2511+2512 with RC\" \/>\n<meta property=\"og:description\" content=\"Snelle ontplooiing van de parachute voor veilige noodlandingen. ASTM F3322-22 gecertificeerd voor gebruik boven mensen. Inclusief afstandsbediening met handmatige trekker voor extra veiligheidscontrole. Lichtgewicht en aerodynamisch ontwerp voor behoud van vluchtprestaties. Ontworpen om te voldoen aan de normen van de luchtvaartautoriteiten. Vergroot het operationele vertrouwen voor commerci\u00eble missies.\" \/>\n<meta property=\"og:url\" content=\"https:\/\/koningdrone.be\/de\/produkt\/parazero-safe-air-mavic-3-astm-f3322-22-certified-moc-25112512-with-rc\/\" \/>\n<meta property=\"og:site_name\" content=\"koningdrone.be\" \/>\n<meta property=\"article:modified_time\" content=\"2026-04-29T14:30:02+00:00\" \/>\n<meta property=\"og:image\" content=\"https:\/\/koningdrone.be\/wp-content\/uploads\/sites\/13\/2025\/08\/MGL8529-300x186-1.jpg\" \/>\n\t<meta property=\"og:image:width\" content=\"300\" \/>\n\t<meta property=\"og:image:height\" content=\"186\" \/>\n\t<meta property=\"og:image:type\" content=\"image\/jpeg\" \/>\n<meta name=\"twitter:card\" content=\"summary_large_image\" \/>\n<meta name=\"twitter:label1\" content=\"Gesch\u00e4tzte Lesezeit\" \/>\n\t<meta name=\"twitter:data1\" content=\"1\u00a0Minute\" \/>\n<script type=\"application\/ld+json\" class=\"yoast-schema-graph\">{\"@context\":\"https:\/\/schema.org\",\"@graph\":[{\"@type\":\"WebPage\",\"@id\":\"https:\/\/koningdrone.be\/product\/parazero-safe-air-mavic-3-astm-f3322-22-certified-moc-25112512-with-rc\/\",\"url\":\"https:\/\/koningdrone.be\/product\/parazero-safe-air-mavic-3-astm-f3322-22-certified-moc-25112512-with-rc\/\",\"name\":\"ParaZero Safe Air Mavic 3 ASTM F3322-22 Certified + MoC 2511+2512 with RC - koningdrone.be\",\"isPartOf\":{\"@id\":\"https:\/\/koningdrone.be\/#website\"},\"primaryImageOfPage\":{\"@id\":\"https:\/\/koningdrone.be\/product\/parazero-safe-air-mavic-3-astm-f3322-22-certified-moc-25112512-with-rc\/#primaryimage\"},\"image\":{\"@id\":\"https:\/\/koningdrone.be\/product\/parazero-safe-air-mavic-3-astm-f3322-22-certified-moc-25112512-with-rc\/#primaryimage\"},\"thumbnailUrl\":\"https:\/\/koningdrone.be\/wp-content\/uploads\/sites\/13\/2025\/08\/MGL8529-300x186-1.jpg\",\"datePublished\":\"2025-07-03T08:02:01+00:00\",\"dateModified\":\"2026-04-29T14:30:02+00:00\",\"breadcrumb\":{\"@id\":\"https:\/\/koningdrone.be\/product\/parazero-safe-air-mavic-3-astm-f3322-22-certified-moc-25112512-with-rc\/#breadcrumb\"},\"inLanguage\":\"de\",\"potentialAction\":[{\"@type\":\"ReadAction\",\"target\":[\"https:\/\/koningdrone.be\/product\/parazero-safe-air-mavic-3-astm-f3322-22-certified-moc-25112512-with-rc\/\"]}]},{\"@type\":\"ImageObject\",\"inLanguage\":\"de\",\"@id\":\"https:\/\/koningdrone.be\/product\/parazero-safe-air-mavic-3-astm-f3322-22-certified-moc-25112512-with-rc\/#primaryimage\",\"url\":\"https:\/\/koningdrone.be\/wp-content\/uploads\/sites\/13\/2025\/08\/MGL8529-300x186-1.jpg\",\"contentUrl\":\"https:\/\/koningdrone.be\/wp-content\/uploads\/sites\/13\/2025\/08\/MGL8529-300x186-1.jpg\",\"width\":300,\"height\":186},{\"@type\":\"BreadcrumbList\",\"@id\":\"https:\/\/koningdrone.be\/product\/parazero-safe-air-mavic-3-astm-f3322-22-certified-moc-25112512-with-rc\/#breadcrumb\",\"itemListElement\":[{\"@type\":\"ListItem\",\"position\":1,\"name\":\"Home\",\"item\":\"https:\/\/koningdrone.be\/\"},{\"@type\":\"ListItem\",\"position\":2,\"name\":\"AVSS Parachute Recovery System for DJI Matrice 300\/350\",\"item\":\"https:\/\/koningdrone.be\/product\/avss-parachute-recovery-system-for-dji-matrice-300-350\/\"},{\"@type\":\"ListItem\",\"position\":3,\"name\":\"Uncategorized\",\"item\":\"https:\/\/koningdrone.be\/categorie\/uncategorized\/\"},{\"@type\":\"ListItem\",\"position\":4,\"name\":\"ParaZero Safe Air Mavic 3 ASTM F3322-22 Certified + MoC 2511+2512 with RC\"}]},{\"@type\":\"WebSite\",\"@id\":\"https:\/\/koningdrone.be\/#website\",\"url\":\"https:\/\/koningdrone.be\/\",\"name\":\"Koningdrone.be - Uw online specialist in drones, gimbals, camera's en power stations.\",\"description\":\"De webshop in drones en gimbals\",\"publisher\":{\"@id\":\"https:\/\/koningdrone.be\/#organization\"},\"potentialAction\":[{\"@type\":\"SearchAction\",\"target\":{\"@type\":\"EntryPoint\",\"urlTemplate\":\"https:\/\/koningdrone.be\/?s={search_term_string}\"},\"query-input\":{\"@type\":\"PropertyValueSpecification\",\"valueRequired\":true,\"valueName\":\"search_term_string\"}}],\"inLanguage\":\"de\"},{\"@type\":\"Organization\",\"@id\":\"https:\/\/koningdrone.be\/#organization\",\"name\":\"Koningdrone.be\",\"url\":\"https:\/\/koningdrone.be\/\",\"logo\":{\"@type\":\"ImageObject\",\"inLanguage\":\"de\",\"@id\":\"https:\/\/koningdrone.be\/#\/schema\/logo\/image\/\",\"url\":\"https:\/\/koningdrone.be\/wp-content\/uploads\/sites\/13\/2025\/04\/koningdrone-copyright-logo.svg\",\"contentUrl\":\"https:\/\/koningdrone.be\/wp-content\/uploads\/sites\/13\/2025\/04\/koningdrone-copyright-logo.svg\",\"width\":227,\"height\":38,\"caption\":\"Koningdrone.be\"},\"image\":{\"@id\":\"https:\/\/koningdrone.be\/#\/schema\/logo\/image\/\"}}]}<\/script>\n<!-- \/ Yoast SEO Premium plugin. -->","yoast_head_json":{"title":"ParaZero Safe Air Mavic 3 ASTM F3322-22 Certified + MoC 2511+2512 with RC - koningdrone.be","robots":{"index":"index","follow":"follow","max-snippet":"max-snippet:-1","max-image-preview":"max-image-preview:large","max-video-preview":"max-video-preview:-1"},"canonical":"https:\/\/koningdrone.be\/de\/produkt\/parazero-safe-air-mavic-3-astm-f3322-22-certified-moc-25112512-with-rc\/","og_locale":"de_DE","og_type":"article","og_title":"ParaZero Safe Air Mavic 3 ASTM F3322-22 Certified + MoC 2511+2512 with RC","og_description":"Snelle ontplooiing van de parachute voor veilige noodlandingen. ASTM F3322-22 gecertificeerd voor gebruik boven mensen. Inclusief afstandsbediening met handmatige trekker voor extra veiligheidscontrole. Lichtgewicht en aerodynamisch ontwerp voor behoud van vluchtprestaties. Ontworpen om te voldoen aan de normen van de luchtvaartautoriteiten. Vergroot het operationele vertrouwen voor commerci\u00eble missies.","og_url":"https:\/\/koningdrone.be\/de\/produkt\/parazero-safe-air-mavic-3-astm-f3322-22-certified-moc-25112512-with-rc\/","og_site_name":"koningdrone.be","article_modified_time":"2026-04-29T14:30:02+00:00","og_image":[{"width":300,"height":186,"url":"https:\/\/koningdrone.be\/wp-content\/uploads\/sites\/13\/2025\/08\/MGL8529-300x186-1.jpg","type":"image\/jpeg"}],"twitter_card":"summary_large_image","twitter_misc":{"Gesch\u00e4tzte Lesezeit":"1\u00a0Minute"},"schema":{"@context":"https:\/\/schema.org","@graph":[{"@type":"WebPage","@id":"https:\/\/koningdrone.be\/product\/parazero-safe-air-mavic-3-astm-f3322-22-certified-moc-25112512-with-rc\/","url":"https:\/\/koningdrone.be\/product\/parazero-safe-air-mavic-3-astm-f3322-22-certified-moc-25112512-with-rc\/","name":"ParaZero Safe Air Mavic 3 ASTM F3322-22 Certified + MoC 2511+2512 with RC - koningdrone.be","isPartOf":{"@id":"https:\/\/koningdrone.be\/#website"},"primaryImageOfPage":{"@id":"https:\/\/koningdrone.be\/product\/parazero-safe-air-mavic-3-astm-f3322-22-certified-moc-25112512-with-rc\/#primaryimage"},"image":{"@id":"https:\/\/koningdrone.be\/product\/parazero-safe-air-mavic-3-astm-f3322-22-certified-moc-25112512-with-rc\/#primaryimage"},"thumbnailUrl":"https:\/\/koningdrone.be\/wp-content\/uploads\/sites\/13\/2025\/08\/MGL8529-300x186-1.jpg","datePublished":"2025-07-03T08:02:01+00:00","dateModified":"2026-04-29T14:30:02+00:00","breadcrumb":{"@id":"https:\/\/koningdrone.be\/product\/parazero-safe-air-mavic-3-astm-f3322-22-certified-moc-25112512-with-rc\/#breadcrumb"},"inLanguage":"de","potentialAction":[{"@type":"ReadAction","target":["https:\/\/koningdrone.be\/product\/parazero-safe-air-mavic-3-astm-f3322-22-certified-moc-25112512-with-rc\/"]}]},{"@type":"ImageObject","inLanguage":"de","@id":"https:\/\/koningdrone.be\/product\/parazero-safe-air-mavic-3-astm-f3322-22-certified-moc-25112512-with-rc\/#primaryimage","url":"https:\/\/koningdrone.be\/wp-content\/uploads\/sites\/13\/2025\/08\/MGL8529-300x186-1.jpg","contentUrl":"https:\/\/koningdrone.be\/wp-content\/uploads\/sites\/13\/2025\/08\/MGL8529-300x186-1.jpg","width":300,"height":186},{"@type":"BreadcrumbList","@id":"https:\/\/koningdrone.be\/product\/parazero-safe-air-mavic-3-astm-f3322-22-certified-moc-25112512-with-rc\/#breadcrumb","itemListElement":[{"@type":"ListItem","position":1,"name":"Home","item":"https:\/\/koningdrone.be\/"},{"@type":"ListItem","position":2,"name":"AVSS Parachute Recovery System for DJI Matrice 300\/350","item":"https:\/\/koningdrone.be\/product\/avss-parachute-recovery-system-for-dji-matrice-300-350\/"},{"@type":"ListItem","position":3,"name":"Uncategorized","item":"https:\/\/koningdrone.be\/categorie\/uncategorized\/"},{"@type":"ListItem","position":4,"name":"ParaZero Safe Air Mavic 3 ASTM F3322-22 Certified + MoC 2511+2512 with RC"}]},{"@type":"WebSite","@id":"https:\/\/koningdrone.be\/#website","url":"https:\/\/koningdrone.be\/","name":"Koningdrone.be - Ihr Online-Spezialist f\u00fcr Drohnen, Gimbals, Kameras und Kraftwerke.","description":"Der Webshop f\u00fcr Drohnen und Gimbals","publisher":{"@id":"https:\/\/koningdrone.be\/#organization"},"potentialAction":[{"@type":"SearchAction","target":{"@type":"EntryPoint","urlTemplate":"https:\/\/koningdrone.be\/?s={search_term_string}"},"query-input":{"@type":"PropertyValueSpecification","valueRequired":true,"valueName":"search_term_string"}}],"inLanguage":"de"},{"@type":"Organization","@id":"https:\/\/koningdrone.be\/#organization","name":"Kingdrone.de","url":"https:\/\/koningdrone.be\/","logo":{"@type":"ImageObject","inLanguage":"de","@id":"https:\/\/koningdrone.be\/#\/schema\/logo\/image\/","url":"https:\/\/koningdrone.be\/wp-content\/uploads\/sites\/13\/2025\/04\/koningdrone-copyright-logo.svg","contentUrl":"https:\/\/koningdrone.be\/wp-content\/uploads\/sites\/13\/2025\/04\/koningdrone-copyright-logo.svg","width":227,"height":38,"caption":"Koningdrone.be"},"image":{"@id":"https:\/\/koningdrone.be\/#\/schema\/logo\/image\/"}}]}},"df_price":2055.79,"df_sale_price":"","df_regular_price":2055.79,"df_image_link":"https:\/\/koningdrone.be\/wp-content\/uploads\/sites\/13\/2025\/08\/MGL8529-300x186-1.jpg","_links":{"self":[{"href":"https:\/\/koningdrone.be\/de\/wp-json\/wp\/v2\/product\/14806","targetHints":{"allow":["GET"]}}],"collection":[{"href":"https:\/\/koningdrone.be\/de\/wp-json\/wp\/v2\/product"}],"about":[{"href":"https:\/\/koningdrone.be\/de\/wp-json\/wp\/v2\/types\/product"}],"wp:featuredmedia":[{"embeddable":true,"href":"https:\/\/koningdrone.be\/de\/wp-json\/wp\/v2\/media\/14798"}],"wp:attachment":[{"href":"https:\/\/koningdrone.be\/de\/wp-json\/wp\/v2\/media?parent=14806"}],"wp:term":[{"taxonomy":"product_brand","embeddable":true,"href":"https:\/\/koningdrone.be\/de\/wp-json\/wp\/v2\/product_brand?post=14806"},{"taxonomy":"product_cat","embeddable":true,"href":"https:\/\/koningdrone.be\/de\/wp-json\/wp\/v2\/product_cat?post=14806"},{"taxonomy":"product_tag","embeddable":true,"href":"https:\/\/koningdrone.be\/de\/wp-json\/wp\/v2\/product_tag?post=14806"}],"curies":[{"name":"wp","href":"https:\/\/api.w.org\/{rel}","templated":true}]}}