{"id":14779,"date":"2025-07-03T10:02:01","date_gmt":"2025-07-03T08:02:01","guid":{"rendered":"https:\/\/koningdrone.be\/product\/dji-relay\/"},"modified":"2026-04-30T04:30:55","modified_gmt":"2026-04-30T02:30:55","slug":"dji-relay","status":"publish","type":"product","link":"https:\/\/koningdrone.be\/de\/produkt\/dji-relay\/","title":{"rendered":"DJI-Relais"},"content":{"rendered":"<p>Das DJI Relay ist ein Signalrelaismodul, das die Kommunikation von Drohnen in landwirtschaftlichen Umgebungen verbessern soll. Es \u00fcberbr\u00fcckt effektiv L\u00fccken, die durch das Gel\u00e4nde oder dichtes Blattwerk entstehen, und sorgt f\u00fcr einen reibungsloseren Betrieb bei langen Fl\u00fcgen. Das kompakte und tragbare Modul ist f\u00fcr den einfachen Einsatz auf abgelegenen Feldern optimiert. Es wird \u00fcber den internen Akku oder eine USB-PD-Powerbank betrieben und ist f\u00fcr lange Arbeitstage auf dem Feld ausgelegt. Es ist robust f\u00fcr den Einsatz auf Bauernh\u00f6fen und kann schnell an Standardstativen oder -stangen befestigt werden. Speziell f\u00fcr DJI Agras Drohnen entwickelt, setzt es neue Ma\u00dfst\u00e4be f\u00fcr eine zuverl\u00e4ssige Signalleistung in schwierigen Umgebungen.<\/p>","protected":false},"excerpt":{"rendered":"<ul>\n<li>Bietet eine nahtlose Relaisabdeckung \u00fcber weite landwirtschaftliche Fl\u00e4chen.<\/li>\n<li>Adressieren Sie Signalausf\u00e4lle aufgrund von hohen Pflanzen oder unebenem Terrain.<\/li>\n<li>Kompaktes, robustes Design f\u00fcr den Einsatz im Feld.<\/li>\n<li>Interner Akku mit einer Betriebsdauer von bis zu 4 Stunden.<\/li>\n<li>Kann kontinuierlich arbeiten, wenn es mit einer Powerbank aufgeladen wird.<\/li>\n<li>Einfaches Aufstellen auf einem Stativ oder einer Stange - innerhalb weniger Minuten einsatzbereit.<\/li>\n<\/ul>","protected":false},"featured_media":14777,"template":"","meta":{"_acf_changed":false},"product_brand":[],"product_cat":[58],"product_tag":[],"class_list":{"0":"post-14779","1":"product","2":"type-product","3":"status-publish","4":"has-post-thumbnail","6":"product_cat-uncategorized","7":"product_shipping_class-dronelandall","8":"pa_brand-dji","9":"pa_producttype-signaalherhalende-module","11":"first","12":"instock","13":"taxable","14":"shipping-taxable","15":"purchasable","16":"product-type-simple"},"acf":[],"yoast_head":"<!-- This site is optimized with the Yoast SEO Premium plugin v27.2 (Yoast SEO v27.2) - https:\/\/yoast.com\/product\/yoast-seo-premium-wordpress\/ -->\n<title>DJI Relay - koningdrone.be<\/title>\n<meta name=\"robots\" content=\"index, follow, max-snippet:-1, max-image-preview:large, max-video-preview:-1\" \/>\n<link rel=\"canonical\" href=\"https:\/\/koningdrone.be\/de\/produkt\/dji-relay\/\" \/>\n<meta property=\"og:locale\" content=\"de_DE\" \/>\n<meta property=\"og:type\" content=\"article\" \/>\n<meta property=\"og:title\" content=\"DJI Relay\" \/>\n<meta property=\"og:description\" content=\"Biedt naadloze relaisdekking over uitgestrekte landbouwgrond. Pak signaaluitval door hoge gewassen of oneffen terrein aan. Compact, robuust ontwerp gebouwd voor veldomstandigheden. Interne batterij met een werktijd tot 4 uur. Kan continu werken als hij wordt opgeladen met een powerbank. Eenvoudig op te stellen op statief of paal - binnen enkele minuten te gebruiken.\" \/>\n<meta property=\"og:url\" content=\"https:\/\/koningdrone.be\/de\/produkt\/dji-relay\/\" \/>\n<meta property=\"og:site_name\" content=\"koningdrone.be\" \/>\n<meta property=\"article:modified_time\" content=\"2026-04-30T02:30:55+00:00\" \/>\n<meta property=\"og:image\" content=\"https:\/\/koningdrone.be\/wp-content\/uploads\/sites\/13\/2025\/08\/PRODUCT-THUMB-AGRAS-T40-P8-01.jpg\" \/>\n\t<meta property=\"og:image:width\" content=\"800\" \/>\n\t<meta property=\"og:image:height\" content=\"600\" \/>\n\t<meta property=\"og:image:type\" content=\"image\/jpeg\" \/>\n<meta name=\"twitter:card\" content=\"summary_large_image\" \/>\n<meta name=\"twitter:label1\" content=\"Gesch\u00e4tzte Lesezeit\" \/>\n\t<meta name=\"twitter:data1\" content=\"1\u00a0Minute\" \/>\n<script type=\"application\/ld+json\" class=\"yoast-schema-graph\">{\"@context\":\"https:\/\/schema.org\",\"@graph\":[{\"@type\":\"WebPage\",\"@id\":\"https:\/\/koningdrone.be\/product\/dji-relay\/\",\"url\":\"https:\/\/koningdrone.be\/product\/dji-relay\/\",\"name\":\"DJI Relay - koningdrone.be\",\"isPartOf\":{\"@id\":\"https:\/\/koningdrone.be\/#website\"},\"primaryImageOfPage\":{\"@id\":\"https:\/\/koningdrone.be\/product\/dji-relay\/#primaryimage\"},\"image\":{\"@id\":\"https:\/\/koningdrone.be\/product\/dji-relay\/#primaryimage\"},\"thumbnailUrl\":\"https:\/\/koningdrone.be\/wp-content\/uploads\/sites\/13\/2025\/08\/PRODUCT-THUMB-AGRAS-T40-P8-01.jpg\",\"datePublished\":\"2025-07-03T08:02:01+00:00\",\"dateModified\":\"2026-04-30T02:30:55+00:00\",\"breadcrumb\":{\"@id\":\"https:\/\/koningdrone.be\/product\/dji-relay\/#breadcrumb\"},\"inLanguage\":\"de\",\"potentialAction\":[{\"@type\":\"ReadAction\",\"target\":[\"https:\/\/koningdrone.be\/product\/dji-relay\/\"]}]},{\"@type\":\"ImageObject\",\"inLanguage\":\"de\",\"@id\":\"https:\/\/koningdrone.be\/product\/dji-relay\/#primaryimage\",\"url\":\"https:\/\/koningdrone.be\/wp-content\/uploads\/sites\/13\/2025\/08\/PRODUCT-THUMB-AGRAS-T40-P8-01.jpg\",\"contentUrl\":\"https:\/\/koningdrone.be\/wp-content\/uploads\/sites\/13\/2025\/08\/PRODUCT-THUMB-AGRAS-T40-P8-01.jpg\",\"width\":800,\"height\":600},{\"@type\":\"BreadcrumbList\",\"@id\":\"https:\/\/koningdrone.be\/product\/dji-relay\/#breadcrumb\",\"itemListElement\":[{\"@type\":\"ListItem\",\"position\":1,\"name\":\"Home\",\"item\":\"https:\/\/koningdrone.be\/\"},{\"@type\":\"ListItem\",\"position\":2,\"name\":\"AVSS Parachute Recovery System for DJI Matrice 300\/350\",\"item\":\"https:\/\/koningdrone.be\/product\/avss-parachute-recovery-system-for-dji-matrice-300-350\/\"},{\"@type\":\"ListItem\",\"position\":3,\"name\":\"Uncategorized\",\"item\":\"https:\/\/koningdrone.be\/categorie\/uncategorized\/\"},{\"@type\":\"ListItem\",\"position\":4,\"name\":\"DJI Relay\"}]},{\"@type\":\"WebSite\",\"@id\":\"https:\/\/koningdrone.be\/#website\",\"url\":\"https:\/\/koningdrone.be\/\",\"name\":\"Koningdrone.be - Uw online specialist in drones, gimbals, camera's en power stations.\",\"description\":\"De webshop in drones en gimbals\",\"publisher\":{\"@id\":\"https:\/\/koningdrone.be\/#organization\"},\"potentialAction\":[{\"@type\":\"SearchAction\",\"target\":{\"@type\":\"EntryPoint\",\"urlTemplate\":\"https:\/\/koningdrone.be\/?s={search_term_string}\"},\"query-input\":{\"@type\":\"PropertyValueSpecification\",\"valueRequired\":true,\"valueName\":\"search_term_string\"}}],\"inLanguage\":\"de\"},{\"@type\":\"Organization\",\"@id\":\"https:\/\/koningdrone.be\/#organization\",\"name\":\"Koningdrone.be\",\"url\":\"https:\/\/koningdrone.be\/\",\"logo\":{\"@type\":\"ImageObject\",\"inLanguage\":\"de\",\"@id\":\"https:\/\/koningdrone.be\/#\/schema\/logo\/image\/\",\"url\":\"https:\/\/koningdrone.be\/wp-content\/uploads\/sites\/13\/2025\/04\/koningdrone-copyright-logo.svg\",\"contentUrl\":\"https:\/\/koningdrone.be\/wp-content\/uploads\/sites\/13\/2025\/04\/koningdrone-copyright-logo.svg\",\"width\":227,\"height\":38,\"caption\":\"Koningdrone.be\"},\"image\":{\"@id\":\"https:\/\/koningdrone.be\/#\/schema\/logo\/image\/\"}}]}<\/script>\n<!-- \/ Yoast SEO Premium plugin. -->","yoast_head_json":{"title":"DJI Relay - koningdrone.be","robots":{"index":"index","follow":"follow","max-snippet":"max-snippet:-1","max-image-preview":"max-image-preview:large","max-video-preview":"max-video-preview:-1"},"canonical":"https:\/\/koningdrone.be\/de\/produkt\/dji-relay\/","og_locale":"de_DE","og_type":"article","og_title":"DJI Relay","og_description":"Biedt naadloze relaisdekking over uitgestrekte landbouwgrond. Pak signaaluitval door hoge gewassen of oneffen terrein aan. Compact, robuust ontwerp gebouwd voor veldomstandigheden. Interne batterij met een werktijd tot 4 uur. Kan continu werken als hij wordt opgeladen met een powerbank. Eenvoudig op te stellen op statief of paal - binnen enkele minuten te gebruiken.","og_url":"https:\/\/koningdrone.be\/de\/produkt\/dji-relay\/","og_site_name":"koningdrone.be","article_modified_time":"2026-04-30T02:30:55+00:00","og_image":[{"width":800,"height":600,"url":"https:\/\/koningdrone.be\/wp-content\/uploads\/sites\/13\/2025\/08\/PRODUCT-THUMB-AGRAS-T40-P8-01.jpg","type":"image\/jpeg"}],"twitter_card":"summary_large_image","twitter_misc":{"Gesch\u00e4tzte Lesezeit":"1\u00a0Minute"},"schema":{"@context":"https:\/\/schema.org","@graph":[{"@type":"WebPage","@id":"https:\/\/koningdrone.be\/product\/dji-relay\/","url":"https:\/\/koningdrone.be\/product\/dji-relay\/","name":"DJI Relay - koningdrone.be","isPartOf":{"@id":"https:\/\/koningdrone.be\/#website"},"primaryImageOfPage":{"@id":"https:\/\/koningdrone.be\/product\/dji-relay\/#primaryimage"},"image":{"@id":"https:\/\/koningdrone.be\/product\/dji-relay\/#primaryimage"},"thumbnailUrl":"https:\/\/koningdrone.be\/wp-content\/uploads\/sites\/13\/2025\/08\/PRODUCT-THUMB-AGRAS-T40-P8-01.jpg","datePublished":"2025-07-03T08:02:01+00:00","dateModified":"2026-04-30T02:30:55+00:00","breadcrumb":{"@id":"https:\/\/koningdrone.be\/product\/dji-relay\/#breadcrumb"},"inLanguage":"de","potentialAction":[{"@type":"ReadAction","target":["https:\/\/koningdrone.be\/product\/dji-relay\/"]}]},{"@type":"ImageObject","inLanguage":"de","@id":"https:\/\/koningdrone.be\/product\/dji-relay\/#primaryimage","url":"https:\/\/koningdrone.be\/wp-content\/uploads\/sites\/13\/2025\/08\/PRODUCT-THUMB-AGRAS-T40-P8-01.jpg","contentUrl":"https:\/\/koningdrone.be\/wp-content\/uploads\/sites\/13\/2025\/08\/PRODUCT-THUMB-AGRAS-T40-P8-01.jpg","width":800,"height":600},{"@type":"BreadcrumbList","@id":"https:\/\/koningdrone.be\/product\/dji-relay\/#breadcrumb","itemListElement":[{"@type":"ListItem","position":1,"name":"Home","item":"https:\/\/koningdrone.be\/"},{"@type":"ListItem","position":2,"name":"AVSS Parachute Recovery System for DJI Matrice 300\/350","item":"https:\/\/koningdrone.be\/product\/avss-parachute-recovery-system-for-dji-matrice-300-350\/"},{"@type":"ListItem","position":3,"name":"Uncategorized","item":"https:\/\/koningdrone.be\/categorie\/uncategorized\/"},{"@type":"ListItem","position":4,"name":"DJI Relay"}]},{"@type":"WebSite","@id":"https:\/\/koningdrone.be\/#website","url":"https:\/\/koningdrone.be\/","name":"Koningdrone.be - Ihr Online-Spezialist f\u00fcr Drohnen, Gimbals, Kameras und Kraftwerke.","description":"Der Webshop f\u00fcr Drohnen und Gimbals","publisher":{"@id":"https:\/\/koningdrone.be\/#organization"},"potentialAction":[{"@type":"SearchAction","target":{"@type":"EntryPoint","urlTemplate":"https:\/\/koningdrone.be\/?s={search_term_string}"},"query-input":{"@type":"PropertyValueSpecification","valueRequired":true,"valueName":"search_term_string"}}],"inLanguage":"de"},{"@type":"Organization","@id":"https:\/\/koningdrone.be\/#organization","name":"Kingdrone.de","url":"https:\/\/koningdrone.be\/","logo":{"@type":"ImageObject","inLanguage":"de","@id":"https:\/\/koningdrone.be\/#\/schema\/logo\/image\/","url":"https:\/\/koningdrone.be\/wp-content\/uploads\/sites\/13\/2025\/04\/koningdrone-copyright-logo.svg","contentUrl":"https:\/\/koningdrone.be\/wp-content\/uploads\/sites\/13\/2025\/04\/koningdrone-copyright-logo.svg","width":227,"height":38,"caption":"Koningdrone.be"},"image":{"@id":"https:\/\/koningdrone.be\/#\/schema\/logo\/image\/"}}]}},"df_price":1062,"df_sale_price":"","df_regular_price":1062,"df_image_link":"https:\/\/koningdrone.be\/wp-content\/uploads\/sites\/13\/2025\/08\/PRODUCT-THUMB-AGRAS-T40-P8-01-300x225.jpg","_links":{"self":[{"href":"https:\/\/koningdrone.be\/de\/wp-json\/wp\/v2\/product\/14779","targetHints":{"allow":["GET"]}}],"collection":[{"href":"https:\/\/koningdrone.be\/de\/wp-json\/wp\/v2\/product"}],"about":[{"href":"https:\/\/koningdrone.be\/de\/wp-json\/wp\/v2\/types\/product"}],"wp:featuredmedia":[{"embeddable":true,"href":"https:\/\/koningdrone.be\/de\/wp-json\/wp\/v2\/media\/14777"}],"wp:attachment":[{"href":"https:\/\/koningdrone.be\/de\/wp-json\/wp\/v2\/media?parent=14779"}],"wp:term":[{"taxonomy":"product_brand","embeddable":true,"href":"https:\/\/koningdrone.be\/de\/wp-json\/wp\/v2\/product_brand?post=14779"},{"taxonomy":"product_cat","embeddable":true,"href":"https:\/\/koningdrone.be\/de\/wp-json\/wp\/v2\/product_cat?post=14779"},{"taxonomy":"product_tag","embeddable":true,"href":"https:\/\/koningdrone.be\/de\/wp-json\/wp\/v2\/product_tag?post=14779"}],"curies":[{"name":"wp","href":"https:\/\/api.w.org\/{rel}","templated":true}]}}