{"id":14720,"date":"2025-07-03T10:02:37","date_gmt":"2025-07-03T08:02:37","guid":{"rendered":"https:\/\/koningdrone.be\/product\/ace-pro-2-ace-pro-ace-battery\/"},"modified":"2025-07-03T10:02:37","modified_gmt":"2025-07-03T08:02:37","slug":"ace-pro-2-ace-pro-ace-battery","status":"publish","type":"product","link":"https:\/\/koningdrone.be\/de\/produkt\/ace-pro-2-ace-pro-ace-battery\/","title":{"rendered":"Ace Pro 2\/Ace Pro\/Ace Akku"},"content":{"rendered":"<p>Dieser Ace-Akku ist die spezielle Stromquelle f\u00fcr die Ace Pro 2 und Ace Pro Action-Kameras. Er wurde mit hochdichten Lithium-Ionen-Zellen entwickelt und bietet eine l\u00e4ngere Aufnahmezeit bei gleichzeitig kompakter, leichter Form. Die integrierte intelligente Schutzschaltung sch\u00fctzt vor \u00dcberladung, \u00dcberentladung und Kurzschluss und sorgt so f\u00fcr einen zuverl\u00e4ssigen Betrieb in anspruchsvollen Umgebungen. Der Akku kann mit dem offiziellen Schnellladeger\u00e4t schnell aufgeladen werden, so dass Sie schnell wieder mit dem Filmen beginnen k\u00f6nnen. Ein robustes, temperaturbest\u00e4ndiges Geh\u00e4use sorgt f\u00fcr eine stabile Leistung, egal ob auf eisigen Pisten oder in der prallen Sonne. Dank des Hot-Swap-Designs k\u00f6nnen die Akkus vor Ort schnell ausgetauscht werden, ohne eine Aufnahme zu verpassen.<\/p>","protected":false},"excerpt":{"rendered":"<ul>\n<li>Liefert lang anhaltende Energie f\u00fcr lange Aufnahmesessions.<\/li>\n<li>Schnell wiederaufladbar f\u00fcr minimale Ausfallzeiten.<\/li>\n<li>Intelligente Sicherheitsschaltung f\u00fcr zuverl\u00e4ssigen Betrieb.<\/li>\n<li>Kompakt und leicht f\u00fcr einfaches Wechseln im Feld.<\/li>\n<li>Temperaturbest\u00e4ndiges Geh\u00e4use f\u00fcr extreme Bedingungen.<\/li>\n<li>Snap-in, werkzeuglose Montage und Demontage.<\/li>\n<\/ul>","protected":false},"featured_media":14713,"template":"","meta":{"_acf_changed":false},"product_brand":[],"product_cat":[58],"product_tag":[],"class_list":{"0":"post-14720","1":"product","2":"type-product","3":"status-publish","4":"has-post-thumbnail","6":"product_cat-uncategorized","7":"pa_brand-insta360","8":"pa_producttype-batterij","10":"first","11":"outofstock","12":"taxable","13":"shipping-taxable","14":"product-type-simple"},"acf":[],"yoast_head":"<!-- This site is optimized with the Yoast SEO Premium plugin v27.2 (Yoast SEO v27.2) - https:\/\/yoast.com\/product\/yoast-seo-premium-wordpress\/ -->\n<title>Ace Pro 2\/Ace Pro\/Ace Battery - koningdrone.be<\/title>\n<meta name=\"robots\" content=\"index, follow, max-snippet:-1, max-image-preview:large, max-video-preview:-1\" \/>\n<link rel=\"canonical\" href=\"https:\/\/koningdrone.be\/de\/produkt\/ace-pro-2-ace-pro-ace-battery\/\" \/>\n<meta property=\"og:locale\" content=\"de_DE\" \/>\n<meta property=\"og:type\" content=\"article\" \/>\n<meta property=\"og:title\" content=\"Ace Pro 2\/Ace Pro\/Ace Battery\" \/>\n<meta property=\"og:description\" content=\"Biedt langdurige energie voor lange opnamesessies. Snel oplaadbaar voor minimale uitvaltijd. Intelligent veiligheidscircuit voor betrouwbaar gebruik. Compact en lichtgewicht voor eenvoudig verwisselen in het veld. Temperatuurbestendige behuizing voor extreme omstandigheden. Inklikbaar, zonder gereedschap te installeren en te verwijderen.\" \/>\n<meta property=\"og:url\" content=\"https:\/\/koningdrone.be\/de\/produkt\/ace-pro-2-ace-pro-ace-battery\/\" \/>\n<meta property=\"og:site_name\" content=\"koningdrone.be\" \/>\n<meta property=\"og:image\" content=\"https:\/\/koningdrone.be\/wp-content\/uploads\/sites\/13\/2025\/08\/4690_d2e46e28-bdd8-4b13-989a-34d21db28deb.webp\" \/>\n\t<meta property=\"og:image:width\" content=\"1280\" \/>\n\t<meta property=\"og:image:height\" content=\"1280\" \/>\n\t<meta property=\"og:image:type\" content=\"image\/webp\" \/>\n<meta name=\"twitter:card\" content=\"summary_large_image\" \/>\n<meta name=\"twitter:label1\" content=\"Gesch\u00e4tzte Lesezeit\" \/>\n\t<meta name=\"twitter:data1\" content=\"1\u00a0Minute\" \/>\n<script type=\"application\/ld+json\" class=\"yoast-schema-graph\">{\"@context\":\"https:\/\/schema.org\",\"@graph\":[{\"@type\":\"WebPage\",\"@id\":\"https:\/\/koningdrone.be\/product\/ace-pro-2-ace-pro-ace-battery\/\",\"url\":\"https:\/\/koningdrone.be\/product\/ace-pro-2-ace-pro-ace-battery\/\",\"name\":\"Ace Pro 2\/Ace Pro\/Ace Battery - koningdrone.be\",\"isPartOf\":{\"@id\":\"https:\/\/koningdrone.be\/#website\"},\"primaryImageOfPage\":{\"@id\":\"https:\/\/koningdrone.be\/product\/ace-pro-2-ace-pro-ace-battery\/#primaryimage\"},\"image\":{\"@id\":\"https:\/\/koningdrone.be\/product\/ace-pro-2-ace-pro-ace-battery\/#primaryimage\"},\"thumbnailUrl\":\"https:\/\/koningdrone.be\/wp-content\/uploads\/sites\/13\/2025\/08\/4690_d2e46e28-bdd8-4b13-989a-34d21db28deb.webp\",\"datePublished\":\"2025-07-03T08:02:37+00:00\",\"breadcrumb\":{\"@id\":\"https:\/\/koningdrone.be\/product\/ace-pro-2-ace-pro-ace-battery\/#breadcrumb\"},\"inLanguage\":\"de\",\"potentialAction\":[{\"@type\":\"ReadAction\",\"target\":[\"https:\/\/koningdrone.be\/product\/ace-pro-2-ace-pro-ace-battery\/\"]}]},{\"@type\":\"ImageObject\",\"inLanguage\":\"de\",\"@id\":\"https:\/\/koningdrone.be\/product\/ace-pro-2-ace-pro-ace-battery\/#primaryimage\",\"url\":\"https:\/\/koningdrone.be\/wp-content\/uploads\/sites\/13\/2025\/08\/4690_d2e46e28-bdd8-4b13-989a-34d21db28deb.webp\",\"contentUrl\":\"https:\/\/koningdrone.be\/wp-content\/uploads\/sites\/13\/2025\/08\/4690_d2e46e28-bdd8-4b13-989a-34d21db28deb.webp\",\"width\":1280,\"height\":1280},{\"@type\":\"BreadcrumbList\",\"@id\":\"https:\/\/koningdrone.be\/product\/ace-pro-2-ace-pro-ace-battery\/#breadcrumb\",\"itemListElement\":[{\"@type\":\"ListItem\",\"position\":1,\"name\":\"Home\",\"item\":\"https:\/\/koningdrone.be\/\"},{\"@type\":\"ListItem\",\"position\":2,\"name\":\"AVSS Parachute Recovery System for DJI Matrice 300\/350\",\"item\":\"https:\/\/koningdrone.be\/product\/avss-parachute-recovery-system-for-dji-matrice-300-350\/\"},{\"@type\":\"ListItem\",\"position\":3,\"name\":\"Uncategorized\",\"item\":\"https:\/\/koningdrone.be\/categorie\/uncategorized\/\"},{\"@type\":\"ListItem\",\"position\":4,\"name\":\"Ace Pro 2\/Ace Pro\/Ace Battery\"}]},{\"@type\":\"WebSite\",\"@id\":\"https:\/\/koningdrone.be\/#website\",\"url\":\"https:\/\/koningdrone.be\/\",\"name\":\"Koningdrone.be - Uw online specialist in drones, gimbals, camera's en power stations.\",\"description\":\"De webshop in drones en gimbals\",\"publisher\":{\"@id\":\"https:\/\/koningdrone.be\/#organization\"},\"potentialAction\":[{\"@type\":\"SearchAction\",\"target\":{\"@type\":\"EntryPoint\",\"urlTemplate\":\"https:\/\/koningdrone.be\/?s={search_term_string}\"},\"query-input\":{\"@type\":\"PropertyValueSpecification\",\"valueRequired\":true,\"valueName\":\"search_term_string\"}}],\"inLanguage\":\"de\"},{\"@type\":\"Organization\",\"@id\":\"https:\/\/koningdrone.be\/#organization\",\"name\":\"Koningdrone.be\",\"url\":\"https:\/\/koningdrone.be\/\",\"logo\":{\"@type\":\"ImageObject\",\"inLanguage\":\"de\",\"@id\":\"https:\/\/koningdrone.be\/#\/schema\/logo\/image\/\",\"url\":\"https:\/\/koningdrone.be\/wp-content\/uploads\/sites\/13\/2025\/04\/koningdrone-copyright-logo.svg\",\"contentUrl\":\"https:\/\/koningdrone.be\/wp-content\/uploads\/sites\/13\/2025\/04\/koningdrone-copyright-logo.svg\",\"width\":227,\"height\":38,\"caption\":\"Koningdrone.be\"},\"image\":{\"@id\":\"https:\/\/koningdrone.be\/#\/schema\/logo\/image\/\"}}]}<\/script>\n<!-- \/ Yoast SEO Premium plugin. -->","yoast_head_json":{"title":"Ace Pro 2\/Ace Pro\/Ace Battery - koningdrone.be","robots":{"index":"index","follow":"follow","max-snippet":"max-snippet:-1","max-image-preview":"max-image-preview:large","max-video-preview":"max-video-preview:-1"},"canonical":"https:\/\/koningdrone.be\/de\/produkt\/ace-pro-2-ace-pro-ace-battery\/","og_locale":"de_DE","og_type":"article","og_title":"Ace Pro 2\/Ace Pro\/Ace Battery","og_description":"Biedt langdurige energie voor lange opnamesessies. Snel oplaadbaar voor minimale uitvaltijd. Intelligent veiligheidscircuit voor betrouwbaar gebruik. Compact en lichtgewicht voor eenvoudig verwisselen in het veld. Temperatuurbestendige behuizing voor extreme omstandigheden. Inklikbaar, zonder gereedschap te installeren en te verwijderen.","og_url":"https:\/\/koningdrone.be\/de\/produkt\/ace-pro-2-ace-pro-ace-battery\/","og_site_name":"koningdrone.be","og_image":[{"width":1280,"height":1280,"url":"https:\/\/koningdrone.be\/wp-content\/uploads\/sites\/13\/2025\/08\/4690_d2e46e28-bdd8-4b13-989a-34d21db28deb.webp","type":"image\/webp"}],"twitter_card":"summary_large_image","twitter_misc":{"Gesch\u00e4tzte Lesezeit":"1\u00a0Minute"},"schema":{"@context":"https:\/\/schema.org","@graph":[{"@type":"WebPage","@id":"https:\/\/koningdrone.be\/product\/ace-pro-2-ace-pro-ace-battery\/","url":"https:\/\/koningdrone.be\/product\/ace-pro-2-ace-pro-ace-battery\/","name":"Ace Pro 2\/Ace Pro\/Ace Battery - koningdrone.be","isPartOf":{"@id":"https:\/\/koningdrone.be\/#website"},"primaryImageOfPage":{"@id":"https:\/\/koningdrone.be\/product\/ace-pro-2-ace-pro-ace-battery\/#primaryimage"},"image":{"@id":"https:\/\/koningdrone.be\/product\/ace-pro-2-ace-pro-ace-battery\/#primaryimage"},"thumbnailUrl":"https:\/\/koningdrone.be\/wp-content\/uploads\/sites\/13\/2025\/08\/4690_d2e46e28-bdd8-4b13-989a-34d21db28deb.webp","datePublished":"2025-07-03T08:02:37+00:00","breadcrumb":{"@id":"https:\/\/koningdrone.be\/product\/ace-pro-2-ace-pro-ace-battery\/#breadcrumb"},"inLanguage":"de","potentialAction":[{"@type":"ReadAction","target":["https:\/\/koningdrone.be\/product\/ace-pro-2-ace-pro-ace-battery\/"]}]},{"@type":"ImageObject","inLanguage":"de","@id":"https:\/\/koningdrone.be\/product\/ace-pro-2-ace-pro-ace-battery\/#primaryimage","url":"https:\/\/koningdrone.be\/wp-content\/uploads\/sites\/13\/2025\/08\/4690_d2e46e28-bdd8-4b13-989a-34d21db28deb.webp","contentUrl":"https:\/\/koningdrone.be\/wp-content\/uploads\/sites\/13\/2025\/08\/4690_d2e46e28-bdd8-4b13-989a-34d21db28deb.webp","width":1280,"height":1280},{"@type":"BreadcrumbList","@id":"https:\/\/koningdrone.be\/product\/ace-pro-2-ace-pro-ace-battery\/#breadcrumb","itemListElement":[{"@type":"ListItem","position":1,"name":"Home","item":"https:\/\/koningdrone.be\/"},{"@type":"ListItem","position":2,"name":"AVSS Parachute Recovery System for DJI Matrice 300\/350","item":"https:\/\/koningdrone.be\/product\/avss-parachute-recovery-system-for-dji-matrice-300-350\/"},{"@type":"ListItem","position":3,"name":"Uncategorized","item":"https:\/\/koningdrone.be\/categorie\/uncategorized\/"},{"@type":"ListItem","position":4,"name":"Ace Pro 2\/Ace Pro\/Ace Battery"}]},{"@type":"WebSite","@id":"https:\/\/koningdrone.be\/#website","url":"https:\/\/koningdrone.be\/","name":"Koningdrone.be - Ihr Online-Spezialist f\u00fcr Drohnen, Gimbals, Kameras und Kraftwerke.","description":"Der Webshop f\u00fcr Drohnen und Gimbals","publisher":{"@id":"https:\/\/koningdrone.be\/#organization"},"potentialAction":[{"@type":"SearchAction","target":{"@type":"EntryPoint","urlTemplate":"https:\/\/koningdrone.be\/?s={search_term_string}"},"query-input":{"@type":"PropertyValueSpecification","valueRequired":true,"valueName":"search_term_string"}}],"inLanguage":"de"},{"@type":"Organization","@id":"https:\/\/koningdrone.be\/#organization","name":"Kingdrone.de","url":"https:\/\/koningdrone.be\/","logo":{"@type":"ImageObject","inLanguage":"de","@id":"https:\/\/koningdrone.be\/#\/schema\/logo\/image\/","url":"https:\/\/koningdrone.be\/wp-content\/uploads\/sites\/13\/2025\/04\/koningdrone-copyright-logo.svg","contentUrl":"https:\/\/koningdrone.be\/wp-content\/uploads\/sites\/13\/2025\/04\/koningdrone-copyright-logo.svg","width":227,"height":38,"caption":"Koningdrone.be"},"image":{"@id":"https:\/\/koningdrone.be\/#\/schema\/logo\/image\/"}}]}},"df_price":"","df_sale_price":"","df_regular_price":"","df_image_link":"https:\/\/koningdrone.be\/wp-content\/uploads\/sites\/13\/2025\/08\/4690_d2e46e28-bdd8-4b13-989a-34d21db28deb-300x300.webp","_links":{"self":[{"href":"https:\/\/koningdrone.be\/de\/wp-json\/wp\/v2\/product\/14720","targetHints":{"allow":["GET"]}}],"collection":[{"href":"https:\/\/koningdrone.be\/de\/wp-json\/wp\/v2\/product"}],"about":[{"href":"https:\/\/koningdrone.be\/de\/wp-json\/wp\/v2\/types\/product"}],"wp:featuredmedia":[{"embeddable":true,"href":"https:\/\/koningdrone.be\/de\/wp-json\/wp\/v2\/media\/14713"}],"wp:attachment":[{"href":"https:\/\/koningdrone.be\/de\/wp-json\/wp\/v2\/media?parent=14720"}],"wp:term":[{"taxonomy":"product_brand","embeddable":true,"href":"https:\/\/koningdrone.be\/de\/wp-json\/wp\/v2\/product_brand?post=14720"},{"taxonomy":"product_cat","embeddable":true,"href":"https:\/\/koningdrone.be\/de\/wp-json\/wp\/v2\/product_cat?post=14720"},{"taxonomy":"product_tag","embeddable":true,"href":"https:\/\/koningdrone.be\/de\/wp-json\/wp\/v2\/product_tag?post=14720"}],"curies":[{"name":"wp","href":"https:\/\/api.w.org\/{rel}","templated":true}]}}