{"id":1472,"date":"2024-12-04T12:18:54","date_gmt":"2024-12-04T12:18:54","guid":{"rendered":"https:\/\/koningdrone.nl\/kon\/product\/anker-solix-fs20-flexible-solar-panel225w-4-pack\/"},"modified":"2024-12-04T12:18:54","modified_gmt":"2024-12-04T12:18:54","slug":"anker-solix-fs20-flexible-solar-panel225w-4-pack","status":"publish","type":"product","link":"https:\/\/koningdrone.be\/de\/produkt\/anker-solix-fs20-flexible-solar-panel225w-4-pack\/","title":{"rendered":"Anker SOLIX FS20 Flexibles Solarmodul (225W 4er-Pack)"},"content":{"rendered":"<p>Das flexible Solarmodul Anchor SOLIX FS20 ist eine hocheffiziente, langlebige und leichte L\u00f6sung f\u00fcr einen vielseitigen Energiebedarf. Mit einer Gesamtleistung von 900W (225W pro Panel) ist dieses 4er-Pack f\u00fcr den Transport und die einfache Installation auf gew\u00f6lbten oder unebenen Oberfl\u00e4chen konzipiert. Das aus hochwertigen Materialien gefertigte Modul bietet hervorragende Wetterbest\u00e4ndigkeit und zuverl\u00e4ssige Leistung f\u00fcr Outdoor-Abenteuer, Wohnmobile, Boote oder Notstromanlagen.<\/p>","protected":false},"excerpt":{"rendered":"<ul>\n<li>30-min\u00fctige werkzeuglose Installation.<\/li>\n<li>Einbau in Kurven.<\/li>\n<li>Schlank und nur 4,5 kg.<\/li>\n<li>Effizient mit TOPCon Tech.<\/li>\n<li>Winterfest und wasserdicht.<\/li>\n<li>12 Jahre Garantie. 85% Effizienz nach 15 Jahren Nutzung.<\/li>\n<\/ul>","protected":false},"featured_media":1461,"template":"","meta":{"_acf_changed":false},"product_brand":[],"product_cat":[97,197,198],"product_tag":[],"class_list":{"0":"post-1472","1":"product","2":"type-product","3":"status-publish","4":"has-post-thumbnail","6":"product_cat-alle-producten","7":"product_cat-anker","8":"product_cat-zonnepanelen","9":"product_shipping_class-outofstock","10":"pa_brand-anker","11":"pa_producttype-zonnepaneel","13":"first","14":"outofstock","15":"taxable","16":"shipping-taxable","17":"product-type-simple"},"acf":[],"yoast_head":"<!-- This site is optimized with the Yoast SEO Premium plugin v27.2 (Yoast SEO v27.2) - https:\/\/yoast.com\/product\/yoast-seo-premium-wordpress\/ -->\n<title>Anker SOLIX FS20 Flexible Solar Panel(225W 4-Pack) - koningdrone.be<\/title>\n<meta name=\"robots\" content=\"index, follow, max-snippet:-1, max-image-preview:large, max-video-preview:-1\" \/>\n<link rel=\"canonical\" href=\"https:\/\/koningdrone.be\/de\/produkt\/anker-solix-fs20-flexible-solar-panel225w-4-pack\/\" \/>\n<meta property=\"og:locale\" content=\"de_DE\" \/>\n<meta property=\"og:type\" content=\"article\" \/>\n<meta property=\"og:title\" content=\"Anker SOLIX FS20 Flexible Solar Panel(225W 4-Pack)\" \/>\n<meta property=\"og:description\" content=\"30 minuten installeren zonder gereedschap.  Installeren op rondingen.  Dun en slechts 4,5 kg.  Effici\u00ebnt met TOPCon Tech.  Winter- en waterdichte duurzaamheid.  12 jaar garantie. 85% rendement na 15 jaar gebruik.\" \/>\n<meta property=\"og:url\" content=\"https:\/\/koningdrone.be\/de\/produkt\/anker-solix-fs20-flexible-solar-panel225w-4-pack\/\" \/>\n<meta property=\"og:site_name\" content=\"koningdrone.be\" \/>\n<meta property=\"og:image\" content=\"https:\/\/koningdrone.be\/wp-content\/uploads\/sites\/13\/2025\/04\/2_98a3e252-a6ad-4a1b-899f-f45d89963a0c_3840x-scaled.png\" \/>\n\t<meta property=\"og:image:width\" content=\"2560\" \/>\n\t<meta property=\"og:image:height\" content=\"2560\" \/>\n\t<meta property=\"og:image:type\" content=\"image\/png\" \/>\n<meta name=\"twitter:card\" content=\"summary_large_image\" \/>\n<script type=\"application\/ld+json\" class=\"yoast-schema-graph\">{\"@context\":\"https:\/\/schema.org\",\"@graph\":[{\"@type\":\"WebPage\",\"@id\":\"https:\/\/koningdrone.be\/product\/anker-solix-fs20-flexible-solar-panel225w-4-pack\/\",\"url\":\"https:\/\/koningdrone.be\/product\/anker-solix-fs20-flexible-solar-panel225w-4-pack\/\",\"name\":\"Anker SOLIX FS20 Flexible Solar Panel(225W 4-Pack) - koningdrone.be\",\"isPartOf\":{\"@id\":\"https:\/\/koningdrone.be\/#website\"},\"primaryImageOfPage\":{\"@id\":\"https:\/\/koningdrone.be\/product\/anker-solix-fs20-flexible-solar-panel225w-4-pack\/#primaryimage\"},\"image\":{\"@id\":\"https:\/\/koningdrone.be\/product\/anker-solix-fs20-flexible-solar-panel225w-4-pack\/#primaryimage\"},\"thumbnailUrl\":\"https:\/\/koningdrone.be\/wp-content\/uploads\/sites\/13\/2025\/04\/2_98a3e252-a6ad-4a1b-899f-f45d89963a0c_3840x-scaled.png\",\"datePublished\":\"2024-12-04T12:18:54+00:00\",\"breadcrumb\":{\"@id\":\"https:\/\/koningdrone.be\/product\/anker-solix-fs20-flexible-solar-panel225w-4-pack\/#breadcrumb\"},\"inLanguage\":\"de\",\"potentialAction\":[{\"@type\":\"ReadAction\",\"target\":[\"https:\/\/koningdrone.be\/product\/anker-solix-fs20-flexible-solar-panel225w-4-pack\/\"]}]},{\"@type\":\"ImageObject\",\"inLanguage\":\"de\",\"@id\":\"https:\/\/koningdrone.be\/product\/anker-solix-fs20-flexible-solar-panel225w-4-pack\/#primaryimage\",\"url\":\"https:\/\/koningdrone.be\/wp-content\/uploads\/sites\/13\/2025\/04\/2_98a3e252-a6ad-4a1b-899f-f45d89963a0c_3840x-scaled.png\",\"contentUrl\":\"https:\/\/koningdrone.be\/wp-content\/uploads\/sites\/13\/2025\/04\/2_98a3e252-a6ad-4a1b-899f-f45d89963a0c_3840x-scaled.png\",\"width\":2560,\"height\":2560},{\"@type\":\"BreadcrumbList\",\"@id\":\"https:\/\/koningdrone.be\/product\/anker-solix-fs20-flexible-solar-panel225w-4-pack\/#breadcrumb\",\"itemListElement\":[{\"@type\":\"ListItem\",\"position\":1,\"name\":\"Home\",\"item\":\"https:\/\/koningdrone.be\/\"},{\"@type\":\"ListItem\",\"position\":2,\"name\":\"AVSS Parachute Recovery System for DJI Matrice 300\/350\",\"item\":\"https:\/\/koningdrone.be\/product\/avss-parachute-recovery-system-for-dji-matrice-300-350\/\"},{\"@type\":\"ListItem\",\"position\":3,\"name\":\"Alle producten\",\"item\":\"https:\/\/koningdrone.be\/categorie\/alle-producten\/\"},{\"@type\":\"ListItem\",\"position\":4,\"name\":\"Anker SOLIX FS20 Flexible Solar Panel(225W 4-Pack)\"}]},{\"@type\":\"WebSite\",\"@id\":\"https:\/\/koningdrone.be\/#website\",\"url\":\"https:\/\/koningdrone.be\/\",\"name\":\"Koningdrone.be - Uw online specialist in drones, gimbals, camera's en power stations.\",\"description\":\"De webshop in drones en gimbals\",\"publisher\":{\"@id\":\"https:\/\/koningdrone.be\/#organization\"},\"potentialAction\":[{\"@type\":\"SearchAction\",\"target\":{\"@type\":\"EntryPoint\",\"urlTemplate\":\"https:\/\/koningdrone.be\/?s={search_term_string}\"},\"query-input\":{\"@type\":\"PropertyValueSpecification\",\"valueRequired\":true,\"valueName\":\"search_term_string\"}}],\"inLanguage\":\"de\"},{\"@type\":\"Organization\",\"@id\":\"https:\/\/koningdrone.be\/#organization\",\"name\":\"Koningdrone.be\",\"url\":\"https:\/\/koningdrone.be\/\",\"logo\":{\"@type\":\"ImageObject\",\"inLanguage\":\"de\",\"@id\":\"https:\/\/koningdrone.be\/#\/schema\/logo\/image\/\",\"url\":\"https:\/\/koningdrone.be\/wp-content\/uploads\/sites\/13\/2025\/04\/koningdrone-copyright-logo.svg\",\"contentUrl\":\"https:\/\/koningdrone.be\/wp-content\/uploads\/sites\/13\/2025\/04\/koningdrone-copyright-logo.svg\",\"width\":227,\"height\":38,\"caption\":\"Koningdrone.be\"},\"image\":{\"@id\":\"https:\/\/koningdrone.be\/#\/schema\/logo\/image\/\"}}]}<\/script>\n<!-- \/ Yoast SEO Premium plugin. -->","yoast_head_json":{"title":"Anker SOLIX FS20 Flexible Solar Panel(225W 4-Pack) - koningdrone.be","robots":{"index":"index","follow":"follow","max-snippet":"max-snippet:-1","max-image-preview":"max-image-preview:large","max-video-preview":"max-video-preview:-1"},"canonical":"https:\/\/koningdrone.be\/de\/produkt\/anker-solix-fs20-flexible-solar-panel225w-4-pack\/","og_locale":"de_DE","og_type":"article","og_title":"Anker SOLIX FS20 Flexible Solar Panel(225W 4-Pack)","og_description":"30 minuten installeren zonder gereedschap.  Installeren op rondingen.  Dun en slechts 4,5 kg.  Effici\u00ebnt met TOPCon Tech.  Winter- en waterdichte duurzaamheid.  12 jaar garantie. 85% rendement na 15 jaar gebruik.","og_url":"https:\/\/koningdrone.be\/de\/produkt\/anker-solix-fs20-flexible-solar-panel225w-4-pack\/","og_site_name":"koningdrone.be","og_image":[{"width":2560,"height":2560,"url":"https:\/\/koningdrone.be\/wp-content\/uploads\/sites\/13\/2025\/04\/2_98a3e252-a6ad-4a1b-899f-f45d89963a0c_3840x-scaled.png","type":"image\/png"}],"twitter_card":"summary_large_image","schema":{"@context":"https:\/\/schema.org","@graph":[{"@type":"WebPage","@id":"https:\/\/koningdrone.be\/product\/anker-solix-fs20-flexible-solar-panel225w-4-pack\/","url":"https:\/\/koningdrone.be\/product\/anker-solix-fs20-flexible-solar-panel225w-4-pack\/","name":"Anker SOLIX FS20 Flexible Solar Panel(225W 4-Pack) - koningdrone.be","isPartOf":{"@id":"https:\/\/koningdrone.be\/#website"},"primaryImageOfPage":{"@id":"https:\/\/koningdrone.be\/product\/anker-solix-fs20-flexible-solar-panel225w-4-pack\/#primaryimage"},"image":{"@id":"https:\/\/koningdrone.be\/product\/anker-solix-fs20-flexible-solar-panel225w-4-pack\/#primaryimage"},"thumbnailUrl":"https:\/\/koningdrone.be\/wp-content\/uploads\/sites\/13\/2025\/04\/2_98a3e252-a6ad-4a1b-899f-f45d89963a0c_3840x-scaled.png","datePublished":"2024-12-04T12:18:54+00:00","breadcrumb":{"@id":"https:\/\/koningdrone.be\/product\/anker-solix-fs20-flexible-solar-panel225w-4-pack\/#breadcrumb"},"inLanguage":"de","potentialAction":[{"@type":"ReadAction","target":["https:\/\/koningdrone.be\/product\/anker-solix-fs20-flexible-solar-panel225w-4-pack\/"]}]},{"@type":"ImageObject","inLanguage":"de","@id":"https:\/\/koningdrone.be\/product\/anker-solix-fs20-flexible-solar-panel225w-4-pack\/#primaryimage","url":"https:\/\/koningdrone.be\/wp-content\/uploads\/sites\/13\/2025\/04\/2_98a3e252-a6ad-4a1b-899f-f45d89963a0c_3840x-scaled.png","contentUrl":"https:\/\/koningdrone.be\/wp-content\/uploads\/sites\/13\/2025\/04\/2_98a3e252-a6ad-4a1b-899f-f45d89963a0c_3840x-scaled.png","width":2560,"height":2560},{"@type":"BreadcrumbList","@id":"https:\/\/koningdrone.be\/product\/anker-solix-fs20-flexible-solar-panel225w-4-pack\/#breadcrumb","itemListElement":[{"@type":"ListItem","position":1,"name":"Home","item":"https:\/\/koningdrone.be\/"},{"@type":"ListItem","position":2,"name":"AVSS Parachute Recovery System for DJI Matrice 300\/350","item":"https:\/\/koningdrone.be\/product\/avss-parachute-recovery-system-for-dji-matrice-300-350\/"},{"@type":"ListItem","position":3,"name":"Alle producten","item":"https:\/\/koningdrone.be\/categorie\/alle-producten\/"},{"@type":"ListItem","position":4,"name":"Anker SOLIX FS20 Flexible Solar Panel(225W 4-Pack)"}]},{"@type":"WebSite","@id":"https:\/\/koningdrone.be\/#website","url":"https:\/\/koningdrone.be\/","name":"Koningdrone.be - Ihr Online-Spezialist f\u00fcr Drohnen, Gimbals, Kameras und Kraftwerke.","description":"Der Webshop f\u00fcr Drohnen und Gimbals","publisher":{"@id":"https:\/\/koningdrone.be\/#organization"},"potentialAction":[{"@type":"SearchAction","target":{"@type":"EntryPoint","urlTemplate":"https:\/\/koningdrone.be\/?s={search_term_string}"},"query-input":{"@type":"PropertyValueSpecification","valueRequired":true,"valueName":"search_term_string"}}],"inLanguage":"de"},{"@type":"Organization","@id":"https:\/\/koningdrone.be\/#organization","name":"Kingdrone.de","url":"https:\/\/koningdrone.be\/","logo":{"@type":"ImageObject","inLanguage":"de","@id":"https:\/\/koningdrone.be\/#\/schema\/logo\/image\/","url":"https:\/\/koningdrone.be\/wp-content\/uploads\/sites\/13\/2025\/04\/koningdrone-copyright-logo.svg","contentUrl":"https:\/\/koningdrone.be\/wp-content\/uploads\/sites\/13\/2025\/04\/koningdrone-copyright-logo.svg","width":227,"height":38,"caption":"Koningdrone.be"},"image":{"@id":"https:\/\/koningdrone.be\/#\/schema\/logo\/image\/"}}]}},"df_price":"","df_sale_price":"","df_regular_price":"","df_image_link":"https:\/\/koningdrone.be\/wp-content\/uploads\/sites\/13\/2025\/04\/2_98a3e252-a6ad-4a1b-899f-f45d89963a0c_3840x-300x300.png","_links":{"self":[{"href":"https:\/\/koningdrone.be\/de\/wp-json\/wp\/v2\/product\/1472","targetHints":{"allow":["GET"]}}],"collection":[{"href":"https:\/\/koningdrone.be\/de\/wp-json\/wp\/v2\/product"}],"about":[{"href":"https:\/\/koningdrone.be\/de\/wp-json\/wp\/v2\/types\/product"}],"wp:featuredmedia":[{"embeddable":true,"href":"https:\/\/koningdrone.be\/de\/wp-json\/wp\/v2\/media\/1461"}],"wp:attachment":[{"href":"https:\/\/koningdrone.be\/de\/wp-json\/wp\/v2\/media?parent=1472"}],"wp:term":[{"taxonomy":"product_brand","embeddable":true,"href":"https:\/\/koningdrone.be\/de\/wp-json\/wp\/v2\/product_brand?post=1472"},{"taxonomy":"product_cat","embeddable":true,"href":"https:\/\/koningdrone.be\/de\/wp-json\/wp\/v2\/product_cat?post=1472"},{"taxonomy":"product_tag","embeddable":true,"href":"https:\/\/koningdrone.be\/de\/wp-json\/wp\/v2\/product_tag?post=1472"}],"curies":[{"name":"wp","href":"https:\/\/api.w.org\/{rel}","templated":true}]}}