{"id":14673,"date":"2025-07-03T10:03:29","date_gmt":"2025-07-03T08:03:29","guid":{"rendered":"https:\/\/koningdrone.be\/product\/ace-pro-2-standard-bundle\/"},"modified":"2025-07-03T10:03:29","modified_gmt":"2025-07-03T08:03:29","slug":"ace-pro-2-standard-bundle","status":"publish","type":"product","link":"https:\/\/koningdrone.be\/de\/produkt\/ace-pro-2-standard-bundle\/","title":{"rendered":"Ace Pro 2 Standard-Paket"},"content":{"rendered":"<p>Das Ace Pro 2 Standard Bundle kombiniert eine fortschrittliche Action-Kamera mit allem, was man braucht, um sofort mit dem Filmen zu beginnen. Die Kamera ist mit einem 1\/1,3\u2033 8K-Sensor und einem Leica Summarit-Objektiv ausgestattet und liefert atemberaubende Farben, Klarheit und Leistung bei schlechten Lichtverh\u00e4ltnissen. Ein integrierter Windschutz und ein verbessertes Audiosystem sorgen auch bei Wind f\u00fcr klaren Ton. Der 2,5\u2033 Flip-Touch-Bildschirm erleichtert die Aufnahme von Bildern aus jedem Winkel, w\u00e4hrend die FlowState-Stabilisierung f\u00fcr fl\u00fcssige und stabile Bilder sorgt. Diese Kamera befindet sich in einem robusten, wasserdichten Geh\u00e4use und ist f\u00fcr extreme Abenteuer ausgelegt.<\/p>","protected":false},"excerpt":{"rendered":"<ul>\n<li>Erfassen Sie ultrascharfe Bilder mit einem 8K-Sensor.<\/li>\n<li>Das Leica Summarit-Objektiv liefert naturgetreue Farben.<\/li>\n<li>Hochklappbarer Touchscreen, ideal f\u00fcr Vlogging und Selfies.<\/li>\n<li>Der integrierte Windschutz verbessert die Klangqualit\u00e4t.<\/li>\n<li>Stabile Stabilisierung f\u00fcr fl\u00fcssige Videos.<\/li>\n<li>Wasserdichtes und abenteuerliches Design.<\/li>\n<\/ul>","protected":false},"featured_media":14666,"template":"","meta":{"_acf_changed":false},"product_brand":[],"product_cat":[58],"product_tag":[],"class_list":{"0":"post-14673","1":"product","2":"type-product","3":"status-publish","4":"has-post-thumbnail","6":"product_cat-uncategorized","7":"pa_brand-insta360","8":"pa_producttype-actiecamera","10":"first","11":"outofstock","12":"taxable","13":"shipping-taxable","14":"product-type-simple"},"acf":[],"yoast_head":"<!-- This site is optimized with the Yoast SEO Premium plugin v27.2 (Yoast SEO v27.2) - https:\/\/yoast.com\/product\/yoast-seo-premium-wordpress\/ -->\n<title>Ace Pro 2 Standard Bundle - koningdrone.be<\/title>\n<meta name=\"robots\" content=\"index, follow, max-snippet:-1, max-image-preview:large, max-video-preview:-1\" \/>\n<link rel=\"canonical\" href=\"https:\/\/koningdrone.be\/de\/produkt\/ace-pro-2-standard-bundle\/\" \/>\n<meta property=\"og:locale\" content=\"de_DE\" \/>\n<meta property=\"og:type\" content=\"article\" \/>\n<meta property=\"og:title\" content=\"Ace Pro 2 Standard Bundle\" \/>\n<meta property=\"og:description\" content=\"Leg ultrascherpe beelden vast met een 8K-sensor. Leica Summarit-lens levert levensechte kleuren. Flip-up touchscreen ideaal voor vloggen en selfies. Ge\u00efntegreerde windbescherming verbetert de geluidshelderheid. Stabiele stabilisatie voor vloeiende video. Waterdicht en avontuurlijk ontwerp.\" \/>\n<meta property=\"og:url\" content=\"https:\/\/koningdrone.be\/de\/produkt\/ace-pro-2-standard-bundle\/\" \/>\n<meta property=\"og:site_name\" content=\"koningdrone.be\" \/>\n<meta property=\"og:image\" content=\"https:\/\/koningdrone.be\/wp-content\/uploads\/sites\/13\/2025\/08\/Ace-Pro-2-\u6807\u51c6\u5957\u9910-1.webp\" \/>\n\t<meta property=\"og:image:width\" content=\"2000\" \/>\n\t<meta property=\"og:image:height\" content=\"2000\" \/>\n\t<meta property=\"og:image:type\" content=\"image\/webp\" \/>\n<meta name=\"twitter:card\" content=\"summary_large_image\" \/>\n<script type=\"application\/ld+json\" class=\"yoast-schema-graph\">{\"@context\":\"https:\/\/schema.org\",\"@graph\":[{\"@type\":\"WebPage\",\"@id\":\"https:\/\/koningdrone.be\/product\/ace-pro-2-standard-bundle\/\",\"url\":\"https:\/\/koningdrone.be\/product\/ace-pro-2-standard-bundle\/\",\"name\":\"Ace Pro 2 Standard Bundle - koningdrone.be\",\"isPartOf\":{\"@id\":\"https:\/\/koningdrone.be\/#website\"},\"primaryImageOfPage\":{\"@id\":\"https:\/\/koningdrone.be\/product\/ace-pro-2-standard-bundle\/#primaryimage\"},\"image\":{\"@id\":\"https:\/\/koningdrone.be\/product\/ace-pro-2-standard-bundle\/#primaryimage\"},\"thumbnailUrl\":\"https:\/\/koningdrone.be\/wp-content\/uploads\/sites\/13\/2025\/08\/Ace-Pro-2-\u6807\u51c6\u5957\u9910-1.webp\",\"datePublished\":\"2025-07-03T08:03:29+00:00\",\"breadcrumb\":{\"@id\":\"https:\/\/koningdrone.be\/product\/ace-pro-2-standard-bundle\/#breadcrumb\"},\"inLanguage\":\"de\",\"potentialAction\":[{\"@type\":\"ReadAction\",\"target\":[\"https:\/\/koningdrone.be\/product\/ace-pro-2-standard-bundle\/\"]}]},{\"@type\":\"ImageObject\",\"inLanguage\":\"de\",\"@id\":\"https:\/\/koningdrone.be\/product\/ace-pro-2-standard-bundle\/#primaryimage\",\"url\":\"https:\/\/koningdrone.be\/wp-content\/uploads\/sites\/13\/2025\/08\/Ace-Pro-2-\u6807\u51c6\u5957\u9910-1.webp\",\"contentUrl\":\"https:\/\/koningdrone.be\/wp-content\/uploads\/sites\/13\/2025\/08\/Ace-Pro-2-\u6807\u51c6\u5957\u9910-1.webp\",\"width\":2000,\"height\":2000},{\"@type\":\"BreadcrumbList\",\"@id\":\"https:\/\/koningdrone.be\/product\/ace-pro-2-standard-bundle\/#breadcrumb\",\"itemListElement\":[{\"@type\":\"ListItem\",\"position\":1,\"name\":\"Home\",\"item\":\"https:\/\/koningdrone.be\/\"},{\"@type\":\"ListItem\",\"position\":2,\"name\":\"AVSS Parachute Recovery System for DJI Matrice 300\/350\",\"item\":\"https:\/\/koningdrone.be\/product\/avss-parachute-recovery-system-for-dji-matrice-300-350\/\"},{\"@type\":\"ListItem\",\"position\":3,\"name\":\"Uncategorized\",\"item\":\"https:\/\/koningdrone.be\/categorie\/uncategorized\/\"},{\"@type\":\"ListItem\",\"position\":4,\"name\":\"Ace Pro 2 Standard Bundle\"}]},{\"@type\":\"WebSite\",\"@id\":\"https:\/\/koningdrone.be\/#website\",\"url\":\"https:\/\/koningdrone.be\/\",\"name\":\"Koningdrone.be - Uw online specialist in drones, gimbals, camera's en power stations.\",\"description\":\"De webshop in drones en gimbals\",\"publisher\":{\"@id\":\"https:\/\/koningdrone.be\/#organization\"},\"potentialAction\":[{\"@type\":\"SearchAction\",\"target\":{\"@type\":\"EntryPoint\",\"urlTemplate\":\"https:\/\/koningdrone.be\/?s={search_term_string}\"},\"query-input\":{\"@type\":\"PropertyValueSpecification\",\"valueRequired\":true,\"valueName\":\"search_term_string\"}}],\"inLanguage\":\"de\"},{\"@type\":\"Organization\",\"@id\":\"https:\/\/koningdrone.be\/#organization\",\"name\":\"Koningdrone.be\",\"url\":\"https:\/\/koningdrone.be\/\",\"logo\":{\"@type\":\"ImageObject\",\"inLanguage\":\"de\",\"@id\":\"https:\/\/koningdrone.be\/#\/schema\/logo\/image\/\",\"url\":\"https:\/\/koningdrone.be\/wp-content\/uploads\/sites\/13\/2025\/04\/koningdrone-copyright-logo.svg\",\"contentUrl\":\"https:\/\/koningdrone.be\/wp-content\/uploads\/sites\/13\/2025\/04\/koningdrone-copyright-logo.svg\",\"width\":227,\"height\":38,\"caption\":\"Koningdrone.be\"},\"image\":{\"@id\":\"https:\/\/koningdrone.be\/#\/schema\/logo\/image\/\"}}]}<\/script>\n<!-- \/ Yoast SEO Premium plugin. -->","yoast_head_json":{"title":"Ace Pro 2 Standard Bundle - koningdrone.be","robots":{"index":"index","follow":"follow","max-snippet":"max-snippet:-1","max-image-preview":"max-image-preview:large","max-video-preview":"max-video-preview:-1"},"canonical":"https:\/\/koningdrone.be\/de\/produkt\/ace-pro-2-standard-bundle\/","og_locale":"de_DE","og_type":"article","og_title":"Ace Pro 2 Standard Bundle","og_description":"Leg ultrascherpe beelden vast met een 8K-sensor. Leica Summarit-lens levert levensechte kleuren. Flip-up touchscreen ideaal voor vloggen en selfies. Ge\u00efntegreerde windbescherming verbetert de geluidshelderheid. Stabiele stabilisatie voor vloeiende video. Waterdicht en avontuurlijk ontwerp.","og_url":"https:\/\/koningdrone.be\/de\/produkt\/ace-pro-2-standard-bundle\/","og_site_name":"koningdrone.be","og_image":[{"width":2000,"height":2000,"url":"https:\/\/koningdrone.be\/wp-content\/uploads\/sites\/13\/2025\/08\/Ace-Pro-2-\u6807\u51c6\u5957\u9910-1.webp","type":"image\/webp"}],"twitter_card":"summary_large_image","schema":{"@context":"https:\/\/schema.org","@graph":[{"@type":"WebPage","@id":"https:\/\/koningdrone.be\/product\/ace-pro-2-standard-bundle\/","url":"https:\/\/koningdrone.be\/product\/ace-pro-2-standard-bundle\/","name":"Ace Pro 2 Standard Bundle - koningdrone.be","isPartOf":{"@id":"https:\/\/koningdrone.be\/#website"},"primaryImageOfPage":{"@id":"https:\/\/koningdrone.be\/product\/ace-pro-2-standard-bundle\/#primaryimage"},"image":{"@id":"https:\/\/koningdrone.be\/product\/ace-pro-2-standard-bundle\/#primaryimage"},"thumbnailUrl":"https:\/\/koningdrone.be\/wp-content\/uploads\/sites\/13\/2025\/08\/Ace-Pro-2-\u6807\u51c6\u5957\u9910-1.webp","datePublished":"2025-07-03T08:03:29+00:00","breadcrumb":{"@id":"https:\/\/koningdrone.be\/product\/ace-pro-2-standard-bundle\/#breadcrumb"},"inLanguage":"de","potentialAction":[{"@type":"ReadAction","target":["https:\/\/koningdrone.be\/product\/ace-pro-2-standard-bundle\/"]}]},{"@type":"ImageObject","inLanguage":"de","@id":"https:\/\/koningdrone.be\/product\/ace-pro-2-standard-bundle\/#primaryimage","url":"https:\/\/koningdrone.be\/wp-content\/uploads\/sites\/13\/2025\/08\/Ace-Pro-2-\u6807\u51c6\u5957\u9910-1.webp","contentUrl":"https:\/\/koningdrone.be\/wp-content\/uploads\/sites\/13\/2025\/08\/Ace-Pro-2-\u6807\u51c6\u5957\u9910-1.webp","width":2000,"height":2000},{"@type":"BreadcrumbList","@id":"https:\/\/koningdrone.be\/product\/ace-pro-2-standard-bundle\/#breadcrumb","itemListElement":[{"@type":"ListItem","position":1,"name":"Home","item":"https:\/\/koningdrone.be\/"},{"@type":"ListItem","position":2,"name":"AVSS Parachute Recovery System for DJI Matrice 300\/350","item":"https:\/\/koningdrone.be\/product\/avss-parachute-recovery-system-for-dji-matrice-300-350\/"},{"@type":"ListItem","position":3,"name":"Uncategorized","item":"https:\/\/koningdrone.be\/categorie\/uncategorized\/"},{"@type":"ListItem","position":4,"name":"Ace Pro 2 Standard Bundle"}]},{"@type":"WebSite","@id":"https:\/\/koningdrone.be\/#website","url":"https:\/\/koningdrone.be\/","name":"Koningdrone.be - Ihr Online-Spezialist f\u00fcr Drohnen, Gimbals, Kameras und Kraftwerke.","description":"Der Webshop f\u00fcr Drohnen und Gimbals","publisher":{"@id":"https:\/\/koningdrone.be\/#organization"},"potentialAction":[{"@type":"SearchAction","target":{"@type":"EntryPoint","urlTemplate":"https:\/\/koningdrone.be\/?s={search_term_string}"},"query-input":{"@type":"PropertyValueSpecification","valueRequired":true,"valueName":"search_term_string"}}],"inLanguage":"de"},{"@type":"Organization","@id":"https:\/\/koningdrone.be\/#organization","name":"Kingdrone.de","url":"https:\/\/koningdrone.be\/","logo":{"@type":"ImageObject","inLanguage":"de","@id":"https:\/\/koningdrone.be\/#\/schema\/logo\/image\/","url":"https:\/\/koningdrone.be\/wp-content\/uploads\/sites\/13\/2025\/04\/koningdrone-copyright-logo.svg","contentUrl":"https:\/\/koningdrone.be\/wp-content\/uploads\/sites\/13\/2025\/04\/koningdrone-copyright-logo.svg","width":227,"height":38,"caption":"Koningdrone.be"},"image":{"@id":"https:\/\/koningdrone.be\/#\/schema\/logo\/image\/"}}]}},"df_price":"","df_sale_price":"","df_regular_price":"","df_image_link":"https:\/\/koningdrone.be\/wp-content\/uploads\/sites\/13\/2025\/08\/Ace-Pro-2-\u6807\u51c6\u5957\u9910-1-300x300.webp","_links":{"self":[{"href":"https:\/\/koningdrone.be\/de\/wp-json\/wp\/v2\/product\/14673","targetHints":{"allow":["GET"]}}],"collection":[{"href":"https:\/\/koningdrone.be\/de\/wp-json\/wp\/v2\/product"}],"about":[{"href":"https:\/\/koningdrone.be\/de\/wp-json\/wp\/v2\/types\/product"}],"wp:featuredmedia":[{"embeddable":true,"href":"https:\/\/koningdrone.be\/de\/wp-json\/wp\/v2\/media\/14666"}],"wp:attachment":[{"href":"https:\/\/koningdrone.be\/de\/wp-json\/wp\/v2\/media?parent=14673"}],"wp:term":[{"taxonomy":"product_brand","embeddable":true,"href":"https:\/\/koningdrone.be\/de\/wp-json\/wp\/v2\/product_brand?post=14673"},{"taxonomy":"product_cat","embeddable":true,"href":"https:\/\/koningdrone.be\/de\/wp-json\/wp\/v2\/product_cat?post=14673"},{"taxonomy":"product_tag","embeddable":true,"href":"https:\/\/koningdrone.be\/de\/wp-json\/wp\/v2\/product_tag?post=14673"}],"curies":[{"name":"wp","href":"https:\/\/api.w.org\/{rel}","templated":true}]}}