{"id":14652,"date":"2025-07-03T10:04:29","date_gmt":"2025-07-03T08:04:29","guid":{"rendered":"https:\/\/koningdrone.be\/product\/bike-tail-mount-kit-2\/"},"modified":"2025-07-03T10:04:29","modified_gmt":"2025-07-03T08:04:29","slug":"bike-tail-mount-kit-2","status":"publish","type":"product","link":"https:\/\/koningdrone.be\/de\/produkt\/bike-tail-mount-kit-2\/","title":{"rendered":"Fahrrad-Heckmontage-Kit"},"content":{"rendered":"<p>Das Bike Tail Mount Kit erm\u00f6glicht beeindruckende Action-Aufnahmen aus der dritten Person, indem es sicher am Sattel oder an der Sattelst\u00fctze Ihres Fahrrads befestigt wird. Es besteht aus robustem Aluminium, Kunststoff und Silikon und h\u00e4lt Ihre Kamera auch bei hohen Geschwindigkeiten stabil. Mit dem verstellbaren Kugelkopf und den verschiedenen Klemmen k\u00f6nnen Sie den Winkel pr\u00e4zise einstellen und dynamische Fahrperspektiven einfangen. Er wird mit Adaptern f\u00fcr Sattelst\u00fctzen- und Selfie-Stick-Setups geliefert und bietet Vielseitigkeit bei der Bildgestaltung. Die einfache, werkzeuggest\u00fctzte Installation gew\u00e4hrleistet eine zuverl\u00e4ssige Passform und macht dieses Kit ideal f\u00fcr den Stra\u00dfenradsport. Es wurde f\u00fcr glatte Oberfl\u00e4chen und Geschwindigkeiten bis zu 60 km\/h entwickelt und bietet Sch\u00f6pfern neue M\u00f6glichkeiten des visuellen Geschichtenerz\u00e4hlens.<\/p>","protected":false},"excerpt":{"rendered":"<ul>\n<li>Erm\u00f6glicht immersive Action-Aufnahmen aus der dritten Person und unter dem Sitz.<\/li>\n<li>Robuste Konstruktion aus Aluminiumlegierung mit Silikonauflage.<\/li>\n<li>Verstellbarer Winkel f\u00fcr pr\u00e4zises Einrahmen.<\/li>\n<li>Mehrere Klemmen f\u00fcr mehr Stabilit\u00e4t.<\/li>\n<li>Einfache Installation mit dem mitgelieferten Inbusschl\u00fcssel.<\/li>\n<li>Optimiert f\u00fcr Rennradgeschwindigkeiten bis zu 60 km\/h.<\/li>\n<\/ul>","protected":false},"featured_media":14647,"template":"","meta":{"_acf_changed":false},"product_brand":[],"product_cat":[58],"product_tag":[],"class_list":{"0":"post-14652","1":"product","2":"type-product","3":"status-publish","4":"has-post-thumbnail","6":"product_cat-uncategorized","7":"pa_brand-insta360","8":"pa_producttype-montageset-achterklep-achterzadel","10":"first","11":"outofstock","12":"taxable","13":"shipping-taxable","14":"product-type-simple"},"acf":[],"yoast_head":"<!-- This site is optimized with the Yoast SEO Premium plugin v27.2 (Yoast SEO v27.2) - https:\/\/yoast.com\/product\/yoast-seo-premium-wordpress\/ -->\n<title>Bike Tail Mount Kit - koningdrone.be<\/title>\n<meta name=\"robots\" content=\"index, follow, max-snippet:-1, max-image-preview:large, max-video-preview:-1\" \/>\n<link rel=\"canonical\" href=\"https:\/\/koningdrone.be\/de\/produkt\/bike-tail-mount-kit-2\/\" \/>\n<meta property=\"og:locale\" content=\"de_DE\" \/>\n<meta property=\"og:type\" content=\"article\" \/>\n<meta property=\"og:title\" content=\"Bike Tail Mount Kit\" \/>\n<meta property=\"og:description\" content=\"Maakt meeslepende actieopnamen vanuit de derde persoon en onder de stoel mogelijk. Sterke constructie van aluminiumlegering met siliconen ondersteuning. Verstelbare hoek voor nauwkeurige kadrering. Meerdere klemmen voor meer stabiliteit. Eenvoudige installatie met meegeleverd inbussleutelgereedschap. Geoptimaliseerd voor wegfietssnelheden tot 60 km\/u.\" \/>\n<meta property=\"og:url\" content=\"https:\/\/koningdrone.be\/de\/produkt\/bike-tail-mount-kit-2\/\" \/>\n<meta property=\"og:site_name\" content=\"koningdrone.be\" \/>\n<meta property=\"og:image\" content=\"https:\/\/koningdrone.be\/wp-content\/uploads\/sites\/13\/2025\/08\/AV01-1.webp\" \/>\n\t<meta property=\"og:image:width\" content=\"2000\" \/>\n\t<meta property=\"og:image:height\" content=\"2000\" \/>\n\t<meta property=\"og:image:type\" content=\"image\/webp\" \/>\n<meta name=\"twitter:card\" content=\"summary_large_image\" \/>\n<meta name=\"twitter:label1\" content=\"Gesch\u00e4tzte Lesezeit\" \/>\n\t<meta name=\"twitter:data1\" content=\"1\u00a0Minute\" \/>\n<script type=\"application\/ld+json\" class=\"yoast-schema-graph\">{\"@context\":\"https:\/\/schema.org\",\"@graph\":[{\"@type\":\"WebPage\",\"@id\":\"https:\/\/koningdrone.be\/de\/produkt\/bike-tail-mount-kit-2\/\",\"url\":\"https:\/\/koningdrone.be\/de\/produkt\/bike-tail-mount-kit-2\/\",\"name\":\"Bike Tail Mount Kit - koningdrone.be\",\"isPartOf\":{\"@id\":\"https:\/\/koningdrone.be\/#website\"},\"primaryImageOfPage\":{\"@id\":\"https:\/\/koningdrone.be\/de\/produkt\/bike-tail-mount-kit-2\/#primaryimage\"},\"image\":{\"@id\":\"https:\/\/koningdrone.be\/de\/produkt\/bike-tail-mount-kit-2\/#primaryimage\"},\"thumbnailUrl\":\"https:\/\/koningdrone.be\/wp-content\/uploads\/sites\/13\/2025\/08\/AV01-1.webp\",\"datePublished\":\"2025-07-03T08:04:29+00:00\",\"breadcrumb\":{\"@id\":\"https:\/\/koningdrone.be\/de\/produkt\/bike-tail-mount-kit-2\/#breadcrumb\"},\"inLanguage\":\"de\",\"potentialAction\":[{\"@type\":\"ReadAction\",\"target\":[\"https:\/\/koningdrone.be\/de\/produkt\/bike-tail-mount-kit-2\/\"]}]},{\"@type\":\"ImageObject\",\"inLanguage\":\"de\",\"@id\":\"https:\/\/koningdrone.be\/de\/produkt\/bike-tail-mount-kit-2\/#primaryimage\",\"url\":\"https:\/\/koningdrone.be\/wp-content\/uploads\/sites\/13\/2025\/08\/AV01-1.webp\",\"contentUrl\":\"https:\/\/koningdrone.be\/wp-content\/uploads\/sites\/13\/2025\/08\/AV01-1.webp\",\"width\":2000,\"height\":2000},{\"@type\":\"BreadcrumbList\",\"@id\":\"https:\/\/koningdrone.be\/de\/produkt\/bike-tail-mount-kit-2\/#breadcrumb\",\"itemListElement\":[{\"@type\":\"ListItem\",\"position\":1,\"name\":\"Home\",\"item\":\"https:\/\/koningdrone.be\/\"},{\"@type\":\"ListItem\",\"position\":2,\"name\":\"AVSS Parachute Recovery System for DJI Matrice 300\/350\",\"item\":\"https:\/\/koningdrone.be\/product\/avss-parachute-recovery-system-for-dji-matrice-300-350\/\"},{\"@type\":\"ListItem\",\"position\":3,\"name\":\"Uncategorized\",\"item\":\"https:\/\/koningdrone.be\/categorie\/uncategorized\/\"},{\"@type\":\"ListItem\",\"position\":4,\"name\":\"Bike Tail Mount Kit\"}]},{\"@type\":\"WebSite\",\"@id\":\"https:\/\/koningdrone.be\/#website\",\"url\":\"https:\/\/koningdrone.be\/\",\"name\":\"Koningdrone.be - Uw online specialist in drones, gimbals, camera's en power stations.\",\"description\":\"De webshop in drones en gimbals\",\"publisher\":{\"@id\":\"https:\/\/koningdrone.be\/#organization\"},\"potentialAction\":[{\"@type\":\"SearchAction\",\"target\":{\"@type\":\"EntryPoint\",\"urlTemplate\":\"https:\/\/koningdrone.be\/?s={search_term_string}\"},\"query-input\":{\"@type\":\"PropertyValueSpecification\",\"valueRequired\":true,\"valueName\":\"search_term_string\"}}],\"inLanguage\":\"de\"},{\"@type\":\"Organization\",\"@id\":\"https:\/\/koningdrone.be\/#organization\",\"name\":\"Koningdrone.be\",\"url\":\"https:\/\/koningdrone.be\/\",\"logo\":{\"@type\":\"ImageObject\",\"inLanguage\":\"de\",\"@id\":\"https:\/\/koningdrone.be\/#\/schema\/logo\/image\/\",\"url\":\"https:\/\/koningdrone.be\/wp-content\/uploads\/sites\/13\/2025\/04\/koningdrone-copyright-logo.svg\",\"contentUrl\":\"https:\/\/koningdrone.be\/wp-content\/uploads\/sites\/13\/2025\/04\/koningdrone-copyright-logo.svg\",\"width\":227,\"height\":38,\"caption\":\"Koningdrone.be\"},\"image\":{\"@id\":\"https:\/\/koningdrone.be\/#\/schema\/logo\/image\/\"}}]}<\/script>\n<!-- \/ Yoast SEO Premium plugin. -->","yoast_head_json":{"title":"Bike Tail Mount Kit - koningdrone.be","robots":{"index":"index","follow":"follow","max-snippet":"max-snippet:-1","max-image-preview":"max-image-preview:large","max-video-preview":"max-video-preview:-1"},"canonical":"https:\/\/koningdrone.be\/de\/produkt\/bike-tail-mount-kit-2\/","og_locale":"de_DE","og_type":"article","og_title":"Bike Tail Mount Kit","og_description":"Maakt meeslepende actieopnamen vanuit de derde persoon en onder de stoel mogelijk. Sterke constructie van aluminiumlegering met siliconen ondersteuning. Verstelbare hoek voor nauwkeurige kadrering. Meerdere klemmen voor meer stabiliteit. Eenvoudige installatie met meegeleverd inbussleutelgereedschap. Geoptimaliseerd voor wegfietssnelheden tot 60 km\/u.","og_url":"https:\/\/koningdrone.be\/de\/produkt\/bike-tail-mount-kit-2\/","og_site_name":"koningdrone.be","og_image":[{"width":2000,"height":2000,"url":"https:\/\/koningdrone.be\/wp-content\/uploads\/sites\/13\/2025\/08\/AV01-1.webp","type":"image\/webp"}],"twitter_card":"summary_large_image","twitter_misc":{"Gesch\u00e4tzte Lesezeit":"1\u00a0Minute"},"schema":{"@context":"https:\/\/schema.org","@graph":[{"@type":"WebPage","@id":"https:\/\/koningdrone.be\/de\/produkt\/bike-tail-mount-kit-2\/","url":"https:\/\/koningdrone.be\/de\/produkt\/bike-tail-mount-kit-2\/","name":"Bike Tail Mount Kit - koningdrone.be","isPartOf":{"@id":"https:\/\/koningdrone.be\/#website"},"primaryImageOfPage":{"@id":"https:\/\/koningdrone.be\/de\/produkt\/bike-tail-mount-kit-2\/#primaryimage"},"image":{"@id":"https:\/\/koningdrone.be\/de\/produkt\/bike-tail-mount-kit-2\/#primaryimage"},"thumbnailUrl":"https:\/\/koningdrone.be\/wp-content\/uploads\/sites\/13\/2025\/08\/AV01-1.webp","datePublished":"2025-07-03T08:04:29+00:00","breadcrumb":{"@id":"https:\/\/koningdrone.be\/de\/produkt\/bike-tail-mount-kit-2\/#breadcrumb"},"inLanguage":"de","potentialAction":[{"@type":"ReadAction","target":["https:\/\/koningdrone.be\/de\/produkt\/bike-tail-mount-kit-2\/"]}]},{"@type":"ImageObject","inLanguage":"de","@id":"https:\/\/koningdrone.be\/de\/produkt\/bike-tail-mount-kit-2\/#primaryimage","url":"https:\/\/koningdrone.be\/wp-content\/uploads\/sites\/13\/2025\/08\/AV01-1.webp","contentUrl":"https:\/\/koningdrone.be\/wp-content\/uploads\/sites\/13\/2025\/08\/AV01-1.webp","width":2000,"height":2000},{"@type":"BreadcrumbList","@id":"https:\/\/koningdrone.be\/de\/produkt\/bike-tail-mount-kit-2\/#breadcrumb","itemListElement":[{"@type":"ListItem","position":1,"name":"Home","item":"https:\/\/koningdrone.be\/"},{"@type":"ListItem","position":2,"name":"AVSS Parachute Recovery System for DJI Matrice 300\/350","item":"https:\/\/koningdrone.be\/product\/avss-parachute-recovery-system-for-dji-matrice-300-350\/"},{"@type":"ListItem","position":3,"name":"Uncategorized","item":"https:\/\/koningdrone.be\/categorie\/uncategorized\/"},{"@type":"ListItem","position":4,"name":"Bike Tail Mount Kit"}]},{"@type":"WebSite","@id":"https:\/\/koningdrone.be\/#website","url":"https:\/\/koningdrone.be\/","name":"Koningdrone.be - Ihr Online-Spezialist f\u00fcr Drohnen, Gimbals, Kameras und Kraftwerke.","description":"Der Webshop f\u00fcr Drohnen und Gimbals","publisher":{"@id":"https:\/\/koningdrone.be\/#organization"},"potentialAction":[{"@type":"SearchAction","target":{"@type":"EntryPoint","urlTemplate":"https:\/\/koningdrone.be\/?s={search_term_string}"},"query-input":{"@type":"PropertyValueSpecification","valueRequired":true,"valueName":"search_term_string"}}],"inLanguage":"de"},{"@type":"Organization","@id":"https:\/\/koningdrone.be\/#organization","name":"Kingdrone.de","url":"https:\/\/koningdrone.be\/","logo":{"@type":"ImageObject","inLanguage":"de","@id":"https:\/\/koningdrone.be\/#\/schema\/logo\/image\/","url":"https:\/\/koningdrone.be\/wp-content\/uploads\/sites\/13\/2025\/04\/koningdrone-copyright-logo.svg","contentUrl":"https:\/\/koningdrone.be\/wp-content\/uploads\/sites\/13\/2025\/04\/koningdrone-copyright-logo.svg","width":227,"height":38,"caption":"Koningdrone.be"},"image":{"@id":"https:\/\/koningdrone.be\/#\/schema\/logo\/image\/"}}]}},"df_price":"","df_sale_price":"","df_regular_price":"","df_image_link":"https:\/\/koningdrone.be\/wp-content\/uploads\/sites\/13\/2025\/08\/AV01-1-300x300.webp","_links":{"self":[{"href":"https:\/\/koningdrone.be\/de\/wp-json\/wp\/v2\/product\/14652","targetHints":{"allow":["GET"]}}],"collection":[{"href":"https:\/\/koningdrone.be\/de\/wp-json\/wp\/v2\/product"}],"about":[{"href":"https:\/\/koningdrone.be\/de\/wp-json\/wp\/v2\/types\/product"}],"wp:featuredmedia":[{"embeddable":true,"href":"https:\/\/koningdrone.be\/de\/wp-json\/wp\/v2\/media\/14647"}],"wp:attachment":[{"href":"https:\/\/koningdrone.be\/de\/wp-json\/wp\/v2\/media?parent=14652"}],"wp:term":[{"taxonomy":"product_brand","embeddable":true,"href":"https:\/\/koningdrone.be\/de\/wp-json\/wp\/v2\/product_brand?post=14652"},{"taxonomy":"product_cat","embeddable":true,"href":"https:\/\/koningdrone.be\/de\/wp-json\/wp\/v2\/product_cat?post=14652"},{"taxonomy":"product_tag","embeddable":true,"href":"https:\/\/koningdrone.be\/de\/wp-json\/wp\/v2\/product_tag?post=14652"}],"curies":[{"name":"wp","href":"https:\/\/api.w.org\/{rel}","templated":true}]}}