{"id":1460,"date":"2024-12-04T12:18:54","date_gmt":"2024-12-04T11:18:54","guid":{"rendered":"https:\/\/koningdrone.nl\/kon\/product\/anker-solix-fs20-balcony-solar-system\/"},"modified":"2025-06-10T14:39:48","modified_gmt":"2025-06-10T12:39:48","slug":"anker-solix-fs20-balcony-solar-system","status":"publish","type":"product","link":"https:\/\/koningdrone.be\/de\/produkt\/anker-solix-fs20-balcony-solar-system\/","title":{"rendered":"Anker SOLIX FS20 Balkonsolaranlage"},"content":{"rendered":"<p>Das ANKER SOLIX FS20 Balkonsolarsystem ist eine kompakte, leichte Solarl\u00f6sung f\u00fcr Balkone und kleine Au\u00dfenbereiche. Es verf\u00fcgt \u00fcber ein flexibles Solarmodul mit einer Gesamtleistung von 225 W und ist damit perfekt f\u00fcr die Stromversorgung von Lampen, kleinen elektronischen Ger\u00e4ten und energieeffizienten Ger\u00e4ten geeignet. Dank der einfachen Installation und der wetterfesten Konstruktion erm\u00f6glicht dieses System den Nutzern die Nutzung von Solarstrom auf ihren Balkonen und erzeugt saubere und effiziente Energie.<\/p>","protected":false},"excerpt":{"rendered":"<ul>\n<li>Durch sein kompaktes und leichtes Design ist er ideal f\u00fcr kleine R\u00e4ume wie z. B. Balkone.<\/li>\n<li>Einfach zu installieren mit minimalen Installationsanforderungen, perfekt f\u00fcr st\u00e4dtische Umgebungen.<\/li>\n<li>Liefert saubere, erneuerbare Energie f\u00fcr Beleuchtung, kleine Ger\u00e4te und Apparate.<\/li>\n<li>Das flexible Design der Solarmodule erm\u00f6glicht eine bessere Anpassung an verschiedene Oberfl\u00e4chen.<\/li>\n<li>Die wetterfeste Konstruktion gew\u00e4hrleistet eine lange Lebensdauer und Leistung.<\/li>\n<\/ul>","protected":false},"featured_media":1459,"template":"","meta":{"_acf_changed":false},"product_brand":[],"product_cat":[97,197,198],"product_tag":[],"class_list":{"0":"post-1460","1":"product","2":"type-product","3":"status-publish","4":"has-post-thumbnail","6":"product_cat-alle-producten","7":"product_cat-anker","8":"product_cat-zonnepanelen","9":"product_shipping_class-outofstock","10":"pa_brand-anker","12":"first","13":"outofstock","14":"taxable","15":"shipping-taxable","16":"product-type-simple"},"acf":[],"yoast_head":"<!-- This site is optimized with the Yoast SEO Premium plugin v27.2 (Yoast SEO v27.2) - https:\/\/yoast.com\/product\/yoast-seo-premium-wordpress\/ -->\n<title>Anker SOLIX FS20 Balcony Solar System - koningdrone.be<\/title>\n<meta name=\"robots\" content=\"index, follow, max-snippet:-1, max-image-preview:large, max-video-preview:-1\" \/>\n<link rel=\"canonical\" href=\"https:\/\/koningdrone.be\/de\/produkt\/anker-solix-fs20-balcony-solar-system\/\" \/>\n<meta property=\"og:locale\" content=\"de_DE\" \/>\n<meta property=\"og:type\" content=\"article\" \/>\n<meta property=\"og:title\" content=\"Anker SOLIX FS20 Balcony Solar System\" \/>\n<meta property=\"og:description\" content=\"Compact en lichtgewicht ontwerp maakt het ideaal voor kleine ruimtes zoals balkons.  Eenvoudig te installeren met minimale installatievereisten, perfect voor stedelijke omgevingen.  Levert schone, hernieuwbare energie voor verlichting, kleine apparaten en toestellen.  Flexibel ontwerp van het zonnepaneel zorgt voor een betere aanpassing aan verschillende oppervlakken.  Weerbestendige constructie garandeert langdurige duurzaamheid en prestaties.\" \/>\n<meta property=\"og:url\" content=\"https:\/\/koningdrone.be\/de\/produkt\/anker-solix-fs20-balcony-solar-system\/\" \/>\n<meta property=\"og:site_name\" content=\"koningdrone.be\" \/>\n<meta property=\"article:modified_time\" content=\"2025-06-10T12:39:48+00:00\" \/>\n<meta property=\"og:image\" content=\"https:\/\/koningdrone.be\/wp-content\/uploads\/sites\/13\/2025\/04\/20230627-104415.jpg\" \/>\n\t<meta property=\"og:image:width\" content=\"1066\" \/>\n\t<meta property=\"og:image:height\" content=\"496\" \/>\n\t<meta property=\"og:image:type\" content=\"image\/jpeg\" \/>\n<meta name=\"twitter:card\" content=\"summary_large_image\" \/>\n<script type=\"application\/ld+json\" class=\"yoast-schema-graph\">{\"@context\":\"https:\/\/schema.org\",\"@graph\":[{\"@type\":\"WebPage\",\"@id\":\"https:\/\/koningdrone.be\/product\/anker-solix-fs20-balcony-solar-system\/\",\"url\":\"https:\/\/koningdrone.be\/product\/anker-solix-fs20-balcony-solar-system\/\",\"name\":\"Anker SOLIX FS20 Balcony Solar System - koningdrone.be\",\"isPartOf\":{\"@id\":\"https:\/\/koningdrone.be\/#website\"},\"primaryImageOfPage\":{\"@id\":\"https:\/\/koningdrone.be\/product\/anker-solix-fs20-balcony-solar-system\/#primaryimage\"},\"image\":{\"@id\":\"https:\/\/koningdrone.be\/product\/anker-solix-fs20-balcony-solar-system\/#primaryimage\"},\"thumbnailUrl\":\"https:\/\/koningdrone.be\/wp-content\/uploads\/sites\/13\/2025\/04\/20230627-104415.jpg\",\"datePublished\":\"2024-12-04T11:18:54+00:00\",\"dateModified\":\"2025-06-10T12:39:48+00:00\",\"breadcrumb\":{\"@id\":\"https:\/\/koningdrone.be\/product\/anker-solix-fs20-balcony-solar-system\/#breadcrumb\"},\"inLanguage\":\"de\",\"potentialAction\":[{\"@type\":\"ReadAction\",\"target\":[\"https:\/\/koningdrone.be\/product\/anker-solix-fs20-balcony-solar-system\/\"]}]},{\"@type\":\"ImageObject\",\"inLanguage\":\"de\",\"@id\":\"https:\/\/koningdrone.be\/product\/anker-solix-fs20-balcony-solar-system\/#primaryimage\",\"url\":\"https:\/\/koningdrone.be\/wp-content\/uploads\/sites\/13\/2025\/04\/20230627-104415.jpg\",\"contentUrl\":\"https:\/\/koningdrone.be\/wp-content\/uploads\/sites\/13\/2025\/04\/20230627-104415.jpg\",\"width\":1066,\"height\":496},{\"@type\":\"BreadcrumbList\",\"@id\":\"https:\/\/koningdrone.be\/product\/anker-solix-fs20-balcony-solar-system\/#breadcrumb\",\"itemListElement\":[{\"@type\":\"ListItem\",\"position\":1,\"name\":\"Home\",\"item\":\"https:\/\/koningdrone.be\/\"},{\"@type\":\"ListItem\",\"position\":2,\"name\":\"AVSS Parachute Recovery System for DJI Matrice 300\/350\",\"item\":\"https:\/\/koningdrone.be\/product\/avss-parachute-recovery-system-for-dji-matrice-300-350\/\"},{\"@type\":\"ListItem\",\"position\":3,\"name\":\"Alle producten\",\"item\":\"https:\/\/koningdrone.be\/categorie\/alle-producten\/\"},{\"@type\":\"ListItem\",\"position\":4,\"name\":\"Anker SOLIX FS20 Balcony Solar System\"}]},{\"@type\":\"WebSite\",\"@id\":\"https:\/\/koningdrone.be\/#website\",\"url\":\"https:\/\/koningdrone.be\/\",\"name\":\"Koningdrone.be - Uw online specialist in drones, gimbals, camera's en power stations.\",\"description\":\"De webshop in drones en gimbals\",\"publisher\":{\"@id\":\"https:\/\/koningdrone.be\/#organization\"},\"potentialAction\":[{\"@type\":\"SearchAction\",\"target\":{\"@type\":\"EntryPoint\",\"urlTemplate\":\"https:\/\/koningdrone.be\/?s={search_term_string}\"},\"query-input\":{\"@type\":\"PropertyValueSpecification\",\"valueRequired\":true,\"valueName\":\"search_term_string\"}}],\"inLanguage\":\"de\"},{\"@type\":\"Organization\",\"@id\":\"https:\/\/koningdrone.be\/#organization\",\"name\":\"Koningdrone.be\",\"url\":\"https:\/\/koningdrone.be\/\",\"logo\":{\"@type\":\"ImageObject\",\"inLanguage\":\"de\",\"@id\":\"https:\/\/koningdrone.be\/#\/schema\/logo\/image\/\",\"url\":\"https:\/\/koningdrone.be\/wp-content\/uploads\/sites\/13\/2025\/04\/koningdrone-copyright-logo.svg\",\"contentUrl\":\"https:\/\/koningdrone.be\/wp-content\/uploads\/sites\/13\/2025\/04\/koningdrone-copyright-logo.svg\",\"width\":227,\"height\":38,\"caption\":\"Koningdrone.be\"},\"image\":{\"@id\":\"https:\/\/koningdrone.be\/#\/schema\/logo\/image\/\"}}]}<\/script>\n<!-- \/ Yoast SEO Premium plugin. -->","yoast_head_json":{"title":"Anker SOLIX FS20 Balcony Solar System - koningdrone.be","robots":{"index":"index","follow":"follow","max-snippet":"max-snippet:-1","max-image-preview":"max-image-preview:large","max-video-preview":"max-video-preview:-1"},"canonical":"https:\/\/koningdrone.be\/de\/produkt\/anker-solix-fs20-balcony-solar-system\/","og_locale":"de_DE","og_type":"article","og_title":"Anker SOLIX FS20 Balcony Solar System","og_description":"Compact en lichtgewicht ontwerp maakt het ideaal voor kleine ruimtes zoals balkons.  Eenvoudig te installeren met minimale installatievereisten, perfect voor stedelijke omgevingen.  Levert schone, hernieuwbare energie voor verlichting, kleine apparaten en toestellen.  Flexibel ontwerp van het zonnepaneel zorgt voor een betere aanpassing aan verschillende oppervlakken.  Weerbestendige constructie garandeert langdurige duurzaamheid en prestaties.","og_url":"https:\/\/koningdrone.be\/de\/produkt\/anker-solix-fs20-balcony-solar-system\/","og_site_name":"koningdrone.be","article_modified_time":"2025-06-10T12:39:48+00:00","og_image":[{"width":1066,"height":496,"url":"https:\/\/koningdrone.be\/wp-content\/uploads\/sites\/13\/2025\/04\/20230627-104415.jpg","type":"image\/jpeg"}],"twitter_card":"summary_large_image","schema":{"@context":"https:\/\/schema.org","@graph":[{"@type":"WebPage","@id":"https:\/\/koningdrone.be\/product\/anker-solix-fs20-balcony-solar-system\/","url":"https:\/\/koningdrone.be\/product\/anker-solix-fs20-balcony-solar-system\/","name":"Anker SOLIX FS20 Balcony Solar System - koningdrone.be","isPartOf":{"@id":"https:\/\/koningdrone.be\/#website"},"primaryImageOfPage":{"@id":"https:\/\/koningdrone.be\/product\/anker-solix-fs20-balcony-solar-system\/#primaryimage"},"image":{"@id":"https:\/\/koningdrone.be\/product\/anker-solix-fs20-balcony-solar-system\/#primaryimage"},"thumbnailUrl":"https:\/\/koningdrone.be\/wp-content\/uploads\/sites\/13\/2025\/04\/20230627-104415.jpg","datePublished":"2024-12-04T11:18:54+00:00","dateModified":"2025-06-10T12:39:48+00:00","breadcrumb":{"@id":"https:\/\/koningdrone.be\/product\/anker-solix-fs20-balcony-solar-system\/#breadcrumb"},"inLanguage":"de","potentialAction":[{"@type":"ReadAction","target":["https:\/\/koningdrone.be\/product\/anker-solix-fs20-balcony-solar-system\/"]}]},{"@type":"ImageObject","inLanguage":"de","@id":"https:\/\/koningdrone.be\/product\/anker-solix-fs20-balcony-solar-system\/#primaryimage","url":"https:\/\/koningdrone.be\/wp-content\/uploads\/sites\/13\/2025\/04\/20230627-104415.jpg","contentUrl":"https:\/\/koningdrone.be\/wp-content\/uploads\/sites\/13\/2025\/04\/20230627-104415.jpg","width":1066,"height":496},{"@type":"BreadcrumbList","@id":"https:\/\/koningdrone.be\/product\/anker-solix-fs20-balcony-solar-system\/#breadcrumb","itemListElement":[{"@type":"ListItem","position":1,"name":"Home","item":"https:\/\/koningdrone.be\/"},{"@type":"ListItem","position":2,"name":"AVSS Parachute Recovery System for DJI Matrice 300\/350","item":"https:\/\/koningdrone.be\/product\/avss-parachute-recovery-system-for-dji-matrice-300-350\/"},{"@type":"ListItem","position":3,"name":"Alle producten","item":"https:\/\/koningdrone.be\/categorie\/alle-producten\/"},{"@type":"ListItem","position":4,"name":"Anker SOLIX FS20 Balcony Solar System"}]},{"@type":"WebSite","@id":"https:\/\/koningdrone.be\/#website","url":"https:\/\/koningdrone.be\/","name":"Koningdrone.be - Ihr Online-Spezialist f\u00fcr Drohnen, Gimbals, Kameras und Kraftwerke.","description":"Der Webshop f\u00fcr Drohnen und Gimbals","publisher":{"@id":"https:\/\/koningdrone.be\/#organization"},"potentialAction":[{"@type":"SearchAction","target":{"@type":"EntryPoint","urlTemplate":"https:\/\/koningdrone.be\/?s={search_term_string}"},"query-input":{"@type":"PropertyValueSpecification","valueRequired":true,"valueName":"search_term_string"}}],"inLanguage":"de"},{"@type":"Organization","@id":"https:\/\/koningdrone.be\/#organization","name":"Kingdrone.de","url":"https:\/\/koningdrone.be\/","logo":{"@type":"ImageObject","inLanguage":"de","@id":"https:\/\/koningdrone.be\/#\/schema\/logo\/image\/","url":"https:\/\/koningdrone.be\/wp-content\/uploads\/sites\/13\/2025\/04\/koningdrone-copyright-logo.svg","contentUrl":"https:\/\/koningdrone.be\/wp-content\/uploads\/sites\/13\/2025\/04\/koningdrone-copyright-logo.svg","width":227,"height":38,"caption":"Koningdrone.be"},"image":{"@id":"https:\/\/koningdrone.be\/#\/schema\/logo\/image\/"}}]}},"df_price":"","df_sale_price":"","df_regular_price":"","df_image_link":"https:\/\/koningdrone.be\/wp-content\/uploads\/sites\/13\/2025\/04\/20230627-104415-300x140.jpg","_links":{"self":[{"href":"https:\/\/koningdrone.be\/de\/wp-json\/wp\/v2\/product\/1460","targetHints":{"allow":["GET"]}}],"collection":[{"href":"https:\/\/koningdrone.be\/de\/wp-json\/wp\/v2\/product"}],"about":[{"href":"https:\/\/koningdrone.be\/de\/wp-json\/wp\/v2\/types\/product"}],"wp:featuredmedia":[{"embeddable":true,"href":"https:\/\/koningdrone.be\/de\/wp-json\/wp\/v2\/media\/1459"}],"wp:attachment":[{"href":"https:\/\/koningdrone.be\/de\/wp-json\/wp\/v2\/media?parent=1460"}],"wp:term":[{"taxonomy":"product_brand","embeddable":true,"href":"https:\/\/koningdrone.be\/de\/wp-json\/wp\/v2\/product_brand?post=1460"},{"taxonomy":"product_cat","embeddable":true,"href":"https:\/\/koningdrone.be\/de\/wp-json\/wp\/v2\/product_cat?post=1460"},{"taxonomy":"product_tag","embeddable":true,"href":"https:\/\/koningdrone.be\/de\/wp-json\/wp\/v2\/product_tag?post=1460"}],"curies":[{"name":"wp","href":"https:\/\/api.w.org\/{rel}","templated":true}]}}