{"id":1388,"date":"2024-12-24T11:27:43","date_gmt":"2024-12-24T10:27:43","guid":{"rendered":"https:\/\/koningdrone.nl\/kon\/product\/dronertk-ntrip-jaarabonnement-inclusief-m2m-simkaart\/"},"modified":"2026-04-30T05:20:14","modified_gmt":"2026-04-30T03:20:14","slug":"dronertk-ntrip-jaarabonnement-inclusief-m2m-simkaart","status":"publish","type":"product","link":"https:\/\/koningdrone.be\/de\/produkt\/dronertk-ntrip-jaarabonnement-inclusief-m2m-simkaart\/","title":{"rendered":"DroneRTK NTRIP Jahresabonnement inklusive M2M SIM-Karte"},"content":{"rendered":"<p>DroneRTK ist ein NTRIP-Abonnement f\u00fcr und von Drohnenspezialisten, angeboten von DroneLand.<\/p>\n<p>Drohnen werden zunehmend f\u00fcr Kartierungs- und Vermessungsaufgaben eingesetzt. Normalerweise sind Bodenkontrollpunkte (GCPs) erforderlich, um Ihr 2D- oder 3D-Modell nachtr\u00e4glich zu korrigieren, damit das Modell genau ist und die richtigen Koordinaten hat. Ger\u00e4te wie die DJI Phantom 4 RTK und die DJI Matrice 210 RTK V2 k\u00f6nnen jedoch mit einem NTRIP-Abonnement ihre Position in Echtzeit w\u00e4hrend des Fluges korrigieren, um die Genauigkeit sofort auf den Zentimeter genau zu erhalten. Aufgrund dieser Live-Korrektur ist die in den Metadaten des Bildes gespeicherte GPS-Position sofort die exakte Position, was bedeutet, dass Sie bei der Verarbeitung der Daten zu einem 2D- oder 3D-Modell (praktisch) keine Bodenkontrollpunkte mehr ben\u00f6tigen. Dies spart eine Menge Arbeit in Ihrem Arbeitsablauf und gew\u00e4hrleistet eine hohe Genauigkeit Ihres Modells.<\/p>\n<p>Von DroneLand bieten wir DroneRTK an, ein NTRIP-Abonnement speziell f\u00fcr Drohnenbetreiber.<\/p>\n<p>Was sind die Besonderheiten von DroneRTK?<\/p>\n<ul>\n<li>Fl\u00e4chendeckung in ganz Europa (zum Zeitpunkt der Erstellung dieses Dokuments+- 1400 Basisstationen)<\/li>\n<li>Hohe Genauigkeit &lt;1,5CM<\/li>\n<li>Volle Unterst\u00fctzung von Galileo, GPS und Glonass<\/li>\n<li>Sehr vorteilhafte Tarife<\/li>\n<li>Abschlie\u00dfbar pro Monat oder pro Jahr<\/li>\n<li>M2M Data Sim-Karte von KPN f\u00fcr eine stabile Verbindung<\/li>\n<li>Greifen Sie auf die App zu, um Ihre Konten zu \u00fcberwachen und einen \u00dcberblick \u00fcber alle Basisstationen zu erhalten.<\/li>\n<\/ul>\n<p>&nbsp;<\/p>","protected":false},"excerpt":{"rendered":"<ul>\n<li>Pr\u00e4zise Kompatibilit\u00e4t: Jeder Propeller wurde speziell f\u00fcr die Autel Alpha Drohne entwickelt, um perfekte Passform und Funktion zu gew\u00e4hrleisten.<\/li>\n<\/ul>","protected":false},"featured_media":1387,"template":"","meta":{"_acf_changed":false},"product_brand":[],"product_cat":[97,180],"product_tag":[],"class_list":{"0":"post-1388","1":"product","2":"type-product","3":"status-publish","4":"has-post-thumbnail","6":"product_cat-alle-producten","7":"product_cat-autel-alpha","8":"product_shipping_class-outofstock","9":"pa_brand-autel","10":"pa_producttype-schroeven","11":"pa_series-alpha","13":"first","14":"outofstock","15":"taxable","16":"shipping-taxable","17":"product-type-simple"},"acf":[],"yoast_head":"<!-- This site is optimized with the Yoast SEO Premium plugin v27.2 (Yoast SEO v27.2) - https:\/\/yoast.com\/product\/yoast-seo-premium-wordpress\/ -->\n<title>DroneRTK NTRIP Jaarabonnement Inclusief M2M Simkaart - koningdrone.be<\/title>\n<meta name=\"robots\" content=\"index, follow, max-snippet:-1, max-image-preview:large, max-video-preview:-1\" \/>\n<link rel=\"canonical\" href=\"https:\/\/koningdrone.be\/de\/produkt\/dronertk-ntrip-jaarabonnement-inclusief-m2m-simkaart\/\" \/>\n<meta property=\"og:locale\" content=\"de_DE\" \/>\n<meta property=\"og:type\" content=\"article\" \/>\n<meta property=\"og:title\" content=\"DroneRTK NTRIP Jaarabonnement Inclusief M2M Simkaart\" \/>\n<meta property=\"og:description\" content=\"Precisiecompatibiliteit: elke propeller is speciaal ontworpen voor de Autel Alpha-drone, wat een perfecte pasvorm en functie garandeert.\" \/>\n<meta property=\"og:url\" content=\"https:\/\/koningdrone.be\/de\/produkt\/dronertk-ntrip-jaarabonnement-inclusief-m2m-simkaart\/\" \/>\n<meta property=\"og:site_name\" content=\"koningdrone.be\" \/>\n<meta property=\"article:modified_time\" content=\"2026-04-30T03:20:14+00:00\" \/>\n<meta property=\"og:image\" content=\"https:\/\/koningdrone.be\/wp-content\/uploads\/sites\/13\/2025\/04\/droneland-drone-rtk.png\" \/>\n\t<meta property=\"og:image:width\" content=\"699\" \/>\n\t<meta property=\"og:image:height\" content=\"698\" \/>\n\t<meta property=\"og:image:type\" content=\"image\/png\" \/>\n<meta name=\"twitter:card\" content=\"summary_large_image\" \/>\n<meta name=\"twitter:label1\" content=\"Gesch\u00e4tzte Lesezeit\" \/>\n\t<meta name=\"twitter:data1\" content=\"1\u00a0Minute\" \/>\n<script type=\"application\/ld+json\" class=\"yoast-schema-graph\">{\"@context\":\"https:\/\/schema.org\",\"@graph\":[{\"@type\":\"WebPage\",\"@id\":\"https:\/\/koningdrone.be\/product\/dronertk-ntrip-jaarabonnement-inclusief-m2m-simkaart\/\",\"url\":\"https:\/\/koningdrone.be\/product\/dronertk-ntrip-jaarabonnement-inclusief-m2m-simkaart\/\",\"name\":\"DroneRTK NTRIP Jaarabonnement Inclusief M2M Simkaart - koningdrone.be\",\"isPartOf\":{\"@id\":\"https:\/\/koningdrone.be\/#website\"},\"primaryImageOfPage\":{\"@id\":\"https:\/\/koningdrone.be\/product\/dronertk-ntrip-jaarabonnement-inclusief-m2m-simkaart\/#primaryimage\"},\"image\":{\"@id\":\"https:\/\/koningdrone.be\/product\/dronertk-ntrip-jaarabonnement-inclusief-m2m-simkaart\/#primaryimage\"},\"thumbnailUrl\":\"https:\/\/koningdrone.be\/wp-content\/uploads\/sites\/13\/2025\/04\/droneland-drone-rtk.png\",\"datePublished\":\"2024-12-24T10:27:43+00:00\",\"dateModified\":\"2026-04-30T03:20:14+00:00\",\"breadcrumb\":{\"@id\":\"https:\/\/koningdrone.be\/product\/dronertk-ntrip-jaarabonnement-inclusief-m2m-simkaart\/#breadcrumb\"},\"inLanguage\":\"de\",\"potentialAction\":[{\"@type\":\"ReadAction\",\"target\":[\"https:\/\/koningdrone.be\/product\/dronertk-ntrip-jaarabonnement-inclusief-m2m-simkaart\/\"]}]},{\"@type\":\"ImageObject\",\"inLanguage\":\"de\",\"@id\":\"https:\/\/koningdrone.be\/product\/dronertk-ntrip-jaarabonnement-inclusief-m2m-simkaart\/#primaryimage\",\"url\":\"https:\/\/koningdrone.be\/wp-content\/uploads\/sites\/13\/2025\/04\/droneland-drone-rtk.png\",\"contentUrl\":\"https:\/\/koningdrone.be\/wp-content\/uploads\/sites\/13\/2025\/04\/droneland-drone-rtk.png\",\"width\":699,\"height\":698},{\"@type\":\"BreadcrumbList\",\"@id\":\"https:\/\/koningdrone.be\/product\/dronertk-ntrip-jaarabonnement-inclusief-m2m-simkaart\/#breadcrumb\",\"itemListElement\":[{\"@type\":\"ListItem\",\"position\":1,\"name\":\"Home\",\"item\":\"https:\/\/koningdrone.be\/\"},{\"@type\":\"ListItem\",\"position\":2,\"name\":\"AVSS Parachute Recovery System for DJI Matrice 300\/350\",\"item\":\"https:\/\/koningdrone.be\/product\/avss-parachute-recovery-system-for-dji-matrice-300-350\/\"},{\"@type\":\"ListItem\",\"position\":3,\"name\":\"Alle producten\",\"item\":\"https:\/\/koningdrone.be\/categorie\/alle-producten\/\"},{\"@type\":\"ListItem\",\"position\":4,\"name\":\"DroneRTK NTRIP Jaarabonnement Inclusief M2M Simkaart\"}]},{\"@type\":\"WebSite\",\"@id\":\"https:\/\/koningdrone.be\/#website\",\"url\":\"https:\/\/koningdrone.be\/\",\"name\":\"Koningdrone.be - Uw online specialist in drones, gimbals, camera's en power stations.\",\"description\":\"De webshop in drones en gimbals\",\"publisher\":{\"@id\":\"https:\/\/koningdrone.be\/#organization\"},\"potentialAction\":[{\"@type\":\"SearchAction\",\"target\":{\"@type\":\"EntryPoint\",\"urlTemplate\":\"https:\/\/koningdrone.be\/?s={search_term_string}\"},\"query-input\":{\"@type\":\"PropertyValueSpecification\",\"valueRequired\":true,\"valueName\":\"search_term_string\"}}],\"inLanguage\":\"de\"},{\"@type\":\"Organization\",\"@id\":\"https:\/\/koningdrone.be\/#organization\",\"name\":\"Koningdrone.be\",\"url\":\"https:\/\/koningdrone.be\/\",\"logo\":{\"@type\":\"ImageObject\",\"inLanguage\":\"de\",\"@id\":\"https:\/\/koningdrone.be\/#\/schema\/logo\/image\/\",\"url\":\"https:\/\/koningdrone.be\/wp-content\/uploads\/sites\/13\/2025\/04\/koningdrone-copyright-logo.svg\",\"contentUrl\":\"https:\/\/koningdrone.be\/wp-content\/uploads\/sites\/13\/2025\/04\/koningdrone-copyright-logo.svg\",\"width\":227,\"height\":38,\"caption\":\"Koningdrone.be\"},\"image\":{\"@id\":\"https:\/\/koningdrone.be\/#\/schema\/logo\/image\/\"}}]}<\/script>\n<!-- \/ Yoast SEO Premium plugin. -->","yoast_head_json":{"title":"DroneRTK NTRIP Jaarabonnement Inclusief M2M Simkaart - koningdrone.be","robots":{"index":"index","follow":"follow","max-snippet":"max-snippet:-1","max-image-preview":"max-image-preview:large","max-video-preview":"max-video-preview:-1"},"canonical":"https:\/\/koningdrone.be\/de\/produkt\/dronertk-ntrip-jaarabonnement-inclusief-m2m-simkaart\/","og_locale":"de_DE","og_type":"article","og_title":"DroneRTK NTRIP Jaarabonnement Inclusief M2M Simkaart","og_description":"Precisiecompatibiliteit: elke propeller is speciaal ontworpen voor de Autel Alpha-drone, wat een perfecte pasvorm en functie garandeert.","og_url":"https:\/\/koningdrone.be\/de\/produkt\/dronertk-ntrip-jaarabonnement-inclusief-m2m-simkaart\/","og_site_name":"koningdrone.be","article_modified_time":"2026-04-30T03:20:14+00:00","og_image":[{"width":699,"height":698,"url":"https:\/\/koningdrone.be\/wp-content\/uploads\/sites\/13\/2025\/04\/droneland-drone-rtk.png","type":"image\/png"}],"twitter_card":"summary_large_image","twitter_misc":{"Gesch\u00e4tzte Lesezeit":"1\u00a0Minute"},"schema":{"@context":"https:\/\/schema.org","@graph":[{"@type":"WebPage","@id":"https:\/\/koningdrone.be\/product\/dronertk-ntrip-jaarabonnement-inclusief-m2m-simkaart\/","url":"https:\/\/koningdrone.be\/product\/dronertk-ntrip-jaarabonnement-inclusief-m2m-simkaart\/","name":"DroneRTK NTRIP Jaarabonnement Inclusief M2M Simkaart - koningdrone.be","isPartOf":{"@id":"https:\/\/koningdrone.be\/#website"},"primaryImageOfPage":{"@id":"https:\/\/koningdrone.be\/product\/dronertk-ntrip-jaarabonnement-inclusief-m2m-simkaart\/#primaryimage"},"image":{"@id":"https:\/\/koningdrone.be\/product\/dronertk-ntrip-jaarabonnement-inclusief-m2m-simkaart\/#primaryimage"},"thumbnailUrl":"https:\/\/koningdrone.be\/wp-content\/uploads\/sites\/13\/2025\/04\/droneland-drone-rtk.png","datePublished":"2024-12-24T10:27:43+00:00","dateModified":"2026-04-30T03:20:14+00:00","breadcrumb":{"@id":"https:\/\/koningdrone.be\/product\/dronertk-ntrip-jaarabonnement-inclusief-m2m-simkaart\/#breadcrumb"},"inLanguage":"de","potentialAction":[{"@type":"ReadAction","target":["https:\/\/koningdrone.be\/product\/dronertk-ntrip-jaarabonnement-inclusief-m2m-simkaart\/"]}]},{"@type":"ImageObject","inLanguage":"de","@id":"https:\/\/koningdrone.be\/product\/dronertk-ntrip-jaarabonnement-inclusief-m2m-simkaart\/#primaryimage","url":"https:\/\/koningdrone.be\/wp-content\/uploads\/sites\/13\/2025\/04\/droneland-drone-rtk.png","contentUrl":"https:\/\/koningdrone.be\/wp-content\/uploads\/sites\/13\/2025\/04\/droneland-drone-rtk.png","width":699,"height":698},{"@type":"BreadcrumbList","@id":"https:\/\/koningdrone.be\/product\/dronertk-ntrip-jaarabonnement-inclusief-m2m-simkaart\/#breadcrumb","itemListElement":[{"@type":"ListItem","position":1,"name":"Home","item":"https:\/\/koningdrone.be\/"},{"@type":"ListItem","position":2,"name":"AVSS Parachute Recovery System for DJI Matrice 300\/350","item":"https:\/\/koningdrone.be\/product\/avss-parachute-recovery-system-for-dji-matrice-300-350\/"},{"@type":"ListItem","position":3,"name":"Alle producten","item":"https:\/\/koningdrone.be\/categorie\/alle-producten\/"},{"@type":"ListItem","position":4,"name":"DroneRTK NTRIP Jaarabonnement Inclusief M2M Simkaart"}]},{"@type":"WebSite","@id":"https:\/\/koningdrone.be\/#website","url":"https:\/\/koningdrone.be\/","name":"Koningdrone.be - Ihr Online-Spezialist f\u00fcr Drohnen, Gimbals, Kameras und Kraftwerke.","description":"Der Webshop f\u00fcr Drohnen und Gimbals","publisher":{"@id":"https:\/\/koningdrone.be\/#organization"},"potentialAction":[{"@type":"SearchAction","target":{"@type":"EntryPoint","urlTemplate":"https:\/\/koningdrone.be\/?s={search_term_string}"},"query-input":{"@type":"PropertyValueSpecification","valueRequired":true,"valueName":"search_term_string"}}],"inLanguage":"de"},{"@type":"Organization","@id":"https:\/\/koningdrone.be\/#organization","name":"Kingdrone.de","url":"https:\/\/koningdrone.be\/","logo":{"@type":"ImageObject","inLanguage":"de","@id":"https:\/\/koningdrone.be\/#\/schema\/logo\/image\/","url":"https:\/\/koningdrone.be\/wp-content\/uploads\/sites\/13\/2025\/04\/koningdrone-copyright-logo.svg","contentUrl":"https:\/\/koningdrone.be\/wp-content\/uploads\/sites\/13\/2025\/04\/koningdrone-copyright-logo.svg","width":227,"height":38,"caption":"Koningdrone.be"},"image":{"@id":"https:\/\/koningdrone.be\/#\/schema\/logo\/image\/"}}]}},"df_price":"","df_sale_price":"","df_regular_price":"","df_image_link":"https:\/\/koningdrone.be\/wp-content\/uploads\/sites\/13\/2025\/04\/droneland-drone-rtk-300x300.png","_links":{"self":[{"href":"https:\/\/koningdrone.be\/de\/wp-json\/wp\/v2\/product\/1388","targetHints":{"allow":["GET"]}}],"collection":[{"href":"https:\/\/koningdrone.be\/de\/wp-json\/wp\/v2\/product"}],"about":[{"href":"https:\/\/koningdrone.be\/de\/wp-json\/wp\/v2\/types\/product"}],"wp:featuredmedia":[{"embeddable":true,"href":"https:\/\/koningdrone.be\/de\/wp-json\/wp\/v2\/media\/1387"}],"wp:attachment":[{"href":"https:\/\/koningdrone.be\/de\/wp-json\/wp\/v2\/media?parent=1388"}],"wp:term":[{"taxonomy":"product_brand","embeddable":true,"href":"https:\/\/koningdrone.be\/de\/wp-json\/wp\/v2\/product_brand?post=1388"},{"taxonomy":"product_cat","embeddable":true,"href":"https:\/\/koningdrone.be\/de\/wp-json\/wp\/v2\/product_cat?post=1388"},{"taxonomy":"product_tag","embeddable":true,"href":"https:\/\/koningdrone.be\/de\/wp-json\/wp\/v2\/product_tag?post=1388"}],"curies":[{"name":"wp","href":"https:\/\/api.w.org\/{rel}","templated":true}]}}