{"id":1364,"date":"2025-01-28T10:01:23","date_gmt":"2025-01-28T10:01:23","guid":{"rendered":"https:\/\/koningdrone.nl\/kon\/product\/skyfend-blader-sps110-2\/"},"modified":"2025-04-29T11:14:05","modified_gmt":"2025-04-29T11:14:05","slug":"skyfend-blader-sps110-2","status":"publish","type":"product","link":"https:\/\/koningdrone.be\/de\/produkt\/skyfend-blader-sps110-2\/","title":{"rendered":"Skyfend - Blader - SPS110"},"content":{"rendered":"<p>Der Skyfend Blader SPS110 ist ein tragbarer Anti-Drohnen-St\u00f6rsender, der entwickelt wurde, um die Bedrohung durch kleine unbemannte Luftfahrzeuge (SUAVs) zu neutralisieren. Ausgestattet mit Gegenma\u00dfnahmen, die auf die Flugsteuerung von Drohnen, die Karten\u00fcbertragung und GNSS-B\u00e4nder abzielen, unterbricht er effektiv die Kommunikation zwischen Drohnen und ihren Betreibern. Das SPS110 kann Drohnen zum Absturz zwingen oder sie abwehren und bietet so eine effiziente L\u00f6sung zum Schutz sensibler Bereiche vor unbefugten Drohneneingriffen. Durch sein tragbares Design kann er schnell in einer Vielzahl von Umgebungen eingesetzt werden, was ihn ideal f\u00fcr Sicherheitsanwendungen im \u00f6ffentlichen und privaten Sektor macht.<\/p>","protected":false},"excerpt":{"rendered":"<ul>\n<li>Tragbarer Anti-Drohnen-St\u00f6rsender<\/li>\n<li>St\u00f6rsender-Reichweite: 1,5 km<\/li>\n<li>Volle Abdeckung: Mehrere Frequenzb\u00e4nder (868 MHz, 915 MHz, 1,2 GHz, 2,4 GHz und mehr)<\/li>\n<li>Erfassungsbereich: 2 km f\u00fcr RF<\/li>\n<li>Spoofing-Reichweite: 2 km f\u00fcr GNSS<\/li>\n<li>Ereignisprotokollierung: Ja<\/li>\n<li>IP65: staub- und wasserdicht<\/li>\n<li>Gewicht: ~4 kg<\/li>\n<li>Temperaturbereich: -20\u00b0C bis +55\u00b0C<\/li>\n<\/ul>","protected":false},"featured_media":1363,"template":"","meta":{"_acf_changed":false},"product_brand":[],"product_cat":[97,142],"product_tag":[],"class_list":{"0":"post-1364","1":"product","2":"type-product","3":"status-publish","4":"has-post-thumbnail","6":"product_cat-alle-producten","7":"product_cat-skyfend","8":"pa_brand-skyfend","9":"pa_producttype-jamming-device","11":"first","12":"outofstock","13":"taxable","14":"shipping-taxable","15":"product-type-simple"},"acf":[],"yoast_head":"<!-- This site is optimized with the Yoast SEO Premium plugin v27.2 (Yoast SEO v27.2) - https:\/\/yoast.com\/product\/yoast-seo-premium-wordpress\/ -->\n<title>Skyfend - Blader - SPS110 - koningdrone.be<\/title>\n<meta name=\"robots\" content=\"index, follow, max-snippet:-1, max-image-preview:large, max-video-preview:-1\" \/>\n<link rel=\"canonical\" href=\"https:\/\/koningdrone.be\/de\/produkt\/skyfend-blader-sps110-2\/\" \/>\n<meta property=\"og:locale\" content=\"de_DE\" \/>\n<meta property=\"og:type\" content=\"article\" \/>\n<meta property=\"og:title\" content=\"Skyfend - Blader - SPS110\" \/>\n<meta property=\"og:description\" content=\"Portable Anti-Drone JammerJamming Range: 1.5 kmFull Coverage: Multiple frequency bands (868 MHz, 915 MHz, 1.2 GHz, 2.4 GHz, and more)Detection Range: 2 km for RFSpoofing Range: 2 km for GNSSEvent Logging: YesIP65 Rated: Dustproof and water-resistantWeight: ~4 kgTemperature Range: -20\u00b0C to +55\u00b0C\" \/>\n<meta property=\"og:url\" content=\"https:\/\/koningdrone.be\/de\/produkt\/skyfend-blader-sps110-2\/\" \/>\n<meta property=\"og:site_name\" content=\"koningdrone.be\" \/>\n<meta property=\"article:modified_time\" content=\"2025-04-29T11:14:05+00:00\" \/>\n<meta property=\"og:image\" content=\"https:\/\/koningdrone.be\/wp-content\/uploads\/sites\/13\/2025\/04\/blader-1.png\" \/>\n\t<meta property=\"og:image:width\" content=\"800\" \/>\n\t<meta property=\"og:image:height\" content=\"536\" \/>\n\t<meta property=\"og:image:type\" content=\"image\/png\" \/>\n<meta name=\"twitter:card\" content=\"summary_large_image\" \/>\n<script type=\"application\/ld+json\" class=\"yoast-schema-graph\">{\"@context\":\"https:\/\/schema.org\",\"@graph\":[{\"@type\":\"WebPage\",\"@id\":\"https:\/\/koningdrone.be\/product\/skyfend-blader-sps110-2\/\",\"url\":\"https:\/\/koningdrone.be\/product\/skyfend-blader-sps110-2\/\",\"name\":\"Skyfend - Blader - SPS110 - koningdrone.be\",\"isPartOf\":{\"@id\":\"https:\/\/koningdrone.be\/#website\"},\"primaryImageOfPage\":{\"@id\":\"https:\/\/koningdrone.be\/product\/skyfend-blader-sps110-2\/#primaryimage\"},\"image\":{\"@id\":\"https:\/\/koningdrone.be\/product\/skyfend-blader-sps110-2\/#primaryimage\"},\"thumbnailUrl\":\"https:\/\/koningdrone.be\/wp-content\/uploads\/sites\/13\/2025\/04\/blader-1.png\",\"datePublished\":\"2025-01-28T10:01:23+00:00\",\"dateModified\":\"2025-04-29T11:14:05+00:00\",\"breadcrumb\":{\"@id\":\"https:\/\/koningdrone.be\/product\/skyfend-blader-sps110-2\/#breadcrumb\"},\"inLanguage\":\"de\",\"potentialAction\":[{\"@type\":\"ReadAction\",\"target\":[\"https:\/\/koningdrone.be\/product\/skyfend-blader-sps110-2\/\"]}]},{\"@type\":\"ImageObject\",\"inLanguage\":\"de\",\"@id\":\"https:\/\/koningdrone.be\/product\/skyfend-blader-sps110-2\/#primaryimage\",\"url\":\"https:\/\/koningdrone.be\/wp-content\/uploads\/sites\/13\/2025\/04\/blader-1.png\",\"contentUrl\":\"https:\/\/koningdrone.be\/wp-content\/uploads\/sites\/13\/2025\/04\/blader-1.png\",\"width\":800,\"height\":536},{\"@type\":\"BreadcrumbList\",\"@id\":\"https:\/\/koningdrone.be\/product\/skyfend-blader-sps110-2\/#breadcrumb\",\"itemListElement\":[{\"@type\":\"ListItem\",\"position\":1,\"name\":\"Home\",\"item\":\"https:\/\/koningdrone.be\/\"},{\"@type\":\"ListItem\",\"position\":2,\"name\":\"AVSS Parachute Recovery System for DJI Matrice 300\/350\",\"item\":\"https:\/\/koningdrone.be\/product\/avss-parachute-recovery-system-for-dji-matrice-300-350\/\"},{\"@type\":\"ListItem\",\"position\":3,\"name\":\"Alle producten\",\"item\":\"https:\/\/koningdrone.be\/categorie\/alle-producten\/\"},{\"@type\":\"ListItem\",\"position\":4,\"name\":\"Skyfend &#8211; Blader &#8211; SPS110\"}]},{\"@type\":\"WebSite\",\"@id\":\"https:\/\/koningdrone.be\/#website\",\"url\":\"https:\/\/koningdrone.be\/\",\"name\":\"Koningdrone.be - Uw online specialist in drones, gimbals, camera's en power stations.\",\"description\":\"De webshop in drones en gimbals\",\"publisher\":{\"@id\":\"https:\/\/koningdrone.be\/#organization\"},\"potentialAction\":[{\"@type\":\"SearchAction\",\"target\":{\"@type\":\"EntryPoint\",\"urlTemplate\":\"https:\/\/koningdrone.be\/?s={search_term_string}\"},\"query-input\":{\"@type\":\"PropertyValueSpecification\",\"valueRequired\":true,\"valueName\":\"search_term_string\"}}],\"inLanguage\":\"de\"},{\"@type\":\"Organization\",\"@id\":\"https:\/\/koningdrone.be\/#organization\",\"name\":\"Koningdrone.be\",\"url\":\"https:\/\/koningdrone.be\/\",\"logo\":{\"@type\":\"ImageObject\",\"inLanguage\":\"de\",\"@id\":\"https:\/\/koningdrone.be\/#\/schema\/logo\/image\/\",\"url\":\"https:\/\/koningdrone.be\/wp-content\/uploads\/sites\/13\/2025\/04\/koningdrone-copyright-logo.svg\",\"contentUrl\":\"https:\/\/koningdrone.be\/wp-content\/uploads\/sites\/13\/2025\/04\/koningdrone-copyright-logo.svg\",\"width\":227,\"height\":38,\"caption\":\"Koningdrone.be\"},\"image\":{\"@id\":\"https:\/\/koningdrone.be\/#\/schema\/logo\/image\/\"}}]}<\/script>\n<!-- \/ Yoast SEO Premium plugin. -->","yoast_head_json":{"title":"Skyfend - Blader - SPS110 - koningdrone.be","robots":{"index":"index","follow":"follow","max-snippet":"max-snippet:-1","max-image-preview":"max-image-preview:large","max-video-preview":"max-video-preview:-1"},"canonical":"https:\/\/koningdrone.be\/de\/produkt\/skyfend-blader-sps110-2\/","og_locale":"de_DE","og_type":"article","og_title":"Skyfend - Blader - SPS110","og_description":"Portable Anti-Drone JammerJamming Range: 1.5 kmFull Coverage: Multiple frequency bands (868 MHz, 915 MHz, 1.2 GHz, 2.4 GHz, and more)Detection Range: 2 km for RFSpoofing Range: 2 km for GNSSEvent Logging: YesIP65 Rated: Dustproof and water-resistantWeight: ~4 kgTemperature Range: -20\u00b0C to +55\u00b0C","og_url":"https:\/\/koningdrone.be\/de\/produkt\/skyfend-blader-sps110-2\/","og_site_name":"koningdrone.be","article_modified_time":"2025-04-29T11:14:05+00:00","og_image":[{"width":800,"height":536,"url":"https:\/\/koningdrone.be\/wp-content\/uploads\/sites\/13\/2025\/04\/blader-1.png","type":"image\/png"}],"twitter_card":"summary_large_image","schema":{"@context":"https:\/\/schema.org","@graph":[{"@type":"WebPage","@id":"https:\/\/koningdrone.be\/product\/skyfend-blader-sps110-2\/","url":"https:\/\/koningdrone.be\/product\/skyfend-blader-sps110-2\/","name":"Skyfend - Blader - SPS110 - koningdrone.be","isPartOf":{"@id":"https:\/\/koningdrone.be\/#website"},"primaryImageOfPage":{"@id":"https:\/\/koningdrone.be\/product\/skyfend-blader-sps110-2\/#primaryimage"},"image":{"@id":"https:\/\/koningdrone.be\/product\/skyfend-blader-sps110-2\/#primaryimage"},"thumbnailUrl":"https:\/\/koningdrone.be\/wp-content\/uploads\/sites\/13\/2025\/04\/blader-1.png","datePublished":"2025-01-28T10:01:23+00:00","dateModified":"2025-04-29T11:14:05+00:00","breadcrumb":{"@id":"https:\/\/koningdrone.be\/product\/skyfend-blader-sps110-2\/#breadcrumb"},"inLanguage":"de","potentialAction":[{"@type":"ReadAction","target":["https:\/\/koningdrone.be\/product\/skyfend-blader-sps110-2\/"]}]},{"@type":"ImageObject","inLanguage":"de","@id":"https:\/\/koningdrone.be\/product\/skyfend-blader-sps110-2\/#primaryimage","url":"https:\/\/koningdrone.be\/wp-content\/uploads\/sites\/13\/2025\/04\/blader-1.png","contentUrl":"https:\/\/koningdrone.be\/wp-content\/uploads\/sites\/13\/2025\/04\/blader-1.png","width":800,"height":536},{"@type":"BreadcrumbList","@id":"https:\/\/koningdrone.be\/product\/skyfend-blader-sps110-2\/#breadcrumb","itemListElement":[{"@type":"ListItem","position":1,"name":"Home","item":"https:\/\/koningdrone.be\/"},{"@type":"ListItem","position":2,"name":"AVSS Parachute Recovery System for DJI Matrice 300\/350","item":"https:\/\/koningdrone.be\/product\/avss-parachute-recovery-system-for-dji-matrice-300-350\/"},{"@type":"ListItem","position":3,"name":"Alle producten","item":"https:\/\/koningdrone.be\/categorie\/alle-producten\/"},{"@type":"ListItem","position":4,"name":"Skyfend &#8211; Blader &#8211; SPS110"}]},{"@type":"WebSite","@id":"https:\/\/koningdrone.be\/#website","url":"https:\/\/koningdrone.be\/","name":"Koningdrone.be - Ihr Online-Spezialist f\u00fcr Drohnen, Gimbals, Kameras und Kraftwerke.","description":"Der Webshop f\u00fcr Drohnen und Gimbals","publisher":{"@id":"https:\/\/koningdrone.be\/#organization"},"potentialAction":[{"@type":"SearchAction","target":{"@type":"EntryPoint","urlTemplate":"https:\/\/koningdrone.be\/?s={search_term_string}"},"query-input":{"@type":"PropertyValueSpecification","valueRequired":true,"valueName":"search_term_string"}}],"inLanguage":"de"},{"@type":"Organization","@id":"https:\/\/koningdrone.be\/#organization","name":"Kingdrone.de","url":"https:\/\/koningdrone.be\/","logo":{"@type":"ImageObject","inLanguage":"de","@id":"https:\/\/koningdrone.be\/#\/schema\/logo\/image\/","url":"https:\/\/koningdrone.be\/wp-content\/uploads\/sites\/13\/2025\/04\/koningdrone-copyright-logo.svg","contentUrl":"https:\/\/koningdrone.be\/wp-content\/uploads\/sites\/13\/2025\/04\/koningdrone-copyright-logo.svg","width":227,"height":38,"caption":"Koningdrone.be"},"image":{"@id":"https:\/\/koningdrone.be\/#\/schema\/logo\/image\/"}}]}},"df_price":"","df_sale_price":"","df_regular_price":"","df_image_link":"https:\/\/koningdrone.be\/wp-content\/uploads\/sites\/13\/2025\/04\/blader-1-300x201.png","_links":{"self":[{"href":"https:\/\/koningdrone.be\/de\/wp-json\/wp\/v2\/product\/1364","targetHints":{"allow":["GET"]}}],"collection":[{"href":"https:\/\/koningdrone.be\/de\/wp-json\/wp\/v2\/product"}],"about":[{"href":"https:\/\/koningdrone.be\/de\/wp-json\/wp\/v2\/types\/product"}],"wp:featuredmedia":[{"embeddable":true,"href":"https:\/\/koningdrone.be\/de\/wp-json\/wp\/v2\/media\/1363"}],"wp:attachment":[{"href":"https:\/\/koningdrone.be\/de\/wp-json\/wp\/v2\/media?parent=1364"}],"wp:term":[{"taxonomy":"product_brand","embeddable":true,"href":"https:\/\/koningdrone.be\/de\/wp-json\/wp\/v2\/product_brand?post=1364"},{"taxonomy":"product_cat","embeddable":true,"href":"https:\/\/koningdrone.be\/de\/wp-json\/wp\/v2\/product_cat?post=1364"},{"taxonomy":"product_tag","embeddable":true,"href":"https:\/\/koningdrone.be\/de\/wp-json\/wp\/v2\/product_tag?post=1364"}],"curies":[{"name":"wp","href":"https:\/\/api.w.org\/{rel}","templated":true}]}}