{"id":1209,"date":"2025-01-28T10:06:42","date_gmt":"2025-01-28T10:06:42","guid":{"rendered":"https:\/\/koningdrone.nl\/kon\/product\/skyfend-tracer-s-sts100-2\/"},"modified":"2025-04-29T11:11:34","modified_gmt":"2025-04-29T11:11:34","slug":"skyfend-tracer-s-sts100-2","status":"publish","type":"product","link":"https:\/\/koningdrone.be\/de\/produkt\/skyfend-tracer-s-sts100-2\/","title":{"rendered":"Skyfend - Tracer S - STS100"},"content":{"rendered":"<p>Der Skyfend Tracer S - STS100 ist ein tragbares Drohnenerkennungsger\u00e4t, das f\u00fcr einen schnellen Einsatz und zuverl\u00e4ssige Leistung entwickelt wurde. Es erm\u00f6glicht die Echtzeit-Erkennung von nicht autorisierten Drohnen und sorgt so f\u00fcr mehr Sicherheit in kritischen Bereichen. Der STS100 ist kompakt und leicht, l\u00e4sst sich einfach transportieren und bedienen und ist somit ideal f\u00fcr Veranstaltungen, Einrichtungen und sensible Bereiche, die eine erweiterte Drohnen\u00fcberwachung und -sicherung erfordern.<\/p>","protected":false},"excerpt":{"rendered":"<ul>\n<li>Erkennt und identifiziert Drohnen schnell und effizient.<\/li>\n<li>Liefert Echtzeit-Drohneninformationen, einschlie\u00dflich Modell und Richtung.<\/li>\n<li>Kompakt, tragbar und in jeder Umgebung leicht zu installieren.<\/li>\n<li>Unterst\u00fctzt eine breite Palette beliebter Drohnenmarken.<\/li>\n<li>Bietet optionale Richtungsfunktionen f\u00fcr einen erweiterten Erfassungsbereich.<\/li>\n<\/ul>","protected":false},"featured_media":1208,"template":"","meta":{"_acf_changed":false},"product_brand":[],"product_cat":[97,142],"product_tag":[],"class_list":{"0":"post-1209","1":"product","2":"type-product","3":"status-publish","4":"has-post-thumbnail","6":"product_cat-alle-producten","7":"product_cat-skyfend","8":"pa_brand-skyfend","9":"pa_producttype-spectrum-rf-detector","11":"first","12":"outofstock","13":"taxable","14":"shipping-taxable","15":"product-type-simple"},"acf":[],"yoast_head":"<!-- This site is optimized with the Yoast SEO Premium plugin v27.2 (Yoast SEO v27.2) - https:\/\/yoast.com\/product\/yoast-seo-premium-wordpress\/ -->\n<title>Skyfend - Tracer S - STS100 - koningdrone.be<\/title>\n<meta name=\"robots\" content=\"index, follow, max-snippet:-1, max-image-preview:large, max-video-preview:-1\" \/>\n<link rel=\"canonical\" href=\"https:\/\/koningdrone.be\/de\/produkt\/skyfend-tracer-s-sts100-2\/\" \/>\n<meta property=\"og:locale\" content=\"de_DE\" \/>\n<meta property=\"og:type\" content=\"article\" \/>\n<meta property=\"og:title\" content=\"Skyfend - Tracer S - STS100\" \/>\n<meta property=\"og:description\" content=\"Detects and identifies drones quickly and efficiently.Provides real-time drone information, including model and direction.Compact, portable, and easy to deploy in any environment.Supports a wide range of popular drone brands.Offers optional directional capabilities for extended detection range.\" \/>\n<meta property=\"og:url\" content=\"https:\/\/koningdrone.be\/de\/produkt\/skyfend-tracer-s-sts100-2\/\" \/>\n<meta property=\"og:site_name\" content=\"koningdrone.be\" \/>\n<meta property=\"article:modified_time\" content=\"2025-04-29T11:11:34+00:00\" \/>\n<meta property=\"og:image\" content=\"https:\/\/koningdrone.be\/wp-content\/uploads\/sites\/13\/2025\/04\/prodt-loop-tracer.webp\" \/>\n\t<meta property=\"og:image:width\" content=\"400\" \/>\n\t<meta property=\"og:image:height\" content=\"400\" \/>\n\t<meta property=\"og:image:type\" content=\"image\/webp\" \/>\n<meta name=\"twitter:card\" content=\"summary_large_image\" \/>\n<script type=\"application\/ld+json\" class=\"yoast-schema-graph\">{\"@context\":\"https:\/\/schema.org\",\"@graph\":[{\"@type\":\"WebPage\",\"@id\":\"https:\/\/koningdrone.be\/product\/skyfend-tracer-s-sts100-2\/\",\"url\":\"https:\/\/koningdrone.be\/product\/skyfend-tracer-s-sts100-2\/\",\"name\":\"Skyfend - Tracer S - STS100 - koningdrone.be\",\"isPartOf\":{\"@id\":\"https:\/\/koningdrone.be\/#website\"},\"primaryImageOfPage\":{\"@id\":\"https:\/\/koningdrone.be\/product\/skyfend-tracer-s-sts100-2\/#primaryimage\"},\"image\":{\"@id\":\"https:\/\/koningdrone.be\/product\/skyfend-tracer-s-sts100-2\/#primaryimage\"},\"thumbnailUrl\":\"https:\/\/koningdrone.be\/wp-content\/uploads\/sites\/13\/2025\/04\/prodt-loop-tracer.webp\",\"datePublished\":\"2025-01-28T10:06:42+00:00\",\"dateModified\":\"2025-04-29T11:11:34+00:00\",\"breadcrumb\":{\"@id\":\"https:\/\/koningdrone.be\/product\/skyfend-tracer-s-sts100-2\/#breadcrumb\"},\"inLanguage\":\"de\",\"potentialAction\":[{\"@type\":\"ReadAction\",\"target\":[\"https:\/\/koningdrone.be\/product\/skyfend-tracer-s-sts100-2\/\"]}]},{\"@type\":\"ImageObject\",\"inLanguage\":\"de\",\"@id\":\"https:\/\/koningdrone.be\/product\/skyfend-tracer-s-sts100-2\/#primaryimage\",\"url\":\"https:\/\/koningdrone.be\/wp-content\/uploads\/sites\/13\/2025\/04\/prodt-loop-tracer.webp\",\"contentUrl\":\"https:\/\/koningdrone.be\/wp-content\/uploads\/sites\/13\/2025\/04\/prodt-loop-tracer.webp\",\"width\":400,\"height\":400},{\"@type\":\"BreadcrumbList\",\"@id\":\"https:\/\/koningdrone.be\/product\/skyfend-tracer-s-sts100-2\/#breadcrumb\",\"itemListElement\":[{\"@type\":\"ListItem\",\"position\":1,\"name\":\"Home\",\"item\":\"https:\/\/koningdrone.be\/\"},{\"@type\":\"ListItem\",\"position\":2,\"name\":\"AVSS Parachute Recovery System for DJI Matrice 300\/350\",\"item\":\"https:\/\/koningdrone.be\/product\/avss-parachute-recovery-system-for-dji-matrice-300-350\/\"},{\"@type\":\"ListItem\",\"position\":3,\"name\":\"Alle producten\",\"item\":\"https:\/\/koningdrone.be\/categorie\/alle-producten\/\"},{\"@type\":\"ListItem\",\"position\":4,\"name\":\"Skyfend &#8211; Tracer S &#8211; STS100\"}]},{\"@type\":\"WebSite\",\"@id\":\"https:\/\/koningdrone.be\/#website\",\"url\":\"https:\/\/koningdrone.be\/\",\"name\":\"Koningdrone.be - Uw online specialist in drones, gimbals, camera's en power stations.\",\"description\":\"De webshop in drones en gimbals\",\"publisher\":{\"@id\":\"https:\/\/koningdrone.be\/#organization\"},\"potentialAction\":[{\"@type\":\"SearchAction\",\"target\":{\"@type\":\"EntryPoint\",\"urlTemplate\":\"https:\/\/koningdrone.be\/?s={search_term_string}\"},\"query-input\":{\"@type\":\"PropertyValueSpecification\",\"valueRequired\":true,\"valueName\":\"search_term_string\"}}],\"inLanguage\":\"de\"},{\"@type\":\"Organization\",\"@id\":\"https:\/\/koningdrone.be\/#organization\",\"name\":\"Koningdrone.be\",\"url\":\"https:\/\/koningdrone.be\/\",\"logo\":{\"@type\":\"ImageObject\",\"inLanguage\":\"de\",\"@id\":\"https:\/\/koningdrone.be\/#\/schema\/logo\/image\/\",\"url\":\"https:\/\/koningdrone.be\/wp-content\/uploads\/sites\/13\/2025\/04\/koningdrone-copyright-logo.svg\",\"contentUrl\":\"https:\/\/koningdrone.be\/wp-content\/uploads\/sites\/13\/2025\/04\/koningdrone-copyright-logo.svg\",\"width\":227,\"height\":38,\"caption\":\"Koningdrone.be\"},\"image\":{\"@id\":\"https:\/\/koningdrone.be\/#\/schema\/logo\/image\/\"}}]}<\/script>\n<!-- \/ Yoast SEO Premium plugin. -->","yoast_head_json":{"title":"Skyfend - Tracer S - STS100 - koningdrone.be","robots":{"index":"index","follow":"follow","max-snippet":"max-snippet:-1","max-image-preview":"max-image-preview:large","max-video-preview":"max-video-preview:-1"},"canonical":"https:\/\/koningdrone.be\/de\/produkt\/skyfend-tracer-s-sts100-2\/","og_locale":"de_DE","og_type":"article","og_title":"Skyfend - Tracer S - STS100","og_description":"Detects and identifies drones quickly and efficiently.Provides real-time drone information, including model and direction.Compact, portable, and easy to deploy in any environment.Supports a wide range of popular drone brands.Offers optional directional capabilities for extended detection range.","og_url":"https:\/\/koningdrone.be\/de\/produkt\/skyfend-tracer-s-sts100-2\/","og_site_name":"koningdrone.be","article_modified_time":"2025-04-29T11:11:34+00:00","og_image":[{"width":400,"height":400,"url":"https:\/\/koningdrone.be\/wp-content\/uploads\/sites\/13\/2025\/04\/prodt-loop-tracer.webp","type":"image\/webp"}],"twitter_card":"summary_large_image","schema":{"@context":"https:\/\/schema.org","@graph":[{"@type":"WebPage","@id":"https:\/\/koningdrone.be\/product\/skyfend-tracer-s-sts100-2\/","url":"https:\/\/koningdrone.be\/product\/skyfend-tracer-s-sts100-2\/","name":"Skyfend - Tracer S - STS100 - koningdrone.be","isPartOf":{"@id":"https:\/\/koningdrone.be\/#website"},"primaryImageOfPage":{"@id":"https:\/\/koningdrone.be\/product\/skyfend-tracer-s-sts100-2\/#primaryimage"},"image":{"@id":"https:\/\/koningdrone.be\/product\/skyfend-tracer-s-sts100-2\/#primaryimage"},"thumbnailUrl":"https:\/\/koningdrone.be\/wp-content\/uploads\/sites\/13\/2025\/04\/prodt-loop-tracer.webp","datePublished":"2025-01-28T10:06:42+00:00","dateModified":"2025-04-29T11:11:34+00:00","breadcrumb":{"@id":"https:\/\/koningdrone.be\/product\/skyfend-tracer-s-sts100-2\/#breadcrumb"},"inLanguage":"de","potentialAction":[{"@type":"ReadAction","target":["https:\/\/koningdrone.be\/product\/skyfend-tracer-s-sts100-2\/"]}]},{"@type":"ImageObject","inLanguage":"de","@id":"https:\/\/koningdrone.be\/product\/skyfend-tracer-s-sts100-2\/#primaryimage","url":"https:\/\/koningdrone.be\/wp-content\/uploads\/sites\/13\/2025\/04\/prodt-loop-tracer.webp","contentUrl":"https:\/\/koningdrone.be\/wp-content\/uploads\/sites\/13\/2025\/04\/prodt-loop-tracer.webp","width":400,"height":400},{"@type":"BreadcrumbList","@id":"https:\/\/koningdrone.be\/product\/skyfend-tracer-s-sts100-2\/#breadcrumb","itemListElement":[{"@type":"ListItem","position":1,"name":"Home","item":"https:\/\/koningdrone.be\/"},{"@type":"ListItem","position":2,"name":"AVSS Parachute Recovery System for DJI Matrice 300\/350","item":"https:\/\/koningdrone.be\/product\/avss-parachute-recovery-system-for-dji-matrice-300-350\/"},{"@type":"ListItem","position":3,"name":"Alle producten","item":"https:\/\/koningdrone.be\/categorie\/alle-producten\/"},{"@type":"ListItem","position":4,"name":"Skyfend &#8211; Tracer S &#8211; STS100"}]},{"@type":"WebSite","@id":"https:\/\/koningdrone.be\/#website","url":"https:\/\/koningdrone.be\/","name":"Koningdrone.be - Ihr Online-Spezialist f\u00fcr Drohnen, Gimbals, Kameras und Kraftwerke.","description":"Der Webshop f\u00fcr Drohnen und Gimbals","publisher":{"@id":"https:\/\/koningdrone.be\/#organization"},"potentialAction":[{"@type":"SearchAction","target":{"@type":"EntryPoint","urlTemplate":"https:\/\/koningdrone.be\/?s={search_term_string}"},"query-input":{"@type":"PropertyValueSpecification","valueRequired":true,"valueName":"search_term_string"}}],"inLanguage":"de"},{"@type":"Organization","@id":"https:\/\/koningdrone.be\/#organization","name":"Kingdrone.de","url":"https:\/\/koningdrone.be\/","logo":{"@type":"ImageObject","inLanguage":"de","@id":"https:\/\/koningdrone.be\/#\/schema\/logo\/image\/","url":"https:\/\/koningdrone.be\/wp-content\/uploads\/sites\/13\/2025\/04\/koningdrone-copyright-logo.svg","contentUrl":"https:\/\/koningdrone.be\/wp-content\/uploads\/sites\/13\/2025\/04\/koningdrone-copyright-logo.svg","width":227,"height":38,"caption":"Koningdrone.be"},"image":{"@id":"https:\/\/koningdrone.be\/#\/schema\/logo\/image\/"}}]}},"df_price":"","df_sale_price":"","df_regular_price":"","df_image_link":"https:\/\/koningdrone.be\/wp-content\/uploads\/sites\/13\/2025\/04\/prodt-loop-tracer-300x300.webp","_links":{"self":[{"href":"https:\/\/koningdrone.be\/de\/wp-json\/wp\/v2\/product\/1209","targetHints":{"allow":["GET"]}}],"collection":[{"href":"https:\/\/koningdrone.be\/de\/wp-json\/wp\/v2\/product"}],"about":[{"href":"https:\/\/koningdrone.be\/de\/wp-json\/wp\/v2\/types\/product"}],"wp:featuredmedia":[{"embeddable":true,"href":"https:\/\/koningdrone.be\/de\/wp-json\/wp\/v2\/media\/1208"}],"wp:attachment":[{"href":"https:\/\/koningdrone.be\/de\/wp-json\/wp\/v2\/media?parent=1209"}],"wp:term":[{"taxonomy":"product_brand","embeddable":true,"href":"https:\/\/koningdrone.be\/de\/wp-json\/wp\/v2\/product_brand?post=1209"},{"taxonomy":"product_cat","embeddable":true,"href":"https:\/\/koningdrone.be\/de\/wp-json\/wp\/v2\/product_cat?post=1209"},{"taxonomy":"product_tag","embeddable":true,"href":"https:\/\/koningdrone.be\/de\/wp-json\/wp\/v2\/product_tag?post=1209"}],"curies":[{"name":"wp","href":"https:\/\/api.w.org\/{rel}","templated":true}]}}