{"id":1185,"date":"2025-01-28T10:06:52","date_gmt":"2025-01-28T10:06:52","guid":{"rendered":"https:\/\/koningdrone.nl\/kon\/product\/skyfend-c2tabletequiped-with-software-sga100-2\/"},"modified":"2025-04-29T11:10:10","modified_gmt":"2025-04-29T11:10:10","slug":"skyfend-c2tabletequiped-with-software-sga100-2","status":"publish","type":"product","link":"https:\/\/koningdrone.be\/de\/produkt\/skyfend-c2tabletequiped-with-software-sga100-2\/","title":{"rendered":"Skyfend - C2Tablet (mit Software ausgestattet) - SGA100"},"content":{"rendered":"<p>Der Skyfend Guider ist eine fortschrittliche, hochmoderne Drohnenverfolgungs- und Geofencing-L\u00f6sung, die f\u00fcr den Sicherheits- und Verteidigungssektor entwickelt wurde. Dieses Ger\u00e4t ist in der Lage, Drohnen in Echtzeit zu verfolgen und liefert detaillierte Daten zu Standort, Bewegung und Flugmustern. Das System nutzt eine Reihe von Sensoren und Kommunikationstechnologien, um die Aktivit\u00e4t von Drohnen zu \u00fcberwachen und ein effektives Abfangen oder Neutralisieren zu gew\u00e4hrleisten. Der Guider kann in verschiedenen Umgebungen eingesetzt werden und bietet vielseitigen Schutz gegen unbefugte oder feindliche Drohneneins\u00e4tze. Er wird h\u00e4ufig in kritischen Bereichen eingesetzt, in denen Drohnenbedrohungen schnell erkannt und entsch\u00e4rft werden m\u00fcssen, z. B. auf Flugh\u00e4fen, in milit\u00e4rischen Gebieten und in Regierungsgeb\u00e4uden.<\/p>","protected":false},"excerpt":{"rendered":"<ul>\n<li>Intuitive und funktionsreiche Software-Plattform<\/li>\n<li>Konsolidierung der Daten anderer Ger\u00e4te in einer Anzeige<\/li>\n<li>Fernsteuerung mehrerer Ger\u00e4te in Echtzeit<\/li>\n<li>Angebot eines Cloud-Dienstes zur Protokollierung<\/li>\n<\/ul>","protected":false},"featured_media":1184,"template":"","meta":{"_acf_changed":false},"product_brand":[],"product_cat":[97,142],"product_tag":[],"class_list":{"0":"post-1185","1":"product","2":"type-product","3":"status-publish","4":"has-post-thumbnail","6":"product_cat-alle-producten","7":"product_cat-skyfend","8":"pa_brand-skyfend","9":"pa_producttype-c2-tablet-c2-pro","11":"first","12":"outofstock","13":"taxable","14":"shipping-taxable","15":"product-type-simple"},"acf":[],"yoast_head":"<!-- This site is optimized with the Yoast SEO Premium plugin v27.2 (Yoast SEO v27.2) - https:\/\/yoast.com\/product\/yoast-seo-premium-wordpress\/ -->\n<title>Skyfend - C2Tablet(equiped with software) - SGA100 - koningdrone.be<\/title>\n<meta name=\"robots\" content=\"index, follow, max-snippet:-1, max-image-preview:large, max-video-preview:-1\" \/>\n<link rel=\"canonical\" href=\"https:\/\/koningdrone.be\/de\/produit\/skyfend-c2tabletequiped-with-software-sga100-2\/\" \/>\n<meta property=\"og:locale\" content=\"de_DE\" \/>\n<meta property=\"og:type\" content=\"article\" \/>\n<meta property=\"og:title\" content=\"Skyfend - C2Tablet(equiped with software) - SGA100\" \/>\n<meta property=\"og:description\" content=\"Intuitive and feature-rich software platformConsolidate other devices&#039; data into a displayRemotely control multiple devices in real timeOffer a logging cloud service\" \/>\n<meta property=\"og:url\" content=\"https:\/\/koningdrone.be\/de\/produit\/skyfend-c2tabletequiped-with-software-sga100-2\/\" \/>\n<meta property=\"og:site_name\" content=\"koningdrone.be\" \/>\n<meta property=\"article:modified_time\" content=\"2025-04-29T11:10:10+00:00\" \/>\n<meta property=\"og:image\" content=\"https:\/\/koningdrone.be\/wp-content\/uploads\/sites\/13\/2025\/04\/adfh_7ee0940d-1e77-43b3-be75-b2e56c48a98d_600x600.png\" \/>\n\t<meta property=\"og:image:width\" content=\"600\" \/>\n\t<meta property=\"og:image:height\" content=\"600\" \/>\n\t<meta property=\"og:image:type\" content=\"image\/png\" \/>\n<meta name=\"twitter:card\" content=\"summary_large_image\" \/>\n<script type=\"application\/ld+json\" class=\"yoast-schema-graph\">{\"@context\":\"https:\/\/schema.org\",\"@graph\":[{\"@type\":\"WebPage\",\"@id\":\"https:\/\/koningdrone.be\/fr\/produit\/skyfend-c2tabletequiped-with-software-sga100-2\/\",\"url\":\"https:\/\/koningdrone.be\/fr\/produit\/skyfend-c2tabletequiped-with-software-sga100-2\/\",\"name\":\"Skyfend - C2Tablet(equiped with software) - SGA100 - koningdrone.be\",\"isPartOf\":{\"@id\":\"https:\/\/koningdrone.be\/#website\"},\"primaryImageOfPage\":{\"@id\":\"https:\/\/koningdrone.be\/fr\/produit\/skyfend-c2tabletequiped-with-software-sga100-2\/#primaryimage\"},\"image\":{\"@id\":\"https:\/\/koningdrone.be\/fr\/produit\/skyfend-c2tabletequiped-with-software-sga100-2\/#primaryimage\"},\"thumbnailUrl\":\"https:\/\/koningdrone.be\/wp-content\/uploads\/sites\/13\/2025\/04\/adfh_7ee0940d-1e77-43b3-be75-b2e56c48a98d_600x600.png\",\"datePublished\":\"2025-01-28T10:06:52+00:00\",\"dateModified\":\"2025-04-29T11:10:10+00:00\",\"breadcrumb\":{\"@id\":\"https:\/\/koningdrone.be\/fr\/produit\/skyfend-c2tabletequiped-with-software-sga100-2\/#breadcrumb\"},\"inLanguage\":\"de\",\"potentialAction\":[{\"@type\":\"ReadAction\",\"target\":[\"https:\/\/koningdrone.be\/fr\/produit\/skyfend-c2tabletequiped-with-software-sga100-2\/\"]}]},{\"@type\":\"ImageObject\",\"inLanguage\":\"de\",\"@id\":\"https:\/\/koningdrone.be\/fr\/produit\/skyfend-c2tabletequiped-with-software-sga100-2\/#primaryimage\",\"url\":\"https:\/\/koningdrone.be\/wp-content\/uploads\/sites\/13\/2025\/04\/adfh_7ee0940d-1e77-43b3-be75-b2e56c48a98d_600x600.png\",\"contentUrl\":\"https:\/\/koningdrone.be\/wp-content\/uploads\/sites\/13\/2025\/04\/adfh_7ee0940d-1e77-43b3-be75-b2e56c48a98d_600x600.png\",\"width\":600,\"height\":600},{\"@type\":\"BreadcrumbList\",\"@id\":\"https:\/\/koningdrone.be\/fr\/produit\/skyfend-c2tabletequiped-with-software-sga100-2\/#breadcrumb\",\"itemListElement\":[{\"@type\":\"ListItem\",\"position\":1,\"name\":\"Home\",\"item\":\"https:\/\/koningdrone.be\/\"},{\"@type\":\"ListItem\",\"position\":2,\"name\":\"AVSS Parachute Recovery System for DJI Matrice 300\/350\",\"item\":\"https:\/\/koningdrone.be\/product\/avss-parachute-recovery-system-for-dji-matrice-300-350\/\"},{\"@type\":\"ListItem\",\"position\":3,\"name\":\"Alle producten\",\"item\":\"https:\/\/koningdrone.be\/categorie\/alle-producten\/\"},{\"@type\":\"ListItem\",\"position\":4,\"name\":\"Skyfend &#8211; C2Tablet(equiped with software) &#8211; SGA100\"}]},{\"@type\":\"WebSite\",\"@id\":\"https:\/\/koningdrone.be\/#website\",\"url\":\"https:\/\/koningdrone.be\/\",\"name\":\"Koningdrone.be - Uw online specialist in drones, gimbals, camera's en power stations.\",\"description\":\"De webshop in drones en gimbals\",\"publisher\":{\"@id\":\"https:\/\/koningdrone.be\/#organization\"},\"potentialAction\":[{\"@type\":\"SearchAction\",\"target\":{\"@type\":\"EntryPoint\",\"urlTemplate\":\"https:\/\/koningdrone.be\/?s={search_term_string}\"},\"query-input\":{\"@type\":\"PropertyValueSpecification\",\"valueRequired\":true,\"valueName\":\"search_term_string\"}}],\"inLanguage\":\"de\"},{\"@type\":\"Organization\",\"@id\":\"https:\/\/koningdrone.be\/#organization\",\"name\":\"Koningdrone.be\",\"url\":\"https:\/\/koningdrone.be\/\",\"logo\":{\"@type\":\"ImageObject\",\"inLanguage\":\"de\",\"@id\":\"https:\/\/koningdrone.be\/#\/schema\/logo\/image\/\",\"url\":\"https:\/\/koningdrone.be\/wp-content\/uploads\/sites\/13\/2025\/04\/koningdrone-copyright-logo.svg\",\"contentUrl\":\"https:\/\/koningdrone.be\/wp-content\/uploads\/sites\/13\/2025\/04\/koningdrone-copyright-logo.svg\",\"width\":227,\"height\":38,\"caption\":\"Koningdrone.be\"},\"image\":{\"@id\":\"https:\/\/koningdrone.be\/#\/schema\/logo\/image\/\"}}]}<\/script>\n<!-- \/ Yoast SEO Premium plugin. -->","yoast_head_json":{"title":"Skyfend - C2Tablet(equiped with software) - SGA100 - koningdrone.be","robots":{"index":"index","follow":"follow","max-snippet":"max-snippet:-1","max-image-preview":"max-image-preview:large","max-video-preview":"max-video-preview:-1"},"canonical":"https:\/\/koningdrone.be\/de\/produit\/skyfend-c2tabletequiped-with-software-sga100-2\/","og_locale":"de_DE","og_type":"article","og_title":"Skyfend - C2Tablet(equiped with software) - SGA100","og_description":"Intuitive and feature-rich software platformConsolidate other devices' data into a displayRemotely control multiple devices in real timeOffer a logging cloud service","og_url":"https:\/\/koningdrone.be\/de\/produit\/skyfend-c2tabletequiped-with-software-sga100-2\/","og_site_name":"koningdrone.be","article_modified_time":"2025-04-29T11:10:10+00:00","og_image":[{"width":600,"height":600,"url":"https:\/\/koningdrone.be\/wp-content\/uploads\/sites\/13\/2025\/04\/adfh_7ee0940d-1e77-43b3-be75-b2e56c48a98d_600x600.png","type":"image\/png"}],"twitter_card":"summary_large_image","schema":{"@context":"https:\/\/schema.org","@graph":[{"@type":"WebPage","@id":"https:\/\/koningdrone.be\/fr\/produit\/skyfend-c2tabletequiped-with-software-sga100-2\/","url":"https:\/\/koningdrone.be\/fr\/produit\/skyfend-c2tabletequiped-with-software-sga100-2\/","name":"Skyfend - C2Tablet(equiped with software) - SGA100 - koningdrone.be","isPartOf":{"@id":"https:\/\/koningdrone.be\/#website"},"primaryImageOfPage":{"@id":"https:\/\/koningdrone.be\/fr\/produit\/skyfend-c2tabletequiped-with-software-sga100-2\/#primaryimage"},"image":{"@id":"https:\/\/koningdrone.be\/fr\/produit\/skyfend-c2tabletequiped-with-software-sga100-2\/#primaryimage"},"thumbnailUrl":"https:\/\/koningdrone.be\/wp-content\/uploads\/sites\/13\/2025\/04\/adfh_7ee0940d-1e77-43b3-be75-b2e56c48a98d_600x600.png","datePublished":"2025-01-28T10:06:52+00:00","dateModified":"2025-04-29T11:10:10+00:00","breadcrumb":{"@id":"https:\/\/koningdrone.be\/fr\/produit\/skyfend-c2tabletequiped-with-software-sga100-2\/#breadcrumb"},"inLanguage":"de","potentialAction":[{"@type":"ReadAction","target":["https:\/\/koningdrone.be\/fr\/produit\/skyfend-c2tabletequiped-with-software-sga100-2\/"]}]},{"@type":"ImageObject","inLanguage":"de","@id":"https:\/\/koningdrone.be\/fr\/produit\/skyfend-c2tabletequiped-with-software-sga100-2\/#primaryimage","url":"https:\/\/koningdrone.be\/wp-content\/uploads\/sites\/13\/2025\/04\/adfh_7ee0940d-1e77-43b3-be75-b2e56c48a98d_600x600.png","contentUrl":"https:\/\/koningdrone.be\/wp-content\/uploads\/sites\/13\/2025\/04\/adfh_7ee0940d-1e77-43b3-be75-b2e56c48a98d_600x600.png","width":600,"height":600},{"@type":"BreadcrumbList","@id":"https:\/\/koningdrone.be\/fr\/produit\/skyfend-c2tabletequiped-with-software-sga100-2\/#breadcrumb","itemListElement":[{"@type":"ListItem","position":1,"name":"Home","item":"https:\/\/koningdrone.be\/"},{"@type":"ListItem","position":2,"name":"AVSS Parachute Recovery System for DJI Matrice 300\/350","item":"https:\/\/koningdrone.be\/product\/avss-parachute-recovery-system-for-dji-matrice-300-350\/"},{"@type":"ListItem","position":3,"name":"Alle producten","item":"https:\/\/koningdrone.be\/categorie\/alle-producten\/"},{"@type":"ListItem","position":4,"name":"Skyfend &#8211; C2Tablet(equiped with software) &#8211; SGA100"}]},{"@type":"WebSite","@id":"https:\/\/koningdrone.be\/#website","url":"https:\/\/koningdrone.be\/","name":"Koningdrone.be - Ihr Online-Spezialist f\u00fcr Drohnen, Gimbals, Kameras und Kraftwerke.","description":"Der Webshop f\u00fcr Drohnen und Gimbals","publisher":{"@id":"https:\/\/koningdrone.be\/#organization"},"potentialAction":[{"@type":"SearchAction","target":{"@type":"EntryPoint","urlTemplate":"https:\/\/koningdrone.be\/?s={search_term_string}"},"query-input":{"@type":"PropertyValueSpecification","valueRequired":true,"valueName":"search_term_string"}}],"inLanguage":"de"},{"@type":"Organization","@id":"https:\/\/koningdrone.be\/#organization","name":"Kingdrone.de","url":"https:\/\/koningdrone.be\/","logo":{"@type":"ImageObject","inLanguage":"de","@id":"https:\/\/koningdrone.be\/#\/schema\/logo\/image\/","url":"https:\/\/koningdrone.be\/wp-content\/uploads\/sites\/13\/2025\/04\/koningdrone-copyright-logo.svg","contentUrl":"https:\/\/koningdrone.be\/wp-content\/uploads\/sites\/13\/2025\/04\/koningdrone-copyright-logo.svg","width":227,"height":38,"caption":"Koningdrone.be"},"image":{"@id":"https:\/\/koningdrone.be\/#\/schema\/logo\/image\/"}}]}},"df_price":"","df_sale_price":"","df_regular_price":"","df_image_link":"https:\/\/koningdrone.be\/wp-content\/uploads\/sites\/13\/2025\/04\/adfh_7ee0940d-1e77-43b3-be75-b2e56c48a98d_600x600-300x300.png","_links":{"self":[{"href":"https:\/\/koningdrone.be\/de\/wp-json\/wp\/v2\/product\/1185","targetHints":{"allow":["GET"]}}],"collection":[{"href":"https:\/\/koningdrone.be\/de\/wp-json\/wp\/v2\/product"}],"about":[{"href":"https:\/\/koningdrone.be\/de\/wp-json\/wp\/v2\/types\/product"}],"wp:featuredmedia":[{"embeddable":true,"href":"https:\/\/koningdrone.be\/de\/wp-json\/wp\/v2\/media\/1184"}],"wp:attachment":[{"href":"https:\/\/koningdrone.be\/de\/wp-json\/wp\/v2\/media?parent=1185"}],"wp:term":[{"taxonomy":"product_brand","embeddable":true,"href":"https:\/\/koningdrone.be\/de\/wp-json\/wp\/v2\/product_brand?post=1185"},{"taxonomy":"product_cat","embeddable":true,"href":"https:\/\/koningdrone.be\/de\/wp-json\/wp\/v2\/product_cat?post=1185"},{"taxonomy":"product_tag","embeddable":true,"href":"https:\/\/koningdrone.be\/de\/wp-json\/wp\/v2\/product_tag?post=1185"}],"curies":[{"name":"wp","href":"https:\/\/api.w.org\/{rel}","templated":true}]}}