{"id":1147,"date":"2025-02-25T06:49:44","date_gmt":"2025-02-25T05:49:44","guid":{"rendered":"https:\/\/koningdrone.nl\/kon\/product\/dji-al1-spotlight\/"},"modified":"2026-04-29T03:50:28","modified_gmt":"2026-04-29T01:50:28","slug":"dji-al1-spotlight","status":"publish","type":"product","link":"https:\/\/koningdrone.be\/de\/produkt\/dji-al1-spotlight\/","title":{"rendered":"DJI AL1 SpotLight"},"content":{"rendered":"<h3>DJI AL1 SpotLight<\/h3>\n<p><iframe loading=\"lazy\" title=\"DJI AL1 Spotlight | Erster Einsatz\" width=\"800\" height=\"450\" src=\"https:\/\/www.youtube.com\/embed\/OlEeFrNEHmw?feature=oembed&#038;enablejsapi=1&#038;origin=https:\/\/koningdrone.be\" frameborder=\"0\" allow=\"accelerometer; autoplay; clipboard-write; encrypted-media; gyroscope; picture-in-picture; web-share\" referrerpolicy=\"strict-origin-when-cross-origin\" allowfullscreen><\/iframe><\/p>\n<p style=\"margin-top: 20px\">Der DJI AL1 Spotlight ist ein professioneller <strong>Drohnen-Spotlight<\/strong> entwickelt f\u00fcr den Einsatz mit DJI-Unternehmensdrohnen, insbesondere der <strong>Baureihe Matrice 4<\/strong>. Diese leistungsstarke Beleuchtungseinheit bietet eine starke und gezielte Beleuchtung f\u00fcr n\u00e4chtliche und schlecht beleuchtete Eins\u00e4tze wie Such- und Rettungseins\u00e4tze, Inspektionen und Aufgaben der \u00f6ffentlichen Sicherheit.<\/p>\n<p style=\"margin-bottom: 20px\">Der Scheinwerfer kann intelligent mit dem Gimbal der Drohne gekoppelt werden, so dass der beleuchtete Bereich automatisch dem Sichtfeld der Kamera folgt, was eine pr\u00e4zise Beleuchtung von Motiven im Flug gew\u00e4hrleistet.<\/p>\n<p style=\"text-align: center\"><a href=\"https:\/\/koningdrone.nl\/wp-content\/uploads\/2025\/02\/DJI-AL1-SpotLight.webp\"><img loading=\"lazy\" decoding=\"async\" class=\"size-full wp-image-467372 aligncenter\" src=\"https:\/\/koningdrone.nl\/wp-content\/uploads\/2025\/02\/DJI-AL1-SpotLight.webp\" alt=\"DJI AL1 SpotLight\" width=\"1200\" height=\"800\" \/><\/a><\/p>\n<h4>Leistung und Funktionalit\u00e4t<\/h4>\n<p>Der AL1 Spotlight unterst\u00fctzt zwei Beleuchtungsmodi: <strong>Immer eingeschaltet<\/strong> f\u00fcr Dauerbeleuchtung und <strong>Stroboskop<\/strong> F\u00fcr Signal- oder Warnlicht. Mit einer Reichweite von bis zu ca. <strong>100 Meter<\/strong> Es kann Objekte in der Ferne deutlich ausleuchten, was f\u00fcr n\u00e4chtliche Eins\u00e4tze und Beobachtungen unerl\u00e4sslich ist.<\/p>\n<p>Das Spotlight bietet auch eine <strong>Wide FOV-Modus<\/strong> die einen gr\u00f6\u00dferen beleuchteten Bereich erzeugt, ideal f\u00fcr gro\u00dfe Fl\u00e4chen oder Zeiten, in denen eine gr\u00f6\u00dfere Fl\u00e4che sichtbar sein muss.<\/p>\n<h4>Verarbeitungsqualit\u00e4t und Design<\/h4>\n<p>Der AL1 ist <strong>leicht und kompakt<\/strong> mit einer robusten Konstruktion, die f\u00fcr Au\u00dfeneins\u00e4tze unter verschiedenen Bedingungen geeignet ist. Das Design verwendet <strong>Schnellverschluss-Schrauben<\/strong>, Dadurch l\u00e4sst er sich leicht und ohne zus\u00e4tzliches Werkzeug am Gimbal von Unternehmensdrohnen befestigen.<\/p>\n<p>Dank der intelligenten Gimbal-Integration bleibt die Beleuchtung auch bei dynamischen Bewegungen der Drohne stabil und fokussiert.<\/p>\n<p><a href=\"https:\/\/koningdrone.nl\/wp-content\/uploads\/2025\/02\/AL1-SpotLight-DJI-Product.webp\"><img loading=\"lazy\" decoding=\"async\" class=\"wp-image-467368 size-medium aligncenter\" src=\"https:\/\/koningdrone.nl\/wp-content\/uploads\/2025\/02\/AL1-SpotLight-DJI-Product-300x300.webp\" alt=\"AL1 SpotLight DJI Product\" width=\"300\" height=\"300\" \/><\/a><\/p>\n<h4>Warum Sie es brauchen<\/h4>\n<p>Der DJI AL1 Spotlight ist wichtig f\u00fcr Profis, die bei Nachteins\u00e4tzen, Inspektionen oder Eins\u00e4tzen der \u00f6ffentlichen Sicherheit eine hervorragende Beleuchtung ben\u00f6tigen. Mit mehreren Beleuchtungsmodi, Gimbal-Tracking und einer gro\u00dfen Reichweite hilft es den Nutzern, eine bessere Sicht auf ihre Zielgebiete zu erhalten und sicherer zu arbeiten.<\/p>","protected":false},"excerpt":{"rendered":"<ul>\n<li>Starke Beleuchtung bis zu einer Entfernung von etwa 100 Metern<\/li>\n<li>Unterst\u00fctzt zwei Beleuchtungsmodi: Always-On und Strobe<\/li>\n<li>Wide FOV-Modus f\u00fcr breitere Ausleuchtung<\/li>\n<li>Intelligente kardanische Aufh\u00e4ngung f\u00fcr pr\u00e4zise Belichtung<\/li>\n<li>Leichtes und kompaktes Design, das sich leicht auf Drohnen installieren l\u00e4sst<\/li>\n<\/ul>","protected":false},"featured_media":17198,"template":"","meta":{"_acf_changed":false},"product_brand":[],"product_cat":[1767,98],"product_tag":[],"class_list":{"0":"post-1147","1":"product","2":"type-product","3":"status-publish","4":"has-post-thumbnail","6":"product_cat-dji-al1","7":"product_cat-dji-matrice-4","8":"product_shipping_class-uavspacesshowall","9":"pa_brand-dji","10":"pa_producttype-drone-schijnwerper","11":"pa_series-al1","13":"first","14":"instock","15":"taxable","16":"shipping-taxable","17":"purchasable","18":"product-type-simple"},"acf":[],"yoast_head":"<!-- This site is optimized with the Yoast SEO Premium plugin v27.2 (Yoast SEO v27.2) - https:\/\/yoast.com\/product\/yoast-seo-premium-wordpress\/ -->\n<title>DJI AL1 SpotLight - koningdrone.be<\/title>\n<meta name=\"robots\" content=\"index, follow, max-snippet:-1, max-image-preview:large, max-video-preview:-1\" \/>\n<link rel=\"canonical\" href=\"https:\/\/koningdrone.be\/de\/produkt\/dji-al1-spotlight\/\" \/>\n<meta property=\"og:locale\" content=\"de_DE\" \/>\n<meta property=\"og:type\" content=\"article\" \/>\n<meta property=\"og:title\" content=\"DJI AL1 SpotLight\" \/>\n<meta property=\"og:description\" content=\"Sterke verlichting tot ongeveer 100 meter afstand  Ondersteunt twee verlichtingsmodi: Always\u2011On en Strobe  Wide FOV\u2011modus voor bredere verlichting  Intelligente gimbal\u2011linking voor nauwkeurige belichting  Licht en compact ontwerp dat eenvoudig op drones te installeren is\" \/>\n<meta property=\"og:url\" content=\"https:\/\/koningdrone.be\/de\/produkt\/dji-al1-spotlight\/\" \/>\n<meta property=\"og:site_name\" content=\"koningdrone.be\" \/>\n<meta property=\"article:modified_time\" content=\"2026-04-29T01:50:28+00:00\" \/>\n<meta property=\"og:image\" content=\"https:\/\/koningdrone.be\/wp-content\/uploads\/sites\/13\/2026\/03\/DJI-AL1-SpotLight-Product.webp\" \/>\n\t<meta property=\"og:image:width\" content=\"2048\" \/>\n\t<meta property=\"og:image:height\" content=\"2048\" \/>\n\t<meta property=\"og:image:type\" content=\"image\/webp\" \/>\n<meta name=\"twitter:card\" content=\"summary_large_image\" \/>\n<meta name=\"twitter:label1\" content=\"Gesch\u00e4tzte Lesezeit\" \/>\n\t<meta name=\"twitter:data1\" content=\"1\u00a0Minute\" \/>\n<script type=\"application\/ld+json\" class=\"yoast-schema-graph\">{\"@context\":\"https:\/\/schema.org\",\"@graph\":[{\"@type\":\"WebPage\",\"@id\":\"https:\/\/koningdrone.be\/product\/dji-al1-spotlight\/\",\"url\":\"https:\/\/koningdrone.be\/product\/dji-al1-spotlight\/\",\"name\":\"DJI AL1 SpotLight - koningdrone.be\",\"isPartOf\":{\"@id\":\"https:\/\/koningdrone.be\/#website\"},\"primaryImageOfPage\":{\"@id\":\"https:\/\/koningdrone.be\/product\/dji-al1-spotlight\/#primaryimage\"},\"image\":{\"@id\":\"https:\/\/koningdrone.be\/product\/dji-al1-spotlight\/#primaryimage\"},\"thumbnailUrl\":\"https:\/\/koningdrone.be\/wp-content\/uploads\/sites\/13\/2026\/03\/DJI-AL1-SpotLight-Product.webp\",\"datePublished\":\"2025-02-25T05:49:44+00:00\",\"dateModified\":\"2026-04-29T01:50:28+00:00\",\"breadcrumb\":{\"@id\":\"https:\/\/koningdrone.be\/product\/dji-al1-spotlight\/#breadcrumb\"},\"inLanguage\":\"de\",\"potentialAction\":[{\"@type\":\"ReadAction\",\"target\":[\"https:\/\/koningdrone.be\/product\/dji-al1-spotlight\/\"]}]},{\"@type\":\"ImageObject\",\"inLanguage\":\"de\",\"@id\":\"https:\/\/koningdrone.be\/product\/dji-al1-spotlight\/#primaryimage\",\"url\":\"https:\/\/koningdrone.be\/wp-content\/uploads\/sites\/13\/2026\/03\/DJI-AL1-SpotLight-Product.webp\",\"contentUrl\":\"https:\/\/koningdrone.be\/wp-content\/uploads\/sites\/13\/2026\/03\/DJI-AL1-SpotLight-Product.webp\",\"width\":2048,\"height\":2048},{\"@type\":\"BreadcrumbList\",\"@id\":\"https:\/\/koningdrone.be\/product\/dji-al1-spotlight\/#breadcrumb\",\"itemListElement\":[{\"@type\":\"ListItem\",\"position\":1,\"name\":\"Home\",\"item\":\"https:\/\/koningdrone.be\/\"},{\"@type\":\"ListItem\",\"position\":2,\"name\":\"AVSS Parachute Recovery System for DJI Matrice 300\/350\",\"item\":\"https:\/\/koningdrone.be\/product\/avss-parachute-recovery-system-for-dji-matrice-300-350\/\"},{\"@type\":\"ListItem\",\"position\":3,\"name\":\"DJI AL1\",\"item\":\"https:\/\/koningdrone.be\/categorie\/dji-al1\/\"},{\"@type\":\"ListItem\",\"position\":4,\"name\":\"DJI AL1 SpotLight\"}]},{\"@type\":\"WebSite\",\"@id\":\"https:\/\/koningdrone.be\/#website\",\"url\":\"https:\/\/koningdrone.be\/\",\"name\":\"Koningdrone.be - Uw online specialist in drones, gimbals, camera's en power stations.\",\"description\":\"De webshop in drones en gimbals\",\"publisher\":{\"@id\":\"https:\/\/koningdrone.be\/#organization\"},\"potentialAction\":[{\"@type\":\"SearchAction\",\"target\":{\"@type\":\"EntryPoint\",\"urlTemplate\":\"https:\/\/koningdrone.be\/?s={search_term_string}\"},\"query-input\":{\"@type\":\"PropertyValueSpecification\",\"valueRequired\":true,\"valueName\":\"search_term_string\"}}],\"inLanguage\":\"de\"},{\"@type\":\"Organization\",\"@id\":\"https:\/\/koningdrone.be\/#organization\",\"name\":\"Koningdrone.be\",\"url\":\"https:\/\/koningdrone.be\/\",\"logo\":{\"@type\":\"ImageObject\",\"inLanguage\":\"de\",\"@id\":\"https:\/\/koningdrone.be\/#\/schema\/logo\/image\/\",\"url\":\"https:\/\/koningdrone.be\/wp-content\/uploads\/sites\/13\/2025\/04\/koningdrone-copyright-logo.svg\",\"contentUrl\":\"https:\/\/koningdrone.be\/wp-content\/uploads\/sites\/13\/2025\/04\/koningdrone-copyright-logo.svg\",\"width\":227,\"height\":38,\"caption\":\"Koningdrone.be\"},\"image\":{\"@id\":\"https:\/\/koningdrone.be\/#\/schema\/logo\/image\/\"}}]}<\/script>\n<!-- \/ Yoast SEO Premium plugin. -->","yoast_head_json":{"title":"DJI AL1 SpotLight - koningdrone.be","robots":{"index":"index","follow":"follow","max-snippet":"max-snippet:-1","max-image-preview":"max-image-preview:large","max-video-preview":"max-video-preview:-1"},"canonical":"https:\/\/koningdrone.be\/de\/produkt\/dji-al1-spotlight\/","og_locale":"de_DE","og_type":"article","og_title":"DJI AL1 SpotLight","og_description":"Sterke verlichting tot ongeveer 100 meter afstand  Ondersteunt twee verlichtingsmodi: Always\u2011On en Strobe  Wide FOV\u2011modus voor bredere verlichting  Intelligente gimbal\u2011linking voor nauwkeurige belichting  Licht en compact ontwerp dat eenvoudig op drones te installeren is","og_url":"https:\/\/koningdrone.be\/de\/produkt\/dji-al1-spotlight\/","og_site_name":"koningdrone.be","article_modified_time":"2026-04-29T01:50:28+00:00","og_image":[{"width":2048,"height":2048,"url":"https:\/\/koningdrone.be\/wp-content\/uploads\/sites\/13\/2026\/03\/DJI-AL1-SpotLight-Product.webp","type":"image\/webp"}],"twitter_card":"summary_large_image","twitter_misc":{"Gesch\u00e4tzte Lesezeit":"1\u00a0Minute"},"schema":{"@context":"https:\/\/schema.org","@graph":[{"@type":"WebPage","@id":"https:\/\/koningdrone.be\/product\/dji-al1-spotlight\/","url":"https:\/\/koningdrone.be\/product\/dji-al1-spotlight\/","name":"DJI AL1 SpotLight - koningdrone.be","isPartOf":{"@id":"https:\/\/koningdrone.be\/#website"},"primaryImageOfPage":{"@id":"https:\/\/koningdrone.be\/product\/dji-al1-spotlight\/#primaryimage"},"image":{"@id":"https:\/\/koningdrone.be\/product\/dji-al1-spotlight\/#primaryimage"},"thumbnailUrl":"https:\/\/koningdrone.be\/wp-content\/uploads\/sites\/13\/2026\/03\/DJI-AL1-SpotLight-Product.webp","datePublished":"2025-02-25T05:49:44+00:00","dateModified":"2026-04-29T01:50:28+00:00","breadcrumb":{"@id":"https:\/\/koningdrone.be\/product\/dji-al1-spotlight\/#breadcrumb"},"inLanguage":"de","potentialAction":[{"@type":"ReadAction","target":["https:\/\/koningdrone.be\/product\/dji-al1-spotlight\/"]}]},{"@type":"ImageObject","inLanguage":"de","@id":"https:\/\/koningdrone.be\/product\/dji-al1-spotlight\/#primaryimage","url":"https:\/\/koningdrone.be\/wp-content\/uploads\/sites\/13\/2026\/03\/DJI-AL1-SpotLight-Product.webp","contentUrl":"https:\/\/koningdrone.be\/wp-content\/uploads\/sites\/13\/2026\/03\/DJI-AL1-SpotLight-Product.webp","width":2048,"height":2048},{"@type":"BreadcrumbList","@id":"https:\/\/koningdrone.be\/product\/dji-al1-spotlight\/#breadcrumb","itemListElement":[{"@type":"ListItem","position":1,"name":"Home","item":"https:\/\/koningdrone.be\/"},{"@type":"ListItem","position":2,"name":"AVSS Parachute Recovery System for DJI Matrice 300\/350","item":"https:\/\/koningdrone.be\/product\/avss-parachute-recovery-system-for-dji-matrice-300-350\/"},{"@type":"ListItem","position":3,"name":"DJI AL1","item":"https:\/\/koningdrone.be\/categorie\/dji-al1\/"},{"@type":"ListItem","position":4,"name":"DJI AL1 SpotLight"}]},{"@type":"WebSite","@id":"https:\/\/koningdrone.be\/#website","url":"https:\/\/koningdrone.be\/","name":"Koningdrone.be - Ihr Online-Spezialist f\u00fcr Drohnen, Gimbals, Kameras und Kraftwerke.","description":"Der Webshop f\u00fcr Drohnen und Gimbals","publisher":{"@id":"https:\/\/koningdrone.be\/#organization"},"potentialAction":[{"@type":"SearchAction","target":{"@type":"EntryPoint","urlTemplate":"https:\/\/koningdrone.be\/?s={search_term_string}"},"query-input":{"@type":"PropertyValueSpecification","valueRequired":true,"valueName":"search_term_string"}}],"inLanguage":"de"},{"@type":"Organization","@id":"https:\/\/koningdrone.be\/#organization","name":"Kingdrone.de","url":"https:\/\/koningdrone.be\/","logo":{"@type":"ImageObject","inLanguage":"de","@id":"https:\/\/koningdrone.be\/#\/schema\/logo\/image\/","url":"https:\/\/koningdrone.be\/wp-content\/uploads\/sites\/13\/2025\/04\/koningdrone-copyright-logo.svg","contentUrl":"https:\/\/koningdrone.be\/wp-content\/uploads\/sites\/13\/2025\/04\/koningdrone-copyright-logo.svg","width":227,"height":38,"caption":"Koningdrone.be"},"image":{"@id":"https:\/\/koningdrone.be\/#\/schema\/logo\/image\/"}}]}},"df_price":299,"df_sale_price":"","df_regular_price":299,"df_image_link":"https:\/\/koningdrone.be\/wp-content\/uploads\/sites\/13\/2026\/03\/DJI-AL1-SpotLight-Product-300x300.webp","_links":{"self":[{"href":"https:\/\/koningdrone.be\/de\/wp-json\/wp\/v2\/product\/1147","targetHints":{"allow":["GET"]}}],"collection":[{"href":"https:\/\/koningdrone.be\/de\/wp-json\/wp\/v2\/product"}],"about":[{"href":"https:\/\/koningdrone.be\/de\/wp-json\/wp\/v2\/types\/product"}],"wp:featuredmedia":[{"embeddable":true,"href":"https:\/\/koningdrone.be\/de\/wp-json\/wp\/v2\/media\/17198"}],"wp:attachment":[{"href":"https:\/\/koningdrone.be\/de\/wp-json\/wp\/v2\/media?parent=1147"}],"wp:term":[{"taxonomy":"product_brand","embeddable":true,"href":"https:\/\/koningdrone.be\/de\/wp-json\/wp\/v2\/product_brand?post=1147"},{"taxonomy":"product_cat","embeddable":true,"href":"https:\/\/koningdrone.be\/de\/wp-json\/wp\/v2\/product_cat?post=1147"},{"taxonomy":"product_tag","embeddable":true,"href":"https:\/\/koningdrone.be\/de\/wp-json\/wp\/v2\/product_tag?post=1147"}],"curies":[{"name":"wp","href":"https:\/\/api.w.org\/{rel}","templated":true}]}}