{"id":1084,"date":"2025-04-14T09:49:47","date_gmt":"2025-04-14T09:49:47","guid":{"rendered":"https:\/\/koningdrone.nl\/kon\/product\/czi-mp10e-broadcast-and-sound-pickup-system\/"},"modified":"2025-04-29T11:06:56","modified_gmt":"2025-04-29T11:06:56","slug":"czi-mp10e-broadcast-and-sound-pickup-system","status":"publish","type":"product","link":"https:\/\/koningdrone.be\/de\/produkt\/czi-mp10e-broadcast-and-sound-pickup-system\/","title":{"rendered":"CZI MP10E Rundfunk- und Tonabnehmersystem"},"content":{"rendered":"<p>Das CZI MP10E Broadcast and Sound Pickup System erweitert die DJI Mavic 3 Enterprise Drohnen um Audio- und visuelle Kommunikationsm\u00f6glichkeiten. Es verf\u00fcgt \u00fcber integrierte rote und blaue Blinklichter f\u00fcr die Sichtbarkeit und ein Lautsprecher-\/Mikrofonsystem f\u00fcr die \u00dcbertragung und Zwei-Wege-Kommunikation. Das Mikrofon hat eine Reichweite von 10 Metern, w\u00e4hrend der Lautsprecher bis zu 110 dB erreichen kann. Das System l\u00e4sst sich nahtlos in die Drohne integrieren und ist somit ideal f\u00fcr Strafverfolgungs-, Such- und Rettungseins\u00e4tze sowie Notf\u00e4lle.<\/p>","protected":false},"excerpt":{"rendered":"<ul>\n<li>Mikrofon mit 33\u2032 Reichweite<\/li>\n<li>Mikrofon mit Ger\u00e4uschunterdr\u00fcckung<\/li>\n<li>Horn + Horn f\u00fcr 110 dB Audio<\/li>\n<li>Broadcast-Dateien oder Echtzeit-Sprache<\/li>\n<li>Inklusive Mikrofon-Sender<\/li>\n<li>Integriertes 1,8\"-Farbdisplay<\/li>\n<li>Rotes und blaues Blinklicht<\/li>\n<\/ul>","protected":false},"featured_media":1083,"template":"","meta":{"_acf_changed":false},"product_brand":[],"product_cat":[58],"product_tag":[],"class_list":{"0":"post-1084","1":"product","2":"type-product","3":"status-publish","4":"has-post-thumbnail","6":"product_cat-uncategorized","7":"pa_brand-czi","8":"pa_producttype-pick-up-systeem-voor-uitzending-en-geluid","10":"first","11":"outofstock","12":"taxable","13":"shipping-taxable","14":"product-type-simple"},"acf":[],"yoast_head":"<!-- This site is optimized with the Yoast SEO Premium plugin v27.2 (Yoast SEO v27.2) - https:\/\/yoast.com\/product\/yoast-seo-premium-wordpress\/ -->\n<title>CZI MP10E Broadcast and Sound Pickup System - koningdrone.be<\/title>\n<meta name=\"robots\" content=\"index, follow, max-snippet:-1, max-image-preview:large, max-video-preview:-1\" \/>\n<link rel=\"canonical\" href=\"https:\/\/koningdrone.be\/de\/produkt\/czi-mp10e-broadcast-and-sound-pickup-system\/\" \/>\n<meta property=\"og:locale\" content=\"de_DE\" \/>\n<meta property=\"og:type\" content=\"article\" \/>\n<meta property=\"og:title\" content=\"CZI MP10E Broadcast and Sound Pickup System\" \/>\n<meta property=\"og:description\" content=\"Microfoon met 33&#039; bereikRuisonderdrukking microfoonHoorn + hoorn voor 110 dB audioBestanden of real-time spraak uitzendenMicrofoonzender inbegrepenIngebouwd 1,8\u201d kleurenschermRood en blauw knipperend licht\" \/>\n<meta property=\"og:url\" content=\"https:\/\/koningdrone.be\/de\/produkt\/czi-mp10e-broadcast-and-sound-pickup-system\/\" \/>\n<meta property=\"og:site_name\" content=\"koningdrone.be\" \/>\n<meta property=\"article:modified_time\" content=\"2025-04-29T11:06:56+00:00\" \/>\n<meta property=\"og:image\" content=\"https:\/\/koningdrone.be\/wp-content\/uploads\/sites\/13\/2025\/04\/1716303933_1814932.jpg\" \/>\n\t<meta property=\"og:image:width\" content=\"500\" \/>\n\t<meta property=\"og:image:height\" content=\"500\" \/>\n\t<meta property=\"og:image:type\" content=\"image\/jpeg\" \/>\n<meta name=\"twitter:card\" content=\"summary_large_image\" \/>\n<script type=\"application\/ld+json\" class=\"yoast-schema-graph\">{\"@context\":\"https:\/\/schema.org\",\"@graph\":[{\"@type\":\"WebPage\",\"@id\":\"https:\/\/koningdrone.be\/product\/czi-mp10e-broadcast-and-sound-pickup-system\/\",\"url\":\"https:\/\/koningdrone.be\/product\/czi-mp10e-broadcast-and-sound-pickup-system\/\",\"name\":\"CZI MP10E Broadcast and Sound Pickup System - koningdrone.be\",\"isPartOf\":{\"@id\":\"https:\/\/koningdrone.be\/#website\"},\"primaryImageOfPage\":{\"@id\":\"https:\/\/koningdrone.be\/product\/czi-mp10e-broadcast-and-sound-pickup-system\/#primaryimage\"},\"image\":{\"@id\":\"https:\/\/koningdrone.be\/product\/czi-mp10e-broadcast-and-sound-pickup-system\/#primaryimage\"},\"thumbnailUrl\":\"https:\/\/koningdrone.be\/wp-content\/uploads\/sites\/13\/2025\/04\/1716303933_1814932.jpg\",\"datePublished\":\"2025-04-14T09:49:47+00:00\",\"dateModified\":\"2025-04-29T11:06:56+00:00\",\"breadcrumb\":{\"@id\":\"https:\/\/koningdrone.be\/product\/czi-mp10e-broadcast-and-sound-pickup-system\/#breadcrumb\"},\"inLanguage\":\"de\",\"potentialAction\":[{\"@type\":\"ReadAction\",\"target\":[\"https:\/\/koningdrone.be\/product\/czi-mp10e-broadcast-and-sound-pickup-system\/\"]}]},{\"@type\":\"ImageObject\",\"inLanguage\":\"de\",\"@id\":\"https:\/\/koningdrone.be\/product\/czi-mp10e-broadcast-and-sound-pickup-system\/#primaryimage\",\"url\":\"https:\/\/koningdrone.be\/wp-content\/uploads\/sites\/13\/2025\/04\/1716303933_1814932.jpg\",\"contentUrl\":\"https:\/\/koningdrone.be\/wp-content\/uploads\/sites\/13\/2025\/04\/1716303933_1814932.jpg\",\"width\":500,\"height\":500},{\"@type\":\"BreadcrumbList\",\"@id\":\"https:\/\/koningdrone.be\/product\/czi-mp10e-broadcast-and-sound-pickup-system\/#breadcrumb\",\"itemListElement\":[{\"@type\":\"ListItem\",\"position\":1,\"name\":\"Home\",\"item\":\"https:\/\/koningdrone.be\/\"},{\"@type\":\"ListItem\",\"position\":2,\"name\":\"AVSS Parachute Recovery System for DJI Matrice 300\/350\",\"item\":\"https:\/\/koningdrone.be\/product\/avss-parachute-recovery-system-for-dji-matrice-300-350\/\"},{\"@type\":\"ListItem\",\"position\":3,\"name\":\"Uncategorized\",\"item\":\"https:\/\/koningdrone.be\/categorie\/uncategorized\/\"},{\"@type\":\"ListItem\",\"position\":4,\"name\":\"CZI MP10E Broadcast and Sound Pickup System\"}]},{\"@type\":\"WebSite\",\"@id\":\"https:\/\/koningdrone.be\/#website\",\"url\":\"https:\/\/koningdrone.be\/\",\"name\":\"Koningdrone.be - Uw online specialist in drones, gimbals, camera's en power stations.\",\"description\":\"De webshop in drones en gimbals\",\"publisher\":{\"@id\":\"https:\/\/koningdrone.be\/#organization\"},\"potentialAction\":[{\"@type\":\"SearchAction\",\"target\":{\"@type\":\"EntryPoint\",\"urlTemplate\":\"https:\/\/koningdrone.be\/?s={search_term_string}\"},\"query-input\":{\"@type\":\"PropertyValueSpecification\",\"valueRequired\":true,\"valueName\":\"search_term_string\"}}],\"inLanguage\":\"de\"},{\"@type\":\"Organization\",\"@id\":\"https:\/\/koningdrone.be\/#organization\",\"name\":\"Koningdrone.be\",\"url\":\"https:\/\/koningdrone.be\/\",\"logo\":{\"@type\":\"ImageObject\",\"inLanguage\":\"de\",\"@id\":\"https:\/\/koningdrone.be\/#\/schema\/logo\/image\/\",\"url\":\"https:\/\/koningdrone.be\/wp-content\/uploads\/sites\/13\/2025\/04\/koningdrone-copyright-logo.svg\",\"contentUrl\":\"https:\/\/koningdrone.be\/wp-content\/uploads\/sites\/13\/2025\/04\/koningdrone-copyright-logo.svg\",\"width\":227,\"height\":38,\"caption\":\"Koningdrone.be\"},\"image\":{\"@id\":\"https:\/\/koningdrone.be\/#\/schema\/logo\/image\/\"}}]}<\/script>\n<!-- \/ Yoast SEO Premium plugin. -->","yoast_head_json":{"title":"CZI MP10E Broadcast and Sound Pickup System - koningdrone.be","robots":{"index":"index","follow":"follow","max-snippet":"max-snippet:-1","max-image-preview":"max-image-preview:large","max-video-preview":"max-video-preview:-1"},"canonical":"https:\/\/koningdrone.be\/de\/produkt\/czi-mp10e-broadcast-and-sound-pickup-system\/","og_locale":"de_DE","og_type":"article","og_title":"CZI MP10E Broadcast and Sound Pickup System","og_description":"Microfoon met 33' bereikRuisonderdrukking microfoonHoorn + hoorn voor 110 dB audioBestanden of real-time spraak uitzendenMicrofoonzender inbegrepenIngebouwd 1,8\u201d kleurenschermRood en blauw knipperend licht","og_url":"https:\/\/koningdrone.be\/de\/produkt\/czi-mp10e-broadcast-and-sound-pickup-system\/","og_site_name":"koningdrone.be","article_modified_time":"2025-04-29T11:06:56+00:00","og_image":[{"width":500,"height":500,"url":"https:\/\/koningdrone.be\/wp-content\/uploads\/sites\/13\/2025\/04\/1716303933_1814932.jpg","type":"image\/jpeg"}],"twitter_card":"summary_large_image","schema":{"@context":"https:\/\/schema.org","@graph":[{"@type":"WebPage","@id":"https:\/\/koningdrone.be\/product\/czi-mp10e-broadcast-and-sound-pickup-system\/","url":"https:\/\/koningdrone.be\/product\/czi-mp10e-broadcast-and-sound-pickup-system\/","name":"CZI MP10E Broadcast and Sound Pickup System - koningdrone.be","isPartOf":{"@id":"https:\/\/koningdrone.be\/#website"},"primaryImageOfPage":{"@id":"https:\/\/koningdrone.be\/product\/czi-mp10e-broadcast-and-sound-pickup-system\/#primaryimage"},"image":{"@id":"https:\/\/koningdrone.be\/product\/czi-mp10e-broadcast-and-sound-pickup-system\/#primaryimage"},"thumbnailUrl":"https:\/\/koningdrone.be\/wp-content\/uploads\/sites\/13\/2025\/04\/1716303933_1814932.jpg","datePublished":"2025-04-14T09:49:47+00:00","dateModified":"2025-04-29T11:06:56+00:00","breadcrumb":{"@id":"https:\/\/koningdrone.be\/product\/czi-mp10e-broadcast-and-sound-pickup-system\/#breadcrumb"},"inLanguage":"de","potentialAction":[{"@type":"ReadAction","target":["https:\/\/koningdrone.be\/product\/czi-mp10e-broadcast-and-sound-pickup-system\/"]}]},{"@type":"ImageObject","inLanguage":"de","@id":"https:\/\/koningdrone.be\/product\/czi-mp10e-broadcast-and-sound-pickup-system\/#primaryimage","url":"https:\/\/koningdrone.be\/wp-content\/uploads\/sites\/13\/2025\/04\/1716303933_1814932.jpg","contentUrl":"https:\/\/koningdrone.be\/wp-content\/uploads\/sites\/13\/2025\/04\/1716303933_1814932.jpg","width":500,"height":500},{"@type":"BreadcrumbList","@id":"https:\/\/koningdrone.be\/product\/czi-mp10e-broadcast-and-sound-pickup-system\/#breadcrumb","itemListElement":[{"@type":"ListItem","position":1,"name":"Home","item":"https:\/\/koningdrone.be\/"},{"@type":"ListItem","position":2,"name":"AVSS Parachute Recovery System for DJI Matrice 300\/350","item":"https:\/\/koningdrone.be\/product\/avss-parachute-recovery-system-for-dji-matrice-300-350\/"},{"@type":"ListItem","position":3,"name":"Uncategorized","item":"https:\/\/koningdrone.be\/categorie\/uncategorized\/"},{"@type":"ListItem","position":4,"name":"CZI MP10E Broadcast and Sound Pickup System"}]},{"@type":"WebSite","@id":"https:\/\/koningdrone.be\/#website","url":"https:\/\/koningdrone.be\/","name":"Koningdrone.be - Ihr Online-Spezialist f\u00fcr Drohnen, Gimbals, Kameras und Kraftwerke.","description":"Der Webshop f\u00fcr Drohnen und Gimbals","publisher":{"@id":"https:\/\/koningdrone.be\/#organization"},"potentialAction":[{"@type":"SearchAction","target":{"@type":"EntryPoint","urlTemplate":"https:\/\/koningdrone.be\/?s={search_term_string}"},"query-input":{"@type":"PropertyValueSpecification","valueRequired":true,"valueName":"search_term_string"}}],"inLanguage":"de"},{"@type":"Organization","@id":"https:\/\/koningdrone.be\/#organization","name":"Kingdrone.de","url":"https:\/\/koningdrone.be\/","logo":{"@type":"ImageObject","inLanguage":"de","@id":"https:\/\/koningdrone.be\/#\/schema\/logo\/image\/","url":"https:\/\/koningdrone.be\/wp-content\/uploads\/sites\/13\/2025\/04\/koningdrone-copyright-logo.svg","contentUrl":"https:\/\/koningdrone.be\/wp-content\/uploads\/sites\/13\/2025\/04\/koningdrone-copyright-logo.svg","width":227,"height":38,"caption":"Koningdrone.be"},"image":{"@id":"https:\/\/koningdrone.be\/#\/schema\/logo\/image\/"}}]}},"df_price":"","df_sale_price":"","df_regular_price":"","df_image_link":"https:\/\/koningdrone.be\/wp-content\/uploads\/sites\/13\/2025\/04\/1716303933_1814932-300x300.jpg","_links":{"self":[{"href":"https:\/\/koningdrone.be\/de\/wp-json\/wp\/v2\/product\/1084","targetHints":{"allow":["GET"]}}],"collection":[{"href":"https:\/\/koningdrone.be\/de\/wp-json\/wp\/v2\/product"}],"about":[{"href":"https:\/\/koningdrone.be\/de\/wp-json\/wp\/v2\/types\/product"}],"wp:featuredmedia":[{"embeddable":true,"href":"https:\/\/koningdrone.be\/de\/wp-json\/wp\/v2\/media\/1083"}],"wp:attachment":[{"href":"https:\/\/koningdrone.be\/de\/wp-json\/wp\/v2\/media?parent=1084"}],"wp:term":[{"taxonomy":"product_brand","embeddable":true,"href":"https:\/\/koningdrone.be\/de\/wp-json\/wp\/v2\/product_brand?post=1084"},{"taxonomy":"product_cat","embeddable":true,"href":"https:\/\/koningdrone.be\/de\/wp-json\/wp\/v2\/product_cat?post=1084"},{"taxonomy":"product_tag","embeddable":true,"href":"https:\/\/koningdrone.be\/de\/wp-json\/wp\/v2\/product_tag?post=1084"}],"curies":[{"name":"wp","href":"https:\/\/api.w.org\/{rel}","templated":true}]}}