{"id":10838,"date":"2025-06-10T14:22:50","date_gmt":"2025-06-10T12:22:50","guid":{"rendered":"https:\/\/koningdrone.be\/product\/anker-solix-compleet-balkonsysteem-2x-rs40b-paneel-410w-micro-omvormer-600w-800w-balkonbeugels\/"},"modified":"2025-08-20T16:18:24","modified_gmt":"2025-08-20T14:18:24","slug":"anker-solix-compleet-balkonsysteem-2x-rs40b-paneel-410w-micro-omvormer-600w-800w-balkonbeugels","status":"publish","type":"product","link":"https:\/\/koningdrone.be\/de\/produkt\/anker-solix-compleet-balkonsysteem-2x-rs40b-paneel-410w-micro-omvormer-600w-800w-balkonbeugels\/","title":{"rendered":"Anker SOLIX Komplettsystem f\u00fcr den Balkon (2\u00d7 RS40B Panel 410W, Mikro-Wechselrichter 600W\/800W, Balkonhalterungen)"},"content":{"rendered":"<p><strong>Einfache Installation<\/strong><\/p>\n<p>Langlebige und robuste Konstruktion<\/p>\n<p>Intelligente Energiespeicherung<\/p>\n<p>App-Integration<\/p>\n<p>\u00c4sthetisches Design<\/p>\n<p>Hohe Energieeffizienz<\/p>\n<p>Der Anker SOLIX RS40B bietet eine praktische Solarl\u00f6sung f\u00fcr Balkone, ideal f\u00fcr st\u00e4dtische Umgebungen mit begrenztem Platz. Das System ist einfach zu installieren, langlebig und verf\u00fcgt \u00fcber eine App, die bei der \u00dcberwachung der Energieleistung hilft. Obwohl es auf moderne Technologie setzt, liefert es eine zuverl\u00e4ssige und effektive Leistung, was es zu einer wertvollen Erg\u00e4nzung f\u00fcr die gr\u00fcne Energieerzeugung macht.<\/p>\n<p><strong>Konnektivit\u00e4t<\/strong> Wi-Fi (2,4 GHz) WAP2<\/p>\n<p><strong>Effizienz<\/strong> 0.23<\/p>\n<p><strong>PV-Technik<\/strong> PERC-Sonnenkollektor<\/p>\n<p><strong>Leistung<\/strong> 410W (jeder)<\/p>\n<p><strong>Mikro-Wechselrichter<\/strong> 600\/800W<\/p>\n<p><strong>Inhalt der Verpackung<\/strong><\/p>\n<ul>\n<li>2x 410W Solarmodul<\/li>\n<li>1x 600 W Mikro-Wechselrichter (erweiterbar auf bis zu 800 W)<\/li>\n<li>1x 5m Ladekabel<\/li>\n<li>4x Balkonhalterungen<\/li>\n<li>1x Werkzeugsatz<\/li>\n<li>1x Online-Benutzerhandbuch<\/li>\n<li>1x Sicherheitsdatenblatt<\/li>\n<\/ul>","protected":false},"excerpt":{"rendered":"<ul>\n<li><strong>Einfache Installation<\/strong>Das System ist f\u00fcr eine einfache Installation konzipiert, ideal f\u00fcr st\u00e4dtische Umgebungen.<\/li>\n<li><strong>Langlebige und robuste Konstruktion<\/strong>Anker SOLIX RS40B: Der Anker SOLIX RS40B ist so gebaut, dass er einer Vielzahl von Wetterbedingungen standh\u00e4lt.<\/li>\n<li><strong>Intelligente Energiespeicherung<\/strong>Energieverfolgung: Verfolgen Sie Ihren Energieverbrauch und Ihre Leistung \u00fcber eine praktische App-Integration.<\/li>\n<li><strong>App-Integration<\/strong>Die App hilft bei der \u00dcberwachung Ihrer Energieleistung und tr\u00e4gt zu einem effizienteren Energiemanagement bei.<\/li>\n<li><strong>\u00c4sthetisches Design<\/strong>Das moderne Design der Solarmodule f\u00fcgt sich nahtlos in Ihren Balkon oder Au\u00dfenbereich ein.<\/li>\n<li><strong>Hohe Energieeffizienz<\/strong>Mit einem Wirkungsgrad von 23% holen Sie das Beste aus Ihrem Solarmodulsystem heraus, auch wenn die Wetterbedingungen nicht ideal sind.<\/li>\n<\/ul>\n<p>Der Anker SOLIX RS40B bietet eine praktische Solarl\u00f6sung f\u00fcr Balkone, ideal f\u00fcr st\u00e4dtische Umgebungen mit begrenztem Platz. Das System ist einfach zu installieren, langlebig und verf\u00fcgt \u00fcber eine App, die bei der \u00dcberwachung der Energieleistung hilft. Obwohl es auf moderne Technologie setzt, liefert es eine zuverl\u00e4ssige und effektive Leistung, was es zu einer wertvollen Erg\u00e4nzung f\u00fcr die gr\u00fcne Energieerzeugung macht.<\/p>\n<p><strong>Konnektivit\u00e4t<\/strong>Wifi (2,4 GHz) WAP2<\/p>\n<p><strong>Effizienz<\/strong>: 0.23<\/p>\n<p><strong>PV-Technik<\/strong>PERC-Sonnenkollektor<\/p>\n<p><strong>Leistung<\/strong>: 410W (jeder)<\/p>\n<p><strong>Mikro-Wechselrichter<\/strong>: 600\/800W<\/p>\n<p><strong>Inhalt der Verpackung<\/strong><\/p>\n<ul>\n<li>2x 410W Solarmodul<\/li>\n<li>1x 600 W Mikro-Wechselrichter (erweiterbar auf bis zu 800 W)<\/li>\n<li>1x 5m Ladekabel<\/li>\n<li>4x Balkonhalterungen<\/li>\n<li>1x Werkzeugsatz<\/li>\n<li>1x Online-Benutzerhandbuch<\/li>\n<li>1x Sicherheitsdatenblatt<\/li>\n<\/ul>","protected":false},"featured_media":0,"template":"","meta":{"_acf_changed":false},"product_brand":[],"product_cat":[58],"product_tag":[],"class_list":{"0":"post-10838","1":"product","2":"type-product","3":"status-publish","5":"product_cat-uncategorized","7":"first","8":"instock","9":"product-type-simple"},"acf":[],"yoast_head":"<!-- This site is optimized with the Yoast SEO Premium plugin v27.2 (Yoast SEO v27.2) - https:\/\/yoast.com\/product\/yoast-seo-premium-wordpress\/ -->\n<title>Anker SOLIX Compleet Balkonsysteem (2\u00d7 RS40B paneel 410W, micro-omvormer 600W\/800W, balkonbeugels) - koningdrone.be<\/title>\n<meta name=\"robots\" content=\"index, follow, max-snippet:-1, max-image-preview:large, max-video-preview:-1\" \/>\n<link rel=\"canonical\" href=\"https:\/\/koningdrone.be\/de\/produkt\/anker-solix-compleet-balkonsysteem-2x-rs40b-paneel-410w-micro-omvormer-600w-800w-balkonbeugels\/\" \/>\n<meta property=\"og:locale\" content=\"de_DE\" \/>\n<meta property=\"og:type\" content=\"article\" \/>\n<meta property=\"og:title\" content=\"Anker SOLIX Compleet Balkonsysteem (2\u00d7 RS40B paneel 410W, micro-omvormer 600W\/800W, balkonbeugels)\" \/>\n<meta property=\"og:description\" content=\"Eenvoudige installatie: Het systeem is ontworpen voor eenvoudige installatie, ideaal voor stedelijke omgevingen.  Duurzaam en robuust ontwerp: De Anker SOLIX RS40B is gebouwd om lang mee te gaan en bestand tegen verschillende weersomstandigheden.  Slimme energieopslag: Houd je energieverbruik en prestaties bij via een handige app-integratie.  App-integratie: De app helpt je energieprestaties te monitoren, wat bijdraagt aan effici\u00ebnter energiebeheer.  Esthetisch design: Het moderne ontwerp van de zonnepanelen voegt zich naadloos in je balkon of buitenruimte.  Hoge energie-effici\u00ebntie: Met een effici\u00ebntie van 23% haal je het meeste uit je zonnepaneelsysteem, zelfs bij minder ideale weersomstandigheden.  De Anker SOLIX RS40B biedt een praktische oplossing voor zonne-energie op balkons, ideaal voor stedelijke omgevingen met beperkte ruimte. Het systeem is makkelijk te installeren en duurzaam, met een app die helpt bij het monitoren van energieprestaties. Ondanks de afhankelijkheid van moderne technologie, levert het betrouwbare en effectieve prestaties, waardoor het een waardevolle toevoeging is voor het opwekken van groene energie. Connectiviteit: Wifi (2,4 GHz) WAP2 Effici\u00ebntie: 0.23 PV-technologie: PERC-zonnepaneel Prestatie: 410W (elk) Micro-omvormer: 600\/800W Verpakkingsinhoud  2x 410W Zonnepaneel  1x 600 W Micro-omvormer (uitbreidbaar tot 800 W)  1x 5m Oplaadkabel  4x Balkonbeugels  1x Gereedschapset  1x Online gebruiksaanwijzing  1x Veiligheidsinformatieblad\" \/>\n<meta property=\"og:url\" content=\"https:\/\/koningdrone.be\/de\/produkt\/anker-solix-compleet-balkonsysteem-2x-rs40b-paneel-410w-micro-omvormer-600w-800w-balkonbeugels\/\" \/>\n<meta property=\"og:site_name\" content=\"koningdrone.be\" \/>\n<meta property=\"article:modified_time\" content=\"2025-08-20T14:18:24+00:00\" \/>\n<meta name=\"twitter:card\" content=\"summary_large_image\" \/>\n<meta name=\"twitter:label1\" content=\"Gesch\u00e4tzte Lesezeit\" \/>\n\t<meta name=\"twitter:data1\" content=\"1\u00a0Minute\" \/>\n<script type=\"application\/ld+json\" class=\"yoast-schema-graph\">{\"@context\":\"https:\/\/schema.org\",\"@graph\":[{\"@type\":\"WebPage\",\"@id\":\"https:\/\/koningdrone.be\/product\/anker-solix-compleet-balkonsysteem-2x-rs40b-paneel-410w-micro-omvormer-600w-800w-balkonbeugels\/\",\"url\":\"https:\/\/koningdrone.be\/product\/anker-solix-compleet-balkonsysteem-2x-rs40b-paneel-410w-micro-omvormer-600w-800w-balkonbeugels\/\",\"name\":\"Anker SOLIX Compleet Balkonsysteem (2\u00d7 RS40B paneel 410W, micro-omvormer 600W\/800W, balkonbeugels) - koningdrone.be\",\"isPartOf\":{\"@id\":\"https:\/\/koningdrone.be\/#website\"},\"datePublished\":\"2025-06-10T12:22:50+00:00\",\"dateModified\":\"2025-08-20T14:18:24+00:00\",\"breadcrumb\":{\"@id\":\"https:\/\/koningdrone.be\/product\/anker-solix-compleet-balkonsysteem-2x-rs40b-paneel-410w-micro-omvormer-600w-800w-balkonbeugels\/#breadcrumb\"},\"inLanguage\":\"de\",\"potentialAction\":[{\"@type\":\"ReadAction\",\"target\":[\"https:\/\/koningdrone.be\/product\/anker-solix-compleet-balkonsysteem-2x-rs40b-paneel-410w-micro-omvormer-600w-800w-balkonbeugels\/\"]}]},{\"@type\":\"BreadcrumbList\",\"@id\":\"https:\/\/koningdrone.be\/product\/anker-solix-compleet-balkonsysteem-2x-rs40b-paneel-410w-micro-omvormer-600w-800w-balkonbeugels\/#breadcrumb\",\"itemListElement\":[{\"@type\":\"ListItem\",\"position\":1,\"name\":\"Home\",\"item\":\"https:\/\/koningdrone.be\/\"},{\"@type\":\"ListItem\",\"position\":2,\"name\":\"AVSS Parachute Recovery System for DJI Matrice 300\/350\",\"item\":\"https:\/\/koningdrone.be\/product\/avss-parachute-recovery-system-for-dji-matrice-300-350\/\"},{\"@type\":\"ListItem\",\"position\":3,\"name\":\"Uncategorized\",\"item\":\"https:\/\/koningdrone.be\/categorie\/uncategorized\/\"},{\"@type\":\"ListItem\",\"position\":4,\"name\":\"Anker SOLIX Compleet Balkonsysteem (2\u00d7 RS40B paneel 410W, micro-omvormer 600W\/800W, balkonbeugels)\"}]},{\"@type\":\"WebSite\",\"@id\":\"https:\/\/koningdrone.be\/#website\",\"url\":\"https:\/\/koningdrone.be\/\",\"name\":\"Koningdrone.be - Uw online specialist in drones, gimbals, camera's en power stations.\",\"description\":\"De webshop in drones en gimbals\",\"publisher\":{\"@id\":\"https:\/\/koningdrone.be\/#organization\"},\"potentialAction\":[{\"@type\":\"SearchAction\",\"target\":{\"@type\":\"EntryPoint\",\"urlTemplate\":\"https:\/\/koningdrone.be\/?s={search_term_string}\"},\"query-input\":{\"@type\":\"PropertyValueSpecification\",\"valueRequired\":true,\"valueName\":\"search_term_string\"}}],\"inLanguage\":\"de\"},{\"@type\":\"Organization\",\"@id\":\"https:\/\/koningdrone.be\/#organization\",\"name\":\"Koningdrone.be\",\"url\":\"https:\/\/koningdrone.be\/\",\"logo\":{\"@type\":\"ImageObject\",\"inLanguage\":\"de\",\"@id\":\"https:\/\/koningdrone.be\/#\/schema\/logo\/image\/\",\"url\":\"https:\/\/koningdrone.be\/wp-content\/uploads\/sites\/13\/2025\/04\/koningdrone-copyright-logo.svg\",\"contentUrl\":\"https:\/\/koningdrone.be\/wp-content\/uploads\/sites\/13\/2025\/04\/koningdrone-copyright-logo.svg\",\"width\":227,\"height\":38,\"caption\":\"Koningdrone.be\"},\"image\":{\"@id\":\"https:\/\/koningdrone.be\/#\/schema\/logo\/image\/\"}}]}<\/script>\n<!-- \/ Yoast SEO Premium plugin. -->","yoast_head_json":{"title":"Anker SOLIX Compleet Balkonsysteem (2\u00d7 RS40B paneel 410W, micro-omvormer 600W\/800W, balkonbeugels) - koningdrone.be","robots":{"index":"index","follow":"follow","max-snippet":"max-snippet:-1","max-image-preview":"max-image-preview:large","max-video-preview":"max-video-preview:-1"},"canonical":"https:\/\/koningdrone.be\/de\/produkt\/anker-solix-compleet-balkonsysteem-2x-rs40b-paneel-410w-micro-omvormer-600w-800w-balkonbeugels\/","og_locale":"de_DE","og_type":"article","og_title":"Anker SOLIX Compleet Balkonsysteem (2\u00d7 RS40B paneel 410W, micro-omvormer 600W\/800W, balkonbeugels)","og_description":"Eenvoudige installatie: Het systeem is ontworpen voor eenvoudige installatie, ideaal voor stedelijke omgevingen.  Duurzaam en robuust ontwerp: De Anker SOLIX RS40B is gebouwd om lang mee te gaan en bestand tegen verschillende weersomstandigheden.  Slimme energieopslag: Houd je energieverbruik en prestaties bij via een handige app-integratie.  App-integratie: De app helpt je energieprestaties te monitoren, wat bijdraagt aan effici\u00ebnter energiebeheer.  Esthetisch design: Het moderne ontwerp van de zonnepanelen voegt zich naadloos in je balkon of buitenruimte.  Hoge energie-effici\u00ebntie: Met een effici\u00ebntie van 23% haal je het meeste uit je zonnepaneelsysteem, zelfs bij minder ideale weersomstandigheden.  De Anker SOLIX RS40B biedt een praktische oplossing voor zonne-energie op balkons, ideaal voor stedelijke omgevingen met beperkte ruimte. Het systeem is makkelijk te installeren en duurzaam, met een app die helpt bij het monitoren van energieprestaties. Ondanks de afhankelijkheid van moderne technologie, levert het betrouwbare en effectieve prestaties, waardoor het een waardevolle toevoeging is voor het opwekken van groene energie. Connectiviteit: Wifi (2,4 GHz) WAP2 Effici\u00ebntie: 0.23 PV-technologie: PERC-zonnepaneel Prestatie: 410W (elk) Micro-omvormer: 600\/800W Verpakkingsinhoud  2x 410W Zonnepaneel  1x 600 W Micro-omvormer (uitbreidbaar tot 800 W)  1x 5m Oplaadkabel  4x Balkonbeugels  1x Gereedschapset  1x Online gebruiksaanwijzing  1x Veiligheidsinformatieblad","og_url":"https:\/\/koningdrone.be\/de\/produkt\/anker-solix-compleet-balkonsysteem-2x-rs40b-paneel-410w-micro-omvormer-600w-800w-balkonbeugels\/","og_site_name":"koningdrone.be","article_modified_time":"2025-08-20T14:18:24+00:00","twitter_card":"summary_large_image","twitter_misc":{"Gesch\u00e4tzte Lesezeit":"1\u00a0Minute"},"schema":{"@context":"https:\/\/schema.org","@graph":[{"@type":"WebPage","@id":"https:\/\/koningdrone.be\/product\/anker-solix-compleet-balkonsysteem-2x-rs40b-paneel-410w-micro-omvormer-600w-800w-balkonbeugels\/","url":"https:\/\/koningdrone.be\/product\/anker-solix-compleet-balkonsysteem-2x-rs40b-paneel-410w-micro-omvormer-600w-800w-balkonbeugels\/","name":"Anker SOLIX Compleet Balkonsysteem (2\u00d7 RS40B paneel 410W, micro-omvormer 600W\/800W, balkonbeugels) - koningdrone.be","isPartOf":{"@id":"https:\/\/koningdrone.be\/#website"},"datePublished":"2025-06-10T12:22:50+00:00","dateModified":"2025-08-20T14:18:24+00:00","breadcrumb":{"@id":"https:\/\/koningdrone.be\/product\/anker-solix-compleet-balkonsysteem-2x-rs40b-paneel-410w-micro-omvormer-600w-800w-balkonbeugels\/#breadcrumb"},"inLanguage":"de","potentialAction":[{"@type":"ReadAction","target":["https:\/\/koningdrone.be\/product\/anker-solix-compleet-balkonsysteem-2x-rs40b-paneel-410w-micro-omvormer-600w-800w-balkonbeugels\/"]}]},{"@type":"BreadcrumbList","@id":"https:\/\/koningdrone.be\/product\/anker-solix-compleet-balkonsysteem-2x-rs40b-paneel-410w-micro-omvormer-600w-800w-balkonbeugels\/#breadcrumb","itemListElement":[{"@type":"ListItem","position":1,"name":"Home","item":"https:\/\/koningdrone.be\/"},{"@type":"ListItem","position":2,"name":"AVSS Parachute Recovery System for DJI Matrice 300\/350","item":"https:\/\/koningdrone.be\/product\/avss-parachute-recovery-system-for-dji-matrice-300-350\/"},{"@type":"ListItem","position":3,"name":"Uncategorized","item":"https:\/\/koningdrone.be\/categorie\/uncategorized\/"},{"@type":"ListItem","position":4,"name":"Anker SOLIX Compleet Balkonsysteem (2\u00d7 RS40B paneel 410W, micro-omvormer 600W\/800W, balkonbeugels)"}]},{"@type":"WebSite","@id":"https:\/\/koningdrone.be\/#website","url":"https:\/\/koningdrone.be\/","name":"Koningdrone.be - Ihr Online-Spezialist f\u00fcr Drohnen, Gimbals, Kameras und Kraftwerke.","description":"Der Webshop f\u00fcr Drohnen und Gimbals","publisher":{"@id":"https:\/\/koningdrone.be\/#organization"},"potentialAction":[{"@type":"SearchAction","target":{"@type":"EntryPoint","urlTemplate":"https:\/\/koningdrone.be\/?s={search_term_string}"},"query-input":{"@type":"PropertyValueSpecification","valueRequired":true,"valueName":"search_term_string"}}],"inLanguage":"de"},{"@type":"Organization","@id":"https:\/\/koningdrone.be\/#organization","name":"Kingdrone.de","url":"https:\/\/koningdrone.be\/","logo":{"@type":"ImageObject","inLanguage":"de","@id":"https:\/\/koningdrone.be\/#\/schema\/logo\/image\/","url":"https:\/\/koningdrone.be\/wp-content\/uploads\/sites\/13\/2025\/04\/koningdrone-copyright-logo.svg","contentUrl":"https:\/\/koningdrone.be\/wp-content\/uploads\/sites\/13\/2025\/04\/koningdrone-copyright-logo.svg","width":227,"height":38,"caption":"Koningdrone.be"},"image":{"@id":"https:\/\/koningdrone.be\/#\/schema\/logo\/image\/"}}]}},"df_price":"","df_sale_price":"","df_regular_price":"","df_image_link":"https:\/\/koningdrone.be\/wp-content\/uploads\/sites\/13\/woocommerce-placeholder-300x300.png","_links":{"self":[{"href":"https:\/\/koningdrone.be\/de\/wp-json\/wp\/v2\/product\/10838","targetHints":{"allow":["GET"]}}],"collection":[{"href":"https:\/\/koningdrone.be\/de\/wp-json\/wp\/v2\/product"}],"about":[{"href":"https:\/\/koningdrone.be\/de\/wp-json\/wp\/v2\/types\/product"}],"wp:attachment":[{"href":"https:\/\/koningdrone.be\/de\/wp-json\/wp\/v2\/media?parent=10838"}],"wp:term":[{"taxonomy":"product_brand","embeddable":true,"href":"https:\/\/koningdrone.be\/de\/wp-json\/wp\/v2\/product_brand?post=10838"},{"taxonomy":"product_cat","embeddable":true,"href":"https:\/\/koningdrone.be\/de\/wp-json\/wp\/v2\/product_cat?post=10838"},{"taxonomy":"product_tag","embeddable":true,"href":"https:\/\/koningdrone.be\/de\/wp-json\/wp\/v2\/product_tag?post=10838"}],"curies":[{"name":"wp","href":"https:\/\/api.w.org\/{rel}","templated":true}]}}