{"id":10837,"date":"2025-06-10T14:22:50","date_gmt":"2025-06-10T12:22:50","guid":{"rendered":"https:\/\/koningdrone.be\/product\/anker-solix-c1000x-extension-battery-new\/"},"modified":"2026-04-30T06:50:46","modified_gmt":"2026-04-30T04:50:46","slug":"anker-solix-c1000x-extension-battery-new","status":"publish","type":"product","link":"https:\/\/koningdrone.be\/de\/produkt\/anker-solix-c1000x-extension-battery-new\/","title":{"rendered":"Anker SOLIX C1000X Erweiterungsakku Neu"},"content":{"rendered":"<p>Die Verwendung der Anker SOLIX C1000X A1761 Erweiterungsbatterie in Kombination mit der Anker SOLIX C1000X Power Station verdoppelt die Energiekapazit\u00e4t von 1056 Wh auf 2112 Wh. Diese Erweiterungsbatterie sorgt f\u00fcr eine l\u00e4ngere Nutzungsdauer einer unabh\u00e4ngigen Stromversorgung. Der Anschluss an die SOLIX C1000X Portable Power Station wird durch das mitgelieferte Verbindungskabel vereinfacht.<\/p>\n<p>&nbsp;<\/p>","protected":false},"excerpt":{"rendered":"<ul>\n<li>H\u00f6here Energiekapazit\u00e4t: Verdoppelung der Kapazit\u00e4t von 1056 Wh auf 2112 Wh f\u00fcr eine l\u00e4ngere Nutzungsdauer.<\/li>\n<li>Einfacher Anschluss: Ein Verbindungskabel zur einfachen Integration mit der SOLIX C1000X Power Station ist im Lieferumfang enthalten.<\/li>\n<li>Zuverl\u00e4ssige Erweiterung: Ideal f\u00fcr die Bereitstellung zus\u00e4tzlicher Stromversorgung in Stand-alone-Situationen.<\/li>\n<\/ul>","protected":false},"featured_media":10834,"template":"","meta":{"_acf_changed":false},"product_brand":[],"product_cat":[58],"product_tag":[],"class_list":{"0":"post-10837","1":"product","2":"type-product","3":"status-publish","4":"has-post-thumbnail","6":"product_cat-uncategorized","7":"product_shipping_class-outofstock","9":"first","10":"outofstock","11":"taxable","12":"shipping-taxable","13":"product-type-simple"},"acf":[],"yoast_head":"<!-- This site is optimized with the Yoast SEO Premium plugin v27.2 (Yoast SEO v27.2) - https:\/\/yoast.com\/product\/yoast-seo-premium-wordpress\/ -->\n<title>Anker SOLIX C1000X Extension Battery New - koningdrone.be<\/title>\n<meta name=\"robots\" content=\"index, follow, max-snippet:-1, max-image-preview:large, max-video-preview:-1\" \/>\n<link rel=\"canonical\" href=\"https:\/\/koningdrone.be\/de\/produkt\/anker-solix-c1000x-extension-battery-new\/\" \/>\n<meta property=\"og:locale\" content=\"de_DE\" \/>\n<meta property=\"og:type\" content=\"article\" \/>\n<meta property=\"og:title\" content=\"Anker SOLIX C1000X Extension Battery New\" \/>\n<meta property=\"og:description\" content=\"Verhoog de energiecapaciteit: Verdubbel de capaciteit van 1056 Wh naar 2112 Wh voor langere gebruikstijd.  Eenvoudige aansluiting: Bevat een aansluitkabel voor eenvoudige integratie met het SOLIX C1000X Power Station.  Betrouwbare uitbreiding: Ideaal voor het bieden van extra energievoorziening in autonome situaties.\" \/>\n<meta property=\"og:url\" content=\"https:\/\/koningdrone.be\/de\/produkt\/anker-solix-c1000x-extension-battery-new\/\" \/>\n<meta property=\"og:site_name\" content=\"koningdrone.be\" \/>\n<meta property=\"article:modified_time\" content=\"2026-04-30T04:50:46+00:00\" \/>\n<meta property=\"og:image\" content=\"https:\/\/koningdrone.be\/wp-content\/uploads\/sites\/13\/2025\/06\/anker-solix-c1000-a1761-expansion-battery-01-20240722.jpg\" \/>\n\t<meta property=\"og:image:width\" content=\"800\" \/>\n\t<meta property=\"og:image:height\" content=\"800\" \/>\n\t<meta property=\"og:image:type\" content=\"image\/jpeg\" \/>\n<meta name=\"twitter:card\" content=\"summary_large_image\" \/>\n<script type=\"application\/ld+json\" class=\"yoast-schema-graph\">{\"@context\":\"https:\/\/schema.org\",\"@graph\":[{\"@type\":\"WebPage\",\"@id\":\"https:\/\/koningdrone.be\/product\/anker-solix-c1000x-extension-battery-new\/\",\"url\":\"https:\/\/koningdrone.be\/product\/anker-solix-c1000x-extension-battery-new\/\",\"name\":\"Anker SOLIX C1000X Extension Battery New - koningdrone.be\",\"isPartOf\":{\"@id\":\"https:\/\/koningdrone.be\/#website\"},\"primaryImageOfPage\":{\"@id\":\"https:\/\/koningdrone.be\/product\/anker-solix-c1000x-extension-battery-new\/#primaryimage\"},\"image\":{\"@id\":\"https:\/\/koningdrone.be\/product\/anker-solix-c1000x-extension-battery-new\/#primaryimage\"},\"thumbnailUrl\":\"https:\/\/koningdrone.be\/wp-content\/uploads\/sites\/13\/2025\/06\/anker-solix-c1000-a1761-expansion-battery-01-20240722.jpg\",\"datePublished\":\"2025-06-10T12:22:50+00:00\",\"dateModified\":\"2026-04-30T04:50:46+00:00\",\"breadcrumb\":{\"@id\":\"https:\/\/koningdrone.be\/product\/anker-solix-c1000x-extension-battery-new\/#breadcrumb\"},\"inLanguage\":\"de\",\"potentialAction\":[{\"@type\":\"ReadAction\",\"target\":[\"https:\/\/koningdrone.be\/product\/anker-solix-c1000x-extension-battery-new\/\"]}]},{\"@type\":\"ImageObject\",\"inLanguage\":\"de\",\"@id\":\"https:\/\/koningdrone.be\/product\/anker-solix-c1000x-extension-battery-new\/#primaryimage\",\"url\":\"https:\/\/koningdrone.be\/wp-content\/uploads\/sites\/13\/2025\/06\/anker-solix-c1000-a1761-expansion-battery-01-20240722.jpg\",\"contentUrl\":\"https:\/\/koningdrone.be\/wp-content\/uploads\/sites\/13\/2025\/06\/anker-solix-c1000-a1761-expansion-battery-01-20240722.jpg\",\"width\":800,\"height\":800},{\"@type\":\"BreadcrumbList\",\"@id\":\"https:\/\/koningdrone.be\/product\/anker-solix-c1000x-extension-battery-new\/#breadcrumb\",\"itemListElement\":[{\"@type\":\"ListItem\",\"position\":1,\"name\":\"Home\",\"item\":\"https:\/\/koningdrone.be\/\"},{\"@type\":\"ListItem\",\"position\":2,\"name\":\"AVSS Parachute Recovery System for DJI Matrice 300\/350\",\"item\":\"https:\/\/koningdrone.be\/product\/avss-parachute-recovery-system-for-dji-matrice-300-350\/\"},{\"@type\":\"ListItem\",\"position\":3,\"name\":\"Uncategorized\",\"item\":\"https:\/\/koningdrone.be\/categorie\/uncategorized\/\"},{\"@type\":\"ListItem\",\"position\":4,\"name\":\"Anker SOLIX C1000X Extension Battery New\"}]},{\"@type\":\"WebSite\",\"@id\":\"https:\/\/koningdrone.be\/#website\",\"url\":\"https:\/\/koningdrone.be\/\",\"name\":\"Koningdrone.be - Uw online specialist in drones, gimbals, camera's en power stations.\",\"description\":\"De webshop in drones en gimbals\",\"publisher\":{\"@id\":\"https:\/\/koningdrone.be\/#organization\"},\"potentialAction\":[{\"@type\":\"SearchAction\",\"target\":{\"@type\":\"EntryPoint\",\"urlTemplate\":\"https:\/\/koningdrone.be\/?s={search_term_string}\"},\"query-input\":{\"@type\":\"PropertyValueSpecification\",\"valueRequired\":true,\"valueName\":\"search_term_string\"}}],\"inLanguage\":\"de\"},{\"@type\":\"Organization\",\"@id\":\"https:\/\/koningdrone.be\/#organization\",\"name\":\"Koningdrone.be\",\"url\":\"https:\/\/koningdrone.be\/\",\"logo\":{\"@type\":\"ImageObject\",\"inLanguage\":\"de\",\"@id\":\"https:\/\/koningdrone.be\/#\/schema\/logo\/image\/\",\"url\":\"https:\/\/koningdrone.be\/wp-content\/uploads\/sites\/13\/2025\/04\/koningdrone-copyright-logo.svg\",\"contentUrl\":\"https:\/\/koningdrone.be\/wp-content\/uploads\/sites\/13\/2025\/04\/koningdrone-copyright-logo.svg\",\"width\":227,\"height\":38,\"caption\":\"Koningdrone.be\"},\"image\":{\"@id\":\"https:\/\/koningdrone.be\/#\/schema\/logo\/image\/\"}}]}<\/script>\n<!-- \/ Yoast SEO Premium plugin. -->","yoast_head_json":{"title":"Anker SOLIX C1000X Extension Battery New - koningdrone.be","robots":{"index":"index","follow":"follow","max-snippet":"max-snippet:-1","max-image-preview":"max-image-preview:large","max-video-preview":"max-video-preview:-1"},"canonical":"https:\/\/koningdrone.be\/de\/produkt\/anker-solix-c1000x-extension-battery-new\/","og_locale":"de_DE","og_type":"article","og_title":"Anker SOLIX C1000X Extension Battery New","og_description":"Verhoog de energiecapaciteit: Verdubbel de capaciteit van 1056 Wh naar 2112 Wh voor langere gebruikstijd.  Eenvoudige aansluiting: Bevat een aansluitkabel voor eenvoudige integratie met het SOLIX C1000X Power Station.  Betrouwbare uitbreiding: Ideaal voor het bieden van extra energievoorziening in autonome situaties.","og_url":"https:\/\/koningdrone.be\/de\/produkt\/anker-solix-c1000x-extension-battery-new\/","og_site_name":"koningdrone.be","article_modified_time":"2026-04-30T04:50:46+00:00","og_image":[{"width":800,"height":800,"url":"https:\/\/koningdrone.be\/wp-content\/uploads\/sites\/13\/2025\/06\/anker-solix-c1000-a1761-expansion-battery-01-20240722.jpg","type":"image\/jpeg"}],"twitter_card":"summary_large_image","schema":{"@context":"https:\/\/schema.org","@graph":[{"@type":"WebPage","@id":"https:\/\/koningdrone.be\/product\/anker-solix-c1000x-extension-battery-new\/","url":"https:\/\/koningdrone.be\/product\/anker-solix-c1000x-extension-battery-new\/","name":"Anker SOLIX C1000X Extension Battery New - koningdrone.be","isPartOf":{"@id":"https:\/\/koningdrone.be\/#website"},"primaryImageOfPage":{"@id":"https:\/\/koningdrone.be\/product\/anker-solix-c1000x-extension-battery-new\/#primaryimage"},"image":{"@id":"https:\/\/koningdrone.be\/product\/anker-solix-c1000x-extension-battery-new\/#primaryimage"},"thumbnailUrl":"https:\/\/koningdrone.be\/wp-content\/uploads\/sites\/13\/2025\/06\/anker-solix-c1000-a1761-expansion-battery-01-20240722.jpg","datePublished":"2025-06-10T12:22:50+00:00","dateModified":"2026-04-30T04:50:46+00:00","breadcrumb":{"@id":"https:\/\/koningdrone.be\/product\/anker-solix-c1000x-extension-battery-new\/#breadcrumb"},"inLanguage":"de","potentialAction":[{"@type":"ReadAction","target":["https:\/\/koningdrone.be\/product\/anker-solix-c1000x-extension-battery-new\/"]}]},{"@type":"ImageObject","inLanguage":"de","@id":"https:\/\/koningdrone.be\/product\/anker-solix-c1000x-extension-battery-new\/#primaryimage","url":"https:\/\/koningdrone.be\/wp-content\/uploads\/sites\/13\/2025\/06\/anker-solix-c1000-a1761-expansion-battery-01-20240722.jpg","contentUrl":"https:\/\/koningdrone.be\/wp-content\/uploads\/sites\/13\/2025\/06\/anker-solix-c1000-a1761-expansion-battery-01-20240722.jpg","width":800,"height":800},{"@type":"BreadcrumbList","@id":"https:\/\/koningdrone.be\/product\/anker-solix-c1000x-extension-battery-new\/#breadcrumb","itemListElement":[{"@type":"ListItem","position":1,"name":"Home","item":"https:\/\/koningdrone.be\/"},{"@type":"ListItem","position":2,"name":"AVSS Parachute Recovery System for DJI Matrice 300\/350","item":"https:\/\/koningdrone.be\/product\/avss-parachute-recovery-system-for-dji-matrice-300-350\/"},{"@type":"ListItem","position":3,"name":"Uncategorized","item":"https:\/\/koningdrone.be\/categorie\/uncategorized\/"},{"@type":"ListItem","position":4,"name":"Anker SOLIX C1000X Extension Battery New"}]},{"@type":"WebSite","@id":"https:\/\/koningdrone.be\/#website","url":"https:\/\/koningdrone.be\/","name":"Koningdrone.be - Ihr Online-Spezialist f\u00fcr Drohnen, Gimbals, Kameras und Kraftwerke.","description":"Der Webshop f\u00fcr Drohnen und Gimbals","publisher":{"@id":"https:\/\/koningdrone.be\/#organization"},"potentialAction":[{"@type":"SearchAction","target":{"@type":"EntryPoint","urlTemplate":"https:\/\/koningdrone.be\/?s={search_term_string}"},"query-input":{"@type":"PropertyValueSpecification","valueRequired":true,"valueName":"search_term_string"}}],"inLanguage":"de"},{"@type":"Organization","@id":"https:\/\/koningdrone.be\/#organization","name":"Kingdrone.de","url":"https:\/\/koningdrone.be\/","logo":{"@type":"ImageObject","inLanguage":"de","@id":"https:\/\/koningdrone.be\/#\/schema\/logo\/image\/","url":"https:\/\/koningdrone.be\/wp-content\/uploads\/sites\/13\/2025\/04\/koningdrone-copyright-logo.svg","contentUrl":"https:\/\/koningdrone.be\/wp-content\/uploads\/sites\/13\/2025\/04\/koningdrone-copyright-logo.svg","width":227,"height":38,"caption":"Koningdrone.be"},"image":{"@id":"https:\/\/koningdrone.be\/#\/schema\/logo\/image\/"}}]}},"df_price":"","df_sale_price":"","df_regular_price":"","df_image_link":"https:\/\/koningdrone.be\/wp-content\/uploads\/sites\/13\/2025\/06\/anker-solix-c1000-a1761-expansion-battery-01-20240722-300x300.jpg","_links":{"self":[{"href":"https:\/\/koningdrone.be\/de\/wp-json\/wp\/v2\/product\/10837","targetHints":{"allow":["GET"]}}],"collection":[{"href":"https:\/\/koningdrone.be\/de\/wp-json\/wp\/v2\/product"}],"about":[{"href":"https:\/\/koningdrone.be\/de\/wp-json\/wp\/v2\/types\/product"}],"wp:featuredmedia":[{"embeddable":true,"href":"https:\/\/koningdrone.be\/de\/wp-json\/wp\/v2\/media\/10834"}],"wp:attachment":[{"href":"https:\/\/koningdrone.be\/de\/wp-json\/wp\/v2\/media?parent=10837"}],"wp:term":[{"taxonomy":"product_brand","embeddable":true,"href":"https:\/\/koningdrone.be\/de\/wp-json\/wp\/v2\/product_brand?post=10837"},{"taxonomy":"product_cat","embeddable":true,"href":"https:\/\/koningdrone.be\/de\/wp-json\/wp\/v2\/product_cat?post=10837"},{"taxonomy":"product_tag","embeddable":true,"href":"https:\/\/koningdrone.be\/de\/wp-json\/wp\/v2\/product_tag?post=10837"}],"curies":[{"name":"wp","href":"https:\/\/api.w.org\/{rel}","templated":true}]}}