{"id":10801,"date":"2025-06-24T13:54:00","date_gmt":"2025-06-24T11:54:00","guid":{"rendered":"https:\/\/koningdrone.be\/?post_type=product&#038;p=10801"},"modified":"2026-04-20T14:44:01","modified_gmt":"2026-04-20T12:44:01","slug":"dji-pocket-2-wireless-microphone-transmitter-refurbished","status":"publish","type":"product","link":"https:\/\/koningdrone.be\/de\/produkt\/dji-pocket-2-wireless-microphone-transmitter-refurbished\/","title":{"rendered":"DJI Pocket 2 Drahtloser Mikrofon-Sender - Refurbished"},"content":{"rendered":"<h3>DJI Drahtloser Mikrofon-Sender<\/h3>\n<p>Verwenden Sie den DJI Wireless Microphone Transmitter zusammen mit dem DJI Pocket 2 Do-It-All Handle. Dieser Sender und Mikrofon in einem sendet kabellos ein Signal an den DJI Pocket 2, so dass bei der Aufnahme keine Kabel im Weg sind. Das Mikrofon verf\u00fcgt \u00fcber einen Windschutz, um Ger\u00e4usche zu reduzieren.<\/p>\n<p>Wenn Sie den DJI Wireless Microphone Transmitter mit dem Do-It-All-Griff verwenden, benutzen Sie Ihre Verbindungstaste als Ausl\u00f6ser.<\/p>\n<h4>\u00dcber \u00fcberholte Produkte<\/h4>\n<p><em><strong>Dieses Produkt wurde benutzt, ist aber in sehr gutem\/neuwertigem Zustand. Es wurde innerhalb von 14 Tagen zur\u00fcckgeschickt und oft nur kurz benutzt. Der Gesamtzustand ist fast wie neu.<\/strong><\/em><\/p>","protected":false},"excerpt":{"rendered":"<ul>\n<li>Die Fernsteuerung des Ausl\u00f6sers erfordert den DJI Do-It-All Handle<\/li>\n<li>Frequenzbereich: 50Hz-20kHz<\/li>\n<li>Die Aufladezeit betr\u00e4gt 60 Minuten<\/li>\n<li>Geeignet f\u00fcr den DJI Pocket 2<\/li>\n<li>Mikrofon und Sender in einem<\/li>\n<li>Windschutz wirkt dem L\u00e4rm entgegen<\/li>\n<li>Wiegt nur 21 Gramm<\/li>\n<li>Die Abmessungen betragen 5 x 2,9 x 2,3 Zentimeter<\/li>\n<\/ul>","protected":false},"featured_media":6897,"template":"","meta":{"_acf_changed":false},"product_brand":[],"product_cat":[315,410,97,297,804,139],"product_tag":[],"class_list":{"0":"post-10801","1":"product","2":"type-product","3":"status-publish","4":"has-post-thumbnail","6":"product_cat-alle-gimbals-en-cameras","7":"product_cat-alle-handheld-gimbals","8":"product_cat-alle-producten","9":"product_cat-dji-osmo","10":"product_cat-dji-pocket-2","11":"product_cat-refurbished","12":"pa_brand-dji","13":"pa_productfamily-microfoon","14":"pa_producttype-microfoon","15":"pa_series-osmo-pocket","17":"first","18":"instock","19":"sale","20":"taxable","21":"shipping-taxable","22":"purchasable","23":"product-type-simple"},"acf":[],"yoast_head":"<!-- This site is optimized with the Yoast SEO Premium plugin v27.2 (Yoast SEO v27.2) - https:\/\/yoast.com\/product\/yoast-seo-premium-wordpress\/ -->\n<title>DJI Pocket 2 Wireless Microphone Transmitter - Refurbished - koningdrone.be<\/title>\n<meta name=\"robots\" content=\"index, follow, max-snippet:-1, max-image-preview:large, max-video-preview:-1\" \/>\n<link rel=\"canonical\" href=\"https:\/\/koningdrone.be\/de\/produkt\/dji-pocket-2-wireless-microphone-transmitter-refurbished\/\" \/>\n<meta property=\"og:locale\" content=\"de_DE\" \/>\n<meta property=\"og:type\" content=\"article\" \/>\n<meta property=\"og:title\" content=\"DJI Pocket 2 Wireless Microphone Transmitter - Refurbished\" \/>\n<meta property=\"og:description\" content=\"Voor de remote shutter control is de DJI Do-It-All Handle nodig  Frequentiebereik is 50Hz-20kHz  Laadtijd is 60 minuten  Geschikt voor de DJI Pocket 2  Microfoon en zender ineen  Windscherm gaat ruis tegen  Weegt slechts 21 gram  Afmetingen zijn 5 x 2.9 x 2.3 centimeter\" \/>\n<meta property=\"og:url\" content=\"https:\/\/koningdrone.be\/de\/produkt\/dji-pocket-2-wireless-microphone-transmitter-refurbished\/\" \/>\n<meta property=\"og:site_name\" content=\"koningdrone.be\" \/>\n<meta property=\"article:modified_time\" content=\"2026-04-20T12:44:01+00:00\" \/>\n<meta property=\"og:image\" content=\"https:\/\/koningdrone.be\/wp-content\/uploads\/sites\/13\/2025\/04\/6941565903174-1.jpg\" \/>\n\t<meta property=\"og:image:width\" content=\"600\" \/>\n\t<meta property=\"og:image:height\" content=\"970\" \/>\n\t<meta property=\"og:image:type\" content=\"image\/jpeg\" \/>\n<meta name=\"twitter:card\" content=\"summary_large_image\" \/>\n<meta name=\"twitter:label1\" content=\"Gesch\u00e4tzte Lesezeit\" \/>\n\t<meta name=\"twitter:data1\" content=\"1\u00a0Minute\" \/>\n<script type=\"application\/ld+json\" class=\"yoast-schema-graph\">{\"@context\":\"https:\/\/schema.org\",\"@graph\":[{\"@type\":\"WebPage\",\"@id\":\"https:\/\/koningdrone.be\/product\/dji-pocket-2-wireless-microphone-transmitter-refurbished\/\",\"url\":\"https:\/\/koningdrone.be\/product\/dji-pocket-2-wireless-microphone-transmitter-refurbished\/\",\"name\":\"DJI Pocket 2 Wireless Microphone Transmitter - Refurbished - koningdrone.be\",\"isPartOf\":{\"@id\":\"https:\/\/koningdrone.be\/#website\"},\"primaryImageOfPage\":{\"@id\":\"https:\/\/koningdrone.be\/product\/dji-pocket-2-wireless-microphone-transmitter-refurbished\/#primaryimage\"},\"image\":{\"@id\":\"https:\/\/koningdrone.be\/product\/dji-pocket-2-wireless-microphone-transmitter-refurbished\/#primaryimage\"},\"thumbnailUrl\":\"https:\/\/koningdrone.be\/wp-content\/uploads\/sites\/13\/2025\/04\/6941565903174-1.jpg\",\"datePublished\":\"2025-06-24T11:54:00+00:00\",\"dateModified\":\"2026-04-20T12:44:01+00:00\",\"breadcrumb\":{\"@id\":\"https:\/\/koningdrone.be\/product\/dji-pocket-2-wireless-microphone-transmitter-refurbished\/#breadcrumb\"},\"inLanguage\":\"de\",\"potentialAction\":[{\"@type\":\"ReadAction\",\"target\":[\"https:\/\/koningdrone.be\/product\/dji-pocket-2-wireless-microphone-transmitter-refurbished\/\"]}]},{\"@type\":\"ImageObject\",\"inLanguage\":\"de\",\"@id\":\"https:\/\/koningdrone.be\/product\/dji-pocket-2-wireless-microphone-transmitter-refurbished\/#primaryimage\",\"url\":\"https:\/\/koningdrone.be\/wp-content\/uploads\/sites\/13\/2025\/04\/6941565903174-1.jpg\",\"contentUrl\":\"https:\/\/koningdrone.be\/wp-content\/uploads\/sites\/13\/2025\/04\/6941565903174-1.jpg\",\"width\":600,\"height\":970},{\"@type\":\"BreadcrumbList\",\"@id\":\"https:\/\/koningdrone.be\/product\/dji-pocket-2-wireless-microphone-transmitter-refurbished\/#breadcrumb\",\"itemListElement\":[{\"@type\":\"ListItem\",\"position\":1,\"name\":\"Home\",\"item\":\"https:\/\/koningdrone.be\/\"},{\"@type\":\"ListItem\",\"position\":2,\"name\":\"AVSS Parachute Recovery System for DJI Matrice 300\/350\",\"item\":\"https:\/\/koningdrone.be\/product\/avss-parachute-recovery-system-for-dji-matrice-300-350\/\"},{\"@type\":\"ListItem\",\"position\":3,\"name\":\"Alle gimbals en cameras\",\"item\":\"https:\/\/koningdrone.be\/categorie\/alle-gimbals-en-cameras\/\"},{\"@type\":\"ListItem\",\"position\":4,\"name\":\"DJI Pocket 2 Wireless Microphone Transmitter &#8211; Refurbished\"}]},{\"@type\":\"WebSite\",\"@id\":\"https:\/\/koningdrone.be\/#website\",\"url\":\"https:\/\/koningdrone.be\/\",\"name\":\"Koningdrone.be - Uw online specialist in drones, gimbals, camera's en power stations.\",\"description\":\"De webshop in drones en gimbals\",\"publisher\":{\"@id\":\"https:\/\/koningdrone.be\/#organization\"},\"potentialAction\":[{\"@type\":\"SearchAction\",\"target\":{\"@type\":\"EntryPoint\",\"urlTemplate\":\"https:\/\/koningdrone.be\/?s={search_term_string}\"},\"query-input\":{\"@type\":\"PropertyValueSpecification\",\"valueRequired\":true,\"valueName\":\"search_term_string\"}}],\"inLanguage\":\"de\"},{\"@type\":\"Organization\",\"@id\":\"https:\/\/koningdrone.be\/#organization\",\"name\":\"Koningdrone.be\",\"url\":\"https:\/\/koningdrone.be\/\",\"logo\":{\"@type\":\"ImageObject\",\"inLanguage\":\"de\",\"@id\":\"https:\/\/koningdrone.be\/#\/schema\/logo\/image\/\",\"url\":\"https:\/\/koningdrone.be\/wp-content\/uploads\/sites\/13\/2025\/04\/koningdrone-copyright-logo.svg\",\"contentUrl\":\"https:\/\/koningdrone.be\/wp-content\/uploads\/sites\/13\/2025\/04\/koningdrone-copyright-logo.svg\",\"width\":227,\"height\":38,\"caption\":\"Koningdrone.be\"},\"image\":{\"@id\":\"https:\/\/koningdrone.be\/#\/schema\/logo\/image\/\"}}]}<\/script>\n<!-- \/ Yoast SEO Premium plugin. -->","yoast_head_json":{"title":"DJI Pocket 2 Wireless Microphone Transmitter - Refurbished - koningdrone.be","robots":{"index":"index","follow":"follow","max-snippet":"max-snippet:-1","max-image-preview":"max-image-preview:large","max-video-preview":"max-video-preview:-1"},"canonical":"https:\/\/koningdrone.be\/de\/produkt\/dji-pocket-2-wireless-microphone-transmitter-refurbished\/","og_locale":"de_DE","og_type":"article","og_title":"DJI Pocket 2 Wireless Microphone Transmitter - Refurbished","og_description":"Voor de remote shutter control is de DJI Do-It-All Handle nodig  Frequentiebereik is 50Hz-20kHz  Laadtijd is 60 minuten  Geschikt voor de DJI Pocket 2  Microfoon en zender ineen  Windscherm gaat ruis tegen  Weegt slechts 21 gram  Afmetingen zijn 5 x 2.9 x 2.3 centimeter","og_url":"https:\/\/koningdrone.be\/de\/produkt\/dji-pocket-2-wireless-microphone-transmitter-refurbished\/","og_site_name":"koningdrone.be","article_modified_time":"2026-04-20T12:44:01+00:00","og_image":[{"width":600,"height":970,"url":"https:\/\/koningdrone.be\/wp-content\/uploads\/sites\/13\/2025\/04\/6941565903174-1.jpg","type":"image\/jpeg"}],"twitter_card":"summary_large_image","twitter_misc":{"Gesch\u00e4tzte Lesezeit":"1\u00a0Minute"},"schema":{"@context":"https:\/\/schema.org","@graph":[{"@type":"WebPage","@id":"https:\/\/koningdrone.be\/product\/dji-pocket-2-wireless-microphone-transmitter-refurbished\/","url":"https:\/\/koningdrone.be\/product\/dji-pocket-2-wireless-microphone-transmitter-refurbished\/","name":"DJI Pocket 2 Wireless Microphone Transmitter - Refurbished - koningdrone.be","isPartOf":{"@id":"https:\/\/koningdrone.be\/#website"},"primaryImageOfPage":{"@id":"https:\/\/koningdrone.be\/product\/dji-pocket-2-wireless-microphone-transmitter-refurbished\/#primaryimage"},"image":{"@id":"https:\/\/koningdrone.be\/product\/dji-pocket-2-wireless-microphone-transmitter-refurbished\/#primaryimage"},"thumbnailUrl":"https:\/\/koningdrone.be\/wp-content\/uploads\/sites\/13\/2025\/04\/6941565903174-1.jpg","datePublished":"2025-06-24T11:54:00+00:00","dateModified":"2026-04-20T12:44:01+00:00","breadcrumb":{"@id":"https:\/\/koningdrone.be\/product\/dji-pocket-2-wireless-microphone-transmitter-refurbished\/#breadcrumb"},"inLanguage":"de","potentialAction":[{"@type":"ReadAction","target":["https:\/\/koningdrone.be\/product\/dji-pocket-2-wireless-microphone-transmitter-refurbished\/"]}]},{"@type":"ImageObject","inLanguage":"de","@id":"https:\/\/koningdrone.be\/product\/dji-pocket-2-wireless-microphone-transmitter-refurbished\/#primaryimage","url":"https:\/\/koningdrone.be\/wp-content\/uploads\/sites\/13\/2025\/04\/6941565903174-1.jpg","contentUrl":"https:\/\/koningdrone.be\/wp-content\/uploads\/sites\/13\/2025\/04\/6941565903174-1.jpg","width":600,"height":970},{"@type":"BreadcrumbList","@id":"https:\/\/koningdrone.be\/product\/dji-pocket-2-wireless-microphone-transmitter-refurbished\/#breadcrumb","itemListElement":[{"@type":"ListItem","position":1,"name":"Home","item":"https:\/\/koningdrone.be\/"},{"@type":"ListItem","position":2,"name":"AVSS Parachute Recovery System for DJI Matrice 300\/350","item":"https:\/\/koningdrone.be\/product\/avss-parachute-recovery-system-for-dji-matrice-300-350\/"},{"@type":"ListItem","position":3,"name":"Alle gimbals en cameras","item":"https:\/\/koningdrone.be\/categorie\/alle-gimbals-en-cameras\/"},{"@type":"ListItem","position":4,"name":"DJI Pocket 2 Wireless Microphone Transmitter &#8211; Refurbished"}]},{"@type":"WebSite","@id":"https:\/\/koningdrone.be\/#website","url":"https:\/\/koningdrone.be\/","name":"Koningdrone.be - Ihr Online-Spezialist f\u00fcr Drohnen, Gimbals, Kameras und Kraftwerke.","description":"Der Webshop f\u00fcr Drohnen und Gimbals","publisher":{"@id":"https:\/\/koningdrone.be\/#organization"},"potentialAction":[{"@type":"SearchAction","target":{"@type":"EntryPoint","urlTemplate":"https:\/\/koningdrone.be\/?s={search_term_string}"},"query-input":{"@type":"PropertyValueSpecification","valueRequired":true,"valueName":"search_term_string"}}],"inLanguage":"de"},{"@type":"Organization","@id":"https:\/\/koningdrone.be\/#organization","name":"Kingdrone.de","url":"https:\/\/koningdrone.be\/","logo":{"@type":"ImageObject","inLanguage":"de","@id":"https:\/\/koningdrone.be\/#\/schema\/logo\/image\/","url":"https:\/\/koningdrone.be\/wp-content\/uploads\/sites\/13\/2025\/04\/koningdrone-copyright-logo.svg","contentUrl":"https:\/\/koningdrone.be\/wp-content\/uploads\/sites\/13\/2025\/04\/koningdrone-copyright-logo.svg","width":227,"height":38,"caption":"Koningdrone.be"},"image":{"@id":"https:\/\/koningdrone.be\/#\/schema\/logo\/image\/"}}]}},"df_price":69,"df_sale_price":69,"df_regular_price":99,"df_image_link":"https:\/\/koningdrone.be\/wp-content\/uploads\/sites\/13\/2025\/04\/6941565903174-1-186x300.jpg","_links":{"self":[{"href":"https:\/\/koningdrone.be\/de\/wp-json\/wp\/v2\/product\/10801","targetHints":{"allow":["GET"]}}],"collection":[{"href":"https:\/\/koningdrone.be\/de\/wp-json\/wp\/v2\/product"}],"about":[{"href":"https:\/\/koningdrone.be\/de\/wp-json\/wp\/v2\/types\/product"}],"wp:featuredmedia":[{"embeddable":true,"href":"https:\/\/koningdrone.be\/de\/wp-json\/wp\/v2\/media\/6897"}],"wp:attachment":[{"href":"https:\/\/koningdrone.be\/de\/wp-json\/wp\/v2\/media?parent=10801"}],"wp:term":[{"taxonomy":"product_brand","embeddable":true,"href":"https:\/\/koningdrone.be\/de\/wp-json\/wp\/v2\/product_brand?post=10801"},{"taxonomy":"product_cat","embeddable":true,"href":"https:\/\/koningdrone.be\/de\/wp-json\/wp\/v2\/product_cat?post=10801"},{"taxonomy":"product_tag","embeddable":true,"href":"https:\/\/koningdrone.be\/de\/wp-json\/wp\/v2\/product_tag?post=10801"}],"curies":[{"name":"wp","href":"https:\/\/api.w.org\/{rel}","templated":true}]}}