{"id":10788,"date":"2025-06-25T16:26:21","date_gmt":"2025-06-25T14:26:21","guid":{"rendered":"https:\/\/koningdrone.be\/product\/dji-matrice-4d\/"},"modified":"2026-05-01T03:30:45","modified_gmt":"2026-05-01T01:30:45","slug":"dji-matrice-4d","status":"publish","type":"product","link":"https:\/\/koningdrone.be\/de\/produkt\/dji-matrice-4d\/","title":{"rendered":"DJI Matrice 4D (Dock 3 Version)"},"content":{"rendered":"<h3>DJI Matrice 4D (Dock 3 Version): Die Vorhut der autonomen industriellen Inspektion<\/h3>\n<p><iframe loading=\"lazy\" title=\"DJI Matrice 4D Serie\uff5cErster Einsatz\" width=\"800\" height=\"450\" src=\"https:\/\/www.youtube.com\/embed\/LldOiJmq6pA?feature=oembed&#038;enablejsapi=1&#038;origin=https:\/\/koningdrone.be\" frameborder=\"0\" allow=\"accelerometer; autoplay; clipboard-write; encrypted-media; gyroscope; picture-in-picture; web-share\" referrerpolicy=\"strict-origin-when-cross-origin\" allowfullscreen><\/iframe><\/p>\n<p style=\"margin: 20px 0\">Die <strong>DJI Matrice 4D (Dock 3 Version)<\/strong>\u00a0definiert die Zukunft des ferngesteuerten Flugbetriebs. Einzigartig entwickelt als operatives Herzst\u00fcck der DJI Dock 3 Architektur, besitzt diese Plattform gleichzeitig die rohe Leistung, um die anspruchsvollsten Missionen als eigenst\u00e4ndiges Flugger\u00e4t zu erf\u00fcllen. Ob vollautomatische Rund-um-die-Uhr-\u00dcberwachung von einer Docking-Station aus oder Pr\u00e4zisionsinspektionen unter manueller Kontrolle mit dem DJI RC Plus 2, die Matrice 4D bietet eine unvergleichliche Vielseitigkeit f\u00fcr kritische Infrastrukturen und gro\u00df angelegte Kartierungsprojekte.<\/p>\n<p><a href=\"https:\/\/koningdrone.nl\/wp-content\/uploads\/2025\/06\/Product-Matrice-4D-DJI.webp\"><img loading=\"lazy\" decoding=\"async\" class=\"alignnone size-full wp-image-466909\" src=\"https:\/\/koningdrone.nl\/wp-content\/uploads\/2025\/06\/Product-Matrice-4D-DJI.webp\" alt=\"Product Matrice 4D DJI\" width=\"1200\" height=\"800\" \/><\/a><\/p>\n<h4>Fortschrittliche Sensor-Suite und optische Pr\u00e4zision<\/h4>\n<p>Die Matrice 4D verf\u00fcgt \u00fcber ein ausgekl\u00fcgeltes optisches \u00d6kosystem, das kein Detail au\u00dfer Acht l\u00e4sst. Die Kombination aus einem <strong>Weitwinkelkamera, mittlere Telekamera und ein leistungsstarkes Teleobjektiv<\/strong> erm\u00f6glicht es dem Bediener, visuelle Daten in extrem hoher Aufl\u00f6sung aus sicherer Entfernung zu erfassen. Die integrierte <strong>Laser-Distanzmessger\u00e4t (LRF)<\/strong> mit einer Reichweite von bis zu <strong>1800 Meter<\/strong> bietet sofortige Geolokalisierung und genaue Entfernungsmessungen von Objekten. Dieses Arsenal an Sensoren macht die Drohne zum ultimativen Werkzeug sowohl f\u00fcr detaillierte technische Inspektionen als auch f\u00fcr die strategische Umwelt\u00fcberwachung.<\/p>\n<h4>Intelligente Navigation und maximale Sicherheit<\/h4>\n<p>Sicherheit und Autonomie stehen bei der Matrice 4D im Mittelpunkt. Mit einer beeindruckenden Flugzeit von bis zu <strong>47 Minuten<\/strong> und ein fortschrittliches hybrides Erkennungssystem - das sowohl <strong>LiDAR als Radar<\/strong> - navigiert das Ger\u00e4t fehlerfrei durch komplexe, hindernisreiche Umgebungen. Intelligente Algorithmen wie <strong>Intelligente 3D-Erfassung<\/strong> automatisieren den Kartierungsprozess, indem sie komplexe Trajektorien unabh\u00e4ngig voneinander f\u00fcr die beste Daten\u00fcberlappung optimieren. Im Ergebnis liefert das System konsistente, hochwertige Ergebnisse f\u00fcr digitale Zwillinge und genaue Gel\u00e4ndemodelle, unabh\u00e4ngig von der Komplexit\u00e4t des Standorts.<\/p>\n<p style=\"text-align: center\"><a href=\"https:\/\/koningdrone.nl\/wp-content\/uploads\/2025\/06\/Matrice-4D-Product-DJI.webp\"><img loading=\"lazy\" decoding=\"async\" class=\"alignnone wp-image-466908 size-medium\" src=\"https:\/\/koningdrone.nl\/wp-content\/uploads\/2025\/06\/Matrice-4D-Product-DJI-300x200.webp\" alt=\"Matrice 4D Product DJI\" width=\"300\" height=\"200\" \/><\/a><\/p>\n<h4>Industrielle Zuverl\u00e4ssigkeit und Design<\/h4>\n<p>Das Geh\u00e4use des Matrice 4D ist f\u00fcr den Einsatz unter widrigsten Bedingungen konzipiert und verf\u00fcgt \u00fcber eine <strong>IP55-Klassifizierung<\/strong>, Sie gew\u00e4hrleisten den Betrieb bei Regen, Staub und extremen Temperaturen. Die nahtlose Integration mit dem <strong>DJI RC Plus 2 Unternehmen<\/strong> Controller bietet eine ergonomische und \u00e4u\u00dferst zuverl\u00e4ssige Schnittstelle f\u00fcr Piloten, w\u00e4hrend die Kompatibilit\u00e4t mit dem DJI Dock 3 den Weg f\u00fcr einen vollst\u00e4ndig menschenfreien Arbeitsablauf ebnet. Das macht die Matrice 4D zu einer nachhaltigen Investition f\u00fcr Organisationen, in denen Ausfallzeiten keine Option sind.<\/p>","protected":false},"excerpt":{"rendered":"<ul>\n<li>Sehr lange Flugzeit von bis zu 54 Minuten f\u00fcr l\u00e4ngere Eins\u00e4tze.<\/li>\n<li>Hybrides Kamera- und Lasersystem f\u00fcr detaillierte Kartierungen und Inspektionen.<\/li>\n<li>IP55-Schutz gegen Staub und Wasser f\u00fcr zuverl\u00e4ssige Leistung.<\/li>\n<li>Smart 3D Capture und erweiterte Flugplanung f\u00fcr professionelle Workflows.<\/li>\n<li>Robuste Konstruktion f\u00fcr den Einsatz in rauen Umgebungen.<\/li>\n<\/ul>","protected":false},"featured_media":16988,"template":"","meta":{"_acf_changed":false},"product_brand":[],"product_cat":[1587,1732],"product_tag":[],"class_list":{"0":"post-10788","1":"product","2":"type-product","3":"status-publish","4":"has-post-thumbnail","6":"product_cat-dji-dock","7":"product_cat-dji-matrice-4d","8":"product_shipping_class-uavspacesall","9":"pa_brand-dji","10":"pa_producttype-enterprise-drone","11":"pa_series-matrice","13":"first","14":"instock","15":"taxable","16":"shipping-taxable","17":"purchasable","18":"product-type-simple"},"acf":[],"yoast_head":"<!-- This site is optimized with the Yoast SEO Premium plugin v27.2 (Yoast SEO v27.2) - https:\/\/yoast.com\/product\/yoast-seo-premium-wordpress\/ -->\n<title>DJI Matrice 4D (Dock 3 Version) - koningdrone.be<\/title>\n<meta name=\"robots\" content=\"index, follow, max-snippet:-1, max-image-preview:large, max-video-preview:-1\" \/>\n<link rel=\"canonical\" href=\"https:\/\/koningdrone.be\/de\/produkt\/dji-matrice-4d\/\" \/>\n<meta property=\"og:locale\" content=\"de_DE\" \/>\n<meta property=\"og:type\" content=\"article\" \/>\n<meta property=\"og:title\" content=\"DJI Matrice 4D (Dock 3 Version)\" \/>\n<meta property=\"og:description\" content=\"Zeer lange vliegtijd tot 54 minuten voor uitgebreide missies.  Hybrid camera\u2011 en lasersysteem voor gedetailleerde mapping en inspecties.  IP55\u2011bescherming tegen stof en water voor betrouwbare prestaties.  Smart 3D Capture en geavanceerde vluchtplanning voor professionele workflows.  Robuuste constructie voor gebruik in moeilijke omgevingen.\" \/>\n<meta property=\"og:url\" content=\"https:\/\/koningdrone.be\/de\/produkt\/dji-matrice-4d\/\" \/>\n<meta property=\"og:site_name\" content=\"koningdrone.be\" \/>\n<meta property=\"article:modified_time\" content=\"2026-05-01T01:30:45+00:00\" \/>\n<meta property=\"og:image\" content=\"https:\/\/koningdrone.be\/wp-content\/uploads\/sites\/13\/2026\/03\/DJI-Matrice-4D.webp\" \/>\n\t<meta property=\"og:image:width\" content=\"2048\" \/>\n\t<meta property=\"og:image:height\" content=\"2048\" \/>\n\t<meta property=\"og:image:type\" content=\"image\/webp\" \/>\n<meta name=\"twitter:card\" content=\"summary_large_image\" \/>\n<meta name=\"twitter:label1\" content=\"Gesch\u00e4tzte Lesezeit\" \/>\n\t<meta name=\"twitter:data1\" content=\"2\u00a0Minuten\" \/>\n<script type=\"application\/ld+json\" class=\"yoast-schema-graph\">{\"@context\":\"https:\/\/schema.org\",\"@graph\":[{\"@type\":\"WebPage\",\"@id\":\"https:\/\/koningdrone.be\/product\/dji-matrice-4d\/\",\"url\":\"https:\/\/koningdrone.be\/product\/dji-matrice-4d\/\",\"name\":\"DJI Matrice 4D (Dock 3 Version) - koningdrone.be\",\"isPartOf\":{\"@id\":\"https:\/\/koningdrone.be\/#website\"},\"primaryImageOfPage\":{\"@id\":\"https:\/\/koningdrone.be\/product\/dji-matrice-4d\/#primaryimage\"},\"image\":{\"@id\":\"https:\/\/koningdrone.be\/product\/dji-matrice-4d\/#primaryimage\"},\"thumbnailUrl\":\"https:\/\/koningdrone.be\/wp-content\/uploads\/sites\/13\/2026\/03\/DJI-Matrice-4D.webp\",\"datePublished\":\"2025-06-25T14:26:21+00:00\",\"dateModified\":\"2026-05-01T01:30:45+00:00\",\"breadcrumb\":{\"@id\":\"https:\/\/koningdrone.be\/product\/dji-matrice-4d\/#breadcrumb\"},\"inLanguage\":\"de\",\"potentialAction\":[{\"@type\":\"ReadAction\",\"target\":[\"https:\/\/koningdrone.be\/product\/dji-matrice-4d\/\"]}]},{\"@type\":\"ImageObject\",\"inLanguage\":\"de\",\"@id\":\"https:\/\/koningdrone.be\/product\/dji-matrice-4d\/#primaryimage\",\"url\":\"https:\/\/koningdrone.be\/wp-content\/uploads\/sites\/13\/2026\/03\/DJI-Matrice-4D.webp\",\"contentUrl\":\"https:\/\/koningdrone.be\/wp-content\/uploads\/sites\/13\/2026\/03\/DJI-Matrice-4D.webp\",\"width\":2048,\"height\":2048},{\"@type\":\"BreadcrumbList\",\"@id\":\"https:\/\/koningdrone.be\/product\/dji-matrice-4d\/#breadcrumb\",\"itemListElement\":[{\"@type\":\"ListItem\",\"position\":1,\"name\":\"Home\",\"item\":\"https:\/\/koningdrone.be\/\"},{\"@type\":\"ListItem\",\"position\":2,\"name\":\"AVSS Parachute Recovery System for DJI Matrice 300\/350\",\"item\":\"https:\/\/koningdrone.be\/product\/avss-parachute-recovery-system-for-dji-matrice-300-350\/\"},{\"@type\":\"ListItem\",\"position\":3,\"name\":\"DJI Dock\",\"item\":\"https:\/\/koningdrone.be\/categorie\/dji-dock\/\"},{\"@type\":\"ListItem\",\"position\":4,\"name\":\"DJI Matrice 4D (Dock 3 Version)\"}]},{\"@type\":\"WebSite\",\"@id\":\"https:\/\/koningdrone.be\/#website\",\"url\":\"https:\/\/koningdrone.be\/\",\"name\":\"Koningdrone.be - Uw online specialist in drones, gimbals, camera's en power stations.\",\"description\":\"De webshop in drones en gimbals\",\"publisher\":{\"@id\":\"https:\/\/koningdrone.be\/#organization\"},\"potentialAction\":[{\"@type\":\"SearchAction\",\"target\":{\"@type\":\"EntryPoint\",\"urlTemplate\":\"https:\/\/koningdrone.be\/?s={search_term_string}\"},\"query-input\":{\"@type\":\"PropertyValueSpecification\",\"valueRequired\":true,\"valueName\":\"search_term_string\"}}],\"inLanguage\":\"de\"},{\"@type\":\"Organization\",\"@id\":\"https:\/\/koningdrone.be\/#organization\",\"name\":\"Koningdrone.be\",\"url\":\"https:\/\/koningdrone.be\/\",\"logo\":{\"@type\":\"ImageObject\",\"inLanguage\":\"de\",\"@id\":\"https:\/\/koningdrone.be\/#\/schema\/logo\/image\/\",\"url\":\"https:\/\/koningdrone.be\/wp-content\/uploads\/sites\/13\/2025\/04\/koningdrone-copyright-logo.svg\",\"contentUrl\":\"https:\/\/koningdrone.be\/wp-content\/uploads\/sites\/13\/2025\/04\/koningdrone-copyright-logo.svg\",\"width\":227,\"height\":38,\"caption\":\"Koningdrone.be\"},\"image\":{\"@id\":\"https:\/\/koningdrone.be\/#\/schema\/logo\/image\/\"}}]}<\/script>\n<!-- \/ Yoast SEO Premium plugin. -->","yoast_head_json":{"title":"DJI Matrice 4D (Dock 3 Version) - koningdrone.be","robots":{"index":"index","follow":"follow","max-snippet":"max-snippet:-1","max-image-preview":"max-image-preview:large","max-video-preview":"max-video-preview:-1"},"canonical":"https:\/\/koningdrone.be\/de\/produkt\/dji-matrice-4d\/","og_locale":"de_DE","og_type":"article","og_title":"DJI Matrice 4D (Dock 3 Version)","og_description":"Zeer lange vliegtijd tot 54 minuten voor uitgebreide missies.  Hybrid camera\u2011 en lasersysteem voor gedetailleerde mapping en inspecties.  IP55\u2011bescherming tegen stof en water voor betrouwbare prestaties.  Smart 3D Capture en geavanceerde vluchtplanning voor professionele workflows.  Robuuste constructie voor gebruik in moeilijke omgevingen.","og_url":"https:\/\/koningdrone.be\/de\/produkt\/dji-matrice-4d\/","og_site_name":"koningdrone.be","article_modified_time":"2026-05-01T01:30:45+00:00","og_image":[{"width":2048,"height":2048,"url":"https:\/\/koningdrone.be\/wp-content\/uploads\/sites\/13\/2026\/03\/DJI-Matrice-4D.webp","type":"image\/webp"}],"twitter_card":"summary_large_image","twitter_misc":{"Gesch\u00e4tzte Lesezeit":"2\u00a0Minuten"},"schema":{"@context":"https:\/\/schema.org","@graph":[{"@type":"WebPage","@id":"https:\/\/koningdrone.be\/product\/dji-matrice-4d\/","url":"https:\/\/koningdrone.be\/product\/dji-matrice-4d\/","name":"DJI Matrice 4D (Dock 3 Version) - koningdrone.be","isPartOf":{"@id":"https:\/\/koningdrone.be\/#website"},"primaryImageOfPage":{"@id":"https:\/\/koningdrone.be\/product\/dji-matrice-4d\/#primaryimage"},"image":{"@id":"https:\/\/koningdrone.be\/product\/dji-matrice-4d\/#primaryimage"},"thumbnailUrl":"https:\/\/koningdrone.be\/wp-content\/uploads\/sites\/13\/2026\/03\/DJI-Matrice-4D.webp","datePublished":"2025-06-25T14:26:21+00:00","dateModified":"2026-05-01T01:30:45+00:00","breadcrumb":{"@id":"https:\/\/koningdrone.be\/product\/dji-matrice-4d\/#breadcrumb"},"inLanguage":"de","potentialAction":[{"@type":"ReadAction","target":["https:\/\/koningdrone.be\/product\/dji-matrice-4d\/"]}]},{"@type":"ImageObject","inLanguage":"de","@id":"https:\/\/koningdrone.be\/product\/dji-matrice-4d\/#primaryimage","url":"https:\/\/koningdrone.be\/wp-content\/uploads\/sites\/13\/2026\/03\/DJI-Matrice-4D.webp","contentUrl":"https:\/\/koningdrone.be\/wp-content\/uploads\/sites\/13\/2026\/03\/DJI-Matrice-4D.webp","width":2048,"height":2048},{"@type":"BreadcrumbList","@id":"https:\/\/koningdrone.be\/product\/dji-matrice-4d\/#breadcrumb","itemListElement":[{"@type":"ListItem","position":1,"name":"Home","item":"https:\/\/koningdrone.be\/"},{"@type":"ListItem","position":2,"name":"AVSS Parachute Recovery System for DJI Matrice 300\/350","item":"https:\/\/koningdrone.be\/product\/avss-parachute-recovery-system-for-dji-matrice-300-350\/"},{"@type":"ListItem","position":3,"name":"DJI Dock","item":"https:\/\/koningdrone.be\/categorie\/dji-dock\/"},{"@type":"ListItem","position":4,"name":"DJI Matrice 4D (Dock 3 Version)"}]},{"@type":"WebSite","@id":"https:\/\/koningdrone.be\/#website","url":"https:\/\/koningdrone.be\/","name":"Koningdrone.be - Ihr Online-Spezialist f\u00fcr Drohnen, Gimbals, Kameras und Kraftwerke.","description":"Der Webshop f\u00fcr Drohnen und Gimbals","publisher":{"@id":"https:\/\/koningdrone.be\/#organization"},"potentialAction":[{"@type":"SearchAction","target":{"@type":"EntryPoint","urlTemplate":"https:\/\/koningdrone.be\/?s={search_term_string}"},"query-input":{"@type":"PropertyValueSpecification","valueRequired":true,"valueName":"search_term_string"}}],"inLanguage":"de"},{"@type":"Organization","@id":"https:\/\/koningdrone.be\/#organization","name":"Kingdrone.de","url":"https:\/\/koningdrone.be\/","logo":{"@type":"ImageObject","inLanguage":"de","@id":"https:\/\/koningdrone.be\/#\/schema\/logo\/image\/","url":"https:\/\/koningdrone.be\/wp-content\/uploads\/sites\/13\/2025\/04\/koningdrone-copyright-logo.svg","contentUrl":"https:\/\/koningdrone.be\/wp-content\/uploads\/sites\/13\/2025\/04\/koningdrone-copyright-logo.svg","width":227,"height":38,"caption":"Koningdrone.be"},"image":{"@id":"https:\/\/koningdrone.be\/#\/schema\/logo\/image\/"}}]}},"df_price":4780,"df_sale_price":"","df_regular_price":4780,"df_image_link":"https:\/\/koningdrone.be\/wp-content\/uploads\/sites\/13\/2026\/03\/DJI-Matrice-4D-300x300.webp","_links":{"self":[{"href":"https:\/\/koningdrone.be\/de\/wp-json\/wp\/v2\/product\/10788","targetHints":{"allow":["GET"]}}],"collection":[{"href":"https:\/\/koningdrone.be\/de\/wp-json\/wp\/v2\/product"}],"about":[{"href":"https:\/\/koningdrone.be\/de\/wp-json\/wp\/v2\/types\/product"}],"wp:featuredmedia":[{"embeddable":true,"href":"https:\/\/koningdrone.be\/de\/wp-json\/wp\/v2\/media\/16988"}],"wp:attachment":[{"href":"https:\/\/koningdrone.be\/de\/wp-json\/wp\/v2\/media?parent=10788"}],"wp:term":[{"taxonomy":"product_brand","embeddable":true,"href":"https:\/\/koningdrone.be\/de\/wp-json\/wp\/v2\/product_brand?post=10788"},{"taxonomy":"product_cat","embeddable":true,"href":"https:\/\/koningdrone.be\/de\/wp-json\/wp\/v2\/product_cat?post=10788"},{"taxonomy":"product_tag","embeddable":true,"href":"https:\/\/koningdrone.be\/de\/wp-json\/wp\/v2\/product_tag?post=10788"}],"curies":[{"name":"wp","href":"https:\/\/api.w.org\/{rel}","templated":true}]}}