{"id":10776,"date":"2025-06-25T16:26:21","date_gmt":"2025-06-25T14:26:21","guid":{"rendered":"https:\/\/koningdrone.be\/product\/dji-dock-3\/"},"modified":"2026-04-29T03:30:42","modified_gmt":"2026-04-29T01:30:42","slug":"dji-dock-3","status":"publish","type":"product","link":"https:\/\/koningdrone.be\/de\/produkt\/dji-dock-3\/","title":{"rendered":"DJI Dock 3"},"content":{"rendered":"<h3>DJI Dock 3: Die Revolution im autonomen Flugbetrieb<\/h3>\n<p><iframe loading=\"lazy\" title=\"Das DJI Dock 3: Jede Herausforderung meistern\" width=\"800\" height=\"450\" src=\"https:\/\/www.youtube.com\/embed\/OwUwgpqgcMA?feature=oembed&#038;enablejsapi=1&#038;origin=https:\/\/koningdrone.be\" frameborder=\"0\" allow=\"accelerometer; autoplay; clipboard-write; encrypted-media; gyroscope; picture-in-picture; web-share\" referrerpolicy=\"strict-origin-when-cross-origin\" allowfullscreen><\/iframe><\/p>\n<p style=\"margin: 20px 0\">Die <strong>DJI Dock 3<\/strong>\u00a0markiert einen Paradigmenwechsel in der kommerziellen Drohnenbranche. Als vollst\u00e4ndig autonomes \u201cDrone-in-a-Box\u201d-System ist das Dock 3 darauf ausgelegt, den Faktor Mensch vor Ort zu eliminieren und einen 24\/7-Einsatz zu gew\u00e4hrleisten. Optimiert f\u00fcr die <strong>DJI Matrice 4D und 4TD<\/strong> Serie bietet dieses System eine konkurrenzlose Infrastruktur f\u00fcr gro\u00df angelegte Inspektionen, Grenz\u00fcberwachung und industrielle \u00dcberwachung, bei der die Datenerfassung vollst\u00e4ndig digitalisiert und automatisiert ist.<\/p>\n<p><a href=\"https:\/\/koningdrone.nl\/wp-content\/uploads\/2025\/06\/DJI-Dock-3-Overseas-Edition.webp\"><img loading=\"lazy\" decoding=\"async\" class=\"size-full wp-image-466827 aligncenter\" src=\"https:\/\/koningdrone.nl\/wp-content\/uploads\/2025\/06\/DJI-Dock-3-Overseas-Edition.webp\" alt=\"DJI Dock 3 Overseas Edition\" width=\"1200\" height=\"800\" \/><\/a><\/p>\n<h4>Grenzenlose Leistung und betriebliche Intelligenz<\/h4>\n<p>Das DJI Dock 3 fungiert als intelligente Kommandozentrale f\u00fcr unbemannte Missionen. Dank der nahtlosen Integration mit <strong>DJI FlightHub 2<\/strong> Komplexe Fluchtwege und Inspektionspl\u00e4ne k\u00f6nnen aus der Ferne programmiert und \u00fcberwacht werden. Das System ist mit einem integrierten <strong>RTK-Basisstation<\/strong>, die zentimetergenaue Landungen und Navigation auch in schwierigen elektromagnetischen Umgebungen gew\u00e4hrleistet. Die Schnellladetechnologie minimiert die zwischenzeitlichen Ausfallzeiten, so dass die Flotte f\u00fcr maximale Effizienz fast ununterbrochen in der Luft bleiben kann.<\/p>\n<h4>Unverw\u00fcstliches Design und mobile Flexibilit\u00e4t<\/h4>\n<p style=\"margin-bottom: 20px\">Das DJI Dock 3 wurde entwickelt, um dort Leistung zu erbringen, wo andere aufgeben; es verf\u00fcgt \u00fcber eine <strong>IP56-zertifiziert<\/strong> Geh\u00e4use, die auch den extremsten Wetterbedingungen standhalten. Ob br\u00fctende Hitze oder <strong>50\u00b0C<\/strong> oder arktische K\u00e4lte von <strong>-30\u00b0C<\/strong>, Die interne Klimakontrolle h\u00e4lt die Drohne und ihre Elektronik in optimalem Zustand. Was das Dock 3 einzigartig macht, ist seine Unterst\u00fctzung f\u00fcr <strong>Fahrzeugmontage<\/strong>, und verwandelt ein statisches Dock in eine mobile Operationsbasis f\u00fcr dynamische Eins\u00e4tze in weitl\u00e4ufigen Gebieten.<\/p>\n<p><a href=\"https:\/\/koningdrone.nl\/wp-content\/uploads\/2025\/06\/Dock-3-Overseas-Edition.webp\"><img loading=\"lazy\" decoding=\"async\" class=\"size-full wp-image-466826 aligncenter\" src=\"https:\/\/koningdrone.nl\/wp-content\/uploads\/2025\/06\/Dock-3-Overseas-Edition.webp\" alt=\"Dock 3 Overseas Edition\" width=\"1200\" height=\"800\" \/><\/a><\/p>\n<h4 style=\"margin-top: 20px\">Warum das DJI Dock 3 unverzichtbar ist<\/h4>\n<p>F\u00fcr Organisationen, die einen \u201cNull-Personal\u201d-Workflow vor Ort anstreben, bietet das DJI Dock 3 die ultimative L\u00f6sung. Das System reduziert die Betriebskosten drastisch, indem es den Zeitaufwand f\u00fcr das Personal minimiert und die Konsistenz der Datenerfassung maximiert. In einer Welt, in der Echtzeitinformationen f\u00fcr Sicherheit und Wartung entscheidend sind, bietet das DJI Dock 3 die Zuverl\u00e4ssigkeit und Skalierbarkeit, die f\u00fcr die Missionen von morgen erforderlich sind.<\/p>","protected":false},"excerpt":{"rendered":"<ul>\n<li>Automatischer Start und Landung der Drohne f\u00fcr einen kontinuierlichen 24\/7-Betrieb.<\/li>\n<li>Wetterfeste IP56-Konstruktion f\u00fcr extreme Temperaturen und Bedingungen.<\/li>\n<li>Unterst\u00fctzt Fahrzeugmontage f\u00fcr flexiblen Einsatz.<\/li>\n<li>Integration mit DJI FlightHub 2 f\u00fcr intelligente Missionsplanung.<\/li>\n<li>Geeignet f\u00fcr Matrice 4D und Matrice 4TD Unternehmensdrohnen.<\/li>\n<\/ul>","protected":false},"featured_media":16971,"template":"","meta":{"_acf_changed":false},"product_brand":[],"product_cat":[1587,1588,624],"product_tag":[],"class_list":{"0":"post-10776","1":"product","2":"type-product","3":"status-publish","4":"has-post-thumbnail","6":"product_cat-dji-dock","7":"product_cat-dji-dock-3","8":"product_cat-enterprise-accessoires","9":"product_shipping_class-uavspacesall","10":"pa_brand-dji","11":"pa_producttype-drone-dock","12":"pa_series-dock-3","14":"first","15":"instock","16":"taxable","17":"shipping-taxable","18":"purchasable","19":"product-type-simple"},"acf":[],"yoast_head":"<!-- This site is optimized with the Yoast SEO Premium plugin v27.2 (Yoast SEO v27.2) - https:\/\/yoast.com\/product\/yoast-seo-premium-wordpress\/ -->\n<title>DJI Dock 3 - koningdrone.be<\/title>\n<meta name=\"robots\" content=\"index, follow, max-snippet:-1, max-image-preview:large, max-video-preview:-1\" \/>\n<link rel=\"canonical\" href=\"https:\/\/koningdrone.be\/de\/produkt\/dji-dock-3\/\" \/>\n<meta property=\"og:locale\" content=\"de_DE\" \/>\n<meta property=\"og:type\" content=\"article\" \/>\n<meta property=\"og:title\" content=\"DJI Dock 3\" \/>\n<meta property=\"og:description\" content=\"Automatische drone\u2011opstart en landing voor continue 24\/7\u2011operaties.  Weerbestendige IP56\u2011constructie voor extreme temperaturen en omstandigheden.  Ondersteunt voertuigmontage voor flexibele inzet.  Integratie met DJI FlightHub 2 voor intelligente missieplanning.  Geschikt voor Matrice 4D en Matrice 4TD enterprise drones.\" \/>\n<meta property=\"og:url\" content=\"https:\/\/koningdrone.be\/de\/produkt\/dji-dock-3\/\" \/>\n<meta property=\"og:site_name\" content=\"koningdrone.be\" \/>\n<meta property=\"article:modified_time\" content=\"2026-04-29T01:30:42+00:00\" \/>\n<meta property=\"og:image\" content=\"https:\/\/koningdrone.be\/wp-content\/uploads\/sites\/13\/2026\/03\/DJI-Dock-3-Edition.webp\" \/>\n\t<meta property=\"og:image:width\" content=\"2048\" \/>\n\t<meta property=\"og:image:height\" content=\"2048\" \/>\n\t<meta property=\"og:image:type\" content=\"image\/webp\" \/>\n<meta name=\"twitter:card\" content=\"summary_large_image\" \/>\n<meta name=\"twitter:label1\" content=\"Gesch\u00e4tzte Lesezeit\" \/>\n\t<meta name=\"twitter:data1\" content=\"2\u00a0Minuten\" \/>\n<script type=\"application\/ld+json\" class=\"yoast-schema-graph\">{\"@context\":\"https:\/\/schema.org\",\"@graph\":[{\"@type\":\"WebPage\",\"@id\":\"https:\/\/koningdrone.be\/product\/dji-dock-3\/\",\"url\":\"https:\/\/koningdrone.be\/product\/dji-dock-3\/\",\"name\":\"DJI Dock 3 - koningdrone.be\",\"isPartOf\":{\"@id\":\"https:\/\/koningdrone.be\/#website\"},\"primaryImageOfPage\":{\"@id\":\"https:\/\/koningdrone.be\/product\/dji-dock-3\/#primaryimage\"},\"image\":{\"@id\":\"https:\/\/koningdrone.be\/product\/dji-dock-3\/#primaryimage\"},\"thumbnailUrl\":\"https:\/\/koningdrone.be\/wp-content\/uploads\/sites\/13\/2026\/03\/DJI-Dock-3-Edition.webp\",\"datePublished\":\"2025-06-25T14:26:21+00:00\",\"dateModified\":\"2026-04-29T01:30:42+00:00\",\"breadcrumb\":{\"@id\":\"https:\/\/koningdrone.be\/product\/dji-dock-3\/#breadcrumb\"},\"inLanguage\":\"de\",\"potentialAction\":[{\"@type\":\"ReadAction\",\"target\":[\"https:\/\/koningdrone.be\/product\/dji-dock-3\/\"]}]},{\"@type\":\"ImageObject\",\"inLanguage\":\"de\",\"@id\":\"https:\/\/koningdrone.be\/product\/dji-dock-3\/#primaryimage\",\"url\":\"https:\/\/koningdrone.be\/wp-content\/uploads\/sites\/13\/2026\/03\/DJI-Dock-3-Edition.webp\",\"contentUrl\":\"https:\/\/koningdrone.be\/wp-content\/uploads\/sites\/13\/2026\/03\/DJI-Dock-3-Edition.webp\",\"width\":2048,\"height\":2048},{\"@type\":\"BreadcrumbList\",\"@id\":\"https:\/\/koningdrone.be\/product\/dji-dock-3\/#breadcrumb\",\"itemListElement\":[{\"@type\":\"ListItem\",\"position\":1,\"name\":\"Home\",\"item\":\"https:\/\/koningdrone.be\/\"},{\"@type\":\"ListItem\",\"position\":2,\"name\":\"AVSS Parachute Recovery System for DJI Matrice 300\/350\",\"item\":\"https:\/\/koningdrone.be\/product\/avss-parachute-recovery-system-for-dji-matrice-300-350\/\"},{\"@type\":\"ListItem\",\"position\":3,\"name\":\"DJI Dock\",\"item\":\"https:\/\/koningdrone.be\/categorie\/dji-dock\/\"},{\"@type\":\"ListItem\",\"position\":4,\"name\":\"DJI Dock 3\"}]},{\"@type\":\"WebSite\",\"@id\":\"https:\/\/koningdrone.be\/#website\",\"url\":\"https:\/\/koningdrone.be\/\",\"name\":\"Koningdrone.be - Uw online specialist in drones, gimbals, camera's en power stations.\",\"description\":\"De webshop in drones en gimbals\",\"publisher\":{\"@id\":\"https:\/\/koningdrone.be\/#organization\"},\"potentialAction\":[{\"@type\":\"SearchAction\",\"target\":{\"@type\":\"EntryPoint\",\"urlTemplate\":\"https:\/\/koningdrone.be\/?s={search_term_string}\"},\"query-input\":{\"@type\":\"PropertyValueSpecification\",\"valueRequired\":true,\"valueName\":\"search_term_string\"}}],\"inLanguage\":\"de\"},{\"@type\":\"Organization\",\"@id\":\"https:\/\/koningdrone.be\/#organization\",\"name\":\"Koningdrone.be\",\"url\":\"https:\/\/koningdrone.be\/\",\"logo\":{\"@type\":\"ImageObject\",\"inLanguage\":\"de\",\"@id\":\"https:\/\/koningdrone.be\/#\/schema\/logo\/image\/\",\"url\":\"https:\/\/koningdrone.be\/wp-content\/uploads\/sites\/13\/2025\/04\/koningdrone-copyright-logo.svg\",\"contentUrl\":\"https:\/\/koningdrone.be\/wp-content\/uploads\/sites\/13\/2025\/04\/koningdrone-copyright-logo.svg\",\"width\":227,\"height\":38,\"caption\":\"Koningdrone.be\"},\"image\":{\"@id\":\"https:\/\/koningdrone.be\/#\/schema\/logo\/image\/\"}}]}<\/script>\n<!-- \/ Yoast SEO Premium plugin. -->","yoast_head_json":{"title":"DJI Dock 3 - koningdrone.be","robots":{"index":"index","follow":"follow","max-snippet":"max-snippet:-1","max-image-preview":"max-image-preview:large","max-video-preview":"max-video-preview:-1"},"canonical":"https:\/\/koningdrone.be\/de\/produkt\/dji-dock-3\/","og_locale":"de_DE","og_type":"article","og_title":"DJI Dock 3","og_description":"Automatische drone\u2011opstart en landing voor continue 24\/7\u2011operaties.  Weerbestendige IP56\u2011constructie voor extreme temperaturen en omstandigheden.  Ondersteunt voertuigmontage voor flexibele inzet.  Integratie met DJI FlightHub 2 voor intelligente missieplanning.  Geschikt voor Matrice 4D en Matrice 4TD enterprise drones.","og_url":"https:\/\/koningdrone.be\/de\/produkt\/dji-dock-3\/","og_site_name":"koningdrone.be","article_modified_time":"2026-04-29T01:30:42+00:00","og_image":[{"width":2048,"height":2048,"url":"https:\/\/koningdrone.be\/wp-content\/uploads\/sites\/13\/2026\/03\/DJI-Dock-3-Edition.webp","type":"image\/webp"}],"twitter_card":"summary_large_image","twitter_misc":{"Gesch\u00e4tzte Lesezeit":"2\u00a0Minuten"},"schema":{"@context":"https:\/\/schema.org","@graph":[{"@type":"WebPage","@id":"https:\/\/koningdrone.be\/product\/dji-dock-3\/","url":"https:\/\/koningdrone.be\/product\/dji-dock-3\/","name":"DJI Dock 3 - koningdrone.be","isPartOf":{"@id":"https:\/\/koningdrone.be\/#website"},"primaryImageOfPage":{"@id":"https:\/\/koningdrone.be\/product\/dji-dock-3\/#primaryimage"},"image":{"@id":"https:\/\/koningdrone.be\/product\/dji-dock-3\/#primaryimage"},"thumbnailUrl":"https:\/\/koningdrone.be\/wp-content\/uploads\/sites\/13\/2026\/03\/DJI-Dock-3-Edition.webp","datePublished":"2025-06-25T14:26:21+00:00","dateModified":"2026-04-29T01:30:42+00:00","breadcrumb":{"@id":"https:\/\/koningdrone.be\/product\/dji-dock-3\/#breadcrumb"},"inLanguage":"de","potentialAction":[{"@type":"ReadAction","target":["https:\/\/koningdrone.be\/product\/dji-dock-3\/"]}]},{"@type":"ImageObject","inLanguage":"de","@id":"https:\/\/koningdrone.be\/product\/dji-dock-3\/#primaryimage","url":"https:\/\/koningdrone.be\/wp-content\/uploads\/sites\/13\/2026\/03\/DJI-Dock-3-Edition.webp","contentUrl":"https:\/\/koningdrone.be\/wp-content\/uploads\/sites\/13\/2026\/03\/DJI-Dock-3-Edition.webp","width":2048,"height":2048},{"@type":"BreadcrumbList","@id":"https:\/\/koningdrone.be\/product\/dji-dock-3\/#breadcrumb","itemListElement":[{"@type":"ListItem","position":1,"name":"Home","item":"https:\/\/koningdrone.be\/"},{"@type":"ListItem","position":2,"name":"AVSS Parachute Recovery System for DJI Matrice 300\/350","item":"https:\/\/koningdrone.be\/product\/avss-parachute-recovery-system-for-dji-matrice-300-350\/"},{"@type":"ListItem","position":3,"name":"DJI Dock","item":"https:\/\/koningdrone.be\/categorie\/dji-dock\/"},{"@type":"ListItem","position":4,"name":"DJI Dock 3"}]},{"@type":"WebSite","@id":"https:\/\/koningdrone.be\/#website","url":"https:\/\/koningdrone.be\/","name":"Koningdrone.be - Ihr Online-Spezialist f\u00fcr Drohnen, Gimbals, Kameras und Kraftwerke.","description":"Der Webshop f\u00fcr Drohnen und Gimbals","publisher":{"@id":"https:\/\/koningdrone.be\/#organization"},"potentialAction":[{"@type":"SearchAction","target":{"@type":"EntryPoint","urlTemplate":"https:\/\/koningdrone.be\/?s={search_term_string}"},"query-input":{"@type":"PropertyValueSpecification","valueRequired":true,"valueName":"search_term_string"}}],"inLanguage":"de"},{"@type":"Organization","@id":"https:\/\/koningdrone.be\/#organization","name":"Kingdrone.de","url":"https:\/\/koningdrone.be\/","logo":{"@type":"ImageObject","inLanguage":"de","@id":"https:\/\/koningdrone.be\/#\/schema\/logo\/image\/","url":"https:\/\/koningdrone.be\/wp-content\/uploads\/sites\/13\/2025\/04\/koningdrone-copyright-logo.svg","contentUrl":"https:\/\/koningdrone.be\/wp-content\/uploads\/sites\/13\/2025\/04\/koningdrone-copyright-logo.svg","width":227,"height":38,"caption":"Koningdrone.be"},"image":{"@id":"https:\/\/koningdrone.be\/#\/schema\/logo\/image\/"}}]}},"df_price":11445,"df_sale_price":"","df_regular_price":11445,"df_image_link":"https:\/\/koningdrone.be\/wp-content\/uploads\/sites\/13\/2026\/03\/DJI-Dock-3-Edition-300x300.webp","_links":{"self":[{"href":"https:\/\/koningdrone.be\/de\/wp-json\/wp\/v2\/product\/10776","targetHints":{"allow":["GET"]}}],"collection":[{"href":"https:\/\/koningdrone.be\/de\/wp-json\/wp\/v2\/product"}],"about":[{"href":"https:\/\/koningdrone.be\/de\/wp-json\/wp\/v2\/types\/product"}],"wp:featuredmedia":[{"embeddable":true,"href":"https:\/\/koningdrone.be\/de\/wp-json\/wp\/v2\/media\/16971"}],"wp:attachment":[{"href":"https:\/\/koningdrone.be\/de\/wp-json\/wp\/v2\/media?parent=10776"}],"wp:term":[{"taxonomy":"product_brand","embeddable":true,"href":"https:\/\/koningdrone.be\/de\/wp-json\/wp\/v2\/product_brand?post=10776"},{"taxonomy":"product_cat","embeddable":true,"href":"https:\/\/koningdrone.be\/de\/wp-json\/wp\/v2\/product_cat?post=10776"},{"taxonomy":"product_tag","embeddable":true,"href":"https:\/\/koningdrone.be\/de\/wp-json\/wp\/v2\/product_tag?post=10776"}],"curies":[{"name":"wp","href":"https:\/\/api.w.org\/{rel}","templated":true}]}}