{"id":10770,"date":"2025-06-25T16:26:21","date_gmt":"2025-06-25T14:26:21","guid":{"rendered":"https:\/\/koningdrone.be\/product\/dji-matrice-400\/"},"modified":"2026-04-29T03:30:34","modified_gmt":"2026-04-29T01:30:34","slug":"dji-matrice-400","status":"publish","type":"product","link":"https:\/\/koningdrone.be\/de\/produkt\/dji-matrice-400\/","title":{"rendered":"DJI Matrice 400"},"content":{"rendered":"<h3>DJI Matrice 400 - Unternehmenskraft in der Luft<\/h3>\n<p><iframe loading=\"lazy\" title=\"DJI Matrice 400: Alles was Sie wissen m\u00fcssen\" width=\"800\" height=\"450\" src=\"https:\/\/www.youtube.com\/embed\/Cc7UMhmshpI?feature=oembed&#038;enablejsapi=1&#038;origin=https:\/\/koningdrone.be\" frameborder=\"0\" allow=\"accelerometer; autoplay; clipboard-write; encrypted-media; gyroscope; picture-in-picture; web-share\" referrerpolicy=\"strict-origin-when-cross-origin\" allowfullscreen><\/iframe><\/p>\n<p style=\"margin: 20px 0\">Die <strong>DJI Matrice 400<\/strong> wurde f\u00fcr Profis entwickelt und bietet un\u00fcbertroffene Ausdauer, Schwerlastf\u00e4higkeit und industrielle Zuverl\u00e4ssigkeit. Von der Inspektion von Hochspannungsleitungen bis hin zu Such- und Rettungseins\u00e4tzen, Kartierungen und Offshore-Eins\u00e4tzen - diese Drohne leistet, was wirklich wichtig ist.<\/p>\n<h4>Verl\u00e4ngerte Flugzeit und hohe Geschwindigkeit<\/h4>\n<ul>\n<li><strong>Bis zu 59 Minuten Flugzeit:<\/strong> Abdeckung gro\u00dfer Gebiete, Linieneins\u00e4tze und Beobachtung von Waldbr\u00e4nden in einer Batteriesitzung.<\/li>\n<li><strong>Reisegeschwindigkeit 25 m\/s (~56 mph):<\/strong> Reduzieren Sie die Reisezeiten und steigern Sie die Effizienz jeder Mission.<\/li>\n<li><strong>TB100 Intelligente Batterien:<\/strong> Selbsterhitzung auf unter 10 \u00b0C, bis zu 400 Zyklen, vollst\u00e4ndige Aufladung in nur 45 Minuten.<\/li>\n<\/ul>\n<p><a href=\"https:\/\/koningdrone.nl\/wp-content\/uploads\/2025\/06\/DJI-Matrice-400-1.webp\"><img loading=\"lazy\" decoding=\"async\" class=\"aligncenter wp-image-466783 size-full\" style=\"margin: 20px 0\" src=\"https:\/\/koningdrone.nl\/wp-content\/uploads\/2025\/06\/DJI-Matrice-400-1.webp\" alt=\"DJI Matrice 400\" width=\"1925\" height=\"1155\" \/><\/a><\/p>\n<h4>Hohe Nutzlast &amp; Multi-Szenen-Flexibilit\u00e4t<\/h4>\n<ul>\n<li><strong>Maximal 6 kg Nutzlast:<\/strong> Fliegen Sie bis zu sieben Nutzlasten gleichzeitig \u00fcber vier E-Port-V2-Anschl\u00fcsse, zwei nach unten gerichtete Kardanringe und einen dritten nach unten h\u00e4ngenden Kardanring.<\/li>\n<li><strong>Kompatible Nutzlasten:<br \/>\n<\/strong><\/li>\n<\/ul>\n<ul>\n<li style=\"list-style-type: none\">\n<ul>\n<li><strong>Zenmuse H30-Serie:<\/strong> Widescreen, Zoom, W\u00e4rmebild, Entfernungsmesser, NIR - ideal f\u00fcr Tag- und Nachteins\u00e4tze.<\/li>\n<li><b>Zenmuse L3 LiDAR:<\/b><span style=\"font-weight: 400\"> Ein revolution\u00e4res LiDAR-System mit 2.000.000 Punkten\/s und zwei 100-MP-RGB-Kameras f\u00fcr extrem detaillierte, zentimetergenaue Kartierungen und eine hervorragende Durchdringung der Vegetation.<\/span><\/li>\n<li><strong>Zenmuse P1 Photogrammetrie:<\/strong> Vollbildaufnahmen mit 45 MP bei 0,7 s f\u00fcr Vermessung und 3D-Modellierung.<\/li>\n<li><strong>Zenmuse S1 Spotlight &amp; V1 Lautsprecher:<\/strong> 32 W starke Beleuchtung und 114 dB PA f\u00fcr n\u00e4chtliche Eins\u00e4tze und Kommunikation.<\/li>\n<li><strong>Verteiler 3 Computer:<\/strong> KI an Bord f\u00fcr erweiterte Autonomie und Echtzeitverarbeitung.<\/li>\n<\/ul>\n<\/li>\n<\/ul>\n<p><a href=\"https:\/\/koningdrone.nl\/wp-content\/uploads\/2025\/06\/Matrice-400-DJI.webp\"><img loading=\"lazy\" decoding=\"async\" class=\"aligncenter wp-image-466702 size-medium\" src=\"https:\/\/koningdrone.nl\/wp-content\/uploads\/2025\/06\/Matrice-400-DJI-300x300.webp\" alt=\"Matrice 400 DJI\" width=\"300\" height=\"300\" \/><\/a><\/p>\n<h4>Sicher und zuverl\u00e4ssig in jeder Umgebung<\/h4>\n<ul>\n<li><strong>IP55 Wetterfest:<\/strong> Regen, Staub oder Nebel - der M400 bleibt leistungsf\u00e4hig. Funktioniert von -20 \u00b0C bis 50 \u00b0C.<\/li>\n<li><strong>Dreischichtige Hinderniserkennung:<\/strong> Rotierendes LiDAR, mmWave-Radar und Vollfarb-Low-Light-Vision erkennen Hindernisse bis zu einer Gr\u00f6\u00dfe von 21,6 mm, selbst bei v\u00f6lliger Dunkelheit.<\/li>\n<li><strong>Luftgest\u00fctzte Relais- und Video\u00fcbertragung:<\/strong> O4 Enterprise Enhanced streamt 1080p\/60fps bis zu 40 km, mit dualem 4G und Sub-2 GHz Fallback f\u00fcr schwierige Signale.<\/li>\n<\/ul>\n<h4>Intelligente Fl\u00fcge und betriebliche Effizienz<\/h4>\n<ul>\n<li><strong>Intelligente Verfolgung und automatische Missionen:<\/strong> Auto-Orbit, Cruise und POI f\u00fcr kontinuierliche Zielverfolgung.<\/li>\n<li><strong>Echtzeit-Gel\u00e4ndeverfolgung:<\/strong> Beibehaltung einer konstanten H\u00f6he \u00fcber H\u00e4ngen oder unebenem Gel\u00e4nde f\u00fcr SAR, Photogrammetrie und Forstwirtschaft.<\/li>\n<li><strong>Start und Landung von Schiffen:<\/strong> Deckmustererkennung f\u00fcr den sicheren Betrieb auf Schiffen mit bis zu 10 Knoten.<\/li>\n<li><strong>AR-\u00dcberlagerungen:<\/strong> Markieren Sie Stromleitungen, Geb\u00e4ude und wichtige Punkte, um die Arbeit des Piloten zu erleichtern.<\/li>\n<\/ul>\n<p><a href=\"https:\/\/koningdrone.nl\/wp-content\/uploads\/2025\/06\/DJI-Matrice-400-drone.webp\"><img loading=\"lazy\" decoding=\"async\" class=\"aligncenter wp-image-466701 size-medium\" src=\"https:\/\/koningdrone.nl\/wp-content\/uploads\/2025\/06\/DJI-Matrice-400-drone-300x300.webp\" alt=\"DJI Matrice 400 drone\" width=\"300\" height=\"300\" \/><\/a><\/p>\n<h4>Komplettes Zubeh\u00f6r-\u00d6kosystem<\/h4>\n<ul>\n<li><strong>DJI RC Plus 2 Enterprise Enhanced:<\/strong> 7,02-Zoll-Touchscreen mit 1400 Lichtpunkten, IP54, Sub-2-GHz-f\u00e4hig.<\/li>\n<li><strong>BS100 Batteriestation:<\/strong> L\u00e4dt drei TB100-Batterien in 45 Minuten auf, fl\u00fcsterleise bei 36 dB.<\/li>\n<li><strong>D-RTK 3 Multifunktionsstation:<\/strong> Basis, Rover oder Relais; Zentimetergenauigkeit f\u00fcr mehrere Drohnen.<\/li>\n<li><strong>TB100C Fesselbatterie:<\/strong> 24\/7-Strom f\u00fcr Langzeitbeleuchtung oder LTE-Mesh-Kommunikation.<\/li>\n<\/ul>\n<h4>Software und Entwicklungswerkzeuge<\/h4>\n<ul>\n<li><strong>DJI FlightHub 2:<\/strong> Cloud-basiertes Flottenmanagement, Live-Multi-Feed und Flugfernsteuerung.<\/li>\n<li><strong>DJI Terra:<\/strong> Schnelle 2D\/3D-Rekonstruktion aus RGB oder LiDAR.<\/li>\n<li><strong>DJI Modify:<\/strong> KI-gest\u00fctzte Punktwolken- und Netzbereinigung f\u00fcr BIM- und Bestandsdaten.<\/li>\n<li><strong>Offenes \u00d6kosystem f\u00fcr Entwickler:<\/strong> PSDK 2.0, MSDK 5, Manifold 3 KI-Integration und LiDAR-\/Radar-Rohdaten f\u00fcr individuelle Analysen.<\/li>\n<\/ul>\n<p><a href=\"https:\/\/koningdrone.nl\/wp-content\/uploads\/2025\/06\/Matrice-400-DJI-drone.webp\"><img loading=\"lazy\" decoding=\"async\" class=\"aligncenter wp-image-466700 size-medium\" src=\"https:\/\/koningdrone.nl\/wp-content\/uploads\/2025\/06\/Matrice-400-DJI-drone-300x300.webp\" alt=\"Matrice 400 DJI drone\" width=\"300\" height=\"300\" \/><\/a><\/p>\n<h4>Warum Profis die DJI Matrice 400 w\u00e4hlen<\/h4>\n<p style=\"margin-bottom: 20px\">Die Matrice 400 ist mehr als eine Drohne; sie ist eine komplette Luftbildl\u00f6sung. Sie wird von Vermessungsingenieuren, Rettungsdiensten, Industrieingenieuren und Kartierern gesch\u00e4tzt und liefert <strong>un\u00fcbertroffene Vielseitigkeit, Zuverl\u00e4ssigkeit und Intelligenz<\/strong>. Ob bei Tag oder Nacht, Regen oder Sonnenschein, im Landesinneren oder auf hoher See, mit dem M400 k\u00f6nnen Sie <strong>mehr Strecke in weniger Fl\u00fcgen zur\u00fccklegen<\/strong>.<\/p>\n<p><iframe loading=\"lazy\" title=\"Das ist die DJI Matrice 400\" width=\"800\" height=\"450\" src=\"https:\/\/www.youtube.com\/embed\/3UrKq7xj7TI?feature=oembed\" frameborder=\"0\" allow=\"accelerometer; autoplay; clipboard-write; encrypted-media; gyroscope; picture-in-picture; web-share\" referrerpolicy=\"strict-origin-when-cross-origin\" allowfullscreen><\/iframe><\/p>","protected":false},"excerpt":{"rendered":"<ul>\n<li>Bis zu 59 Minuten echte Flugzeit, auch mit Aufladung.<\/li>\n<li>Maximale Nutzlast von 6 kg mit Unterst\u00fctzung f\u00fcr bis zu sieben montierte Sensoren oder Werkzeuge.<\/li>\n<li>Fortschrittliche Hinderniserkennung mit rotierendem LiDAR, mmWave-Radar und Bildverarbeitungssystemen.<\/li>\n<li>Video\u00fcbertragung \u00fcber gro\u00dfe Entfernungen von bis zu 40 km mit dem O4 Enterprise Enhanced System.<\/li>\n<li>Robustes IP55-Design und gro\u00dfer Temperaturbereich f\u00fcr zuverl\u00e4ssigen Betrieb in anspruchsvollen Umgebungen.<\/li>\n<\/ul>","protected":false},"featured_media":16954,"template":"","meta":{"_acf_changed":false},"product_brand":[],"product_cat":[135,1416,675,1583,100,101],"product_tag":[],"class_list":{"0":"post-10770","1":"product","2":"type-product","3":"status-publish","4":"has-post-thumbnail","6":"product_cat-alle-drones","7":"product_cat-alle-enterprise-drones","8":"product_cat-dji-enterprise-drones","9":"product_cat-dji-matrice-400","10":"product_cat-enterprise-drones","11":"product_cat-professionele-dji-drone","12":"product_shipping_class-uavspacesall","13":"pa_brand-dji","14":"pa_producttype-professionele-drone-voor-bedrijven","15":"pa_series-matrice","17":"first","18":"instock","19":"taxable","20":"shipping-taxable","21":"purchasable","22":"product-type-simple"},"acf":[],"yoast_head":"<!-- This site is optimized with the Yoast SEO Premium plugin v27.2 (Yoast SEO v27.2) - https:\/\/yoast.com\/product\/yoast-seo-premium-wordpress\/ -->\n<title>DJI Matrice 400 - koningdrone.be<\/title>\n<meta name=\"robots\" content=\"index, follow, max-snippet:-1, max-image-preview:large, max-video-preview:-1\" \/>\n<link rel=\"canonical\" href=\"https:\/\/koningdrone.be\/de\/produkt\/dji-matrice-400\/\" \/>\n<meta property=\"og:locale\" content=\"de_DE\" \/>\n<meta property=\"og:type\" content=\"article\" \/>\n<meta property=\"og:title\" content=\"DJI Matrice 400\" \/>\n<meta property=\"og:description\" content=\"Tot 59 minuten echte vliegtijd, zelfs met lading.  Maximaal laadvermogen van 6 kg met ondersteuning voor maximaal zeven gemonteerde sensoren of gereedschappen.  Geavanceerde obstakeldetectie met behulp van roterende LiDAR, mmWave-radar en visiesystemen.  Videotransmissie over lange afstanden tot 40 km met het O4 Enterprise Enhanced-systeem.  Robuust IP55-ontwerp en breed temperatuurbereik voor betrouwbare werking in veeleisende omgevingen.\" \/>\n<meta property=\"og:url\" content=\"https:\/\/koningdrone.be\/de\/produkt\/dji-matrice-400\/\" \/>\n<meta property=\"og:site_name\" content=\"koningdrone.be\" \/>\n<meta property=\"article:modified_time\" content=\"2026-04-29T01:30:34+00:00\" \/>\n<meta property=\"og:image\" content=\"https:\/\/koningdrone.be\/wp-content\/uploads\/sites\/13\/2026\/03\/DJI-Matrice-400.webp\" \/>\n\t<meta property=\"og:image:width\" content=\"2048\" \/>\n\t<meta property=\"og:image:height\" content=\"2048\" \/>\n\t<meta property=\"og:image:type\" content=\"image\/webp\" \/>\n<meta name=\"twitter:card\" content=\"summary_large_image\" \/>\n<meta name=\"twitter:label1\" content=\"Gesch\u00e4tzte Lesezeit\" \/>\n\t<meta name=\"twitter:data1\" content=\"4\u00a0Minuten\" \/>\n<script type=\"application\/ld+json\" class=\"yoast-schema-graph\">{\"@context\":\"https:\/\/schema.org\",\"@graph\":[{\"@type\":\"WebPage\",\"@id\":\"https:\/\/koningdrone.be\/product\/dji-matrice-400\/\",\"url\":\"https:\/\/koningdrone.be\/product\/dji-matrice-400\/\",\"name\":\"DJI Matrice 400 - koningdrone.be\",\"isPartOf\":{\"@id\":\"https:\/\/koningdrone.be\/#website\"},\"primaryImageOfPage\":{\"@id\":\"https:\/\/koningdrone.be\/product\/dji-matrice-400\/#primaryimage\"},\"image\":{\"@id\":\"https:\/\/koningdrone.be\/product\/dji-matrice-400\/#primaryimage\"},\"thumbnailUrl\":\"https:\/\/koningdrone.be\/wp-content\/uploads\/sites\/13\/2026\/03\/DJI-Matrice-400.webp\",\"datePublished\":\"2025-06-25T14:26:21+00:00\",\"dateModified\":\"2026-04-29T01:30:34+00:00\",\"breadcrumb\":{\"@id\":\"https:\/\/koningdrone.be\/product\/dji-matrice-400\/#breadcrumb\"},\"inLanguage\":\"de\",\"potentialAction\":[{\"@type\":\"ReadAction\",\"target\":[\"https:\/\/koningdrone.be\/product\/dji-matrice-400\/\"]}]},{\"@type\":\"ImageObject\",\"inLanguage\":\"de\",\"@id\":\"https:\/\/koningdrone.be\/product\/dji-matrice-400\/#primaryimage\",\"url\":\"https:\/\/koningdrone.be\/wp-content\/uploads\/sites\/13\/2026\/03\/DJI-Matrice-400.webp\",\"contentUrl\":\"https:\/\/koningdrone.be\/wp-content\/uploads\/sites\/13\/2026\/03\/DJI-Matrice-400.webp\",\"width\":2048,\"height\":2048},{\"@type\":\"BreadcrumbList\",\"@id\":\"https:\/\/koningdrone.be\/product\/dji-matrice-400\/#breadcrumb\",\"itemListElement\":[{\"@type\":\"ListItem\",\"position\":1,\"name\":\"Home\",\"item\":\"https:\/\/koningdrone.be\/\"},{\"@type\":\"ListItem\",\"position\":2,\"name\":\"AVSS Parachute Recovery System for DJI Matrice 300\/350\",\"item\":\"https:\/\/koningdrone.be\/product\/avss-parachute-recovery-system-for-dji-matrice-300-350\/\"},{\"@type\":\"ListItem\",\"position\":3,\"name\":\"Alle drones\",\"item\":\"https:\/\/koningdrone.be\/categorie\/alle-drones\/\"},{\"@type\":\"ListItem\",\"position\":4,\"name\":\"DJI Matrice 400\"}]},{\"@type\":\"WebSite\",\"@id\":\"https:\/\/koningdrone.be\/#website\",\"url\":\"https:\/\/koningdrone.be\/\",\"name\":\"Koningdrone.be - Uw online specialist in drones, gimbals, camera's en power stations.\",\"description\":\"De webshop in drones en gimbals\",\"publisher\":{\"@id\":\"https:\/\/koningdrone.be\/#organization\"},\"potentialAction\":[{\"@type\":\"SearchAction\",\"target\":{\"@type\":\"EntryPoint\",\"urlTemplate\":\"https:\/\/koningdrone.be\/?s={search_term_string}\"},\"query-input\":{\"@type\":\"PropertyValueSpecification\",\"valueRequired\":true,\"valueName\":\"search_term_string\"}}],\"inLanguage\":\"de\"},{\"@type\":\"Organization\",\"@id\":\"https:\/\/koningdrone.be\/#organization\",\"name\":\"Koningdrone.be\",\"url\":\"https:\/\/koningdrone.be\/\",\"logo\":{\"@type\":\"ImageObject\",\"inLanguage\":\"de\",\"@id\":\"https:\/\/koningdrone.be\/#\/schema\/logo\/image\/\",\"url\":\"https:\/\/koningdrone.be\/wp-content\/uploads\/sites\/13\/2025\/04\/koningdrone-copyright-logo.svg\",\"contentUrl\":\"https:\/\/koningdrone.be\/wp-content\/uploads\/sites\/13\/2025\/04\/koningdrone-copyright-logo.svg\",\"width\":227,\"height\":38,\"caption\":\"Koningdrone.be\"},\"image\":{\"@id\":\"https:\/\/koningdrone.be\/#\/schema\/logo\/image\/\"}}]}<\/script>\n<!-- \/ Yoast SEO Premium plugin. -->","yoast_head_json":{"title":"DJI Matrice 400 - koningdrone.be","robots":{"index":"index","follow":"follow","max-snippet":"max-snippet:-1","max-image-preview":"max-image-preview:large","max-video-preview":"max-video-preview:-1"},"canonical":"https:\/\/koningdrone.be\/de\/produkt\/dji-matrice-400\/","og_locale":"de_DE","og_type":"article","og_title":"DJI Matrice 400","og_description":"Tot 59 minuten echte vliegtijd, zelfs met lading.  Maximaal laadvermogen van 6 kg met ondersteuning voor maximaal zeven gemonteerde sensoren of gereedschappen.  Geavanceerde obstakeldetectie met behulp van roterende LiDAR, mmWave-radar en visiesystemen.  Videotransmissie over lange afstanden tot 40 km met het O4 Enterprise Enhanced-systeem.  Robuust IP55-ontwerp en breed temperatuurbereik voor betrouwbare werking in veeleisende omgevingen.","og_url":"https:\/\/koningdrone.be\/de\/produkt\/dji-matrice-400\/","og_site_name":"koningdrone.be","article_modified_time":"2026-04-29T01:30:34+00:00","og_image":[{"width":2048,"height":2048,"url":"https:\/\/koningdrone.be\/wp-content\/uploads\/sites\/13\/2026\/03\/DJI-Matrice-400.webp","type":"image\/webp"}],"twitter_card":"summary_large_image","twitter_misc":{"Gesch\u00e4tzte Lesezeit":"4\u00a0Minuten"},"schema":{"@context":"https:\/\/schema.org","@graph":[{"@type":"WebPage","@id":"https:\/\/koningdrone.be\/product\/dji-matrice-400\/","url":"https:\/\/koningdrone.be\/product\/dji-matrice-400\/","name":"DJI Matrice 400 - koningdrone.be","isPartOf":{"@id":"https:\/\/koningdrone.be\/#website"},"primaryImageOfPage":{"@id":"https:\/\/koningdrone.be\/product\/dji-matrice-400\/#primaryimage"},"image":{"@id":"https:\/\/koningdrone.be\/product\/dji-matrice-400\/#primaryimage"},"thumbnailUrl":"https:\/\/koningdrone.be\/wp-content\/uploads\/sites\/13\/2026\/03\/DJI-Matrice-400.webp","datePublished":"2025-06-25T14:26:21+00:00","dateModified":"2026-04-29T01:30:34+00:00","breadcrumb":{"@id":"https:\/\/koningdrone.be\/product\/dji-matrice-400\/#breadcrumb"},"inLanguage":"de","potentialAction":[{"@type":"ReadAction","target":["https:\/\/koningdrone.be\/product\/dji-matrice-400\/"]}]},{"@type":"ImageObject","inLanguage":"de","@id":"https:\/\/koningdrone.be\/product\/dji-matrice-400\/#primaryimage","url":"https:\/\/koningdrone.be\/wp-content\/uploads\/sites\/13\/2026\/03\/DJI-Matrice-400.webp","contentUrl":"https:\/\/koningdrone.be\/wp-content\/uploads\/sites\/13\/2026\/03\/DJI-Matrice-400.webp","width":2048,"height":2048},{"@type":"BreadcrumbList","@id":"https:\/\/koningdrone.be\/product\/dji-matrice-400\/#breadcrumb","itemListElement":[{"@type":"ListItem","position":1,"name":"Home","item":"https:\/\/koningdrone.be\/"},{"@type":"ListItem","position":2,"name":"AVSS Parachute Recovery System for DJI Matrice 300\/350","item":"https:\/\/koningdrone.be\/product\/avss-parachute-recovery-system-for-dji-matrice-300-350\/"},{"@type":"ListItem","position":3,"name":"Alle drones","item":"https:\/\/koningdrone.be\/categorie\/alle-drones\/"},{"@type":"ListItem","position":4,"name":"DJI Matrice 400"}]},{"@type":"WebSite","@id":"https:\/\/koningdrone.be\/#website","url":"https:\/\/koningdrone.be\/","name":"Koningdrone.be - Ihr Online-Spezialist f\u00fcr Drohnen, Gimbals, Kameras und Kraftwerke.","description":"Der Webshop f\u00fcr Drohnen und Gimbals","publisher":{"@id":"https:\/\/koningdrone.be\/#organization"},"potentialAction":[{"@type":"SearchAction","target":{"@type":"EntryPoint","urlTemplate":"https:\/\/koningdrone.be\/?s={search_term_string}"},"query-input":{"@type":"PropertyValueSpecification","valueRequired":true,"valueName":"search_term_string"}}],"inLanguage":"de"},{"@type":"Organization","@id":"https:\/\/koningdrone.be\/#organization","name":"Kingdrone.de","url":"https:\/\/koningdrone.be\/","logo":{"@type":"ImageObject","inLanguage":"de","@id":"https:\/\/koningdrone.be\/#\/schema\/logo\/image\/","url":"https:\/\/koningdrone.be\/wp-content\/uploads\/sites\/13\/2025\/04\/koningdrone-copyright-logo.svg","contentUrl":"https:\/\/koningdrone.be\/wp-content\/uploads\/sites\/13\/2025\/04\/koningdrone-copyright-logo.svg","width":227,"height":38,"caption":"Koningdrone.be"},"image":{"@id":"https:\/\/koningdrone.be\/#\/schema\/logo\/image\/"}}]}},"df_price":9375,"df_sale_price":"","df_regular_price":9375,"df_image_link":"https:\/\/koningdrone.be\/wp-content\/uploads\/sites\/13\/2026\/03\/DJI-Matrice-400-300x300.webp","_links":{"self":[{"href":"https:\/\/koningdrone.be\/de\/wp-json\/wp\/v2\/product\/10770","targetHints":{"allow":["GET"]}}],"collection":[{"href":"https:\/\/koningdrone.be\/de\/wp-json\/wp\/v2\/product"}],"about":[{"href":"https:\/\/koningdrone.be\/de\/wp-json\/wp\/v2\/types\/product"}],"wp:featuredmedia":[{"embeddable":true,"href":"https:\/\/koningdrone.be\/de\/wp-json\/wp\/v2\/media\/16954"}],"wp:attachment":[{"href":"https:\/\/koningdrone.be\/de\/wp-json\/wp\/v2\/media?parent=10770"}],"wp:term":[{"taxonomy":"product_brand","embeddable":true,"href":"https:\/\/koningdrone.be\/de\/wp-json\/wp\/v2\/product_brand?post=10770"},{"taxonomy":"product_cat","embeddable":true,"href":"https:\/\/koningdrone.be\/de\/wp-json\/wp\/v2\/product_cat?post=10770"},{"taxonomy":"product_tag","embeddable":true,"href":"https:\/\/koningdrone.be\/de\/wp-json\/wp\/v2\/product_tag?post=10770"}],"curies":[{"name":"wp","href":"https:\/\/api.w.org\/{rel}","templated":true}]}}