{"id":1041,"date":"2025-04-14T09:49:47","date_gmt":"2025-04-14T09:49:47","guid":{"rendered":"https:\/\/koningdrone.nl\/kon\/product\/czi-tk3-tether-power-system-and-ml200-matrix-light-set\/"},"modified":"2026-03-16T15:42:42","modified_gmt":"2026-03-16T14:42:42","slug":"czi-tk3-tether-power-system-and-ml200-matrix-light-set","status":"publish","type":"product","link":"https:\/\/koningdrone.be\/de\/produkt\/czi-tk3-tether-power-system-and-ml200-matrix-light-set\/","title":{"rendered":"CZI TK3 Tether Power System und ML200 Matrix Light Set"},"content":{"rendered":"<p>Das CZI TK3 Tethered Power System in Kombination mit dem ML200 Matrix Light Set wurde entwickelt, um den Betrieb von DJI-Drohnen zu verbessern, indem es eine kontinuierliche Stromversorgung und erweiterte Beleuchtungsm\u00f6glichkeiten bietet. Das TK3 System wandelt 220V AC in 400V DC um und liefert Hochspannung \u00fcber ein langlebiges Nickel-Legierungskabel, das bis zu 24 Stunden ununterbrochenen Flug erm\u00f6glicht. In Kombination mit den ML200 Matrix Lights ist dieses System unverzichtbar f\u00fcr lange Flugmissionen, bei denen Notbeleuchtung und gro\u00dffl\u00e4chige \u00dcberwachung in komplexen Szenarien erforderlich sind.<\/p>","protected":false},"excerpt":{"rendered":"<ul>\n<li>Dauerflug: Die Drohnen k\u00f6nnen bis zu 24 Stunden lang fliegen.<\/li>\n<li>Starke Beleuchtung: Bietet eine starke Beleuchtung f\u00fcr Notf\u00e4lle.<\/li>\n<li>Leichtes Design: Einfach zu transportieren und einzusetzen.<\/li>\n<li>Zuverl\u00e4ssige Stromversorgung: Verwendet ein hochwertiges Kabel aus einer Nickellegierung.<\/li>\n<li>Breite Kompatibilit\u00e4t: funktioniert mit DJI M30, M300 und M350 Drohnen.<\/li>\n<\/ul>","protected":false},"featured_media":1040,"template":"","meta":{"_acf_changed":false},"product_brand":[],"product_cat":[153,58],"product_tag":[],"class_list":{"0":"post-1041","1":"product","2":"type-product","3":"status-publish","4":"has-post-thumbnail","6":"product_cat-dji-matrice-350","7":"product_cat-uncategorized","8":"pa_brand-czi","9":"pa_producttype-bindbaar-stroomsysteem-lichtset","11":"first","12":"outofstock","13":"taxable","14":"shipping-taxable","15":"product-type-simple"},"acf":[],"yoast_head":"<!-- This site is optimized with the Yoast SEO Premium plugin v27.2 (Yoast SEO v27.2) - https:\/\/yoast.com\/product\/yoast-seo-premium-wordpress\/ -->\n<title>CZI TK3 Tether Power System And ML200 Matrix Light Set - koningdrone.be<\/title>\n<meta name=\"robots\" content=\"index, follow, max-snippet:-1, max-image-preview:large, max-video-preview:-1\" \/>\n<link rel=\"canonical\" href=\"https:\/\/koningdrone.be\/de\/produkt\/czi-tk3-tether-power-system-and-ml200-matrix-light-set\/\" \/>\n<meta property=\"og:locale\" content=\"de_DE\" \/>\n<meta property=\"og:type\" content=\"article\" \/>\n<meta property=\"og:title\" content=\"CZI TK3 Tether Power System And ML200 Matrix Light Set\" \/>\n<meta property=\"og:description\" content=\"Continu vliegen: Hiermee kunnen drones tot 24 uur vliegen.Krachtige verlichting: Biedt sterke verlichting voor noodgevallen.Lichtgewicht ontwerp: Gemakkelijk te vervoeren en in te zetten.Betrouwbare voeding: Gebruikt hoogwaardige nikkellegering kabel.Brede compatibiliteit: Werkt met DJI M30, M300 en M350 drones.\" \/>\n<meta property=\"og:url\" content=\"https:\/\/koningdrone.be\/de\/produkt\/czi-tk3-tether-power-system-and-ml200-matrix-light-set\/\" \/>\n<meta property=\"og:site_name\" content=\"koningdrone.be\" \/>\n<meta property=\"article:modified_time\" content=\"2026-03-16T14:42:42+00:00\" \/>\n<meta property=\"og:image\" content=\"https:\/\/koningdrone.be\/wp-content\/uploads\/sites\/13\/2025\/04\/TK3_M30_COMBO_1000x1000.png\" \/>\n\t<meta property=\"og:image:width\" content=\"1000\" \/>\n\t<meta property=\"og:image:height\" content=\"1000\" \/>\n\t<meta property=\"og:image:type\" content=\"image\/png\" \/>\n<meta name=\"twitter:card\" content=\"summary_large_image\" \/>\n<script type=\"application\/ld+json\" class=\"yoast-schema-graph\">{\"@context\":\"https:\/\/schema.org\",\"@graph\":[{\"@type\":\"WebPage\",\"@id\":\"https:\/\/koningdrone.be\/product\/czi-tk3-tether-power-system-and-ml200-matrix-light-set\/\",\"url\":\"https:\/\/koningdrone.be\/product\/czi-tk3-tether-power-system-and-ml200-matrix-light-set\/\",\"name\":\"CZI TK3 Tether Power System And ML200 Matrix Light Set - koningdrone.be\",\"isPartOf\":{\"@id\":\"https:\/\/koningdrone.be\/#website\"},\"primaryImageOfPage\":{\"@id\":\"https:\/\/koningdrone.be\/product\/czi-tk3-tether-power-system-and-ml200-matrix-light-set\/#primaryimage\"},\"image\":{\"@id\":\"https:\/\/koningdrone.be\/product\/czi-tk3-tether-power-system-and-ml200-matrix-light-set\/#primaryimage\"},\"thumbnailUrl\":\"https:\/\/koningdrone.be\/wp-content\/uploads\/sites\/13\/2025\/04\/TK3_M30_COMBO_1000x1000.png\",\"datePublished\":\"2025-04-14T09:49:47+00:00\",\"dateModified\":\"2026-03-16T14:42:42+00:00\",\"breadcrumb\":{\"@id\":\"https:\/\/koningdrone.be\/product\/czi-tk3-tether-power-system-and-ml200-matrix-light-set\/#breadcrumb\"},\"inLanguage\":\"de\",\"potentialAction\":[{\"@type\":\"ReadAction\",\"target\":[\"https:\/\/koningdrone.be\/product\/czi-tk3-tether-power-system-and-ml200-matrix-light-set\/\"]}]},{\"@type\":\"ImageObject\",\"inLanguage\":\"de\",\"@id\":\"https:\/\/koningdrone.be\/product\/czi-tk3-tether-power-system-and-ml200-matrix-light-set\/#primaryimage\",\"url\":\"https:\/\/koningdrone.be\/wp-content\/uploads\/sites\/13\/2025\/04\/TK3_M30_COMBO_1000x1000.png\",\"contentUrl\":\"https:\/\/koningdrone.be\/wp-content\/uploads\/sites\/13\/2025\/04\/TK3_M30_COMBO_1000x1000.png\",\"width\":1000,\"height\":1000},{\"@type\":\"BreadcrumbList\",\"@id\":\"https:\/\/koningdrone.be\/product\/czi-tk3-tether-power-system-and-ml200-matrix-light-set\/#breadcrumb\",\"itemListElement\":[{\"@type\":\"ListItem\",\"position\":1,\"name\":\"Home\",\"item\":\"https:\/\/koningdrone.be\/\"},{\"@type\":\"ListItem\",\"position\":2,\"name\":\"AVSS Parachute Recovery System for DJI Matrice 300\/350\",\"item\":\"https:\/\/koningdrone.be\/product\/avss-parachute-recovery-system-for-dji-matrice-300-350\/\"},{\"@type\":\"ListItem\",\"position\":3,\"name\":\"DJI Matrice 350\",\"item\":\"https:\/\/koningdrone.be\/categorie\/dji-matrice-350\/\"},{\"@type\":\"ListItem\",\"position\":4,\"name\":\"CZI TK3 Tether Power System And ML200 Matrix Light Set\"}]},{\"@type\":\"WebSite\",\"@id\":\"https:\/\/koningdrone.be\/#website\",\"url\":\"https:\/\/koningdrone.be\/\",\"name\":\"Koningdrone.be - Uw online specialist in drones, gimbals, camera's en power stations.\",\"description\":\"De webshop in drones en gimbals\",\"publisher\":{\"@id\":\"https:\/\/koningdrone.be\/#organization\"},\"potentialAction\":[{\"@type\":\"SearchAction\",\"target\":{\"@type\":\"EntryPoint\",\"urlTemplate\":\"https:\/\/koningdrone.be\/?s={search_term_string}\"},\"query-input\":{\"@type\":\"PropertyValueSpecification\",\"valueRequired\":true,\"valueName\":\"search_term_string\"}}],\"inLanguage\":\"de\"},{\"@type\":\"Organization\",\"@id\":\"https:\/\/koningdrone.be\/#organization\",\"name\":\"Koningdrone.be\",\"url\":\"https:\/\/koningdrone.be\/\",\"logo\":{\"@type\":\"ImageObject\",\"inLanguage\":\"de\",\"@id\":\"https:\/\/koningdrone.be\/#\/schema\/logo\/image\/\",\"url\":\"https:\/\/koningdrone.be\/wp-content\/uploads\/sites\/13\/2025\/04\/koningdrone-copyright-logo.svg\",\"contentUrl\":\"https:\/\/koningdrone.be\/wp-content\/uploads\/sites\/13\/2025\/04\/koningdrone-copyright-logo.svg\",\"width\":227,\"height\":38,\"caption\":\"Koningdrone.be\"},\"image\":{\"@id\":\"https:\/\/koningdrone.be\/#\/schema\/logo\/image\/\"}}]}<\/script>\n<!-- \/ Yoast SEO Premium plugin. -->","yoast_head_json":{"title":"CZI TK3 Tether Power System And ML200 Matrix Light Set - koningdrone.be","robots":{"index":"index","follow":"follow","max-snippet":"max-snippet:-1","max-image-preview":"max-image-preview:large","max-video-preview":"max-video-preview:-1"},"canonical":"https:\/\/koningdrone.be\/de\/produkt\/czi-tk3-tether-power-system-and-ml200-matrix-light-set\/","og_locale":"de_DE","og_type":"article","og_title":"CZI TK3 Tether Power System And ML200 Matrix Light Set","og_description":"Continu vliegen: Hiermee kunnen drones tot 24 uur vliegen.Krachtige verlichting: Biedt sterke verlichting voor noodgevallen.Lichtgewicht ontwerp: Gemakkelijk te vervoeren en in te zetten.Betrouwbare voeding: Gebruikt hoogwaardige nikkellegering kabel.Brede compatibiliteit: Werkt met DJI M30, M300 en M350 drones.","og_url":"https:\/\/koningdrone.be\/de\/produkt\/czi-tk3-tether-power-system-and-ml200-matrix-light-set\/","og_site_name":"koningdrone.be","article_modified_time":"2026-03-16T14:42:42+00:00","og_image":[{"width":1000,"height":1000,"url":"https:\/\/koningdrone.be\/wp-content\/uploads\/sites\/13\/2025\/04\/TK3_M30_COMBO_1000x1000.png","type":"image\/png"}],"twitter_card":"summary_large_image","schema":{"@context":"https:\/\/schema.org","@graph":[{"@type":"WebPage","@id":"https:\/\/koningdrone.be\/product\/czi-tk3-tether-power-system-and-ml200-matrix-light-set\/","url":"https:\/\/koningdrone.be\/product\/czi-tk3-tether-power-system-and-ml200-matrix-light-set\/","name":"CZI TK3 Tether Power System And ML200 Matrix Light Set - koningdrone.be","isPartOf":{"@id":"https:\/\/koningdrone.be\/#website"},"primaryImageOfPage":{"@id":"https:\/\/koningdrone.be\/product\/czi-tk3-tether-power-system-and-ml200-matrix-light-set\/#primaryimage"},"image":{"@id":"https:\/\/koningdrone.be\/product\/czi-tk3-tether-power-system-and-ml200-matrix-light-set\/#primaryimage"},"thumbnailUrl":"https:\/\/koningdrone.be\/wp-content\/uploads\/sites\/13\/2025\/04\/TK3_M30_COMBO_1000x1000.png","datePublished":"2025-04-14T09:49:47+00:00","dateModified":"2026-03-16T14:42:42+00:00","breadcrumb":{"@id":"https:\/\/koningdrone.be\/product\/czi-tk3-tether-power-system-and-ml200-matrix-light-set\/#breadcrumb"},"inLanguage":"de","potentialAction":[{"@type":"ReadAction","target":["https:\/\/koningdrone.be\/product\/czi-tk3-tether-power-system-and-ml200-matrix-light-set\/"]}]},{"@type":"ImageObject","inLanguage":"de","@id":"https:\/\/koningdrone.be\/product\/czi-tk3-tether-power-system-and-ml200-matrix-light-set\/#primaryimage","url":"https:\/\/koningdrone.be\/wp-content\/uploads\/sites\/13\/2025\/04\/TK3_M30_COMBO_1000x1000.png","contentUrl":"https:\/\/koningdrone.be\/wp-content\/uploads\/sites\/13\/2025\/04\/TK3_M30_COMBO_1000x1000.png","width":1000,"height":1000},{"@type":"BreadcrumbList","@id":"https:\/\/koningdrone.be\/product\/czi-tk3-tether-power-system-and-ml200-matrix-light-set\/#breadcrumb","itemListElement":[{"@type":"ListItem","position":1,"name":"Home","item":"https:\/\/koningdrone.be\/"},{"@type":"ListItem","position":2,"name":"AVSS Parachute Recovery System for DJI Matrice 300\/350","item":"https:\/\/koningdrone.be\/product\/avss-parachute-recovery-system-for-dji-matrice-300-350\/"},{"@type":"ListItem","position":3,"name":"DJI Matrice 350","item":"https:\/\/koningdrone.be\/categorie\/dji-matrice-350\/"},{"@type":"ListItem","position":4,"name":"CZI TK3 Tether Power System And ML200 Matrix Light Set"}]},{"@type":"WebSite","@id":"https:\/\/koningdrone.be\/#website","url":"https:\/\/koningdrone.be\/","name":"Koningdrone.be - Ihr Online-Spezialist f\u00fcr Drohnen, Gimbals, Kameras und Kraftwerke.","description":"Der Webshop f\u00fcr Drohnen und Gimbals","publisher":{"@id":"https:\/\/koningdrone.be\/#organization"},"potentialAction":[{"@type":"SearchAction","target":{"@type":"EntryPoint","urlTemplate":"https:\/\/koningdrone.be\/?s={search_term_string}"},"query-input":{"@type":"PropertyValueSpecification","valueRequired":true,"valueName":"search_term_string"}}],"inLanguage":"de"},{"@type":"Organization","@id":"https:\/\/koningdrone.be\/#organization","name":"Kingdrone.de","url":"https:\/\/koningdrone.be\/","logo":{"@type":"ImageObject","inLanguage":"de","@id":"https:\/\/koningdrone.be\/#\/schema\/logo\/image\/","url":"https:\/\/koningdrone.be\/wp-content\/uploads\/sites\/13\/2025\/04\/koningdrone-copyright-logo.svg","contentUrl":"https:\/\/koningdrone.be\/wp-content\/uploads\/sites\/13\/2025\/04\/koningdrone-copyright-logo.svg","width":227,"height":38,"caption":"Koningdrone.be"},"image":{"@id":"https:\/\/koningdrone.be\/#\/schema\/logo\/image\/"}}]}},"df_price":"","df_sale_price":"","df_regular_price":"","df_image_link":"https:\/\/koningdrone.be\/wp-content\/uploads\/sites\/13\/2025\/04\/TK3_M30_COMBO_1000x1000-300x300.png","_links":{"self":[{"href":"https:\/\/koningdrone.be\/de\/wp-json\/wp\/v2\/product\/1041","targetHints":{"allow":["GET"]}}],"collection":[{"href":"https:\/\/koningdrone.be\/de\/wp-json\/wp\/v2\/product"}],"about":[{"href":"https:\/\/koningdrone.be\/de\/wp-json\/wp\/v2\/types\/product"}],"wp:featuredmedia":[{"embeddable":true,"href":"https:\/\/koningdrone.be\/de\/wp-json\/wp\/v2\/media\/1040"}],"wp:attachment":[{"href":"https:\/\/koningdrone.be\/de\/wp-json\/wp\/v2\/media?parent=1041"}],"wp:term":[{"taxonomy":"product_brand","embeddable":true,"href":"https:\/\/koningdrone.be\/de\/wp-json\/wp\/v2\/product_brand?post=1041"},{"taxonomy":"product_cat","embeddable":true,"href":"https:\/\/koningdrone.be\/de\/wp-json\/wp\/v2\/product_cat?post=1041"},{"taxonomy":"product_tag","embeddable":true,"href":"https:\/\/koningdrone.be\/de\/wp-json\/wp\/v2\/product_tag?post=1041"}],"curies":[{"name":"wp","href":"https:\/\/api.w.org\/{rel}","templated":true}]}}