{"id":1037,"date":"2025-04-14T09:49:47","date_gmt":"2025-04-14T07:49:47","guid":{"rendered":"https:\/\/koningdrone.nl\/kon\/product\/czi-th4-v2-throwing-hook\/"},"modified":"2026-03-16T15:37:20","modified_gmt":"2026-03-16T14:37:20","slug":"czi-th4-v2-throwing-hook","status":"publish","type":"product","link":"https:\/\/koningdrone.be\/de\/produkt\/czi-th4-v2-throwing-hook\/","title":{"rendered":"CZI TH4 V2 Wurfhaken"},"content":{"rendered":"<p>Der CZI TH4 V2 Wurfhaken ist ein Pr\u00e4zisionswerkzeug f\u00fcr den Einsatz von Drohnen in der Luft. Er erm\u00f6glicht den sicheren und effizienten Transport von Nutzlasten f\u00fcr Notfallma\u00dfnahmen, Rettungseins\u00e4tze und Materiallieferungen. Sein robustes und leichtes Design gew\u00e4hrleistet Stabilit\u00e4t und Zuverl\u00e4ssigkeit im Flug und macht ihn zu einem unverzichtbaren Werkzeug f\u00fcr verschiedene Aufgaben in der Luft.<\/p>","protected":false},"excerpt":{"rendered":"<ul>\n<li>Effizientes Werkzeug f\u00fcr die Zustellung von Fracht aus der Luft f\u00fcr Drohnen.<\/li>\n<li>Ideal f\u00fcr Notf\u00e4lle, Rettungseins\u00e4tze und Materialtransporte.<\/li>\n<li>Die robuste und leichte Konstruktion gew\u00e4hrleistet eine zuverl\u00e4ssige Leistung.<\/li>\n<li>Gew\u00e4hrleistet einen sicheren und pr\u00e4zisen Abwurf der Fracht aus der Luft.<\/li>\n<li>Verbessert die F\u00e4higkeiten von Drohnen f\u00fcr spezielle Aufgaben.<\/li>\n<\/ul>","protected":false},"featured_media":1035,"template":"","meta":{"_acf_changed":false},"product_brand":[],"product_cat":[126,97,152,153],"product_tag":[],"class_list":{"0":"post-1037","1":"product","2":"type-product","3":"status-publish","4":"has-post-thumbnail","6":"product_cat-alle-payloads","7":"product_cat-alle-producten","8":"product_cat-dji-matrice-300","9":"product_cat-dji-matrice-350","10":"pa_brand-czi","11":"pa_producttype-werphaak","13":"first","14":"outofstock","15":"taxable","16":"shipping-taxable","17":"product-type-simple"},"acf":[],"yoast_head":"<!-- This site is optimized with the Yoast SEO Premium plugin v27.2 (Yoast SEO v27.2) - https:\/\/yoast.com\/product\/yoast-seo-premium-wordpress\/ -->\n<title>CZI TH4 V2 Throwing Hook - koningdrone.be<\/title>\n<meta name=\"robots\" content=\"index, follow, max-snippet:-1, max-image-preview:large, max-video-preview:-1\" \/>\n<link rel=\"canonical\" href=\"https:\/\/koningdrone.be\/de\/produkt\/czi-th4-v2-throwing-hook\/\" \/>\n<meta property=\"og:locale\" content=\"de_DE\" \/>\n<meta property=\"og:type\" content=\"article\" \/>\n<meta property=\"og:title\" content=\"CZI TH4 V2 Throwing Hook\" \/>\n<meta property=\"og:description\" content=\"Effici\u00ebnt hulpmiddel voor het afleveren van ladingen vanuit de lucht voor drones.Ideaal voor noodhulp, reddingsmissies en materiaaltransport.Robuust en lichtgewicht ontwerp zorgt voor betrouwbare prestaties.Zorgt voor veilige en nauwkeurige droppings van ladingen vanuit de lucht.Verbetert de mogelijkheden van drones voor gespecialiseerde taken.\" \/>\n<meta property=\"og:url\" content=\"https:\/\/koningdrone.be\/de\/produkt\/czi-th4-v2-throwing-hook\/\" \/>\n<meta property=\"og:site_name\" content=\"koningdrone.be\" \/>\n<meta property=\"article:modified_time\" content=\"2026-03-16T14:37:20+00:00\" \/>\n<meta property=\"og:image\" content=\"https:\/\/koningdrone.be\/wp-content\/uploads\/sites\/13\/2025\/04\/6972073120067_1200_1200px.jpeg\" \/>\n\t<meta property=\"og:image:width\" content=\"1200\" \/>\n\t<meta property=\"og:image:height\" content=\"1200\" \/>\n\t<meta property=\"og:image:type\" content=\"image\/jpeg\" \/>\n<meta name=\"twitter:card\" content=\"summary_large_image\" \/>\n<script type=\"application\/ld+json\" class=\"yoast-schema-graph\">{\"@context\":\"https:\/\/schema.org\",\"@graph\":[{\"@type\":\"WebPage\",\"@id\":\"https:\/\/koningdrone.be\/product\/czi-th4-v2-throwing-hook\/\",\"url\":\"https:\/\/koningdrone.be\/product\/czi-th4-v2-throwing-hook\/\",\"name\":\"CZI TH4 V2 Throwing Hook - koningdrone.be\",\"isPartOf\":{\"@id\":\"https:\/\/koningdrone.be\/#website\"},\"primaryImageOfPage\":{\"@id\":\"https:\/\/koningdrone.be\/product\/czi-th4-v2-throwing-hook\/#primaryimage\"},\"image\":{\"@id\":\"https:\/\/koningdrone.be\/product\/czi-th4-v2-throwing-hook\/#primaryimage\"},\"thumbnailUrl\":\"https:\/\/koningdrone.be\/wp-content\/uploads\/sites\/13\/2025\/04\/6972073120067_1200_1200px.jpeg\",\"datePublished\":\"2025-04-14T07:49:47+00:00\",\"dateModified\":\"2026-03-16T14:37:20+00:00\",\"breadcrumb\":{\"@id\":\"https:\/\/koningdrone.be\/product\/czi-th4-v2-throwing-hook\/#breadcrumb\"},\"inLanguage\":\"de\",\"potentialAction\":[{\"@type\":\"ReadAction\",\"target\":[\"https:\/\/koningdrone.be\/product\/czi-th4-v2-throwing-hook\/\"]}]},{\"@type\":\"ImageObject\",\"inLanguage\":\"de\",\"@id\":\"https:\/\/koningdrone.be\/product\/czi-th4-v2-throwing-hook\/#primaryimage\",\"url\":\"https:\/\/koningdrone.be\/wp-content\/uploads\/sites\/13\/2025\/04\/6972073120067_1200_1200px.jpeg\",\"contentUrl\":\"https:\/\/koningdrone.be\/wp-content\/uploads\/sites\/13\/2025\/04\/6972073120067_1200_1200px.jpeg\",\"width\":1200,\"height\":1200},{\"@type\":\"BreadcrumbList\",\"@id\":\"https:\/\/koningdrone.be\/product\/czi-th4-v2-throwing-hook\/#breadcrumb\",\"itemListElement\":[{\"@type\":\"ListItem\",\"position\":1,\"name\":\"Home\",\"item\":\"https:\/\/koningdrone.be\/\"},{\"@type\":\"ListItem\",\"position\":2,\"name\":\"AVSS Parachute Recovery System for DJI Matrice 300\/350\",\"item\":\"https:\/\/koningdrone.be\/product\/avss-parachute-recovery-system-for-dji-matrice-300-350\/\"},{\"@type\":\"ListItem\",\"position\":3,\"name\":\"Uncategorized\",\"item\":\"https:\/\/koningdrone.be\/categorie\/uncategorized\/\"},{\"@type\":\"ListItem\",\"position\":4,\"name\":\"CZI TH4 V2 Throwing Hook\"}]},{\"@type\":\"WebSite\",\"@id\":\"https:\/\/koningdrone.be\/#website\",\"url\":\"https:\/\/koningdrone.be\/\",\"name\":\"Koningdrone.be - Uw online specialist in drones, gimbals, camera's en power stations.\",\"description\":\"De webshop in drones en gimbals\",\"publisher\":{\"@id\":\"https:\/\/koningdrone.be\/#organization\"},\"potentialAction\":[{\"@type\":\"SearchAction\",\"target\":{\"@type\":\"EntryPoint\",\"urlTemplate\":\"https:\/\/koningdrone.be\/?s={search_term_string}\"},\"query-input\":{\"@type\":\"PropertyValueSpecification\",\"valueRequired\":true,\"valueName\":\"search_term_string\"}}],\"inLanguage\":\"de\"},{\"@type\":\"Organization\",\"@id\":\"https:\/\/koningdrone.be\/#organization\",\"name\":\"Koningdrone.be\",\"url\":\"https:\/\/koningdrone.be\/\",\"logo\":{\"@type\":\"ImageObject\",\"inLanguage\":\"de\",\"@id\":\"https:\/\/koningdrone.be\/#\/schema\/logo\/image\/\",\"url\":\"https:\/\/koningdrone.be\/wp-content\/uploads\/sites\/13\/2025\/04\/koningdrone-copyright-logo.svg\",\"contentUrl\":\"https:\/\/koningdrone.be\/wp-content\/uploads\/sites\/13\/2025\/04\/koningdrone-copyright-logo.svg\",\"width\":227,\"height\":38,\"caption\":\"Koningdrone.be\"},\"image\":{\"@id\":\"https:\/\/koningdrone.be\/#\/schema\/logo\/image\/\"}}]}<\/script>\n<!-- \/ Yoast SEO Premium plugin. -->","yoast_head_json":{"title":"CZI TH4 V2 Throwing Hook - koningdrone.be","robots":{"index":"index","follow":"follow","max-snippet":"max-snippet:-1","max-image-preview":"max-image-preview:large","max-video-preview":"max-video-preview:-1"},"canonical":"https:\/\/koningdrone.be\/de\/produkt\/czi-th4-v2-throwing-hook\/","og_locale":"de_DE","og_type":"article","og_title":"CZI TH4 V2 Throwing Hook","og_description":"Effici\u00ebnt hulpmiddel voor het afleveren van ladingen vanuit de lucht voor drones.Ideaal voor noodhulp, reddingsmissies en materiaaltransport.Robuust en lichtgewicht ontwerp zorgt voor betrouwbare prestaties.Zorgt voor veilige en nauwkeurige droppings van ladingen vanuit de lucht.Verbetert de mogelijkheden van drones voor gespecialiseerde taken.","og_url":"https:\/\/koningdrone.be\/de\/produkt\/czi-th4-v2-throwing-hook\/","og_site_name":"koningdrone.be","article_modified_time":"2026-03-16T14:37:20+00:00","og_image":[{"width":1200,"height":1200,"url":"https:\/\/koningdrone.be\/wp-content\/uploads\/sites\/13\/2025\/04\/6972073120067_1200_1200px.jpeg","type":"image\/jpeg"}],"twitter_card":"summary_large_image","schema":{"@context":"https:\/\/schema.org","@graph":[{"@type":"WebPage","@id":"https:\/\/koningdrone.be\/product\/czi-th4-v2-throwing-hook\/","url":"https:\/\/koningdrone.be\/product\/czi-th4-v2-throwing-hook\/","name":"CZI TH4 V2 Throwing Hook - koningdrone.be","isPartOf":{"@id":"https:\/\/koningdrone.be\/#website"},"primaryImageOfPage":{"@id":"https:\/\/koningdrone.be\/product\/czi-th4-v2-throwing-hook\/#primaryimage"},"image":{"@id":"https:\/\/koningdrone.be\/product\/czi-th4-v2-throwing-hook\/#primaryimage"},"thumbnailUrl":"https:\/\/koningdrone.be\/wp-content\/uploads\/sites\/13\/2025\/04\/6972073120067_1200_1200px.jpeg","datePublished":"2025-04-14T07:49:47+00:00","dateModified":"2026-03-16T14:37:20+00:00","breadcrumb":{"@id":"https:\/\/koningdrone.be\/product\/czi-th4-v2-throwing-hook\/#breadcrumb"},"inLanguage":"de","potentialAction":[{"@type":"ReadAction","target":["https:\/\/koningdrone.be\/product\/czi-th4-v2-throwing-hook\/"]}]},{"@type":"ImageObject","inLanguage":"de","@id":"https:\/\/koningdrone.be\/product\/czi-th4-v2-throwing-hook\/#primaryimage","url":"https:\/\/koningdrone.be\/wp-content\/uploads\/sites\/13\/2025\/04\/6972073120067_1200_1200px.jpeg","contentUrl":"https:\/\/koningdrone.be\/wp-content\/uploads\/sites\/13\/2025\/04\/6972073120067_1200_1200px.jpeg","width":1200,"height":1200},{"@type":"BreadcrumbList","@id":"https:\/\/koningdrone.be\/product\/czi-th4-v2-throwing-hook\/#breadcrumb","itemListElement":[{"@type":"ListItem","position":1,"name":"Home","item":"https:\/\/koningdrone.be\/"},{"@type":"ListItem","position":2,"name":"AVSS Parachute Recovery System for DJI Matrice 300\/350","item":"https:\/\/koningdrone.be\/product\/avss-parachute-recovery-system-for-dji-matrice-300-350\/"},{"@type":"ListItem","position":3,"name":"Uncategorized","item":"https:\/\/koningdrone.be\/categorie\/uncategorized\/"},{"@type":"ListItem","position":4,"name":"CZI TH4 V2 Throwing Hook"}]},{"@type":"WebSite","@id":"https:\/\/koningdrone.be\/#website","url":"https:\/\/koningdrone.be\/","name":"Koningdrone.be - Ihr Online-Spezialist f\u00fcr Drohnen, Gimbals, Kameras und Kraftwerke.","description":"Der Webshop f\u00fcr Drohnen und Gimbals","publisher":{"@id":"https:\/\/koningdrone.be\/#organization"},"potentialAction":[{"@type":"SearchAction","target":{"@type":"EntryPoint","urlTemplate":"https:\/\/koningdrone.be\/?s={search_term_string}"},"query-input":{"@type":"PropertyValueSpecification","valueRequired":true,"valueName":"search_term_string"}}],"inLanguage":"de"},{"@type":"Organization","@id":"https:\/\/koningdrone.be\/#organization","name":"Kingdrone.de","url":"https:\/\/koningdrone.be\/","logo":{"@type":"ImageObject","inLanguage":"de","@id":"https:\/\/koningdrone.be\/#\/schema\/logo\/image\/","url":"https:\/\/koningdrone.be\/wp-content\/uploads\/sites\/13\/2025\/04\/koningdrone-copyright-logo.svg","contentUrl":"https:\/\/koningdrone.be\/wp-content\/uploads\/sites\/13\/2025\/04\/koningdrone-copyright-logo.svg","width":227,"height":38,"caption":"Koningdrone.be"},"image":{"@id":"https:\/\/koningdrone.be\/#\/schema\/logo\/image\/"}}]}},"df_price":"","df_sale_price":"","df_regular_price":"","df_image_link":"https:\/\/koningdrone.be\/wp-content\/uploads\/sites\/13\/2025\/04\/6972073120067_1200_1200px-300x300.jpeg","_links":{"self":[{"href":"https:\/\/koningdrone.be\/de\/wp-json\/wp\/v2\/product\/1037","targetHints":{"allow":["GET"]}}],"collection":[{"href":"https:\/\/koningdrone.be\/de\/wp-json\/wp\/v2\/product"}],"about":[{"href":"https:\/\/koningdrone.be\/de\/wp-json\/wp\/v2\/types\/product"}],"wp:featuredmedia":[{"embeddable":true,"href":"https:\/\/koningdrone.be\/de\/wp-json\/wp\/v2\/media\/1035"}],"wp:attachment":[{"href":"https:\/\/koningdrone.be\/de\/wp-json\/wp\/v2\/media?parent=1037"}],"wp:term":[{"taxonomy":"product_brand","embeddable":true,"href":"https:\/\/koningdrone.be\/de\/wp-json\/wp\/v2\/product_brand?post=1037"},{"taxonomy":"product_cat","embeddable":true,"href":"https:\/\/koningdrone.be\/de\/wp-json\/wp\/v2\/product_cat?post=1037"},{"taxonomy":"product_tag","embeddable":true,"href":"https:\/\/koningdrone.be\/de\/wp-json\/wp\/v2\/product_tag?post=1037"}],"curies":[{"name":"wp","href":"https:\/\/api.w.org\/{rel}","templated":true}]}}