{"id":10181,"date":"2025-07-03T09:32:45","date_gmt":"2025-07-03T07:32:45","guid":{"rendered":"https:\/\/koningdrone.be\/product\/dji-mavic-4-pro-dji-rc-2\/"},"modified":"2026-04-29T15:20:20","modified_gmt":"2026-04-29T13:20:20","slug":"dji-mavic-4-pro-including-rc331-smart-controller","status":"publish","type":"product","link":"https:\/\/koningdrone.be\/de\/produkt\/dji-mavic-4-pro-including-rc331-smart-controller\/","title":{"rendered":"DJI Mavic 4 Pro - einschlie\u00dflich RC331 Smart Controller"},"content":{"rendered":"<h3>DJI Mavic 4 Pro: Der neue Standard in der High-End-Cine-Produktion<\/h3>\n<p><iframe loading=\"lazy\" title=\"Einf\u00fchrung des DJI Mavic 4 Pro\" width=\"800\" height=\"450\" src=\"https:\/\/www.youtube.com\/embed\/BNEmDcQr6hk?feature=oembed&#038;enablejsapi=1&#038;origin=https:\/\/koningdrone.be\" frameborder=\"0\" allow=\"accelerometer; autoplay; clipboard-write; encrypted-media; gyroscope; picture-in-picture; web-share\" referrerpolicy=\"strict-origin-when-cross-origin\" allowfullscreen><\/iframe><\/p>\n<p style=\"margin: 20px 0\">Die <strong>DJI Mavic 4 Pro mit RC331 Smart Controller<\/strong> ist nicht nur ein Upgrade, sondern eine Neudefinition dessen, was am Himmel m\u00f6glich ist. Zum ersten Mal kombiniert dieses Flaggschiff ein Dreifach-Kamerasystem mit einem <strong>100MP Hasselblad Hauptkamera<\/strong>, Dadurch wird sichergestellt, dass jeder Pixel in Farbe und Detailreichtum getr\u00e4nkt ist. Ganz gleich, ob Sie einen hochwertigen Spielfilm drehen oder komplexe industrielle Inspektionen durchf\u00fchren - die Mavic 4 Pro liefert eine Bildqualit\u00e4t, die bisher nur schweren, unhandlichen Kinodrohnen vorbehalten war. In Kombination mit dem RC331 Smart Controller bietet sie einen nahtlosen, smartphonefreien Workflow f\u00fcr anspruchsvolle Profis, die sich nicht mit weniger als Perfektion zufriedengeben.<\/p>\n<p><a href=\"https:\/\/koningdrone.nl\/wp-content\/uploads\/2025\/07\/DJI-Mavic-4-Pro-\u2013-including-RC331-Smart-Controller.jpg\"><img loading=\"lazy\" decoding=\"async\" class=\"size-medium wp-image-472484 aligncenter\" src=\"https:\/\/koningdrone.nl\/wp-content\/uploads\/2025\/07\/DJI-Mavic-4-Pro-\u2013-including-RC331-Smart-Controller-300x300.jpg\" alt=\"DJI Mavic 4 Pro \u2013 including RC331 Smart Controller\" width=\"300\" height=\"300\" \/><\/a><\/p>\n<h4>Unerreichte Optik und Nachtsicht<\/h4>\n<p>Das Kamerasystem des Mavic 4 Pro bietet eine kreative Freiheit, die in dieser Klasse beispiellos ist:<\/p>\n<ul>\n<li><strong>Dreifach-Kamera Hasselblad System:<\/strong> Das Herzst\u00fcck ist ein 4\/3\u2033-CMOS-Sensor mit 100 MP, der atemberaubende Bilder liefert. <strong>6K HDR-Videos mit 60 Bildern pro Sekunde<\/strong> Es wird von einem 48-MP-Objektiv mit mittlerem Telebereich (70 mm) und einem 50-MP-Objektiv mit Telebereich (168 mm) flankiert, so dass Sie stufenlos zwischen weitl\u00e4ufigen Ansichten und intimen Details wechseln k\u00f6nnen, ohne an Qualit\u00e4t zu verlieren.<\/li>\n<li><strong>Infinity Gimbal mit 360\u00b0 Rotation:<\/strong> Die revolution\u00e4re Gimbal-Architektur erm\u00f6glicht eine vollst\u00e4ndige 360\u00b0-Drehung. Dies erm\u00f6glicht komplexe Kamerafahrten im Stil von \u201cInception\u201d und vertikale Aufnahmen, ohne dass die Drohne physisch gedreht werden muss.<\/li>\n<li><strong>1 Lux Nightscape &amp; LiDAR:<\/strong> Dank der fortschrittlichen Nightscape-Technologie und der omnidirektionalen LiDAR-Sensoren navigiert die Drohne sicher in nahezu v\u00f6lliger Dunkelheit. Die Hinderniserkennung bleibt bei nur <strong>0,1 Lux<\/strong>, Dadurch werden Nachtaufnahmen sicherer denn je.<\/li>\n<\/ul>\n<h4><a href=\"https:\/\/koningdrone.nl\/wp-content\/uploads\/2025\/07\/Product-DJI-Mavic-4-Pro-\u2013-including-RC331-Smart-Controller.jpg\"><img loading=\"lazy\" decoding=\"async\" class=\"size-medium wp-image-472483 aligncenter\" src=\"https:\/\/koningdrone.nl\/wp-content\/uploads\/2025\/07\/Product-DJI-Mavic-4-Pro-\u2013-including-RC331-Smart-Controller-300x225.jpg\" alt=\"Product DJI Mavic 4 Pro \u2013 including RC331 Smart Controller\" width=\"300\" height=\"225\" \/><\/a><\/h4>\n<h4>\u00dcberlegene Flugleistung und Kontrolle<\/h4>\n<p>Der Mavic 4 Pro ist auf Ausdauer und Pr\u00e4zision unter Druck ausgelegt:<\/p>\n<ul>\n<li><strong>Au\u00dfergew\u00f6hnliche Flugzeit von 51 Minuten:<\/strong> Dank des leistungsstarken 95-Wh-Akkus und eines optimierten aerodynamischen Designs bleibt die Drohne l\u00e4nger in der Luft als alle Vorg\u00e4nger. Mit einer theoretischen Reichweite von <strong>41 km<\/strong> selbst die entlegensten Orte sind zug\u00e4nglich.<\/li>\n<li><strong>RC331 Smart Controller:<\/strong> Der mitgelieferte Controller verf\u00fcgt \u00fcber einen ultrahellen integrierten Bildschirm, der auch bei direkter Sonneneinstrahlung perfekt ablesbar ist. Kein \u00c4rger mehr mit Kabeln oder \u00fcberhitzten Telefonen; Sie sind innerhalb von Sekunden nach dem Start einsatzbereit.<\/li>\n<li><strong>ActiveTrack 360\u00b0:<\/strong> Das KI-gesteuerte Tracking-System sorgt daf\u00fcr, dass Sie Ihr Motiv aus jedem Winkel im Blick behalten. Die Drohne berechnet autonom komplexe Flugpfade, um Hindernissen auszuweichen und gleichzeitig eine perfekte Komposition zu erhalten.<\/li>\n<\/ul>\n<h4><a href=\"https:\/\/koningdrone.nl\/wp-content\/uploads\/2025\/07\/DJI-Mavic-4-Pro-Product-\u2013-including-RC331-Smart-Controller.jpg\"><img loading=\"lazy\" decoding=\"async\" class=\"size-medium wp-image-472482 aligncenter\" src=\"https:\/\/koningdrone.nl\/wp-content\/uploads\/2025\/07\/DJI-Mavic-4-Pro-Product-\u2013-including-RC331-Smart-Controller-300x225.jpg\" alt=\"DJI Mavic 4 Pro Product \u2013 including RC331 Smart Controller\" width=\"300\" height=\"225\" \/><\/a><\/h4>\n<h4>Warum der DJI Mavic 4 Pro unverzichtbar ist<\/h4>\n<p>F\u00fcr Filmemacher, Autoren von Inhalten und Inspektoren ist der Mavic 4 Pro das ultimative Werkzeug. Mit ihr m\u00fcssen Sie nicht mehr zwischen Tragbarkeit und Bildqualit\u00e4t w\u00e4hlen. Mit ihrer riesigen Sensoraufl\u00f6sung und der Vielseitigkeit ihrer drei Objektive ersetzt diese Drohne eine ganze Tasche mit Kameraausr\u00fcstung. Mit der Mavic 4 Pro investieren Sie in eine zukunftssichere Plattform, die nicht nur die Grenzen der Luftbildfotografie verschiebt, sondern sie auf ein Niveau filmischer Perfektion hebt.<\/p>","protected":false},"excerpt":{"rendered":"<ul>\n<li>100MP Hasselblad Kamera + zwei Teleobjektive<\/li>\n<li>6K HDR-Video mit bis zu 60 fps<\/li>\n<li>Bis zu 51 Minuten Flugzeit<\/li>\n<li>Infinity Gimbal mit 360\u00b0 Rotation<\/li>\n<li>Omnidirektionale Hinderniserkennung mit Nachtsicht<\/li>\n<li>ActiveTrack 360\u00b0 intelligente Verfolgung<\/li>\n<li>RC331 Controller mit eingebautem Display<\/li>\n<\/ul>","protected":false},"featured_media":18786,"template":"","meta":{"_acf_changed":false},"product_brand":[],"product_cat":[136,1415,58],"product_tag":[],"class_list":{"0":"post-10181","1":"product","2":"type-product","3":"status-publish","4":"has-post-thumbnail","6":"product_cat-consumer-drones","7":"product_cat-dji-mavic-4-pro","8":"product_cat-uncategorized","9":"product_shipping_class-outofstock","10":"pa_brand-dji","11":"pa_producttype-drone","12":"pa_series-mavic","14":"first","15":"outofstock","16":"taxable","17":"shipping-taxable","18":"purchasable","19":"product-type-simple"},"acf":[],"yoast_head":"<!-- This site is optimized with the Yoast SEO Premium plugin v27.2 (Yoast SEO v27.2) - https:\/\/yoast.com\/product\/yoast-seo-premium-wordpress\/ -->\n<title>DJI Mavic 4 Pro \u2013 including RC331 Smart Controller - koningdrone.be<\/title>\n<meta name=\"robots\" content=\"index, follow, max-snippet:-1, max-image-preview:large, max-video-preview:-1\" \/>\n<link rel=\"canonical\" href=\"https:\/\/koningdrone.be\/de\/produkt\/dji-mavic-4-pro-including-rc331-smart-controller\/\" \/>\n<meta property=\"og:locale\" content=\"de_DE\" \/>\n<meta property=\"og:type\" content=\"article\" \/>\n<meta property=\"og:title\" content=\"DJI Mavic 4 Pro \u2013 including RC331 Smart Controller\" \/>\n<meta property=\"og:description\" content=\"100MP Hasselblad camera + dubbele telelenzen  6K HDR video tot 60 fps  Tot 51 minuten vliegtijd  Infinity Gimbal met 360\u00b0 rotatie  Omnidirectionele obstakeldetectie met night vision  ActiveTrack 360\u00b0 intelligente tracking  RC331 controller met ingebouwd scherm\" \/>\n<meta property=\"og:url\" content=\"https:\/\/koningdrone.be\/de\/produkt\/dji-mavic-4-pro-including-rc331-smart-controller\/\" \/>\n<meta property=\"og:site_name\" content=\"koningdrone.be\" \/>\n<meta property=\"article:modified_time\" content=\"2026-04-29T13:20:20+00:00\" \/>\n<meta property=\"og:image\" content=\"https:\/\/koningdrone.be\/wp-content\/uploads\/sites\/13\/2026\/04\/DJI-Mavic-4-Pro-\u2013-including-RC331-Smart-Controller.jpg\" \/>\n\t<meta property=\"og:image:width\" content=\"2560\" \/>\n\t<meta property=\"og:image:height\" content=\"2560\" \/>\n\t<meta property=\"og:image:type\" content=\"image\/jpeg\" \/>\n<meta name=\"twitter:card\" content=\"summary_large_image\" \/>\n<meta name=\"twitter:label1\" content=\"Gesch\u00e4tzte Lesezeit\" \/>\n\t<meta name=\"twitter:data1\" content=\"1\u00a0Minute\" \/>\n<script type=\"application\/ld+json\" class=\"yoast-schema-graph\">{\"@context\":\"https:\/\/schema.org\",\"@graph\":[{\"@type\":\"WebPage\",\"@id\":\"https:\/\/koningdrone.be\/product\/dji-mavic-4-pro-including-rc331-smart-controller\/\",\"url\":\"https:\/\/koningdrone.be\/product\/dji-mavic-4-pro-including-rc331-smart-controller\/\",\"name\":\"DJI Mavic 4 Pro \u2013 including RC331 Smart Controller - koningdrone.be\",\"isPartOf\":{\"@id\":\"https:\/\/koningdrone.be\/#website\"},\"primaryImageOfPage\":{\"@id\":\"https:\/\/koningdrone.be\/product\/dji-mavic-4-pro-including-rc331-smart-controller\/#primaryimage\"},\"image\":{\"@id\":\"https:\/\/koningdrone.be\/product\/dji-mavic-4-pro-including-rc331-smart-controller\/#primaryimage\"},\"thumbnailUrl\":\"https:\/\/koningdrone.be\/wp-content\/uploads\/sites\/13\/2026\/04\/DJI-Mavic-4-Pro-\u2013-including-RC331-Smart-Controller.jpg\",\"datePublished\":\"2025-07-03T07:32:45+00:00\",\"dateModified\":\"2026-04-29T13:20:20+00:00\",\"breadcrumb\":{\"@id\":\"https:\/\/koningdrone.be\/product\/dji-mavic-4-pro-including-rc331-smart-controller\/#breadcrumb\"},\"inLanguage\":\"de\",\"potentialAction\":[{\"@type\":\"ReadAction\",\"target\":[\"https:\/\/koningdrone.be\/product\/dji-mavic-4-pro-including-rc331-smart-controller\/\"]}]},{\"@type\":\"ImageObject\",\"inLanguage\":\"de\",\"@id\":\"https:\/\/koningdrone.be\/product\/dji-mavic-4-pro-including-rc331-smart-controller\/#primaryimage\",\"url\":\"https:\/\/koningdrone.be\/wp-content\/uploads\/sites\/13\/2026\/04\/DJI-Mavic-4-Pro-\u2013-including-RC331-Smart-Controller.jpg\",\"contentUrl\":\"https:\/\/koningdrone.be\/wp-content\/uploads\/sites\/13\/2026\/04\/DJI-Mavic-4-Pro-\u2013-including-RC331-Smart-Controller.jpg\",\"width\":2560,\"height\":2560},{\"@type\":\"BreadcrumbList\",\"@id\":\"https:\/\/koningdrone.be\/product\/dji-mavic-4-pro-including-rc331-smart-controller\/#breadcrumb\",\"itemListElement\":[{\"@type\":\"ListItem\",\"position\":1,\"name\":\"Home\",\"item\":\"https:\/\/koningdrone.be\/\"},{\"@type\":\"ListItem\",\"position\":2,\"name\":\"AVSS Parachute Recovery System for DJI Matrice 300\/350\",\"item\":\"https:\/\/koningdrone.be\/product\/avss-parachute-recovery-system-for-dji-matrice-300-350\/\"},{\"@type\":\"ListItem\",\"position\":3,\"name\":\"Consumer drones\",\"item\":\"https:\/\/koningdrone.be\/categorie\/consumer-drones\/\"},{\"@type\":\"ListItem\",\"position\":4,\"name\":\"DJI Mavic 4 Pro \u2013 including RC331 Smart Controller\"}]},{\"@type\":\"WebSite\",\"@id\":\"https:\/\/koningdrone.be\/#website\",\"url\":\"https:\/\/koningdrone.be\/\",\"name\":\"Koningdrone.be - Uw online specialist in drones, gimbals, camera's en power stations.\",\"description\":\"De webshop in drones en gimbals\",\"publisher\":{\"@id\":\"https:\/\/koningdrone.be\/#organization\"},\"potentialAction\":[{\"@type\":\"SearchAction\",\"target\":{\"@type\":\"EntryPoint\",\"urlTemplate\":\"https:\/\/koningdrone.be\/?s={search_term_string}\"},\"query-input\":{\"@type\":\"PropertyValueSpecification\",\"valueRequired\":true,\"valueName\":\"search_term_string\"}}],\"inLanguage\":\"de\"},{\"@type\":\"Organization\",\"@id\":\"https:\/\/koningdrone.be\/#organization\",\"name\":\"Koningdrone.be\",\"url\":\"https:\/\/koningdrone.be\/\",\"logo\":{\"@type\":\"ImageObject\",\"inLanguage\":\"de\",\"@id\":\"https:\/\/koningdrone.be\/#\/schema\/logo\/image\/\",\"url\":\"https:\/\/koningdrone.be\/wp-content\/uploads\/sites\/13\/2025\/04\/koningdrone-copyright-logo.svg\",\"contentUrl\":\"https:\/\/koningdrone.be\/wp-content\/uploads\/sites\/13\/2025\/04\/koningdrone-copyright-logo.svg\",\"width\":227,\"height\":38,\"caption\":\"Koningdrone.be\"},\"image\":{\"@id\":\"https:\/\/koningdrone.be\/#\/schema\/logo\/image\/\"}}]}<\/script>\n<!-- \/ Yoast SEO Premium plugin. -->","yoast_head_json":{"title":"DJI Mavic 4 Pro \u2013 including RC331 Smart Controller - koningdrone.be","robots":{"index":"index","follow":"follow","max-snippet":"max-snippet:-1","max-image-preview":"max-image-preview:large","max-video-preview":"max-video-preview:-1"},"canonical":"https:\/\/koningdrone.be\/de\/produkt\/dji-mavic-4-pro-including-rc331-smart-controller\/","og_locale":"de_DE","og_type":"article","og_title":"DJI Mavic 4 Pro \u2013 including RC331 Smart Controller","og_description":"100MP Hasselblad camera + dubbele telelenzen  6K HDR video tot 60 fps  Tot 51 minuten vliegtijd  Infinity Gimbal met 360\u00b0 rotatie  Omnidirectionele obstakeldetectie met night vision  ActiveTrack 360\u00b0 intelligente tracking  RC331 controller met ingebouwd scherm","og_url":"https:\/\/koningdrone.be\/de\/produkt\/dji-mavic-4-pro-including-rc331-smart-controller\/","og_site_name":"koningdrone.be","article_modified_time":"2026-04-29T13:20:20+00:00","og_image":[{"width":2560,"height":2560,"url":"https:\/\/koningdrone.be\/wp-content\/uploads\/sites\/13\/2026\/04\/DJI-Mavic-4-Pro-\u2013-including-RC331-Smart-Controller.jpg","type":"image\/jpeg"}],"twitter_card":"summary_large_image","twitter_misc":{"Gesch\u00e4tzte Lesezeit":"1\u00a0Minute"},"schema":{"@context":"https:\/\/schema.org","@graph":[{"@type":"WebPage","@id":"https:\/\/koningdrone.be\/product\/dji-mavic-4-pro-including-rc331-smart-controller\/","url":"https:\/\/koningdrone.be\/product\/dji-mavic-4-pro-including-rc331-smart-controller\/","name":"DJI Mavic 4 Pro \u2013 including RC331 Smart Controller - koningdrone.be","isPartOf":{"@id":"https:\/\/koningdrone.be\/#website"},"primaryImageOfPage":{"@id":"https:\/\/koningdrone.be\/product\/dji-mavic-4-pro-including-rc331-smart-controller\/#primaryimage"},"image":{"@id":"https:\/\/koningdrone.be\/product\/dji-mavic-4-pro-including-rc331-smart-controller\/#primaryimage"},"thumbnailUrl":"https:\/\/koningdrone.be\/wp-content\/uploads\/sites\/13\/2026\/04\/DJI-Mavic-4-Pro-\u2013-including-RC331-Smart-Controller.jpg","datePublished":"2025-07-03T07:32:45+00:00","dateModified":"2026-04-29T13:20:20+00:00","breadcrumb":{"@id":"https:\/\/koningdrone.be\/product\/dji-mavic-4-pro-including-rc331-smart-controller\/#breadcrumb"},"inLanguage":"de","potentialAction":[{"@type":"ReadAction","target":["https:\/\/koningdrone.be\/product\/dji-mavic-4-pro-including-rc331-smart-controller\/"]}]},{"@type":"ImageObject","inLanguage":"de","@id":"https:\/\/koningdrone.be\/product\/dji-mavic-4-pro-including-rc331-smart-controller\/#primaryimage","url":"https:\/\/koningdrone.be\/wp-content\/uploads\/sites\/13\/2026\/04\/DJI-Mavic-4-Pro-\u2013-including-RC331-Smart-Controller.jpg","contentUrl":"https:\/\/koningdrone.be\/wp-content\/uploads\/sites\/13\/2026\/04\/DJI-Mavic-4-Pro-\u2013-including-RC331-Smart-Controller.jpg","width":2560,"height":2560},{"@type":"BreadcrumbList","@id":"https:\/\/koningdrone.be\/product\/dji-mavic-4-pro-including-rc331-smart-controller\/#breadcrumb","itemListElement":[{"@type":"ListItem","position":1,"name":"Home","item":"https:\/\/koningdrone.be\/"},{"@type":"ListItem","position":2,"name":"AVSS Parachute Recovery System for DJI Matrice 300\/350","item":"https:\/\/koningdrone.be\/product\/avss-parachute-recovery-system-for-dji-matrice-300-350\/"},{"@type":"ListItem","position":3,"name":"Consumer drones","item":"https:\/\/koningdrone.be\/categorie\/consumer-drones\/"},{"@type":"ListItem","position":4,"name":"DJI Mavic 4 Pro \u2013 including RC331 Smart Controller"}]},{"@type":"WebSite","@id":"https:\/\/koningdrone.be\/#website","url":"https:\/\/koningdrone.be\/","name":"Koningdrone.be - Ihr Online-Spezialist f\u00fcr Drohnen, Gimbals, Kameras und Kraftwerke.","description":"Der Webshop f\u00fcr Drohnen und Gimbals","publisher":{"@id":"https:\/\/koningdrone.be\/#organization"},"potentialAction":[{"@type":"SearchAction","target":{"@type":"EntryPoint","urlTemplate":"https:\/\/koningdrone.be\/?s={search_term_string}"},"query-input":{"@type":"PropertyValueSpecification","valueRequired":true,"valueName":"search_term_string"}}],"inLanguage":"de"},{"@type":"Organization","@id":"https:\/\/koningdrone.be\/#organization","name":"Kingdrone.de","url":"https:\/\/koningdrone.be\/","logo":{"@type":"ImageObject","inLanguage":"de","@id":"https:\/\/koningdrone.be\/#\/schema\/logo\/image\/","url":"https:\/\/koningdrone.be\/wp-content\/uploads\/sites\/13\/2025\/04\/koningdrone-copyright-logo.svg","contentUrl":"https:\/\/koningdrone.be\/wp-content\/uploads\/sites\/13\/2025\/04\/koningdrone-copyright-logo.svg","width":227,"height":38,"caption":"Koningdrone.be"},"image":{"@id":"https:\/\/koningdrone.be\/#\/schema\/logo\/image\/"}}]}},"df_price":1929,"df_sale_price":"","df_regular_price":1929,"df_image_link":"https:\/\/koningdrone.be\/wp-content\/uploads\/sites\/13\/2026\/04\/DJI-Mavic-4-Pro-\u2013-including-RC331-Smart-Controller-300x300.jpg","_links":{"self":[{"href":"https:\/\/koningdrone.be\/de\/wp-json\/wp\/v2\/product\/10181","targetHints":{"allow":["GET"]}}],"collection":[{"href":"https:\/\/koningdrone.be\/de\/wp-json\/wp\/v2\/product"}],"about":[{"href":"https:\/\/koningdrone.be\/de\/wp-json\/wp\/v2\/types\/product"}],"wp:featuredmedia":[{"embeddable":true,"href":"https:\/\/koningdrone.be\/de\/wp-json\/wp\/v2\/media\/18786"}],"wp:attachment":[{"href":"https:\/\/koningdrone.be\/de\/wp-json\/wp\/v2\/media?parent=10181"}],"wp:term":[{"taxonomy":"product_brand","embeddable":true,"href":"https:\/\/koningdrone.be\/de\/wp-json\/wp\/v2\/product_brand?post=10181"},{"taxonomy":"product_cat","embeddable":true,"href":"https:\/\/koningdrone.be\/de\/wp-json\/wp\/v2\/product_cat?post=10181"},{"taxonomy":"product_tag","embeddable":true,"href":"https:\/\/koningdrone.be\/de\/wp-json\/wp\/v2\/product_tag?post=10181"}],"curies":[{"name":"wp","href":"https:\/\/api.w.org\/{rel}","templated":true}]}}