{"id":10160,"date":"2025-07-03T09:32:52","date_gmt":"2025-07-03T07:32:52","guid":{"rendered":"https:\/\/koningdrone.be\/product\/dji-mavic-4-pro-fly-more-combo-dji-rc-2\/"},"modified":"2026-04-29T15:20:21","modified_gmt":"2026-04-29T13:20:21","slug":"dji-mavic-4-pro-fly-more-combo-including-dji-rc331-smart-controller","status":"publish","type":"product","link":"https:\/\/koningdrone.be\/de\/produkt\/dji-mavic-4-pro-fly-more-combo-including-dji-rc331-smart-controller\/","title":{"rendered":"DJI Mavic 4 Pro Fly More Combo - inklusive DJI RC331 Smart Controller"},"content":{"rendered":"<h3>DJI Mavic 4 Pro Fly More Combo: Maximale Flugzeit f\u00fcr den anspruchsvollen Profi<\/h3>\n<p><iframe loading=\"lazy\" title=\"Unboxing DJI Mavic 4 Pro Fly More Combo\" width=\"800\" height=\"450\" src=\"https:\/\/www.youtube.com\/embed\/NoRMlDG6H74?feature=oembed&#038;enablejsapi=1&#038;origin=https:\/\/koningdrone.be\" frameborder=\"0\" allow=\"accelerometer; autoplay; clipboard-write; encrypted-media; gyroscope; picture-in-picture; web-share\" referrerpolicy=\"strict-origin-when-cross-origin\" allowfullscreen><\/iframe><\/p>\n<p style=\"margin: 20px 0\">Die <strong>DJI Mavic 4 Pro Fly More Kombi<\/strong> wurde f\u00fcr den Betreiber zusammengestellt, der sich nicht mit einem kurzen Flug zufrieden geben will. Wo die Standardversion aufh\u00f6rt, geht die Fly More Combo weiter, indem sie ein komplettes \u00d6kosystem zus\u00e4tzlicher intelligenter Flugakkus und wichtiger Zubeh\u00f6rteile bietet. Das Herzst\u00fcck dieses Kits ist die <strong>100MP Hasselblad Kamera<\/strong> und die revolution\u00e4re <strong>360\u00b0 Unendlichkeits-Kardanring<\/strong>, unterst\u00fctzt durch die <strong>DJI RC 2 (RC331)<\/strong> intelligente Steuerung. Dies ist die ultimative Konfiguration f\u00fcr Landschaftsfotografen, Inspektoren und Filmemacher, die stundenlang vor Ort arbeiten m\u00fcssen, ohne Kompromisse bei der Bildqualit\u00e4t oder Sicherheit einzugehen.<\/p>\n<p><a href=\"https:\/\/koningdrone.nl\/wp-content\/uploads\/2025\/07\/DJI-Mavic-4-Pro-Fly-More-Combo-including-DJI-RC331-Smart-Controller.jpg\"><img loading=\"lazy\" decoding=\"async\" class=\"size-medium wp-image-472500 aligncenter\" src=\"https:\/\/koningdrone.nl\/wp-content\/uploads\/2025\/07\/DJI-Mavic-4-Pro-Fly-More-Combo-including-DJI-RC331-Smart-Controller-300x300.jpg\" alt=\"DJI Mavic 4 Pro Fly More Combo - including DJI RC331 Smart Controller\" width=\"300\" height=\"300\" \/><\/a><\/p>\n<h4>Grenzenlose Optik &amp; Intelligentes Flugmanagement<\/h4>\n<p>Mit der Fly More Combo sind Sie f\u00fcr jede visuelle Herausforderung ger\u00fcstet:<\/p>\n<ul>\n<li><strong>Exzellente Dreifach-Kamera:<\/strong> Der Hasselblad 4\/3\u2033 CMOS-Sensor mit 100 Megapixeln f\u00e4ngt Bilder mit einem noch nie dagewesenen Dynamikumfang ein. Die beiden zus\u00e4tzlichen Teleobjektive (70 mm und 168 mm) erm\u00f6glichen es Ihnen, bisher unzug\u00e4ngliche Details aus sicherer Entfernung zu erfassen, w\u00e4hrend die <strong>6K HDR-Videos mit 60 Bildern pro Sekunde<\/strong> sorgt f\u00fcr kinotaugliche Bilder.<\/li>\n<li><strong>Fliege mehr Ausdauer:<\/strong> Mit insgesamt drei intelligenten Flugbatterien haben Sie mehr als <strong>150 Minuten effektive Flugzeit<\/strong>. Die im Lieferumfang enthaltene Ladestation l\u00e4dt die Akkus effizient in der Reihenfolge ihrer verbleibenden Leistung auf, sodass Sie immer so schnell wie m\u00f6glich wieder in die Luft gehen k\u00f6nnen.<\/li>\n<li><strong>1 Lux Nightscape &amp; O4+ \u00dcbertragung:<\/strong> Der Mavic 4 Pro nutzt das neueste O4+ System f\u00fcr eine kristallklare Videoverbindung von bis zu <strong>30 km<\/strong>. In Kombination mit der LiDAR-gest\u00fctzten Hinderniserkennung, die nur bei <strong>0,1 Lux<\/strong>, Dies ist die sicherste Drohne f\u00fcr komplexe Missionen in der D\u00e4mmerung.<\/li>\n<\/ul>\n<h4>Innovatives Design und fortschrittliche Steuerung<\/h4>\n<p>Die Hardware ist auf maximale Kreativit\u00e4t und Benutzerfreundlichkeit ausgelegt:<\/p>\n<ul>\n<li><strong>360\u00b0 Unendlichkeits-Kardanring:<\/strong> Diese einzigartige Gimbal-Architektur erlaubt es der Kamera, sich vollst\u00e4ndig zu drehen, was vertikale Aufnahmen und dramatische Filmrollen erm\u00f6glicht, ohne die Stabilit\u00e4t der Drohne zu beeintr\u00e4chtigen.<\/li>\n<li><strong>DJI RC 2 Smart Controller:<\/strong> Kein l\u00e4stiges Hantieren mit Kabeln oder Entleeren des Handy-Akkus mehr. Die RC 2 verf\u00fcgt \u00fcber ein helles, integriertes 5,5-Zoll-HD-Display und eine vorinstallierte DJI Fly-App, mit der Sie innerhalb von Sekunden nach Ankunft an Ihrem Standort abheben k\u00f6nnen.<\/li>\n<li><strong>Aerodynamische Perfektion:<\/strong> Der stromlinienf\u00f6rmige Rahmen des Mavic 4 Pro ist nicht nur optisch beeindruckend, sondern sorgt auch f\u00fcr einen erh\u00f6hten Windwiderstand und einen leiseren Flug, was bei Naturaufnahmen oder diskreter \u00dcberwachung von entscheidender Bedeutung ist.<\/li>\n<\/ul>\n<p><a href=\"https:\/\/koningdrone.nl\/wp-content\/uploads\/2025\/07\/Product-DJI-Mavic-4-Pro-Fly-More-Combo-including-DJI-RC331-Smart-Controller.jpg\"><img loading=\"lazy\" decoding=\"async\" class=\"size-medium wp-image-472499 aligncenter\" src=\"https:\/\/koningdrone.nl\/wp-content\/uploads\/2025\/07\/Product-DJI-Mavic-4-Pro-Fly-More-Combo-including-DJI-RC331-Smart-Controller-300x300.jpg\" alt=\"Product DJI Mavic 4 Pro Fly More Combo - including DJI RC331 Smart Controller\" width=\"300\" height=\"300\" \/><\/a><\/p>\n<h4>Warum die Fly More Combo unverzichtbar ist<\/h4>\n<p>Die Fly More Combo bietet das beste Preis-Leistungs-Verh\u00e4ltnis f\u00fcr den ernsthaften Nutzer. Sie macht Schluss mit der Frustration, dass man gerade dann aufh\u00f6ren muss, wenn das Licht am besten ist. Mit den zus\u00e4tzlichen Akkus, der praktischen Umh\u00e4ngetasche und dem Schnellladeger\u00e4t ist diese L\u00f6sung sofort einsatzbereit. Ganz gleich, ob Sie ein weitl\u00e4ufiges Naturgebiet erkunden oder einen ganzen Tag lang f\u00fcr eine kommerzielle Produktion drehen - die Mavic 4 Pro Fly More Combo gibt Ihnen die Sicherheit und die zus\u00e4tzliche \u201cFlugzeit\u201d, die Sie f\u00fcr die perfekte Aufnahme ben\u00f6tigen.<\/p>","protected":false},"excerpt":{"rendered":"<ul>\n<li>100-MP-Hasselblad-Kamera + zwei Teleobjektivkameras<\/li>\n<li>6K HDR-Video mit bis zu 60 fps<\/li>\n<li>Bis zu 51 Minuten Flugzeit<\/li>\n<li>360\u00b0 Unendlichkeits-Kardanring<\/li>\n<li>DJI O4+ \u00dcbertragung bis zu 30 km<\/li>\n<li>Omnidirektionale Hinderniserkennung mit Nachtsicht<\/li>\n<li>DJI RC 2 (RC331) Controller enthalten<\/li>\n<li>Fly More Combo mit zus\u00e4tzlichen Batterien und Zubeh\u00f6r<\/li>\n<\/ul>","protected":false},"featured_media":18794,"template":"","meta":{"_acf_changed":false},"product_brand":[],"product_cat":[1415,58],"product_tag":[],"class_list":{"0":"post-10160","1":"product","2":"type-product","3":"status-publish","4":"has-post-thumbnail","6":"product_cat-dji-mavic-4-pro","7":"product_cat-uncategorized","8":"product_shipping_class-outofstock","9":"pa_brand-dji","10":"pa_producttype-drone","11":"pa_series-mavic","13":"first","14":"outofstock","15":"taxable","16":"shipping-taxable","17":"purchasable","18":"product-type-simple"},"acf":[],"yoast_head":"<!-- This site is optimized with the Yoast SEO Premium plugin v27.2 (Yoast SEO v27.2) - https:\/\/yoast.com\/product\/yoast-seo-premium-wordpress\/ -->\n<title>DJI Mavic 4 Pro Fly More Combo - including DJI RC331 Smart Controller - koningdrone.be<\/title>\n<meta name=\"robots\" content=\"index, follow, max-snippet:-1, max-image-preview:large, max-video-preview:-1\" \/>\n<link rel=\"canonical\" href=\"https:\/\/koningdrone.be\/de\/produkt\/dji-mavic-4-pro-fly-more-combo-including-dji-rc331-smart-controller\/\" \/>\n<meta property=\"og:locale\" content=\"de_DE\" \/>\n<meta property=\"og:type\" content=\"article\" \/>\n<meta property=\"og:title\" content=\"DJI Mavic 4 Pro Fly More Combo - including DJI RC331 Smart Controller\" \/>\n<meta property=\"og:description\" content=\"100MP Hasselblad camera + dubbele telecamera\u2019s  6K HDR video tot 60 fps  Tot 51 minuten vliegtijd  360\u00b0 Infinity Gimbal  DJI O4+ transmissie tot 30 km  Omnidirectionele obstakeldetectie met night vision  Inclusief DJI RC 2 (RC331) controller  Fly More Combo met extra batterijen en accessoires\" \/>\n<meta property=\"og:url\" content=\"https:\/\/koningdrone.be\/de\/produkt\/dji-mavic-4-pro-fly-more-combo-including-dji-rc331-smart-controller\/\" \/>\n<meta property=\"og:site_name\" content=\"koningdrone.be\" \/>\n<meta property=\"article:modified_time\" content=\"2026-04-29T13:20:21+00:00\" \/>\n<meta property=\"og:image\" content=\"https:\/\/koningdrone.be\/wp-content\/uploads\/sites\/13\/2026\/04\/DJI-Mavic-4-Pro-Fly-More-Combo-including-DJI-RC331-Smart-Controller.jpg\" \/>\n\t<meta property=\"og:image:width\" content=\"2560\" \/>\n\t<meta property=\"og:image:height\" content=\"2560\" \/>\n\t<meta property=\"og:image:type\" content=\"image\/jpeg\" \/>\n<meta name=\"twitter:card\" content=\"summary_large_image\" \/>\n<meta name=\"twitter:label1\" content=\"Gesch\u00e4tzte Lesezeit\" \/>\n\t<meta name=\"twitter:data1\" content=\"2\u00a0Minuten\" \/>\n<script type=\"application\/ld+json\" class=\"yoast-schema-graph\">{\"@context\":\"https:\/\/schema.org\",\"@graph\":[{\"@type\":\"WebPage\",\"@id\":\"https:\/\/koningdrone.be\/product\/dji-mavic-4-pro-fly-more-combo-including-dji-rc331-smart-controller\/\",\"url\":\"https:\/\/koningdrone.be\/product\/dji-mavic-4-pro-fly-more-combo-including-dji-rc331-smart-controller\/\",\"name\":\"DJI Mavic 4 Pro Fly More Combo - including DJI RC331 Smart Controller - koningdrone.be\",\"isPartOf\":{\"@id\":\"https:\/\/koningdrone.be\/#website\"},\"primaryImageOfPage\":{\"@id\":\"https:\/\/koningdrone.be\/product\/dji-mavic-4-pro-fly-more-combo-including-dji-rc331-smart-controller\/#primaryimage\"},\"image\":{\"@id\":\"https:\/\/koningdrone.be\/product\/dji-mavic-4-pro-fly-more-combo-including-dji-rc331-smart-controller\/#primaryimage\"},\"thumbnailUrl\":\"https:\/\/koningdrone.be\/wp-content\/uploads\/sites\/13\/2026\/04\/DJI-Mavic-4-Pro-Fly-More-Combo-including-DJI-RC331-Smart-Controller.jpg\",\"datePublished\":\"2025-07-03T07:32:52+00:00\",\"dateModified\":\"2026-04-29T13:20:21+00:00\",\"breadcrumb\":{\"@id\":\"https:\/\/koningdrone.be\/product\/dji-mavic-4-pro-fly-more-combo-including-dji-rc331-smart-controller\/#breadcrumb\"},\"inLanguage\":\"de\",\"potentialAction\":[{\"@type\":\"ReadAction\",\"target\":[\"https:\/\/koningdrone.be\/product\/dji-mavic-4-pro-fly-more-combo-including-dji-rc331-smart-controller\/\"]}]},{\"@type\":\"ImageObject\",\"inLanguage\":\"de\",\"@id\":\"https:\/\/koningdrone.be\/product\/dji-mavic-4-pro-fly-more-combo-including-dji-rc331-smart-controller\/#primaryimage\",\"url\":\"https:\/\/koningdrone.be\/wp-content\/uploads\/sites\/13\/2026\/04\/DJI-Mavic-4-Pro-Fly-More-Combo-including-DJI-RC331-Smart-Controller.jpg\",\"contentUrl\":\"https:\/\/koningdrone.be\/wp-content\/uploads\/sites\/13\/2026\/04\/DJI-Mavic-4-Pro-Fly-More-Combo-including-DJI-RC331-Smart-Controller.jpg\",\"width\":2560,\"height\":2560},{\"@type\":\"BreadcrumbList\",\"@id\":\"https:\/\/koningdrone.be\/product\/dji-mavic-4-pro-fly-more-combo-including-dji-rc331-smart-controller\/#breadcrumb\",\"itemListElement\":[{\"@type\":\"ListItem\",\"position\":1,\"name\":\"Home\",\"item\":\"https:\/\/koningdrone.be\/\"},{\"@type\":\"ListItem\",\"position\":2,\"name\":\"AVSS Parachute Recovery System for DJI Matrice 300\/350\",\"item\":\"https:\/\/koningdrone.be\/product\/avss-parachute-recovery-system-for-dji-matrice-300-350\/\"},{\"@type\":\"ListItem\",\"position\":3,\"name\":\"DJI Mavic 4 Pro\",\"item\":\"https:\/\/koningdrone.be\/categorie\/dji-mavic-4-pro\/\"},{\"@type\":\"ListItem\",\"position\":4,\"name\":\"DJI Mavic 4 Pro Fly More Combo &#8211; including DJI RC331 Smart Controller\"}]},{\"@type\":\"WebSite\",\"@id\":\"https:\/\/koningdrone.be\/#website\",\"url\":\"https:\/\/koningdrone.be\/\",\"name\":\"Koningdrone.be - Uw online specialist in drones, gimbals, camera's en power stations.\",\"description\":\"De webshop in drones en gimbals\",\"publisher\":{\"@id\":\"https:\/\/koningdrone.be\/#organization\"},\"potentialAction\":[{\"@type\":\"SearchAction\",\"target\":{\"@type\":\"EntryPoint\",\"urlTemplate\":\"https:\/\/koningdrone.be\/?s={search_term_string}\"},\"query-input\":{\"@type\":\"PropertyValueSpecification\",\"valueRequired\":true,\"valueName\":\"search_term_string\"}}],\"inLanguage\":\"de\"},{\"@type\":\"Organization\",\"@id\":\"https:\/\/koningdrone.be\/#organization\",\"name\":\"Koningdrone.be\",\"url\":\"https:\/\/koningdrone.be\/\",\"logo\":{\"@type\":\"ImageObject\",\"inLanguage\":\"de\",\"@id\":\"https:\/\/koningdrone.be\/#\/schema\/logo\/image\/\",\"url\":\"https:\/\/koningdrone.be\/wp-content\/uploads\/sites\/13\/2025\/04\/koningdrone-copyright-logo.svg\",\"contentUrl\":\"https:\/\/koningdrone.be\/wp-content\/uploads\/sites\/13\/2025\/04\/koningdrone-copyright-logo.svg\",\"width\":227,\"height\":38,\"caption\":\"Koningdrone.be\"},\"image\":{\"@id\":\"https:\/\/koningdrone.be\/#\/schema\/logo\/image\/\"}}]}<\/script>\n<!-- \/ Yoast SEO Premium plugin. -->","yoast_head_json":{"title":"DJI Mavic 4 Pro Fly More Combo - including DJI RC331 Smart Controller - koningdrone.be","robots":{"index":"index","follow":"follow","max-snippet":"max-snippet:-1","max-image-preview":"max-image-preview:large","max-video-preview":"max-video-preview:-1"},"canonical":"https:\/\/koningdrone.be\/de\/produkt\/dji-mavic-4-pro-fly-more-combo-including-dji-rc331-smart-controller\/","og_locale":"de_DE","og_type":"article","og_title":"DJI Mavic 4 Pro Fly More Combo - including DJI RC331 Smart Controller","og_description":"100MP Hasselblad camera + dubbele telecamera\u2019s  6K HDR video tot 60 fps  Tot 51 minuten vliegtijd  360\u00b0 Infinity Gimbal  DJI O4+ transmissie tot 30 km  Omnidirectionele obstakeldetectie met night vision  Inclusief DJI RC 2 (RC331) controller  Fly More Combo met extra batterijen en accessoires","og_url":"https:\/\/koningdrone.be\/de\/produkt\/dji-mavic-4-pro-fly-more-combo-including-dji-rc331-smart-controller\/","og_site_name":"koningdrone.be","article_modified_time":"2026-04-29T13:20:21+00:00","og_image":[{"width":2560,"height":2560,"url":"https:\/\/koningdrone.be\/wp-content\/uploads\/sites\/13\/2026\/04\/DJI-Mavic-4-Pro-Fly-More-Combo-including-DJI-RC331-Smart-Controller.jpg","type":"image\/jpeg"}],"twitter_card":"summary_large_image","twitter_misc":{"Gesch\u00e4tzte Lesezeit":"2\u00a0Minuten"},"schema":{"@context":"https:\/\/schema.org","@graph":[{"@type":"WebPage","@id":"https:\/\/koningdrone.be\/product\/dji-mavic-4-pro-fly-more-combo-including-dji-rc331-smart-controller\/","url":"https:\/\/koningdrone.be\/product\/dji-mavic-4-pro-fly-more-combo-including-dji-rc331-smart-controller\/","name":"DJI Mavic 4 Pro Fly More Combo - including DJI RC331 Smart Controller - koningdrone.be","isPartOf":{"@id":"https:\/\/koningdrone.be\/#website"},"primaryImageOfPage":{"@id":"https:\/\/koningdrone.be\/product\/dji-mavic-4-pro-fly-more-combo-including-dji-rc331-smart-controller\/#primaryimage"},"image":{"@id":"https:\/\/koningdrone.be\/product\/dji-mavic-4-pro-fly-more-combo-including-dji-rc331-smart-controller\/#primaryimage"},"thumbnailUrl":"https:\/\/koningdrone.be\/wp-content\/uploads\/sites\/13\/2026\/04\/DJI-Mavic-4-Pro-Fly-More-Combo-including-DJI-RC331-Smart-Controller.jpg","datePublished":"2025-07-03T07:32:52+00:00","dateModified":"2026-04-29T13:20:21+00:00","breadcrumb":{"@id":"https:\/\/koningdrone.be\/product\/dji-mavic-4-pro-fly-more-combo-including-dji-rc331-smart-controller\/#breadcrumb"},"inLanguage":"de","potentialAction":[{"@type":"ReadAction","target":["https:\/\/koningdrone.be\/product\/dji-mavic-4-pro-fly-more-combo-including-dji-rc331-smart-controller\/"]}]},{"@type":"ImageObject","inLanguage":"de","@id":"https:\/\/koningdrone.be\/product\/dji-mavic-4-pro-fly-more-combo-including-dji-rc331-smart-controller\/#primaryimage","url":"https:\/\/koningdrone.be\/wp-content\/uploads\/sites\/13\/2026\/04\/DJI-Mavic-4-Pro-Fly-More-Combo-including-DJI-RC331-Smart-Controller.jpg","contentUrl":"https:\/\/koningdrone.be\/wp-content\/uploads\/sites\/13\/2026\/04\/DJI-Mavic-4-Pro-Fly-More-Combo-including-DJI-RC331-Smart-Controller.jpg","width":2560,"height":2560},{"@type":"BreadcrumbList","@id":"https:\/\/koningdrone.be\/product\/dji-mavic-4-pro-fly-more-combo-including-dji-rc331-smart-controller\/#breadcrumb","itemListElement":[{"@type":"ListItem","position":1,"name":"Home","item":"https:\/\/koningdrone.be\/"},{"@type":"ListItem","position":2,"name":"AVSS Parachute Recovery System for DJI Matrice 300\/350","item":"https:\/\/koningdrone.be\/product\/avss-parachute-recovery-system-for-dji-matrice-300-350\/"},{"@type":"ListItem","position":3,"name":"DJI Mavic 4 Pro","item":"https:\/\/koningdrone.be\/categorie\/dji-mavic-4-pro\/"},{"@type":"ListItem","position":4,"name":"DJI Mavic 4 Pro Fly More Combo &#8211; including DJI RC331 Smart Controller"}]},{"@type":"WebSite","@id":"https:\/\/koningdrone.be\/#website","url":"https:\/\/koningdrone.be\/","name":"Koningdrone.be - Ihr Online-Spezialist f\u00fcr Drohnen, Gimbals, Kameras und Kraftwerke.","description":"Der Webshop f\u00fcr Drohnen und Gimbals","publisher":{"@id":"https:\/\/koningdrone.be\/#organization"},"potentialAction":[{"@type":"SearchAction","target":{"@type":"EntryPoint","urlTemplate":"https:\/\/koningdrone.be\/?s={search_term_string}"},"query-input":{"@type":"PropertyValueSpecification","valueRequired":true,"valueName":"search_term_string"}}],"inLanguage":"de"},{"@type":"Organization","@id":"https:\/\/koningdrone.be\/#organization","name":"Kingdrone.de","url":"https:\/\/koningdrone.be\/","logo":{"@type":"ImageObject","inLanguage":"de","@id":"https:\/\/koningdrone.be\/#\/schema\/logo\/image\/","url":"https:\/\/koningdrone.be\/wp-content\/uploads\/sites\/13\/2025\/04\/koningdrone-copyright-logo.svg","contentUrl":"https:\/\/koningdrone.be\/wp-content\/uploads\/sites\/13\/2025\/04\/koningdrone-copyright-logo.svg","width":227,"height":38,"caption":"Koningdrone.be"},"image":{"@id":"https:\/\/koningdrone.be\/#\/schema\/logo\/image\/"}}]}},"df_price":2699,"df_sale_price":"","df_regular_price":2699,"df_image_link":"https:\/\/koningdrone.be\/wp-content\/uploads\/sites\/13\/2026\/04\/DJI-Mavic-4-Pro-Fly-More-Combo-including-DJI-RC331-Smart-Controller-300x300.jpg","_links":{"self":[{"href":"https:\/\/koningdrone.be\/de\/wp-json\/wp\/v2\/product\/10160","targetHints":{"allow":["GET"]}}],"collection":[{"href":"https:\/\/koningdrone.be\/de\/wp-json\/wp\/v2\/product"}],"about":[{"href":"https:\/\/koningdrone.be\/de\/wp-json\/wp\/v2\/types\/product"}],"wp:featuredmedia":[{"embeddable":true,"href":"https:\/\/koningdrone.be\/de\/wp-json\/wp\/v2\/media\/18794"}],"wp:attachment":[{"href":"https:\/\/koningdrone.be\/de\/wp-json\/wp\/v2\/media?parent=10160"}],"wp:term":[{"taxonomy":"product_brand","embeddable":true,"href":"https:\/\/koningdrone.be\/de\/wp-json\/wp\/v2\/product_brand?post=10160"},{"taxonomy":"product_cat","embeddable":true,"href":"https:\/\/koningdrone.be\/de\/wp-json\/wp\/v2\/product_cat?post=10160"},{"taxonomy":"product_tag","embeddable":true,"href":"https:\/\/koningdrone.be\/de\/wp-json\/wp\/v2\/product_tag?post=10160"}],"curies":[{"name":"wp","href":"https:\/\/api.w.org\/{rel}","templated":true}]}}